{"id":25090,"date":"2025-10-09T15:37:47","date_gmt":"2025-10-09T12:37:47","guid":{"rendered":"https:\/\/docvivosaglik.com\/?page_id=25090"},"modified":"2025-10-09T15:41:03","modified_gmt":"2025-10-09T12:41:03","slug":"all-on-4-6-implant","status":"publish","type":"page","link":"https:\/\/docvivosaglik.com\/tr\/all-on-4-6-implant\/","title":{"rendered":"All On 4\/6 \u0130mplant"},"content":{"rendered":"\t\t<div data-elementor-type=\"wp-page\" data-elementor-id=\"25090\" class=\"elementor elementor-25090\">\n\t\t\t\t\t\t\t\t\t<section class=\"elementor-section elementor-top-section elementor-element elementor-element-9e4a42d elementor-section-boxed elementor-section-height-default elementor-section-height-default\" data-id=\"9e4a42d\" data-element_type=\"section\">\n\t\t\t\t\t\t<div class=\"elementor-container elementor-column-gap-default\">\n\t\t\t\t\t<div class=\"elementor-column elementor-col-100 elementor-top-column elementor-element elementor-element-edfe756\" data-id=\"edfe756\" data-element_type=\"column\">\n\t\t\t<div class=\"elementor-widget-wrap elementor-element-populated\">\n\t\t\t\t\t\t\t\t<div class=\"elementor-element elementor-element-db51f55 elementor-widget elementor-widget-text-editor\" data-id=\"db51f55\" data-element_type=\"widget\" data-widget_type=\"text-editor.default\">\n\t\t\t\t<div class=\"elementor-widget-container\">\n\t\t\t<style>\/*! elementor - v3.7.8 - 02-10-2022 *\/\n.elementor-widget-text-editor.elementor-drop-cap-view-stacked .elementor-drop-cap{background-color:#818a91;color:#fff}.elementor-widget-text-editor.elementor-drop-cap-view-framed .elementor-drop-cap{color:#818a91;border:3px solid;background-color:transparent}.elementor-widget-text-editor:not(.elementor-drop-cap-view-default) .elementor-drop-cap{margin-top:8px}.elementor-widget-text-editor:not(.elementor-drop-cap-view-default) .elementor-drop-cap-letter{width:1em;height:1em}.elementor-widget-text-editor .elementor-drop-cap{float:left;text-align:center;line-height:1;font-size:50px}.elementor-widget-text-editor .elementor-drop-cap-letter{display:inline-block}<\/style>\t\t\t\t<p>All-on-4 ve All-on-6 di\u015f implant\u0131 prosed\u00fcrleri, bir veya her iki \u00e7enede \u00e7ok say\u0131da di\u015fini kaybetmi\u015f ki\u015filerin a\u011f\u0131z yap\u0131s\u0131n\u0131 yeniden olu\u015fturmak i\u00e7in kullan\u0131lan ileri tekniklerdir. Bu y\u00f6ntemler, sabit (\u00e7\u0131kar\u0131lamayan) protezlerle di\u015f fonksiyonlar\u0131n\u0131n ve esteti\u011finin tamamen geri kazand\u0131r\u0131lmas\u0131n\u0131 sa\u011flar.<\/p>\t\t\t\t\t\t<\/div>\n\t\t\t\t<\/div>\n\t\t\t\t<div class=\"elementor-element elementor-element-7607c48 elementor-toc--minimized-on-tablet elementor-widget elementor-widget-table-of-contents\" data-id=\"7607c48\" data-element_type=\"widget\" data-settings=\"{&quot;exclude_headings_by_selector&quot;:[],&quot;headings_by_tags&quot;:[&quot;h2&quot;,&quot;h3&quot;,&quot;h4&quot;,&quot;h5&quot;,&quot;h6&quot;],&quot;marker_view&quot;:&quot;numbers&quot;,&quot;minimize_box&quot;:&quot;yes&quot;,&quot;minimized_on&quot;:&quot;tablet&quot;,&quot;hierarchical_view&quot;:&quot;yes&quot;,&quot;min_height&quot;:{&quot;unit&quot;:&quot;px&quot;,&quot;size&quot;:&quot;&quot;,&quot;sizes&quot;:[]},&quot;min_height_tablet&quot;:{&quot;unit&quot;:&quot;px&quot;,&quot;size&quot;:&quot;&quot;,&quot;sizes&quot;:[]},&quot;min_height_mobile&quot;:{&quot;unit&quot;:&quot;px&quot;,&quot;size&quot;:&quot;&quot;,&quot;sizes&quot;:[]}}\" data-widget_type=\"table-of-contents.default\">\n\t\t\t\t<div class=\"elementor-widget-container\">\n\t\t\t<style>\/*! elementor-pro - v3.5.2 - 28-11-2021 *\/\n.elementor-widget-table-of-contents .elementor-toc__header-title{color:var(--header-color)}.elementor-widget-table-of-contents.elementor-toc--collapsed .elementor-toc__toggle-button--collapse,.elementor-widget-table-of-contents:not(.elementor-toc--collapsed) .elementor-toc__toggle-button--expand{display:none}.elementor-widget-table-of-contents .elementor-widget-container{min-height:var(--box-min-height);border:var(--box-border-width,1px) solid var(--box-border-color,#a4afb7);border-radius:var(--box-border-radius,3px);background-color:var(--box-background-color);-webkit-transition:min-height .4s;-o-transition:min-height .4s;transition:min-height .4s;overflow:hidden}.elementor-toc__header{display:-webkit-box;display:-ms-flexbox;display:flex;-webkit-box-align:center;-ms-flex-align:center;align-items:center;-webkit-box-pack:justify;-ms-flex-pack:justify;justify-content:space-between;padding:var(--box-padding,20px);background-color:var(--header-background-color);border-bottom:var(--separator-width,1px) solid var(--box-border-color,#a4afb7)}.elementor-toc__header-title{font-size:18px;margin:0;color:var(--header-color)}.elementor-toc__toggle-button{cursor:pointer;display:-webkit-inline-box;display:-ms-inline-flexbox;display:inline-flex}.elementor-toc__toggle-button i{color:var(--toggle-button-color)}.elementor-toc__toggle-button svg{height:1em;width:1em;fill:var(--toggle-button-color)}.elementor-toc__spinner-container{text-align:center}.elementor-toc__spinner{font-size:2em}.elementor-toc__spinner.e-font-icon-svg{height:1em;width:1em}.elementor-toc__body{padding:var(--box-padding,20px);max-height:var(--toc-body-max-height);overflow-y:auto}.elementor-toc__body::-webkit-scrollbar{width:7px}.elementor-toc__body::-webkit-scrollbar-thumb{background-color:#c2cbd2;border-radius:10px}.elementor-toc__list-wrapper{list-style:none;padding:0}.elementor-toc__list-item{margin-bottom:.5em}.elementor-toc__list-item.elementor-item-active{font-weight:700}.elementor-toc__list-item .elementor-toc__list-wrapper{margin-top:.5em;margin-left:var(--nested-list-indent,1em)}.elementor-toc__list-item-text:hover{color:var(--item-text-hover-color);-webkit-text-decoration:var(--item-text-hover-decoration);text-decoration:var(--item-text-hover-decoration)}.elementor-toc__list-item-text.elementor-item-active{color:var(--item-text-active-color);-webkit-text-decoration:var(--item-text-active-decoration);text-decoration:var(--item-text-active-decoration)}.elementor-toc__list-item-text-wrapper{display:-webkit-box;display:-ms-flexbox;display:flex;-webkit-box-align:center;-ms-flex-align:center;align-items:center}.elementor-toc__list-item-text-wrapper:before,.elementor-toc__list-item-text-wrapper i{margin-right:8px;color:var(--marker-color)}.elementor-toc__list-item-text-wrapper svg{margin-right:8px;fill:var(--marker-color);height:var(--marker-size,.5em);width:var(--marker-size,.5em)}.elementor-toc__list-item-text-wrapper i{font-size:var(--marker-size,.5em)}.elementor-toc__list-item-text-wrapper:before{font-size:var(--marker-size,1em)}.elementor-toc--content-ellipsis .elementor-toc__list-item-text{white-space:nowrap;overflow:hidden;-o-text-overflow:ellipsis;text-overflow:ellipsis}.elementor-toc__list-items--collapsible>.elementor-toc__list-wrapper>.elementor-toc__list-item>.elementor-toc__list-wrapper{display:none}.elementor-toc__heading-anchor{position:absolute}.elementor-toc__body .elementor-toc__list-item-text{color:var(--item-text-color);-webkit-text-decoration:var(--item-text-decoration);text-decoration:var(--item-text-decoration)}.elementor-toc__body .elementor-toc__list-item-text:hover{color:var(--item-text-hover-color);-webkit-text-decoration:var(--item-text-hover-decoration);text-decoration:var(--item-text-hover-decoration)}.elementor-toc__body .elementor-toc__list-item-text.elementor-item-active{color:var(--item-text-active-color);-webkit-text-decoration:var(--item-text-active-decoration);text-decoration:var(--item-text-active-decoration)}ol.elementor-toc__list-wrapper{counter-reset:item}ol.elementor-toc__list-wrapper .elementor-toc__list-item{counter-increment:item}ol.elementor-toc__list-wrapper .elementor-toc__list-item-text-wrapper:before{content:counters(item,\".\") \". \"}@media only screen and (max-width:-1px){.elementor-toc--minimized-on-tablet_extra .elementor-toc__body{display:none}}@media only screen and (max-width:1024px){.elementor-toc--minimized-on-tablet .elementor-toc__body{display:none}}@media only screen and (max-width:-1px){.elementor-toc--minimized-on-mobile_extra .elementor-toc__body{display:none}}@media only screen and (max-width:767px){.elementor-toc--minimized-on-mobile .elementor-toc__body{display:none}}<\/style>\t\t<div class=\"elementor-toc__header\">\n\t\t\t<h4 class=\"elementor-toc__header-title\">\n\t\t\t\t\u0130\u00e7indekiler\t\t\t<\/h4>\n\t\t\t\t\t\t\t<div class=\"elementor-toc__toggle-button elementor-toc__toggle-button--expand\"><i class=\"fas fa-chevron-down\"><\/i><\/div>\n\t\t\t\t<div class=\"elementor-toc__toggle-button elementor-toc__toggle-button--collapse\"><i class=\"fas fa-chevron-up\"><\/i><\/div>\n\t\t\t\t\t<\/div>\n\t\t<div class=\"elementor-toc__body\">\n\t\t\t<div class=\"elementor-toc__spinner-container\">\n\t\t\t\t<i class=\"elementor-toc__spinner eicon-animation-spin eicon-loading\" aria-hidden=\"true\"><\/i>\t\t\t<\/div>\n\t\t<\/div>\n\t\t\t\t<\/div>\n\t\t\t\t<\/div>\n\t\t\t\t<div class=\"elementor-element elementor-element-fcfc62a elementor-widget elementor-widget-html\" data-id=\"fcfc62a\" data-element_type=\"widget\" data-widget_type=\"html.default\">\n\t\t\t\t<div class=\"elementor-widget-container\">\n\t\t\t<script>\njQuery(document).ready(function($) {\n    setTimeout(function() {\n\t\t$('.elementor-tab-title').removeClass('elementor-active');\n\t\t$('.elementor-tab-content').css('display', 'none'); });\n\t\t});\n<\/script>\t\t<\/div>\n\t\t\t\t<\/div>\n\t\t\t\t<div class=\"elementor-element elementor-element-0633ed1 elementor-widget elementor-widget-heading\" data-id=\"0633ed1\" data-element_type=\"widget\" data-widget_type=\"heading.default\">\n\t\t\t\t<div class=\"elementor-widget-container\">\n\t\t\t<style>\/*! elementor - v3.7.8 - 02-10-2022 *\/\n.elementor-heading-title{padding:0;margin:0;line-height:1}.elementor-widget-heading .elementor-heading-title[class*=elementor-size-]>a{color:inherit;font-size:inherit;line-height:inherit}.elementor-widget-heading .elementor-heading-title.elementor-size-small{font-size:15px}.elementor-widget-heading .elementor-heading-title.elementor-size-medium{font-size:19px}.elementor-widget-heading .elementor-heading-title.elementor-size-large{font-size:29px}.elementor-widget-heading .elementor-heading-title.elementor-size-xl{font-size:39px}.elementor-widget-heading .elementor-heading-title.elementor-size-xxl{font-size:59px}<\/style><h2 class=\"elementor-heading-title elementor-size-default\">All On 4\/6 \u0130mplant T\u00fcrleri\n<\/h2>\t\t<\/div>\n\t\t\t\t<\/div>\n\t\t\t\t<div class=\"elementor-element elementor-element-0d2df3e elementor-widget elementor-widget-text-editor\" data-id=\"0d2df3e\" data-element_type=\"widget\" data-widget_type=\"text-editor.default\">\n\t\t\t\t<div class=\"elementor-widget-container\">\n\t\t\t\t\t\t\t<ol><li><p><strong>\u0130mplant Malzemesi<\/strong><br \/><strong>Titanyum \u0130mplantlar:<\/strong> Dayan\u0131kl\u0131l\u0131\u011f\u0131, biyouyumlulu\u011fu ve kemikle kayna\u015fma (osseointegrasyon) yetene\u011fi sayesinde All-on-4 ve All-on-6 implantlarda en yayg\u0131n kullan\u0131lan malzemedir.<br \/><strong>Zirkonyum \u0130mplantlar:<\/strong> Titanyuma alternatif olarak, estetik \u00f6zellikleri ve hipoalerjenik yap\u0131s\u0131yla bilinir. Zirkonyum implantlar daha yeni bir se\u00e7enektir ve \u00f6zellikle metal hassasiyeti olan veya metal i\u00e7ermeyen bir \u00e7\u00f6z\u00fcm tercih eden hastalar i\u00e7in idealdir.<\/p><p><strong>Protez T\u00fcr\u00fc<\/strong><br \/><strong>Titanyum \u00dczeri Akrilik:<\/strong> Akrilik di\u015flerin titanyum bir \u00e7er\u00e7eveye yerle\u015ftirildi\u011fi pop\u00fcler bir protez se\u00e7ene\u011fidir. Bu kombinasyon, dayan\u0131kl\u0131l\u0131k ve estetik aras\u0131nda uygun bir denge sa\u011flar ve daha ekonomik bir \u00e7\u00f6z\u00fcmd\u00fcr.<br \/><strong>Porselen veya Seramik:<\/strong> Daha do\u011fal bir g\u00f6r\u00fcn\u00fcm isteyenler i\u00e7in porselen veya seramik protezler tercih edilir. Bu malzemeler, akrili\u011fe k\u0131yasla do\u011fal di\u015flerin yar\u0131 saydaml\u0131\u011f\u0131n\u0131 ve dokusunu daha iyi taklit eder; ancak daha pahal\u0131d\u0131r ve daha hassas kullan\u0131m gerektirir.<\/p><\/li><\/ol>\t\t\t\t\t\t<\/div>\n\t\t\t\t<\/div>\n\t\t\t\t<div class=\"elementor-element elementor-element-6fa734c elementor-widget elementor-widget-heading\" data-id=\"6fa734c\" data-element_type=\"widget\" data-widget_type=\"heading.default\">\n\t\t\t\t<div class=\"elementor-widget-container\">\n\t\t\t<h2 class=\"elementor-heading-title elementor-size-default\">Neden T\u00fcrkiye\u2019de All On 4\/6 \u0130mplant Fiyatlar\u0131 Ucuzdur?\n<\/h2>\t\t<\/div>\n\t\t\t\t<\/div>\n\t\t\t\t<div class=\"elementor-element elementor-element-5690a06 elementor-widget elementor-widget-text-editor\" data-id=\"5690a06\" data-element_type=\"widget\" data-widget_type=\"text-editor.default\">\n\t\t\t\t<div class=\"elementor-widget-container\">\n\t\t\t\t\t\t\t<ul><li>D\u00f6viz kuru: Yabanc\u0131 para birimlerinin T\u00fcrk liras\u0131na kar\u015f\u0131 avantajl\u0131 d\u00f6viz kurlar\u0131, uluslararas\u0131 hastalar i\u00e7in i\u015flemleri daha da uygun fiyatl\u0131 hale getirebilir.<br \/>Standartla\u015ft\u0131r\u0131lm\u0131\u015f prosed\u00fcrler: T\u00fcrkiye\u2019deki bir\u00e7ok klinik, All On 4\/6 implant gibi yayg\u0131n i\u015flemler i\u00e7in standartla\u015ft\u0131r\u0131lm\u0131\u015f protokoller ve teknikler uygular; bu da verimlilik ve maliyet tasarrufu sa\u011flar.<\/li><\/ul>\t\t\t\t\t\t<\/div>\n\t\t\t\t<\/div>\n\t\t\t\t<div class=\"elementor-element elementor-element-1d466e4 elementor-widget elementor-widget-heading\" data-id=\"1d466e4\" data-element_type=\"widget\" data-widget_type=\"heading.default\">\n\t\t\t\t<div class=\"elementor-widget-container\">\n\t\t\t<h2 class=\"elementor-heading-title elementor-size-default\">T\u00fcrkiye\u2019de All On 4\/6 \u0130mplant Yapt\u0131rmak G\u00fcvenli mi?\n<\/h2>\t\t<\/div>\n\t\t\t\t<\/div>\n\t\t\t\t<div class=\"elementor-element elementor-element-eca8654 elementor-widget elementor-widget-text-editor\" data-id=\"eca8654\" data-element_type=\"widget\" data-widget_type=\"text-editor.default\">\n\t\t\t\t<div class=\"elementor-widget-container\">\n\t\t\t\t\t\t\t<p>T\u00fcrkiye\u2019de All On 4\/6 implant yapt\u0131rmak genel olarak g\u00fcvenli kabul edilmektedir ve \u00fclke, y\u00fcksek bak\u0131m standartlar\u0131, uygun maliyetleri ve modern teknolojinin kullan\u0131m\u0131 sayesinde di\u015f turizmi i\u00e7in pop\u00fcler bir destinasyon haline gelmi\u015ftir.<\/p>\t\t\t\t\t\t<\/div>\n\t\t\t\t<\/div>\n\t\t\t\t\t<\/div>\n\t\t<\/div>\n\t\t\t\t\t\t\t<\/div>\n\t\t<\/section>\n\t\t\t\t\t\t\t<\/div>\n\t\t","protected":false},"excerpt":{"rendered":"<p>All-on-4 ve All-on-6 di\u015f implant\u0131 prosed\u00fcrleri, bir veya her iki \u00e7enede \u00e7ok say\u0131da di\u015fini kaybetmi\u015f ki\u015filerin a\u011f\u0131z yap\u0131s\u0131n\u0131 yeniden olu\u015fturmak i\u00e7in kullan\u0131lan ileri tekniklerdir. Bu y\u00f6ntemler, sabit (\u00e7\u0131kar\u0131lamayan) protezlerle di\u015f fonksiyonlar\u0131n\u0131n ve esteti\u011finin tamamen geri kazand\u0131r\u0131lmas\u0131n\u0131 sa\u011flar. \u0130\u00e7indekiler All On 4\/6 \u0130mplant T\u00fcrleri \u0130mplant MalzemesiTitanyum \u0130mplantlar: Dayan\u0131kl\u0131l\u0131\u011f\u0131, biyouyumlulu\u011fu ve kemikle kayna\u015fma (osseointegrasyon) yetene\u011fi sayesinde All-on-4 [&hellip;]<\/p>\n","protected":false},"author":22,"featured_media":0,"parent":0,"menu_order":0,"comment_status":"closed","ping_status":"closed","template":"","meta":{"inline_featured_image":false,"footnotes":""},"class_list":["post-25090","page","type-page","status-publish","hentry"],"_links":{"self":[{"href":"https:\/\/docvivosaglik.com\/tr\/wp-json\/wp\/v2\/pages\/25090","targetHints":{"allow":["GET"]}}],"collection":[{"href":"https:\/\/docvivosaglik.com\/tr\/wp-json\/wp\/v2\/pages"}],"about":[{"href":"https:\/\/docvivosaglik.com\/tr\/wp-json\/wp\/v2\/types\/page"}],"author":[{"embeddable":true,"href":"https:\/\/docvivosaglik.com\/tr\/wp-json\/wp\/v2\/users\/22"}],"replies":[{"embeddable":true,"href":"https:\/\/docvivosaglik.com\/tr\/wp-json\/wp\/v2\/comments?post=25090"}],"version-history":[{"count":4,"href":"https:\/\/docvivosaglik.com\/tr\/wp-json\/wp\/v2\/pages\/25090\/revisions"}],"predecessor-version":[{"id":25094,"href":"https:\/\/docvivosaglik.com\/tr\/wp-json\/wp\/v2\/pages\/25090\/revisions\/25094"}],"wp:attachment":[{"href":"https:\/\/docvivosaglik.com\/tr\/wp-json\/wp\/v2\/media?parent=25090"}],"curies":[{"name":"wp","href":"https:\/\/api.w.org\/{rel}","templated":true}]}}