{"id":25059,"date":"2025-10-09T15:13:39","date_gmt":"2025-10-09T12:13:39","guid":{"rendered":"https:\/\/docvivosaglik.com\/?page_id=25059"},"modified":"2025-10-09T15:19:14","modified_gmt":"2025-10-09T12:19:14","slug":"kasik-fitigi-ameliyati","status":"publish","type":"page","link":"https:\/\/docvivosaglik.com\/tr\/kasik-fitigi-ameliyati\/","title":{"rendered":"Kas\u0131k F\u0131t\u0131\u011f\u0131 Ameliyat\u0131"},"content":{"rendered":"\t\t<div data-elementor-type=\"wp-page\" data-elementor-id=\"25059\" class=\"elementor elementor-25059\">\n\t\t\t\t\t\t\t\t\t<section class=\"elementor-section elementor-top-section elementor-element elementor-element-9e4a42d elementor-section-boxed elementor-section-height-default elementor-section-height-default\" data-id=\"9e4a42d\" data-element_type=\"section\">\n\t\t\t\t\t\t<div class=\"elementor-container elementor-column-gap-default\">\n\t\t\t\t\t<div class=\"elementor-column elementor-col-100 elementor-top-column elementor-element elementor-element-edfe756\" data-id=\"edfe756\" data-element_type=\"column\">\n\t\t\t<div class=\"elementor-widget-wrap elementor-element-populated\">\n\t\t\t\t\t\t\t\t<div class=\"elementor-element elementor-element-db51f55 elementor-widget elementor-widget-text-editor\" data-id=\"db51f55\" data-element_type=\"widget\" data-widget_type=\"text-editor.default\">\n\t\t\t\t<div class=\"elementor-widget-container\">\n\t\t\t<style>\/*! elementor - v3.7.8 - 02-10-2022 *\/\n.elementor-widget-text-editor.elementor-drop-cap-view-stacked .elementor-drop-cap{background-color:#818a91;color:#fff}.elementor-widget-text-editor.elementor-drop-cap-view-framed .elementor-drop-cap{color:#818a91;border:3px solid;background-color:transparent}.elementor-widget-text-editor:not(.elementor-drop-cap-view-default) .elementor-drop-cap{margin-top:8px}.elementor-widget-text-editor:not(.elementor-drop-cap-view-default) .elementor-drop-cap-letter{width:1em;height:1em}.elementor-widget-text-editor .elementor-drop-cap{float:left;text-align:center;line-height:1;font-size:50px}.elementor-widget-text-editor .elementor-drop-cap-letter{display:inline-block}<\/style>\t\t\t\t<p>T\u00fcrkiye\u2019de kas\u0131k f\u0131t\u0131\u011f\u0131 ameliyat\u0131, y\u00fcksek kaliteli sa\u011fl\u0131k hizmetleri, uygun maliyetleri, deneyimli cerrahlar\u0131 ve cazip paket se\u00e7enekleri sayesinde giderek daha pop\u00fcler hale gelmektedir. Hastalar, sorunsuz bir iyile\u015fme s\u00fcreci, deneyimli t\u0131bbi personel deste\u011fi ve cerrahi s\u00fcre\u00e7lerini bir tatille birle\u015ftirme f\u0131rsat\u0131 bekleyebilirler.<\/p>\t\t\t\t\t\t<\/div>\n\t\t\t\t<\/div>\n\t\t\t\t<div class=\"elementor-element elementor-element-7607c48 elementor-toc--minimized-on-tablet elementor-widget elementor-widget-table-of-contents\" data-id=\"7607c48\" data-element_type=\"widget\" data-settings=\"{&quot;exclude_headings_by_selector&quot;:[],&quot;headings_by_tags&quot;:[&quot;h2&quot;,&quot;h3&quot;,&quot;h4&quot;,&quot;h5&quot;,&quot;h6&quot;],&quot;marker_view&quot;:&quot;numbers&quot;,&quot;minimize_box&quot;:&quot;yes&quot;,&quot;minimized_on&quot;:&quot;tablet&quot;,&quot;hierarchical_view&quot;:&quot;yes&quot;,&quot;min_height&quot;:{&quot;unit&quot;:&quot;px&quot;,&quot;size&quot;:&quot;&quot;,&quot;sizes&quot;:[]},&quot;min_height_tablet&quot;:{&quot;unit&quot;:&quot;px&quot;,&quot;size&quot;:&quot;&quot;,&quot;sizes&quot;:[]},&quot;min_height_mobile&quot;:{&quot;unit&quot;:&quot;px&quot;,&quot;size&quot;:&quot;&quot;,&quot;sizes&quot;:[]}}\" data-widget_type=\"table-of-contents.default\">\n\t\t\t\t<div class=\"elementor-widget-container\">\n\t\t\t<style>\/*! elementor-pro - v3.5.2 - 28-11-2021 *\/\n.elementor-widget-table-of-contents .elementor-toc__header-title{color:var(--header-color)}.elementor-widget-table-of-contents.elementor-toc--collapsed .elementor-toc__toggle-button--collapse,.elementor-widget-table-of-contents:not(.elementor-toc--collapsed) .elementor-toc__toggle-button--expand{display:none}.elementor-widget-table-of-contents .elementor-widget-container{min-height:var(--box-min-height);border:var(--box-border-width,1px) solid var(--box-border-color,#a4afb7);border-radius:var(--box-border-radius,3px);background-color:var(--box-background-color);-webkit-transition:min-height .4s;-o-transition:min-height .4s;transition:min-height .4s;overflow:hidden}.elementor-toc__header{display:-webkit-box;display:-ms-flexbox;display:flex;-webkit-box-align:center;-ms-flex-align:center;align-items:center;-webkit-box-pack:justify;-ms-flex-pack:justify;justify-content:space-between;padding:var(--box-padding,20px);background-color:var(--header-background-color);border-bottom:var(--separator-width,1px) solid var(--box-border-color,#a4afb7)}.elementor-toc__header-title{font-size:18px;margin:0;color:var(--header-color)}.elementor-toc__toggle-button{cursor:pointer;display:-webkit-inline-box;display:-ms-inline-flexbox;display:inline-flex}.elementor-toc__toggle-button i{color:var(--toggle-button-color)}.elementor-toc__toggle-button svg{height:1em;width:1em;fill:var(--toggle-button-color)}.elementor-toc__spinner-container{text-align:center}.elementor-toc__spinner{font-size:2em}.elementor-toc__spinner.e-font-icon-svg{height:1em;width:1em}.elementor-toc__body{padding:var(--box-padding,20px);max-height:var(--toc-body-max-height);overflow-y:auto}.elementor-toc__body::-webkit-scrollbar{width:7px}.elementor-toc__body::-webkit-scrollbar-thumb{background-color:#c2cbd2;border-radius:10px}.elementor-toc__list-wrapper{list-style:none;padding:0}.elementor-toc__list-item{margin-bottom:.5em}.elementor-toc__list-item.elementor-item-active{font-weight:700}.elementor-toc__list-item .elementor-toc__list-wrapper{margin-top:.5em;margin-left:var(--nested-list-indent,1em)}.elementor-toc__list-item-text:hover{color:var(--item-text-hover-color);-webkit-text-decoration:var(--item-text-hover-decoration);text-decoration:var(--item-text-hover-decoration)}.elementor-toc__list-item-text.elementor-item-active{color:var(--item-text-active-color);-webkit-text-decoration:var(--item-text-active-decoration);text-decoration:var(--item-text-active-decoration)}.elementor-toc__list-item-text-wrapper{display:-webkit-box;display:-ms-flexbox;display:flex;-webkit-box-align:center;-ms-flex-align:center;align-items:center}.elementor-toc__list-item-text-wrapper:before,.elementor-toc__list-item-text-wrapper i{margin-right:8px;color:var(--marker-color)}.elementor-toc__list-item-text-wrapper svg{margin-right:8px;fill:var(--marker-color);height:var(--marker-size,.5em);width:var(--marker-size,.5em)}.elementor-toc__list-item-text-wrapper i{font-size:var(--marker-size,.5em)}.elementor-toc__list-item-text-wrapper:before{font-size:var(--marker-size,1em)}.elementor-toc--content-ellipsis .elementor-toc__list-item-text{white-space:nowrap;overflow:hidden;-o-text-overflow:ellipsis;text-overflow:ellipsis}.elementor-toc__list-items--collapsible>.elementor-toc__list-wrapper>.elementor-toc__list-item>.elementor-toc__list-wrapper{display:none}.elementor-toc__heading-anchor{position:absolute}.elementor-toc__body .elementor-toc__list-item-text{color:var(--item-text-color);-webkit-text-decoration:var(--item-text-decoration);text-decoration:var(--item-text-decoration)}.elementor-toc__body .elementor-toc__list-item-text:hover{color:var(--item-text-hover-color);-webkit-text-decoration:var(--item-text-hover-decoration);text-decoration:var(--item-text-hover-decoration)}.elementor-toc__body .elementor-toc__list-item-text.elementor-item-active{color:var(--item-text-active-color);-webkit-text-decoration:var(--item-text-active-decoration);text-decoration:var(--item-text-active-decoration)}ol.elementor-toc__list-wrapper{counter-reset:item}ol.elementor-toc__list-wrapper .elementor-toc__list-item{counter-increment:item}ol.elementor-toc__list-wrapper .elementor-toc__list-item-text-wrapper:before{content:counters(item,\".\") \". \"}@media only screen and (max-width:-1px){.elementor-toc--minimized-on-tablet_extra .elementor-toc__body{display:none}}@media only screen and (max-width:1024px){.elementor-toc--minimized-on-tablet .elementor-toc__body{display:none}}@media only screen and (max-width:-1px){.elementor-toc--minimized-on-mobile_extra .elementor-toc__body{display:none}}@media only screen and (max-width:767px){.elementor-toc--minimized-on-mobile .elementor-toc__body{display:none}}<\/style>\t\t<div class=\"elementor-toc__header\">\n\t\t\t<h4 class=\"elementor-toc__header-title\">\n\t\t\t\t\u0130\u00e7indekiler\t\t\t<\/h4>\n\t\t\t\t\t\t\t<div class=\"elementor-toc__toggle-button elementor-toc__toggle-button--expand\"><i class=\"fas fa-chevron-down\"><\/i><\/div>\n\t\t\t\t<div class=\"elementor-toc__toggle-button elementor-toc__toggle-button--collapse\"><i class=\"fas fa-chevron-up\"><\/i><\/div>\n\t\t\t\t\t<\/div>\n\t\t<div class=\"elementor-toc__body\">\n\t\t\t<div class=\"elementor-toc__spinner-container\">\n\t\t\t\t<i class=\"elementor-toc__spinner eicon-animation-spin eicon-loading\" aria-hidden=\"true\"><\/i>\t\t\t<\/div>\n\t\t<\/div>\n\t\t\t\t<\/div>\n\t\t\t\t<\/div>\n\t\t\t\t<div class=\"elementor-element elementor-element-fcfc62a elementor-widget elementor-widget-html\" data-id=\"fcfc62a\" data-element_type=\"widget\" data-widget_type=\"html.default\">\n\t\t\t\t<div class=\"elementor-widget-container\">\n\t\t\t<script>\njQuery(document).ready(function($) {\n    setTimeout(function() {\n\t\t$('.elementor-tab-title').removeClass('elementor-active');\n\t\t$('.elementor-tab-content').css('display', 'none'); });\n\t\t});\n<\/script>\t\t<\/div>\n\t\t\t\t<\/div>\n\t\t\t\t<div class=\"elementor-element elementor-element-0633ed1 elementor-widget elementor-widget-heading\" data-id=\"0633ed1\" data-element_type=\"widget\" data-widget_type=\"heading.default\">\n\t\t\t\t<div class=\"elementor-widget-container\">\n\t\t\t<style>\/*! elementor - v3.7.8 - 02-10-2022 *\/\n.elementor-heading-title{padding:0;margin:0;line-height:1}.elementor-widget-heading .elementor-heading-title[class*=elementor-size-]>a{color:inherit;font-size:inherit;line-height:inherit}.elementor-widget-heading .elementor-heading-title.elementor-size-small{font-size:15px}.elementor-widget-heading .elementor-heading-title.elementor-size-medium{font-size:19px}.elementor-widget-heading .elementor-heading-title.elementor-size-large{font-size:29px}.elementor-widget-heading .elementor-heading-title.elementor-size-xl{font-size:39px}.elementor-widget-heading .elementor-heading-title.elementor-size-xxl{font-size:59px}<\/style><h2 class=\"elementor-heading-title elementor-size-default\">T\u00fcrkiye\u2019de Kas\u0131k F\u0131t\u0131\u011f\u0131 Ameliyat\u0131: Kapsaml\u0131 Bir Genel Bak\u0131\u015f\n<\/h2>\t\t<\/div>\n\t\t\t\t<\/div>\n\t\t\t\t<div class=\"elementor-element elementor-element-0d2df3e elementor-widget elementor-widget-text-editor\" data-id=\"0d2df3e\" data-element_type=\"widget\" data-widget_type=\"text-editor.default\">\n\t\t\t\t<div class=\"elementor-widget-container\">\n\t\t\t\t\t\t\t<p>T\u00fcrkiye\u2019de kas\u0131k f\u0131t\u0131\u011f\u0131 ameliyat\u0131, hastan\u0131n bu i\u015fleme uygunlu\u011funu belirlemek i\u00e7in yap\u0131lan kapsaml\u0131 bir dan\u0131\u015fma ve t\u0131bbi de\u011ferlendirme ile ba\u015flar. Ameliyat, f\u0131t\u0131\u011f\u0131n olu\u015ftu\u011fu kar\u0131n duvar\u0131ndaki zay\u0131flam\u0131\u015f b\u00f6lgenin onar\u0131lmas\u0131n\u0131 i\u00e7erir. \u0130yile\u015fme s\u00fcresini k\u0131saltmak ve yara izlerini azaltmak i\u00e7in genellikle laparoskopik cerrahi gibi ileri teknikler kullan\u0131lmaktad\u0131r.<\/p><p>Bu i\u015flem, modern ve tam donan\u0131ml\u0131 t\u0131bbi tesislerde y\u00fcksek beceriye sahip cerrahlar taraf\u0131ndan ger\u00e7ekle\u015ftirilir. Ameliyat \u00f6ncesinde, hastan\u0131n genel sa\u011fl\u0131k durumunu ve ameliyata haz\u0131rl\u0131\u011f\u0131n\u0131 de\u011ferlendirmek amac\u0131yla \u00e7e\u015fitli testler yap\u0131l\u0131r. Ameliyat sonras\u0131 bak\u0131m s\u00fcreci ise d\u00fczenli kontrol randevular\u0131n\u0131, ki\u015fiye \u00f6zel iyile\u015fme planlar\u0131n\u0131 ve ba\u015far\u0131l\u0131 bir iyile\u015fme s\u00fcreci sa\u011flamak i\u00e7in aktivite k\u0131s\u0131tlamalar\u0131na y\u00f6nelik rehberli\u011fi i\u00e7erir.<\/p>\t\t\t\t\t\t<\/div>\n\t\t\t\t<\/div>\n\t\t\t\t<div class=\"elementor-element elementor-element-6fa734c elementor-widget elementor-widget-heading\" data-id=\"6fa734c\" data-element_type=\"widget\" data-widget_type=\"heading.default\">\n\t\t\t\t<div class=\"elementor-widget-container\">\n\t\t\t<h2 class=\"elementor-heading-title elementor-size-default\">Kas\u0131k F\u0131t\u0131\u011f\u0131 Ameliyat\u0131 A\u015famalar\u0131\n<\/h2>\t\t<\/div>\n\t\t\t\t<\/div>\n\t\t\t\t<div class=\"elementor-element elementor-element-5690a06 elementor-widget elementor-widget-text-editor\" data-id=\"5690a06\" data-element_type=\"widget\" data-widget_type=\"text-editor.default\">\n\t\t\t\t<div class=\"elementor-widget-container\">\n\t\t\t\t\t\t\t<p>Ameliyat \u00d6ncesi De\u011ferlendirme:<\/p><p>T\u0131bbi De\u011ferlendirme: Hastan\u0131n t\u0131bbi ge\u00e7mi\u015finin, fizik muayenesinin ve ameliyat i\u00e7in uygunlu\u011funu de\u011ferlendirmek amac\u0131yla gerekli tan\u0131sal testlerin yap\u0131lmas\u0131.<br \/>Ayd\u0131nlat\u0131lm\u0131\u015f Onam: Ameliyat\u0131n faydalar\u0131, riskleri ve alternatifleri hakk\u0131nda hastayla g\u00f6r\u00fc\u015f\u00fclerek bilgilendirilmi\u015f onam\u0131n al\u0131nmas\u0131.<\/p><p>Ameliyat \u00d6ncesi Haz\u0131rl\u0131k:<\/p><p>A\u00e7 Kalma: Anestezi s\u0131ras\u0131nda mide i\u00e7eri\u011finin akci\u011ferlere ka\u00e7ma riskini azaltmak i\u00e7in ameliyattan \u00f6nce belirli bir s\u00fcre a\u00e7 kal\u0131nmas\u0131 gerekir.<br \/>Ameliyat \u00d6ncesi \u0130la\u00e7lar: Gerekirse, enfeksiyonu \u00f6nlemek amac\u0131yla antibiyotik gibi ila\u00e7lar\u0131n uygulanmas\u0131.<\/p><p>Anestezi:<\/p><p>Uygulama: Ameliyat s\u0131ras\u0131nda hastan\u0131n uyumas\u0131n\u0131 ve a\u011fr\u0131 hissetmemesini sa\u011flamak i\u00e7in anestezi verilmesi.<br \/>S\u00fcrd\u00fcrme: Anestezi uzman\u0131 ameliyat boyunca hastay\u0131 izler ve gerekti\u011finde anestezi d\u00fczeyini ayarlar.<\/p><p>Cerrahi \u0130\u015flem:<\/p><p>Kesi: Cerrah, ameliyat yap\u0131lacak b\u00f6lgeye ula\u015fmak i\u00e7in kesi yapar.<br \/>Cerrahi G\u00f6rev: Organ\u0131n \u00e7\u0131kar\u0131lmas\u0131, dokunun onar\u0131lmas\u0131 veya cihaz yerle\u015ftirilmesi gibi belirli cerrahi i\u015flem uygulan\u0131r.<br \/>Hemostaz: Ameliyat s\u0131ras\u0131nda kanaman\u0131n kontrol alt\u0131na al\u0131nmas\u0131.<br \/>Kapatma: Kesi b\u00f6lgesi diki\u015f, z\u0131mba veya yap\u0131\u015ft\u0131r\u0131c\u0131yla kapat\u0131l\u0131r.<\/p><p>Ameliyat Sonras\u0131 Bak\u0131m:<\/p><p>\u0130lk D\u00f6nem: Hasta, anestezinin etkisi ge\u00e7erken yak\u0131ndan izlenmek \u00fczere iyile\u015fme alan\u0131na al\u0131n\u0131r.<br \/>A\u011fr\u0131 Y\u00f6netimi: Rahats\u0131zl\u0131\u011f\u0131 azaltmak i\u00e7in a\u011fr\u0131 kesici ila\u00e7lar\u0131n uygulanmas\u0131.<br \/>Yara Bak\u0131m\u0131: Yaran\u0131n iyile\u015fmesini desteklemek ve enfeksiyonu \u00f6nlemek i\u00e7in bak\u0131m talimatlar\u0131n\u0131n uygulanmas\u0131.<br \/>\u0130yile\u015fme ve Rehabilitasyon: Normal aktivitelere d\u00f6nmek i\u00e7in hareket, diyet k\u0131s\u0131tlamalar\u0131 ve gerekli rehabilitasyon hakk\u0131nda rehberlik sa\u011flanmas\u0131.<\/p><p>Takip:<\/p><p>Ameliyat Sonras\u0131 Kontroller: \u0130yile\u015fme s\u00fcrecini izlemek ve olas\u0131 sorunlar\u0131 \u00e7\u00f6zmek i\u00e7in planlanan doktor kontrolleri.<br \/>Uzun Vadeli Bak\u0131m: Ameliyat\u0131n t\u00fcr\u00fcne ba\u011fl\u0131 olarak devam eden bak\u0131m veya ya\u015fam tarz\u0131 de\u011fi\u015fiklikleri gerekebilir.<\/p>\t\t\t\t\t\t<\/div>\n\t\t\t\t<\/div>\n\t\t\t\t<div class=\"elementor-element elementor-element-1d466e4 elementor-widget elementor-widget-heading\" data-id=\"1d466e4\" data-element_type=\"widget\" data-widget_type=\"heading.default\">\n\t\t\t\t<div class=\"elementor-widget-container\">\n\t\t\t<h2 class=\"elementor-heading-title elementor-size-default\">Neden T\u00fcrkiye\u2019de Kas\u0131k F\u0131t\u0131\u011f\u0131 Ameliyat\u0131 Fiyatlar\u0131 Ucuzdur?\n<\/h2>\t\t<\/div>\n\t\t\t\t<\/div>\n\t\t\t\t<div class=\"elementor-element elementor-element-eca8654 elementor-widget elementor-widget-text-editor\" data-id=\"eca8654\" data-element_type=\"widget\" data-widget_type=\"text-editor.default\">\n\t\t\t\t<div class=\"elementor-widget-container\">\n\t\t\t\t\t\t\t<p>D\u00f6viz kuru: Yabanc\u0131 para birimlerinin T\u00fcrk liras\u0131na kar\u015f\u0131 avantajl\u0131 d\u00f6viz kurlar\u0131, uluslararas\u0131 hastalar i\u00e7in i\u015flemleri daha da uygun fiyatl\u0131 hale getirebilir.<br \/>Standartla\u015ft\u0131r\u0131lm\u0131\u015f prosed\u00fcrler: T\u00fcrkiye\u2019deki bir\u00e7ok klinik, kas\u0131k f\u0131t\u0131\u011f\u0131 ameliyat\u0131 gibi yayg\u0131n i\u015flemler i\u00e7in standartla\u015ft\u0131r\u0131lm\u0131\u015f protokoller ve teknikler uygular; bu da verimlilik ve maliyet tasarrufu sa\u011flar.<\/p>\t\t\t\t\t\t<\/div>\n\t\t\t\t<\/div>\n\t\t\t\t<div class=\"elementor-element elementor-element-63cfda5 elementor-widget elementor-widget-heading\" data-id=\"63cfda5\" data-element_type=\"widget\" data-widget_type=\"heading.default\">\n\t\t\t\t<div class=\"elementor-widget-container\">\n\t\t\t<h2 class=\"elementor-heading-title elementor-size-default\">T\u00fcrkiye\u2019de Kas\u0131k F\u0131t\u0131\u011f\u0131 Ameliyat\u0131 Yapt\u0131rmak G\u00fcvenli mi?\n<\/h2>\t\t<\/div>\n\t\t\t\t<\/div>\n\t\t\t\t<div class=\"elementor-element elementor-element-b024c17 elementor-widget elementor-widget-text-editor\" data-id=\"b024c17\" data-element_type=\"widget\" data-widget_type=\"text-editor.default\">\n\t\t\t\t<div class=\"elementor-widget-container\">\n\t\t\t\t\t\t\t<p>T\u00fcrkiye\u2019de genel cerrahi yapt\u0131rmak, belirli ko\u015fullar sa\u011fland\u0131\u011f\u0131 s\u00fcrece g\u00fcvenli olabilir. T\u00fcrkiye, d\u00fc\u015f\u00fck maliyetlerle y\u00fcksek kaliteli sa\u011fl\u0131k hizmetlerinin birle\u015fimi sayesinde, hiatal f\u0131t\u0131k da dahil olmak \u00fczere t\u0131bbi turizmde giderek artan bir itibara sahiptir.<\/p><p>Bir\u00e7ok hasta T\u00fcrkiye\u2019de ba\u015far\u0131l\u0131 ameliyatlar ge\u00e7irip olumlu sonu\u00e7lar elde etse de, kapsaml\u0131 ara\u015ft\u0131rma yapmak ve bilin\u00e7li kararlar vermek b\u00fcy\u00fck \u00f6nem ta\u015f\u0131r.<\/p>\t\t\t\t\t\t<\/div>\n\t\t\t\t<\/div>\n\t\t\t\t\t<\/div>\n\t\t<\/div>\n\t\t\t\t\t\t\t<\/div>\n\t\t<\/section>\n\t\t\t\t\t\t\t<\/div>\n\t\t","protected":false},"excerpt":{"rendered":"<p>T\u00fcrkiye\u2019de kas\u0131k f\u0131t\u0131\u011f\u0131 ameliyat\u0131, y\u00fcksek kaliteli sa\u011fl\u0131k hizmetleri, uygun maliyetleri, deneyimli cerrahlar\u0131 ve cazip paket se\u00e7enekleri sayesinde giderek daha pop\u00fcler hale gelmektedir. Hastalar, sorunsuz bir iyile\u015fme s\u00fcreci, deneyimli t\u0131bbi personel deste\u011fi ve cerrahi s\u00fcre\u00e7lerini bir tatille birle\u015ftirme f\u0131rsat\u0131 bekleyebilirler. \u0130\u00e7indekiler T\u00fcrkiye\u2019de Kas\u0131k F\u0131t\u0131\u011f\u0131 Ameliyat\u0131: Kapsaml\u0131 Bir Genel Bak\u0131\u015f T\u00fcrkiye\u2019de kas\u0131k f\u0131t\u0131\u011f\u0131 ameliyat\u0131, hastan\u0131n bu i\u015fleme [&hellip;]<\/p>\n","protected":false},"author":22,"featured_media":0,"parent":0,"menu_order":0,"comment_status":"closed","ping_status":"closed","template":"","meta":{"inline_featured_image":false,"footnotes":""},"class_list":["post-25059","page","type-page","status-publish","hentry"],"_links":{"self":[{"href":"https:\/\/docvivosaglik.com\/tr\/wp-json\/wp\/v2\/pages\/25059","targetHints":{"allow":["GET"]}}],"collection":[{"href":"https:\/\/docvivosaglik.com\/tr\/wp-json\/wp\/v2\/pages"}],"about":[{"href":"https:\/\/docvivosaglik.com\/tr\/wp-json\/wp\/v2\/types\/page"}],"author":[{"embeddable":true,"href":"https:\/\/docvivosaglik.com\/tr\/wp-json\/wp\/v2\/users\/22"}],"replies":[{"embeddable":true,"href":"https:\/\/docvivosaglik.com\/tr\/wp-json\/wp\/v2\/comments?post=25059"}],"version-history":[{"count":4,"href":"https:\/\/docvivosaglik.com\/tr\/wp-json\/wp\/v2\/pages\/25059\/revisions"}],"predecessor-version":[{"id":25064,"href":"https:\/\/docvivosaglik.com\/tr\/wp-json\/wp\/v2\/pages\/25059\/revisions\/25064"}],"wp:attachment":[{"href":"https:\/\/docvivosaglik.com\/tr\/wp-json\/wp\/v2\/media?parent=25059"}],"curies":[{"name":"wp","href":"https:\/\/api.w.org\/{rel}","templated":true}]}}