{"id":25046,"date":"2025-10-09T15:02:02","date_gmt":"2025-10-09T12:02:02","guid":{"rendered":"https:\/\/docvivosaglik.com\/?page_id=25046"},"modified":"2025-10-09T15:07:23","modified_gmt":"2025-10-09T12:07:23","slug":"safra-kesesi-ameliyati","status":"publish","type":"page","link":"https:\/\/docvivosaglik.com\/tr\/safra-kesesi-ameliyati\/","title":{"rendered":"Safra Kesesi Ameliyat\u0131"},"content":{"rendered":"\t\t<div data-elementor-type=\"wp-page\" data-elementor-id=\"25046\" class=\"elementor elementor-25046\">\n\t\t\t\t\t\t\t\t\t<section class=\"elementor-section elementor-top-section elementor-element elementor-element-9e4a42d elementor-section-boxed elementor-section-height-default elementor-section-height-default\" data-id=\"9e4a42d\" data-element_type=\"section\">\n\t\t\t\t\t\t<div class=\"elementor-container elementor-column-gap-default\">\n\t\t\t\t\t<div class=\"elementor-column elementor-col-100 elementor-top-column elementor-element elementor-element-edfe756\" data-id=\"edfe756\" data-element_type=\"column\">\n\t\t\t<div class=\"elementor-widget-wrap elementor-element-populated\">\n\t\t\t\t\t\t\t\t<div class=\"elementor-element elementor-element-db51f55 elementor-widget elementor-widget-text-editor\" data-id=\"db51f55\" data-element_type=\"widget\" data-widget_type=\"text-editor.default\">\n\t\t\t\t<div class=\"elementor-widget-container\">\n\t\t\t<style>\/*! elementor - v3.7.8 - 02-10-2022 *\/\n.elementor-widget-text-editor.elementor-drop-cap-view-stacked .elementor-drop-cap{background-color:#818a91;color:#fff}.elementor-widget-text-editor.elementor-drop-cap-view-framed .elementor-drop-cap{color:#818a91;border:3px solid;background-color:transparent}.elementor-widget-text-editor:not(.elementor-drop-cap-view-default) .elementor-drop-cap{margin-top:8px}.elementor-widget-text-editor:not(.elementor-drop-cap-view-default) .elementor-drop-cap-letter{width:1em;height:1em}.elementor-widget-text-editor .elementor-drop-cap{float:left;text-align:center;line-height:1;font-size:50px}.elementor-widget-text-editor .elementor-drop-cap-letter{display:inline-block}<\/style>\t\t\t\t<p>T\u00fcrkiye\u2019de safra kesesi alma ameliyat\u0131, y\u00fcksek kaliteli sa\u011fl\u0131k hizmetleri, uygun maliyetler, deneyimli cerrahlar ve cazip paket se\u00e7enekleri sayesinde giderek daha pop\u00fcler hale gelmektedir. Hastalar, sorunsuz bir iyile\u015fme s\u00fcreci, deneyimli t\u0131bbi personel deste\u011fi ve cerrahi s\u00fcrecini bir tatil ile birle\u015ftirme f\u0131rsat\u0131 bekleyebilirler.<\/p>\t\t\t\t\t\t<\/div>\n\t\t\t\t<\/div>\n\t\t\t\t<div class=\"elementor-element elementor-element-7607c48 elementor-toc--minimized-on-tablet elementor-widget elementor-widget-table-of-contents\" data-id=\"7607c48\" data-element_type=\"widget\" data-settings=\"{&quot;exclude_headings_by_selector&quot;:[],&quot;headings_by_tags&quot;:[&quot;h2&quot;,&quot;h3&quot;,&quot;h4&quot;,&quot;h5&quot;,&quot;h6&quot;],&quot;marker_view&quot;:&quot;numbers&quot;,&quot;minimize_box&quot;:&quot;yes&quot;,&quot;minimized_on&quot;:&quot;tablet&quot;,&quot;hierarchical_view&quot;:&quot;yes&quot;,&quot;min_height&quot;:{&quot;unit&quot;:&quot;px&quot;,&quot;size&quot;:&quot;&quot;,&quot;sizes&quot;:[]},&quot;min_height_tablet&quot;:{&quot;unit&quot;:&quot;px&quot;,&quot;size&quot;:&quot;&quot;,&quot;sizes&quot;:[]},&quot;min_height_mobile&quot;:{&quot;unit&quot;:&quot;px&quot;,&quot;size&quot;:&quot;&quot;,&quot;sizes&quot;:[]}}\" data-widget_type=\"table-of-contents.default\">\n\t\t\t\t<div class=\"elementor-widget-container\">\n\t\t\t<style>\/*! elementor-pro - v3.5.2 - 28-11-2021 *\/\n.elementor-widget-table-of-contents .elementor-toc__header-title{color:var(--header-color)}.elementor-widget-table-of-contents.elementor-toc--collapsed .elementor-toc__toggle-button--collapse,.elementor-widget-table-of-contents:not(.elementor-toc--collapsed) .elementor-toc__toggle-button--expand{display:none}.elementor-widget-table-of-contents .elementor-widget-container{min-height:var(--box-min-height);border:var(--box-border-width,1px) solid var(--box-border-color,#a4afb7);border-radius:var(--box-border-radius,3px);background-color:var(--box-background-color);-webkit-transition:min-height .4s;-o-transition:min-height .4s;transition:min-height .4s;overflow:hidden}.elementor-toc__header{display:-webkit-box;display:-ms-flexbox;display:flex;-webkit-box-align:center;-ms-flex-align:center;align-items:center;-webkit-box-pack:justify;-ms-flex-pack:justify;justify-content:space-between;padding:var(--box-padding,20px);background-color:var(--header-background-color);border-bottom:var(--separator-width,1px) solid var(--box-border-color,#a4afb7)}.elementor-toc__header-title{font-size:18px;margin:0;color:var(--header-color)}.elementor-toc__toggle-button{cursor:pointer;display:-webkit-inline-box;display:-ms-inline-flexbox;display:inline-flex}.elementor-toc__toggle-button i{color:var(--toggle-button-color)}.elementor-toc__toggle-button svg{height:1em;width:1em;fill:var(--toggle-button-color)}.elementor-toc__spinner-container{text-align:center}.elementor-toc__spinner{font-size:2em}.elementor-toc__spinner.e-font-icon-svg{height:1em;width:1em}.elementor-toc__body{padding:var(--box-padding,20px);max-height:var(--toc-body-max-height);overflow-y:auto}.elementor-toc__body::-webkit-scrollbar{width:7px}.elementor-toc__body::-webkit-scrollbar-thumb{background-color:#c2cbd2;border-radius:10px}.elementor-toc__list-wrapper{list-style:none;padding:0}.elementor-toc__list-item{margin-bottom:.5em}.elementor-toc__list-item.elementor-item-active{font-weight:700}.elementor-toc__list-item .elementor-toc__list-wrapper{margin-top:.5em;margin-left:var(--nested-list-indent,1em)}.elementor-toc__list-item-text:hover{color:var(--item-text-hover-color);-webkit-text-decoration:var(--item-text-hover-decoration);text-decoration:var(--item-text-hover-decoration)}.elementor-toc__list-item-text.elementor-item-active{color:var(--item-text-active-color);-webkit-text-decoration:var(--item-text-active-decoration);text-decoration:var(--item-text-active-decoration)}.elementor-toc__list-item-text-wrapper{display:-webkit-box;display:-ms-flexbox;display:flex;-webkit-box-align:center;-ms-flex-align:center;align-items:center}.elementor-toc__list-item-text-wrapper:before,.elementor-toc__list-item-text-wrapper i{margin-right:8px;color:var(--marker-color)}.elementor-toc__list-item-text-wrapper svg{margin-right:8px;fill:var(--marker-color);height:var(--marker-size,.5em);width:var(--marker-size,.5em)}.elementor-toc__list-item-text-wrapper i{font-size:var(--marker-size,.5em)}.elementor-toc__list-item-text-wrapper:before{font-size:var(--marker-size,1em)}.elementor-toc--content-ellipsis .elementor-toc__list-item-text{white-space:nowrap;overflow:hidden;-o-text-overflow:ellipsis;text-overflow:ellipsis}.elementor-toc__list-items--collapsible>.elementor-toc__list-wrapper>.elementor-toc__list-item>.elementor-toc__list-wrapper{display:none}.elementor-toc__heading-anchor{position:absolute}.elementor-toc__body .elementor-toc__list-item-text{color:var(--item-text-color);-webkit-text-decoration:var(--item-text-decoration);text-decoration:var(--item-text-decoration)}.elementor-toc__body .elementor-toc__list-item-text:hover{color:var(--item-text-hover-color);-webkit-text-decoration:var(--item-text-hover-decoration);text-decoration:var(--item-text-hover-decoration)}.elementor-toc__body .elementor-toc__list-item-text.elementor-item-active{color:var(--item-text-active-color);-webkit-text-decoration:var(--item-text-active-decoration);text-decoration:var(--item-text-active-decoration)}ol.elementor-toc__list-wrapper{counter-reset:item}ol.elementor-toc__list-wrapper .elementor-toc__list-item{counter-increment:item}ol.elementor-toc__list-wrapper .elementor-toc__list-item-text-wrapper:before{content:counters(item,\".\") \". \"}@media only screen and (max-width:-1px){.elementor-toc--minimized-on-tablet_extra .elementor-toc__body{display:none}}@media only screen and (max-width:1024px){.elementor-toc--minimized-on-tablet .elementor-toc__body{display:none}}@media only screen and (max-width:-1px){.elementor-toc--minimized-on-mobile_extra .elementor-toc__body{display:none}}@media only screen and (max-width:767px){.elementor-toc--minimized-on-mobile .elementor-toc__body{display:none}}<\/style>\t\t<div class=\"elementor-toc__header\">\n\t\t\t<h4 class=\"elementor-toc__header-title\">\n\t\t\t\t\u0130\u00e7indekiler\t\t\t<\/h4>\n\t\t\t\t\t\t\t<div class=\"elementor-toc__toggle-button elementor-toc__toggle-button--expand\"><i class=\"fas fa-chevron-down\"><\/i><\/div>\n\t\t\t\t<div class=\"elementor-toc__toggle-button elementor-toc__toggle-button--collapse\"><i class=\"fas fa-chevron-up\"><\/i><\/div>\n\t\t\t\t\t<\/div>\n\t\t<div class=\"elementor-toc__body\">\n\t\t\t<div class=\"elementor-toc__spinner-container\">\n\t\t\t\t<i class=\"elementor-toc__spinner eicon-animation-spin eicon-loading\" aria-hidden=\"true\"><\/i>\t\t\t<\/div>\n\t\t<\/div>\n\t\t\t\t<\/div>\n\t\t\t\t<\/div>\n\t\t\t\t<div class=\"elementor-element elementor-element-fcfc62a elementor-widget elementor-widget-html\" data-id=\"fcfc62a\" data-element_type=\"widget\" data-widget_type=\"html.default\">\n\t\t\t\t<div class=\"elementor-widget-container\">\n\t\t\t<script>\njQuery(document).ready(function($) {\n    setTimeout(function() {\n\t\t$('.elementor-tab-title').removeClass('elementor-active');\n\t\t$('.elementor-tab-content').css('display', 'none'); });\n\t\t});\n<\/script>\t\t<\/div>\n\t\t\t\t<\/div>\n\t\t\t\t<div class=\"elementor-element elementor-element-0633ed1 elementor-widget elementor-widget-heading\" data-id=\"0633ed1\" data-element_type=\"widget\" data-widget_type=\"heading.default\">\n\t\t\t\t<div class=\"elementor-widget-container\">\n\t\t\t<style>\/*! elementor - v3.7.8 - 02-10-2022 *\/\n.elementor-heading-title{padding:0;margin:0;line-height:1}.elementor-widget-heading .elementor-heading-title[class*=elementor-size-]>a{color:inherit;font-size:inherit;line-height:inherit}.elementor-widget-heading .elementor-heading-title.elementor-size-small{font-size:15px}.elementor-widget-heading .elementor-heading-title.elementor-size-medium{font-size:19px}.elementor-widget-heading .elementor-heading-title.elementor-size-large{font-size:29px}.elementor-widget-heading .elementor-heading-title.elementor-size-xl{font-size:39px}.elementor-widget-heading .elementor-heading-title.elementor-size-xxl{font-size:59px}<\/style><h2 class=\"elementor-heading-title elementor-size-default\">Safra Kesesi Ameliyat\u0131 (Kolesistektomi) A\u015famalar\u0131<\/h2>\t\t<\/div>\n\t\t\t\t<\/div>\n\t\t\t\t<div class=\"elementor-element elementor-element-0d2df3e elementor-widget elementor-widget-text-editor\" data-id=\"0d2df3e\" data-element_type=\"widget\" data-widget_type=\"text-editor.default\">\n\t\t\t\t<div class=\"elementor-widget-container\">\n\t\t\t\t\t\t\t<p><strong>Ameliyat \u00d6ncesi De\u011ferlendirme:<\/strong><\/p><p><strong>T\u0131bbi De\u011ferlendirme:<\/strong> Hastan\u0131n t\u0131bbi ge\u00e7mi\u015fi, fizik muayenesi ve ameliyat i\u00e7in uygunlu\u011funu de\u011ferlendirmek amac\u0131yla gerekli tan\u0131sal testlerin yap\u0131lmas\u0131.<br \/><strong>Ayd\u0131nlat\u0131lm\u0131\u015f Onam:<\/strong> Ameliyat\u0131n faydalar\u0131, riskleri ve alternatifleri hakk\u0131nda hastayla detayl\u0131 olarak konu\u015fularak bilgilendirilmi\u015f onam al\u0131nmas\u0131.<\/p><hr \/><p><strong>Ameliyat \u00d6ncesi Haz\u0131rl\u0131k:<\/strong><\/p><p><strong>A\u00e7 Kalma:<\/strong> Anestezi s\u0131ras\u0131nda mide i\u00e7eri\u011finin akci\u011ferlere ka\u00e7ma riskini azaltmak i\u00e7in hastalardan ameliyattan belirli bir s\u00fcre \u00f6nce a\u00e7 kalmalar\u0131 istenir.<br \/><strong>Ameliyat \u00d6ncesi \u0130la\u00e7lar:<\/strong> Gerekirse enfeksiyonu \u00f6nlemek i\u00e7in antibiyotik gibi ila\u00e7lar\u0131n uygulanmas\u0131 ve v\u00fccudun ameliyata haz\u0131rlanmas\u0131.<\/p><hr \/><p><strong>Anestezi:<\/strong><\/p><p><strong>Uygulama:<\/strong> Ameliyat s\u00fcresince hastan\u0131n uyumas\u0131n\u0131 ve a\u011fr\u0131 hissetmemesini sa\u011flamak i\u00e7in anestezinin verilmesi.<br \/><strong>S\u00fcrd\u00fcrme:<\/strong> Anestezi uzman\u0131 ameliyat boyunca hastay\u0131 izler ve gerekirse anestezi dozunu ayarlar.<\/p><hr \/><p><strong>Cerrahi \u0130\u015flem:<\/strong><\/p><p><strong>Kesi:<\/strong> Cerrah, ameliyat yap\u0131lacak b\u00f6lgeye eri\u015fim sa\u011flamak i\u00e7in bir kesi yapar.<br \/><strong>Cerrahi \u0130\u015flem:<\/strong> Belirli cerrahi g\u00f6rev ger\u00e7ekle\u015ftirilir; \u00f6rne\u011fin bir organ\u0131n al\u0131nmas\u0131, dokunun onar\u0131lmas\u0131 veya bir cihaz\u0131n yerle\u015ftirilmesi.<br \/><strong>Hemostaz:<\/strong> Ameliyat s\u0131ras\u0131nda kanaman\u0131n kontrol alt\u0131na al\u0131nmas\u0131.<br \/><strong>Kapatma:<\/strong> Kesi b\u00f6lgesinin diki\u015f, z\u0131mba veya yap\u0131\u015ft\u0131r\u0131c\u0131 ile kapat\u0131lmas\u0131.<\/p><hr \/><p><strong>Ameliyat Sonras\u0131 Bak\u0131m:<\/strong><\/p><p><strong>\u0130lk D\u00f6nem:<\/strong> Hasta, anestezinin etkisi ge\u00e7erken yak\u0131ndan izlenmek \u00fczere iyile\u015fme alan\u0131na al\u0131n\u0131r.<br \/><strong>A\u011fr\u0131 Y\u00f6netimi:<\/strong> Rahats\u0131zl\u0131\u011f\u0131 azaltmak i\u00e7in a\u011fr\u0131 kesici ila\u00e7lar uygulan\u0131r.<br \/><strong>Yara Bak\u0131m\u0131:<\/strong> Ameliyat b\u00f6lgesinin iyile\u015fmesini desteklemek ve enfeksiyonu \u00f6nlemek i\u00e7in bak\u0131m talimatlar\u0131na uyulur.<br \/><strong>\u0130yile\u015fme ve Rehabilitasyon:<\/strong> Normal aktivitelere d\u00f6n\u00fc\u015f i\u00e7in fiziksel hareket d\u00fczeyleri, diyet k\u0131s\u0131tlamalar\u0131 ve gerekliyse rehabilitasyon konusunda rehberlik sa\u011flan\u0131r.<\/p><hr \/><p><strong>Takip:<\/strong><\/p><p><strong>Ameliyat Sonras\u0131 Kontroller:<\/strong> \u0130yile\u015fme s\u00fcrecini izlemek ve olas\u0131 sorunlar\u0131 ele almak i\u00e7in planl\u0131 kontrol randevular\u0131 yap\u0131l\u0131r.<br \/><strong>Uzun Vadeli Bak\u0131m:<\/strong> Ameliyat\u0131n t\u00fcr\u00fcne ba\u011fl\u0131 olarak devam eden bak\u0131m veya ya\u015fam tarz\u0131 de\u011fi\u015fiklikleri gerekebilir.<\/p>\t\t\t\t\t\t<\/div>\n\t\t\t\t<\/div>\n\t\t\t\t<div class=\"elementor-element elementor-element-6fa734c elementor-widget elementor-widget-heading\" data-id=\"6fa734c\" data-element_type=\"widget\" data-widget_type=\"heading.default\">\n\t\t\t\t<div class=\"elementor-widget-container\">\n\t\t\t<h2 class=\"elementor-heading-title elementor-size-default\">Neden T\u00fcrkiye\u2019de Safra Kesesi Ameliyat\u0131 Fiyatlar\u0131 Ucuzdur?\n<\/h2>\t\t<\/div>\n\t\t\t\t<\/div>\n\t\t\t\t<div class=\"elementor-element elementor-element-5690a06 elementor-widget elementor-widget-text-editor\" data-id=\"5690a06\" data-element_type=\"widget\" data-widget_type=\"text-editor.default\">\n\t\t\t\t<div class=\"elementor-widget-container\">\n\t\t\t\t\t\t\t<p>D\u00f6viz kuru: Yabanc\u0131 para birimlerinin T\u00fcrk liras\u0131na kar\u015f\u0131 avantajl\u0131 d\u00f6viz kurlar\u0131, uluslararas\u0131 hastalar i\u00e7in i\u015flemleri daha da uygun fiyatl\u0131 hale getirebilir.<br \/>Standartla\u015ft\u0131r\u0131lm\u0131\u015f prosed\u00fcrler: T\u00fcrkiye\u2019deki bir\u00e7ok klinik, genel cerrahi gibi yayg\u0131n i\u015flemler i\u00e7in standartla\u015ft\u0131r\u0131lm\u0131\u015f protokoller ve teknikler uygular; bu da verimlilik ve maliyet tasarrufu sa\u011flar.<\/p>\t\t\t\t\t\t<\/div>\n\t\t\t\t<\/div>\n\t\t\t\t<div class=\"elementor-element elementor-element-1d466e4 elementor-widget elementor-widget-heading\" data-id=\"1d466e4\" data-element_type=\"widget\" data-widget_type=\"heading.default\">\n\t\t\t\t<div class=\"elementor-widget-container\">\n\t\t\t<h2 class=\"elementor-heading-title elementor-size-default\">T\u00fcrkiye\u2019de Safra Kesesi Ameliyat\u0131 Yapt\u0131rmak G\u00fcvenli mi?\n<\/h2>\t\t<\/div>\n\t\t\t\t<\/div>\n\t\t\t\t<div class=\"elementor-element elementor-element-eca8654 elementor-widget elementor-widget-text-editor\" data-id=\"eca8654\" data-element_type=\"widget\" data-widget_type=\"text-editor.default\">\n\t\t\t\t<div class=\"elementor-widget-container\">\n\t\t\t\t\t\t\t<p>T\u00fcrkiye\u2019de genel cerrahi yapt\u0131rmak, belirli ko\u015fullar sa\u011fland\u0131\u011f\u0131 s\u00fcrece g\u00fcvenli olabilir. T\u00fcrkiye, d\u00fc\u015f\u00fck maliyetlerle y\u00fcksek kaliteli sa\u011fl\u0131k hizmetlerinin birle\u015fimi sayesinde, genel cerrahi de d\u00e2hil olmak \u00fczere t\u0131bbi turizmde giderek artan bir itibara sahiptir.<\/p><p>Bir\u00e7ok hasta T\u00fcrkiye\u2019de ba\u015far\u0131l\u0131 ameliyatlar ge\u00e7irip olumlu sonu\u00e7lar elde etse de, kapsaml\u0131 ara\u015ft\u0131rma yapmak ve bilin\u00e7li kararlar vermek kritik \u00f6neme sahiptir.<\/p>\t\t\t\t\t\t<\/div>\n\t\t\t\t<\/div>\n\t\t\t\t\t<\/div>\n\t\t<\/div>\n\t\t\t\t\t\t\t<\/div>\n\t\t<\/section>\n\t\t\t\t\t\t\t<\/div>\n\t\t","protected":false},"excerpt":{"rendered":"<p>T\u00fcrkiye\u2019de safra kesesi alma ameliyat\u0131, y\u00fcksek kaliteli sa\u011fl\u0131k hizmetleri, uygun maliyetler, deneyimli cerrahlar ve cazip paket se\u00e7enekleri sayesinde giderek daha pop\u00fcler hale gelmektedir. Hastalar, sorunsuz bir iyile\u015fme s\u00fcreci, deneyimli t\u0131bbi personel deste\u011fi ve cerrahi s\u00fcrecini bir tatil ile birle\u015ftirme f\u0131rsat\u0131 bekleyebilirler. \u0130\u00e7indekiler Safra Kesesi Ameliyat\u0131 (Kolesistektomi) A\u015famalar\u0131 Ameliyat \u00d6ncesi De\u011ferlendirme: T\u0131bbi De\u011ferlendirme: Hastan\u0131n t\u0131bbi ge\u00e7mi\u015fi, [&hellip;]<\/p>\n","protected":false},"author":22,"featured_media":0,"parent":0,"menu_order":0,"comment_status":"closed","ping_status":"closed","template":"","meta":{"inline_featured_image":false,"footnotes":""},"class_list":["post-25046","page","type-page","status-publish","hentry"],"_links":{"self":[{"href":"https:\/\/docvivosaglik.com\/tr\/wp-json\/wp\/v2\/pages\/25046","targetHints":{"allow":["GET"]}}],"collection":[{"href":"https:\/\/docvivosaglik.com\/tr\/wp-json\/wp\/v2\/pages"}],"about":[{"href":"https:\/\/docvivosaglik.com\/tr\/wp-json\/wp\/v2\/types\/page"}],"author":[{"embeddable":true,"href":"https:\/\/docvivosaglik.com\/tr\/wp-json\/wp\/v2\/users\/22"}],"replies":[{"embeddable":true,"href":"https:\/\/docvivosaglik.com\/tr\/wp-json\/wp\/v2\/comments?post=25046"}],"version-history":[{"count":5,"href":"https:\/\/docvivosaglik.com\/tr\/wp-json\/wp\/v2\/pages\/25046\/revisions"}],"predecessor-version":[{"id":25051,"href":"https:\/\/docvivosaglik.com\/tr\/wp-json\/wp\/v2\/pages\/25046\/revisions\/25051"}],"wp:attachment":[{"href":"https:\/\/docvivosaglik.com\/tr\/wp-json\/wp\/v2\/media?parent=25046"}],"curies":[{"name":"wp","href":"https:\/\/api.w.org\/{rel}","templated":true}]}}