{"id":25034,"date":"2025-10-09T14:11:29","date_gmt":"2025-10-09T11:11:29","guid":{"rendered":"https:\/\/docvivosaglik.com\/?page_id=25034"},"modified":"2025-10-09T14:16:02","modified_gmt":"2025-10-09T11:16:02","slug":"sac-ekimi","status":"publish","type":"page","link":"https:\/\/docvivosaglik.com\/tr\/sac-ekimi\/","title":{"rendered":"Sa\u00e7 Ekimi"},"content":{"rendered":"\t\t<div data-elementor-type=\"wp-page\" data-elementor-id=\"25034\" class=\"elementor elementor-25034\">\n\t\t\t\t\t\t\t\t\t<section class=\"elementor-section elementor-top-section elementor-element elementor-element-9e4a42d elementor-section-boxed elementor-section-height-default elementor-section-height-default\" data-id=\"9e4a42d\" data-element_type=\"section\">\n\t\t\t\t\t\t<div class=\"elementor-container elementor-column-gap-default\">\n\t\t\t\t\t<div class=\"elementor-column elementor-col-100 elementor-top-column elementor-element elementor-element-edfe756\" data-id=\"edfe756\" data-element_type=\"column\">\n\t\t\t<div class=\"elementor-widget-wrap elementor-element-populated\">\n\t\t\t\t\t\t\t\t<div class=\"elementor-element elementor-element-db51f55 elementor-widget elementor-widget-text-editor\" data-id=\"db51f55\" data-element_type=\"widget\" data-widget_type=\"text-editor.default\">\n\t\t\t\t<div class=\"elementor-widget-container\">\n\t\t\t<style>\/*! elementor - v3.7.8 - 02-10-2022 *\/\n.elementor-widget-text-editor.elementor-drop-cap-view-stacked .elementor-drop-cap{background-color:#818a91;color:#fff}.elementor-widget-text-editor.elementor-drop-cap-view-framed .elementor-drop-cap{color:#818a91;border:3px solid;background-color:transparent}.elementor-widget-text-editor:not(.elementor-drop-cap-view-default) .elementor-drop-cap{margin-top:8px}.elementor-widget-text-editor:not(.elementor-drop-cap-view-default) .elementor-drop-cap-letter{width:1em;height:1em}.elementor-widget-text-editor .elementor-drop-cap{float:left;text-align:center;line-height:1;font-size:50px}.elementor-widget-text-editor .elementor-drop-cap-letter{display:inline-block}<\/style>\t\t\t\t<p>Sa\u00e7 ekimi, sa\u00e7 d\u00f6k\u00fclmesi ve kellik tedavisinde kullan\u0131lan cerrahi bir i\u015flemdir. Bu i\u015flem, \u201cdon\u00f6r b\u00f6lge\u201d olarak adland\u0131r\u0131lan v\u00fccudun bir k\u0131sm\u0131ndan al\u0131nan sa\u00e7 k\u00f6klerinin, \u201cal\u0131c\u0131 b\u00f6lge\u201d olarak bilinen kellik ya\u015fanan veya seyrekle\u015fmi\u015f b\u00f6lgeye nakledilmesini i\u00e7erir. Genellikle erkek tipi sa\u00e7 d\u00f6k\u00fclmesini tedavi etmek i\u00e7in uygulan\u0131r ancak kirpik, ka\u015f, sakal, g\u00f6\u011f\u00fcs, kas\u0131k b\u00f6lgesi k\u0131llar\u0131n\u0131n yeniden kazand\u0131r\u0131lmas\u0131 veya y\u00fcz germe ve \u00f6nceki sa\u00e7 ekimi gibi operasyonlardan kalan yara izlerinin kapat\u0131lmas\u0131 i\u00e7in de kullan\u0131labilir.<\/p>\t\t\t\t\t\t<\/div>\n\t\t\t\t<\/div>\n\t\t\t\t<div class=\"elementor-element elementor-element-7607c48 elementor-toc--minimized-on-tablet elementor-widget elementor-widget-table-of-contents\" data-id=\"7607c48\" data-element_type=\"widget\" data-settings=\"{&quot;exclude_headings_by_selector&quot;:[],&quot;headings_by_tags&quot;:[&quot;h2&quot;,&quot;h3&quot;,&quot;h4&quot;,&quot;h5&quot;,&quot;h6&quot;],&quot;marker_view&quot;:&quot;numbers&quot;,&quot;minimize_box&quot;:&quot;yes&quot;,&quot;minimized_on&quot;:&quot;tablet&quot;,&quot;hierarchical_view&quot;:&quot;yes&quot;,&quot;min_height&quot;:{&quot;unit&quot;:&quot;px&quot;,&quot;size&quot;:&quot;&quot;,&quot;sizes&quot;:[]},&quot;min_height_tablet&quot;:{&quot;unit&quot;:&quot;px&quot;,&quot;size&quot;:&quot;&quot;,&quot;sizes&quot;:[]},&quot;min_height_mobile&quot;:{&quot;unit&quot;:&quot;px&quot;,&quot;size&quot;:&quot;&quot;,&quot;sizes&quot;:[]}}\" data-widget_type=\"table-of-contents.default\">\n\t\t\t\t<div class=\"elementor-widget-container\">\n\t\t\t<style>\/*! elementor-pro - v3.5.2 - 28-11-2021 *\/\n.elementor-widget-table-of-contents .elementor-toc__header-title{color:var(--header-color)}.elementor-widget-table-of-contents.elementor-toc--collapsed .elementor-toc__toggle-button--collapse,.elementor-widget-table-of-contents:not(.elementor-toc--collapsed) .elementor-toc__toggle-button--expand{display:none}.elementor-widget-table-of-contents .elementor-widget-container{min-height:var(--box-min-height);border:var(--box-border-width,1px) solid var(--box-border-color,#a4afb7);border-radius:var(--box-border-radius,3px);background-color:var(--box-background-color);-webkit-transition:min-height .4s;-o-transition:min-height .4s;transition:min-height .4s;overflow:hidden}.elementor-toc__header{display:-webkit-box;display:-ms-flexbox;display:flex;-webkit-box-align:center;-ms-flex-align:center;align-items:center;-webkit-box-pack:justify;-ms-flex-pack:justify;justify-content:space-between;padding:var(--box-padding,20px);background-color:var(--header-background-color);border-bottom:var(--separator-width,1px) solid var(--box-border-color,#a4afb7)}.elementor-toc__header-title{font-size:18px;margin:0;color:var(--header-color)}.elementor-toc__toggle-button{cursor:pointer;display:-webkit-inline-box;display:-ms-inline-flexbox;display:inline-flex}.elementor-toc__toggle-button i{color:var(--toggle-button-color)}.elementor-toc__toggle-button svg{height:1em;width:1em;fill:var(--toggle-button-color)}.elementor-toc__spinner-container{text-align:center}.elementor-toc__spinner{font-size:2em}.elementor-toc__spinner.e-font-icon-svg{height:1em;width:1em}.elementor-toc__body{padding:var(--box-padding,20px);max-height:var(--toc-body-max-height);overflow-y:auto}.elementor-toc__body::-webkit-scrollbar{width:7px}.elementor-toc__body::-webkit-scrollbar-thumb{background-color:#c2cbd2;border-radius:10px}.elementor-toc__list-wrapper{list-style:none;padding:0}.elementor-toc__list-item{margin-bottom:.5em}.elementor-toc__list-item.elementor-item-active{font-weight:700}.elementor-toc__list-item .elementor-toc__list-wrapper{margin-top:.5em;margin-left:var(--nested-list-indent,1em)}.elementor-toc__list-item-text:hover{color:var(--item-text-hover-color);-webkit-text-decoration:var(--item-text-hover-decoration);text-decoration:var(--item-text-hover-decoration)}.elementor-toc__list-item-text.elementor-item-active{color:var(--item-text-active-color);-webkit-text-decoration:var(--item-text-active-decoration);text-decoration:var(--item-text-active-decoration)}.elementor-toc__list-item-text-wrapper{display:-webkit-box;display:-ms-flexbox;display:flex;-webkit-box-align:center;-ms-flex-align:center;align-items:center}.elementor-toc__list-item-text-wrapper:before,.elementor-toc__list-item-text-wrapper i{margin-right:8px;color:var(--marker-color)}.elementor-toc__list-item-text-wrapper svg{margin-right:8px;fill:var(--marker-color);height:var(--marker-size,.5em);width:var(--marker-size,.5em)}.elementor-toc__list-item-text-wrapper i{font-size:var(--marker-size,.5em)}.elementor-toc__list-item-text-wrapper:before{font-size:var(--marker-size,1em)}.elementor-toc--content-ellipsis .elementor-toc__list-item-text{white-space:nowrap;overflow:hidden;-o-text-overflow:ellipsis;text-overflow:ellipsis}.elementor-toc__list-items--collapsible>.elementor-toc__list-wrapper>.elementor-toc__list-item>.elementor-toc__list-wrapper{display:none}.elementor-toc__heading-anchor{position:absolute}.elementor-toc__body .elementor-toc__list-item-text{color:var(--item-text-color);-webkit-text-decoration:var(--item-text-decoration);text-decoration:var(--item-text-decoration)}.elementor-toc__body .elementor-toc__list-item-text:hover{color:var(--item-text-hover-color);-webkit-text-decoration:var(--item-text-hover-decoration);text-decoration:var(--item-text-hover-decoration)}.elementor-toc__body .elementor-toc__list-item-text.elementor-item-active{color:var(--item-text-active-color);-webkit-text-decoration:var(--item-text-active-decoration);text-decoration:var(--item-text-active-decoration)}ol.elementor-toc__list-wrapper{counter-reset:item}ol.elementor-toc__list-wrapper .elementor-toc__list-item{counter-increment:item}ol.elementor-toc__list-wrapper .elementor-toc__list-item-text-wrapper:before{content:counters(item,\".\") \". \"}@media only screen and (max-width:-1px){.elementor-toc--minimized-on-tablet_extra .elementor-toc__body{display:none}}@media only screen and (max-width:1024px){.elementor-toc--minimized-on-tablet .elementor-toc__body{display:none}}@media only screen and (max-width:-1px){.elementor-toc--minimized-on-mobile_extra .elementor-toc__body{display:none}}@media only screen and (max-width:767px){.elementor-toc--minimized-on-mobile .elementor-toc__body{display:none}}<\/style>\t\t<div class=\"elementor-toc__header\">\n\t\t\t<h4 class=\"elementor-toc__header-title\">\n\t\t\t\t\u0130\u00e7indekiler\t\t\t<\/h4>\n\t\t\t\t\t\t\t<div class=\"elementor-toc__toggle-button elementor-toc__toggle-button--expand\"><i class=\"fas fa-chevron-down\"><\/i><\/div>\n\t\t\t\t<div class=\"elementor-toc__toggle-button elementor-toc__toggle-button--collapse\"><i class=\"fas fa-chevron-up\"><\/i><\/div>\n\t\t\t\t\t<\/div>\n\t\t<div class=\"elementor-toc__body\">\n\t\t\t<div class=\"elementor-toc__spinner-container\">\n\t\t\t\t<i class=\"elementor-toc__spinner eicon-animation-spin eicon-loading\" aria-hidden=\"true\"><\/i>\t\t\t<\/div>\n\t\t<\/div>\n\t\t\t\t<\/div>\n\t\t\t\t<\/div>\n\t\t\t\t<div class=\"elementor-element elementor-element-fcfc62a elementor-widget elementor-widget-html\" data-id=\"fcfc62a\" data-element_type=\"widget\" data-widget_type=\"html.default\">\n\t\t\t\t<div class=\"elementor-widget-container\">\n\t\t\t<script>\njQuery(document).ready(function($) {\n    setTimeout(function() {\n\t\t$('.elementor-tab-title').removeClass('elementor-active');\n\t\t$('.elementor-tab-content').css('display', 'none'); });\n\t\t});\n<\/script>\t\t<\/div>\n\t\t\t\t<\/div>\n\t\t\t\t<div class=\"elementor-element elementor-element-0633ed1 elementor-widget elementor-widget-heading\" data-id=\"0633ed1\" data-element_type=\"widget\" data-widget_type=\"heading.default\">\n\t\t\t\t<div class=\"elementor-widget-container\">\n\t\t\t<style>\/*! elementor - v3.7.8 - 02-10-2022 *\/\n.elementor-heading-title{padding:0;margin:0;line-height:1}.elementor-widget-heading .elementor-heading-title[class*=elementor-size-]>a{color:inherit;font-size:inherit;line-height:inherit}.elementor-widget-heading .elementor-heading-title.elementor-size-small{font-size:15px}.elementor-widget-heading .elementor-heading-title.elementor-size-medium{font-size:19px}.elementor-widget-heading .elementor-heading-title.elementor-size-large{font-size:29px}.elementor-widget-heading .elementor-heading-title.elementor-size-xl{font-size:39px}.elementor-widget-heading .elementor-heading-title.elementor-size-xxl{font-size:59px}<\/style><h2 class=\"elementor-heading-title elementor-size-default\">T\u00fcrkiye\u2019de Sa\u00e7 Ekimi: Kapsaml\u0131 Bir Genel Bak\u0131\u015f\n<\/h2>\t\t<\/div>\n\t\t\t\t<\/div>\n\t\t\t\t<div class=\"elementor-element elementor-element-0d2df3e elementor-widget elementor-widget-text-editor\" data-id=\"0d2df3e\" data-element_type=\"widget\" data-widget_type=\"text-editor.default\">\n\t\t\t\t<div class=\"elementor-widget-container\">\n\t\t\t\t\t\t\t<p>T\u00fcrkiye\u2019de sa\u00e7 ekimi, seyrekle\u015fme veya kellikten etkilenen b\u00f6lgelerde sa\u00e7 b\u00fcy\u00fcmesini yeniden kazand\u0131rmak i\u00e7in tasarlanm\u0131\u015f son derece pop\u00fcler bir i\u015flemdir. Y\u00fcksek kaliteli sa\u011fl\u0131k hizmetleri ve uygun fiyatlar\u0131yla tan\u0131nan T\u00fcrkiye, sa\u00e7 ekimi ameliyat\u0131 i\u00e7in \u00f6nde gelen destinasyonlardan biri haline gelmi\u015ftir.<\/p><p>S\u00fcre\u00e7, hastan\u0131n uygunlu\u011funu ve en iyi ekim tekni\u011fini belirlemek i\u00e7in yap\u0131lan kapsaml\u0131 bir dan\u0131\u015fma ve t\u0131bbi de\u011ferlendirme ile ba\u015flar. Yayg\u0131n y\u00f6ntemler aras\u0131nda <strong>Folik\u00fcler \u00dcnite Ekstraksiyonu (FUE)<\/strong> ve <strong>Do\u011frudan Sa\u00e7 Ekimi (DHI)<\/strong> bulunur. Deneyimli cerrahlar, modern tesislerde ileri teknikler kullanarak do\u011fal g\u00f6r\u00fcn\u00fcml\u00fc sonu\u00e7lar elde etmeyi hedefler.<\/p>\t\t\t\t\t\t<\/div>\n\t\t\t\t<\/div>\n\t\t\t\t<div class=\"elementor-element elementor-element-6fa734c elementor-widget elementor-widget-heading\" data-id=\"6fa734c\" data-element_type=\"widget\" data-widget_type=\"heading.default\">\n\t\t\t\t<div class=\"elementor-widget-container\">\n\t\t\t<h2 class=\"elementor-heading-title elementor-size-default\">Sa\u00e7 Ekimi A\u015famalar\u0131\n<\/h2>\t\t<\/div>\n\t\t\t\t<\/div>\n\t\t\t\t<div class=\"elementor-element elementor-element-5690a06 elementor-widget elementor-widget-text-editor\" data-id=\"5690a06\" data-element_type=\"widget\" data-widget_type=\"text-editor.default\">\n\t\t\t\t<div class=\"elementor-widget-container\">\n\t\t\t\t\t\t\t<p>Sa\u00e7 ekimi s\u00fcreci, Folik\u00fcler \u00dcnite Transplantasyonu (FUT) veya Folik\u00fcler \u00dcnite Ekstraksiyonu (FUE) y\u00f6ntemlerinden hangisinin uyguland\u0131\u011f\u0131na ba\u011fl\u0131 olarak baz\u0131 k\u00fc\u00e7\u00fck farkl\u0131l\u0131klar g\u00f6steren birka\u00e7 temel ad\u0131mdan olu\u015fur. \u0130\u015fte her iki y\u00f6ntemi de kapsayan genel s\u00fcre\u00e7:<\/p><hr \/><h3><strong>Ameliyat \u00d6ncesi<\/strong><\/h3><p><strong>Dan\u0131\u015fma:<\/strong> \u0130lk ad\u0131m, sa\u00e7 ekimi cerrah\u0131 ile yap\u0131lan kapsaml\u0131 bir dan\u0131\u015fmad\u0131r. Bu g\u00f6r\u00fc\u015fmede hedefler tart\u0131\u015f\u0131l\u0131r, sa\u00e7 d\u00f6k\u00fclmesi de\u011ferlendirilir ve en uygun tedavi yakla\u015f\u0131m\u0131 belirlenir.<br \/><strong>Ameliyat \u00d6ncesi De\u011ferlendirme ve Planlama:<\/strong> Cerrah, don\u00f6r (sa\u00e7 al\u0131nacak) ve al\u0131c\u0131 (ekim yap\u0131lacak) b\u00f6lgeleri inceler, hastan\u0131n t\u0131bbi ge\u00e7mi\u015fini de\u011ferlendirir ve sa\u00e7 \u00e7izgisi veya kaplanacak alanlar\u0131 planlar.<\/p><hr \/><h3><strong>Ameliyat G\u00fcn\u00fc<\/strong><\/h3><p><strong>Don\u00f6r B\u00f6lgenin Haz\u0131rlanmas\u0131:<\/strong> Genellikle ba\u015f\u0131n arka k\u0131sm\u0131nda yer alan don\u00f6r b\u00f6lgedeki sa\u00e7lar, greftlerin al\u0131nmas\u0131n\u0131 kolayla\u015ft\u0131rmak i\u00e7in k\u0131salt\u0131l\u0131r.<br \/><strong>Lokal Anestezi:<\/strong> Rahats\u0131zl\u0131\u011f\u0131 en aza indirmek i\u00e7in don\u00f6r b\u00f6lgeye (ve daha sonra al\u0131c\u0131 b\u00f6lgeye) lokal anestezi uygulan\u0131r.<\/p><hr \/><h3><strong>FUT Y\u00f6ntemi \u0130\u00e7in<\/strong><\/h3><p><strong>\u015eerit Al\u0131m\u0131:<\/strong> Don\u00f6r b\u00f6lgeden cerrahi olarak bir sa\u00e7l\u0131 deri \u015feridi al\u0131n\u0131r ve bu b\u00f6lge diki\u015fle kapat\u0131l\u0131r.<br \/><strong>Folik\u00fcler \u00dcnite Haz\u0131rl\u0131\u011f\u0131:<\/strong> Al\u0131nan deri \u015feridi mikroskop alt\u0131nda tek tek folik\u00fcler \u00fcnite greftlerine ayr\u0131l\u0131r.<\/p><hr \/><h3><strong>FUE Y\u00f6ntemi \u0130\u00e7in<\/strong><\/h3><p><strong>Folik\u00fcl Al\u0131m\u0131:<\/strong> Don\u00f6r b\u00f6lgeden, \u00f6zel bir mikro punch arac\u0131 kullan\u0131larak sa\u00e7 k\u00f6kleri tek tek \u00e7\u0131kar\u0131l\u0131r.<\/p><hr \/><h3><strong>FUT ve FUE \u0130\u00e7in Ortak A\u015famalar<\/strong><\/h3><p><strong>Al\u0131c\u0131 B\u00f6lgenin Haz\u0131rlanmas\u0131:<\/strong> Greftlerin yerle\u015ftirilece\u011fi al\u0131c\u0131 b\u00f6lgeye, k\u00fc\u00e7\u00fck kesiler veya delikler a\u00e7\u0131l\u0131r.<br \/><strong>Transplantasyon:<\/strong> Toplanan folik\u00fcler \u00fcniteler, hastan\u0131n do\u011fal sa\u00e7 b\u00fcy\u00fcme y\u00f6n\u00fcne uygun \u015fekilde dikkatlice bu kesilere yerle\u015ftirilir.<br \/><strong>Ameliyat Sonras\u0131 Bak\u0131m:<\/strong> Cerrahi alan temizlenir ve bandajlan\u0131r. Hastaya ayr\u0131nt\u0131l\u0131 ameliyat sonras\u0131 bak\u0131m talimatlar\u0131 verilir.<\/p><hr \/><h3><strong>Ameliyat Sonras\u0131 S\u00fcre\u00e7<\/strong><\/h3><p><strong>\u0130yile\u015fme:<\/strong> Hastalar genellikle ayn\u0131 g\u00fcn evlerine d\u00f6nebilir. \u0130lk birka\u00e7 g\u00fcn \u015fi\u015flik, k\u0131zar\u0131kl\u0131k ve hafif rahats\u0131zl\u0131k olabilir, ancak bunlar k\u0131sa s\u00fcrede ge\u00e7er. (FUT y\u00f6nteminde diki\u015fler yakla\u015f\u0131k iki hafta sonra al\u0131n\u0131r.)<br \/><strong>Sa\u00e7 B\u00fcy\u00fcmesi:<\/strong> Ekim yap\u0131lan sa\u00e7lar, i\u015flemden 3\u20134 ay sonra \u00e7\u0131kmaya ba\u015flar. Tam sonu\u00e7lar\u0131n g\u00f6r\u00fclmesi ise genellikle 1 y\u0131l\u0131 bulur.<\/p><hr \/><h3><strong>Takip S\u00fcreci<\/strong><\/h3><p><strong>Kontrol Randevular\u0131:<\/strong> Ekim yap\u0131lan sa\u00e7\u0131n ilerleyi\u015fini ve iyile\u015fme s\u00fcrecinin sorunsuz ilerleyip ilerlemedi\u011fini izlemek i\u00e7in cerrahla takip randevular\u0131 planlan\u0131r.<\/p>\t\t\t\t\t\t<\/div>\n\t\t\t\t<\/div>\n\t\t\t\t<div class=\"elementor-element elementor-element-1d466e4 elementor-widget elementor-widget-heading\" data-id=\"1d466e4\" data-element_type=\"widget\" data-widget_type=\"heading.default\">\n\t\t\t\t<div class=\"elementor-widget-container\">\n\t\t\t<h2 class=\"elementor-heading-title elementor-size-default\">Sa\u00e7 Ekimi T\u00fcrleri\n<\/h2>\t\t<\/div>\n\t\t\t\t<\/div>\n\t\t\t\t<div class=\"elementor-element elementor-element-eca8654 elementor-widget elementor-widget-text-editor\" data-id=\"eca8654\" data-element_type=\"widget\" data-widget_type=\"text-editor.default\">\n\t\t\t\t<div class=\"elementor-widget-container\">\n\t\t\t\t\t\t\t<p><strong>Folik\u00fcler \u00dcnite Transplantasyonu (FUT):<\/strong> \u015eerit y\u00f6ntemi olarak da bilinen bu teknik, genellikle ba\u015f\u0131n arka k\u0131sm\u0131ndan lokal anestezi alt\u0131nda bir deri \u015feridinin al\u0131nmas\u0131n\u0131 i\u00e7erir. Al\u0131nan bu \u015ferit, mikroskop alt\u0131nda k\u00fc\u00e7\u00fck sa\u00e7 k\u00f6k\u00fc gruplar\u0131 olan bireysel folik\u00fcler \u00fcnitelere ayr\u0131l\u0131r. Daha sonra bu \u00fcniteler, al\u0131c\u0131 b\u00f6lgedeki k\u00fc\u00e7\u00fck kesilere dikkatlice yerle\u015ftirilir.<\/p><p><strong>Folik\u00fcler \u00dcnite Ekstraksiyonu (FUE):<\/strong> Bu teknikte, herhangi bir doku \u015feridi \u00e7\u0131kar\u0131lmadan sa\u00e7 k\u00f6kleri do\u011frudan sa\u00e7l\u0131 deriden tek tek al\u0131n\u0131r. Cerrah, k\u00fc\u00e7\u00fck bir mikro punch arac\u0131 kullanarak k\u00f6kleri \u00e7\u0131kar\u0131r. Elde edilen folik\u00fcller daha sonra al\u0131c\u0131 b\u00f6lgeye ekilir. FUE, FUT\u2019a g\u00f6re daha az invaziv bir y\u00f6ntemdir; bu nedenle iyile\u015fme s\u00fcresi daha k\u0131sad\u0131r ve iz kalma olas\u0131l\u0131\u011f\u0131 daha d\u00fc\u015f\u00fckt\u00fcr.<\/p>\t\t\t\t\t\t<\/div>\n\t\t\t\t<\/div>\n\t\t\t\t<div class=\"elementor-element elementor-element-60ff9e2 elementor-widget elementor-widget-heading\" data-id=\"60ff9e2\" data-element_type=\"widget\" data-widget_type=\"heading.default\">\n\t\t\t\t<div class=\"elementor-widget-container\">\n\t\t\t<h2 class=\"elementor-heading-title elementor-size-default\">Sa\u00e7 Ekimi Sonras\u0131 \u0130yile\u015fme S\u00fcreci\n<\/h2>\t\t<\/div>\n\t\t\t\t<\/div>\n\t\t\t\t<div class=\"elementor-element elementor-element-34a7dac elementor-widget elementor-widget-text-editor\" data-id=\"34a7dac\" data-element_type=\"widget\" data-widget_type=\"text-editor.default\">\n\t\t\t\t<div class=\"elementor-widget-container\">\n\t\t\t\t\t\t\t<h3><strong>Ameliyat Sonras\u0131 D\u00f6nem<\/strong><\/h3><p><strong>\u0130lk G\u00fcnler:<\/strong> \u015ei\u015flik, hafif a\u011fr\u0131 ve ekim ile don\u00f6r b\u00f6lgelerde hafif kanama normaldir. Cerrah\u0131n\u0131z enfeksiyonu \u00f6nlemek i\u00e7in antibiyotik, a\u011fr\u0131y\u0131 azaltmak i\u00e7in a\u011fr\u0131 kesici ve \u015fi\u015fli\u011fi kontrol alt\u0131na almak i\u00e7in anti-inflamatuar ila\u00e7lar re\u00e7ete edebilir.<br \/><strong>Bandajlar:<\/strong> Ekim b\u00f6lgesindeki bandajlar genellikle ameliyattan bir veya iki g\u00fcn sonra \u00e7\u0131kar\u0131l\u0131r.<br \/><strong>Uyuma Pozisyonu:<\/strong> \u015ei\u015fli\u011fi azaltmak i\u00e7in ba\u015f\u0131n\u0131z\u0131 yast\u0131klarla y\u00fcksekte tutarak uyuman\u0131z \u00f6nerilir.<\/p><hr \/><h3><strong>\u0130lk Hafta<\/strong><\/h3><p><strong>Y\u0131kama:<\/strong> \u0130\u015flemden birka\u00e7 g\u00fcn sonra sa\u00e7 derinizi nas\u0131l nazik\u00e7e y\u0131kaman\u0131z gerekti\u011fi konusunda talimatlar verilecektir. Bu talimatlara dikkatle uymak, greftlerin yerinden oynamamas\u0131n\u0131 sa\u011flamak a\u00e7\u0131s\u0131ndan \u00e7ok \u00f6nemlidir.<br \/><strong>Kabuklanma ve Ka\u015f\u0131nt\u0131:<\/strong> Ekim b\u00f6lgelerinde kabuklanma ve hafif ka\u015f\u0131nt\u0131 normaldir. Ancak sa\u00e7 k\u00f6klerini yerinden \u00e7\u0131karmamak i\u00e7in b\u00f6lgeyi ka\u015f\u0131maktan ka\u00e7\u0131n\u0131n.<br \/><strong>\u015ei\u015flik:<\/strong> G\u00f6z \u00e7evresi ve al\u0131nda \u015fi\u015flik olu\u015fabilir ancak birka\u00e7 g\u00fcn i\u00e7inde azalmaya ba\u015flar. So\u011fuk kompres uygulamak \u015fi\u015fli\u011fin azalmas\u0131na yard\u0131mc\u0131 olabilir.<\/p><hr \/><h3><strong>\u0130lk Ay<\/strong><\/h3><p><strong>D\u00f6k\u00fclme:<\/strong> Ekim yap\u0131lan sa\u00e7lar genellikle ilk birka\u00e7 hafta i\u00e7inde d\u00f6k\u00fcl\u00fcr. Bu tamamen normaldir ve b\u00fcy\u00fcme s\u00fcrecinin bir par\u00e7as\u0131d\u0131r. Sa\u00e7 k\u00f6kleri yerinde kal\u0131r ve bu k\u00f6klerden yeni sa\u00e7lar \u00e7\u0131kar.<br \/><strong>Aktivite:<\/strong> \u015ei\u015flik ve kanamay\u0131 art\u0131rabilece\u011fi i\u00e7in en az birka\u00e7 hafta boyunca a\u011f\u0131r egzersizlerden ve fiziksel aktivitelerden ka\u00e7\u0131n\u0131n.<\/p><hr \/><h3><strong>Uzun Vadeli Bak\u0131m<\/strong><\/h3><p><strong>Sa\u00e7 B\u00fcy\u00fcmesi:<\/strong> Yeni sa\u00e7 b\u00fcy\u00fcmesi genellikle ameliyattan 3\u20134 ay sonra ba\u015flar, ancak tam sonu\u00e7lar\u0131n g\u00f6r\u00fclmesi bir y\u0131l\u0131 bulabilir.<br \/><strong>Takip Ziyaretleri:<\/strong> Cerrah\u0131n\u0131z\u0131n ilerlemenizi izlemesi i\u00e7in planlanan t\u00fcm kontrol randevular\u0131na kat\u0131l\u0131n.<\/p><hr \/><h3><strong>Sorunsuz Bir \u0130yile\u015fme \u0130\u00e7in \u0130pu\u00e7lar\u0131<\/strong><\/h3><ul><li><p>Cerrah\u0131n\u0131z\u0131n verdi\u011fi t\u00fcm ameliyat sonras\u0131 talimatlara eksiksiz uyun.<\/p><\/li><li><p>Tavsiye edildiyse sa\u00e7 derinizi temiz ve nemli tutun.<\/p><\/li><li><p>Ekim b\u00f6lgesini uzun s\u00fcre do\u011frudan g\u00fcne\u015f \u0131\u015f\u0131\u011f\u0131na maruz b\u0131rakmaktan ka\u00e7\u0131n\u0131n.<\/p><\/li><li><p>Sigara ve alkol t\u00fcketiminden uzak durun; bunlar iyile\u015fme s\u00fcrecini yava\u015flatabilir.<\/p><\/li><li><p>Sab\u0131rl\u0131 olun \u2014 sa\u00e7lar\u0131n tamamen \u00e7\u0131kmas\u0131 ve nihai g\u00f6r\u00fcn\u00fcm\u00fcn olu\u015fmas\u0131 zaman al\u0131r.<\/p><\/li><\/ul>\t\t\t\t\t\t<\/div>\n\t\t\t\t<\/div>\n\t\t\t\t<div class=\"elementor-element elementor-element-2f38caa elementor-widget elementor-widget-heading\" data-id=\"2f38caa\" data-element_type=\"widget\" data-widget_type=\"heading.default\">\n\t\t\t\t<div class=\"elementor-widget-container\">\n\t\t\t<h2 class=\"elementor-heading-title elementor-size-default\">Neden T\u00fcrkiye\u2019de Sa\u00e7 Ekimi Fiyatlar\u0131 Ucuzdur?\n<\/h2>\t\t<\/div>\n\t\t\t\t<\/div>\n\t\t\t\t<div class=\"elementor-element elementor-element-5ed3402 elementor-widget elementor-widget-text-editor\" data-id=\"5ed3402\" data-element_type=\"widget\" data-widget_type=\"text-editor.default\">\n\t\t\t\t<div class=\"elementor-widget-container\">\n\t\t\t\t\t\t\t<p>D\u00f6viz kuru: Yabanc\u0131 para birimlerinin T\u00fcrk liras\u0131na kar\u015f\u0131 avantajl\u0131 d\u00f6viz kurlar\u0131, uluslararas\u0131 hastalar i\u00e7in i\u015flemleri daha da uygun fiyatl\u0131 hale getirebilir.<br \/>Standartla\u015ft\u0131r\u0131lm\u0131\u015f prosed\u00fcrler: T\u00fcrkiye\u2019deki bir\u00e7ok klinik, sa\u00e7 ekimi gibi yayg\u0131n i\u015flemler i\u00e7in standartla\u015ft\u0131r\u0131lm\u0131\u015f protokoller ve teknikler uygular; bu da verimlilik ve maliyet tasarrufu sa\u011flar.<\/p>\t\t\t\t\t\t<\/div>\n\t\t\t\t<\/div>\n\t\t\t\t<div class=\"elementor-element elementor-element-022190e elementor-widget elementor-widget-heading\" data-id=\"022190e\" data-element_type=\"widget\" data-widget_type=\"heading.default\">\n\t\t\t\t<div class=\"elementor-widget-container\">\n\t\t\t<h2 class=\"elementor-heading-title elementor-size-default\">T\u00fcrkiye\u2019de Sa\u00e7 Ekimi Yapt\u0131rmak G\u00fcvenli mi?\n<\/h2>\t\t<\/div>\n\t\t\t\t<\/div>\n\t\t\t\t<div class=\"elementor-element elementor-element-b1eb3ce elementor-widget elementor-widget-text-editor\" data-id=\"b1eb3ce\" data-element_type=\"widget\" data-widget_type=\"text-editor.default\">\n\t\t\t\t<div class=\"elementor-widget-container\">\n\t\t\t\t\t\t\t<p>T\u00fcrkiye\u2019de sa\u00e7 ekimi, \u00f6zellikle sayg\u0131n bir klinik ve deneyimli bir cerrah se\u00e7ti\u011finizde genellikle g\u00fcvenli kabul edilir. T\u00fcrkiye, geli\u015fmi\u015f t\u0131bbi tesisleri ve alan\u0131nda uzman sa\u00e7 ekimi cerrahlar\u0131yla tan\u0131n\u0131r; bu da onu sa\u00e7 restorasyonu \u00e7\u00f6z\u00fcmleri arayan d\u00fcnya \u00e7ap\u0131ndaki hastalar i\u00e7in pop\u00fcler bir destinasyon haline getirmektedir.<\/p>\t\t\t\t\t\t<\/div>\n\t\t\t\t<\/div>\n\t\t\t\t\t<\/div>\n\t\t<\/div>\n\t\t\t\t\t\t\t<\/div>\n\t\t<\/section>\n\t\t\t\t\t\t\t<\/div>\n\t\t","protected":false},"excerpt":{"rendered":"<p>Sa\u00e7 ekimi, sa\u00e7 d\u00f6k\u00fclmesi ve kellik tedavisinde kullan\u0131lan cerrahi bir i\u015flemdir. Bu i\u015flem, \u201cdon\u00f6r b\u00f6lge\u201d olarak adland\u0131r\u0131lan v\u00fccudun bir k\u0131sm\u0131ndan al\u0131nan sa\u00e7 k\u00f6klerinin, \u201cal\u0131c\u0131 b\u00f6lge\u201d olarak bilinen kellik ya\u015fanan veya seyrekle\u015fmi\u015f b\u00f6lgeye nakledilmesini i\u00e7erir. Genellikle erkek tipi sa\u00e7 d\u00f6k\u00fclmesini tedavi etmek i\u00e7in uygulan\u0131r ancak kirpik, ka\u015f, sakal, g\u00f6\u011f\u00fcs, kas\u0131k b\u00f6lgesi k\u0131llar\u0131n\u0131n yeniden kazand\u0131r\u0131lmas\u0131 veya y\u00fcz [&hellip;]<\/p>\n","protected":false},"author":22,"featured_media":0,"parent":0,"menu_order":0,"comment_status":"closed","ping_status":"closed","template":"","meta":{"inline_featured_image":false,"footnotes":""},"class_list":["post-25034","page","type-page","status-publish","hentry"],"_links":{"self":[{"href":"https:\/\/docvivosaglik.com\/tr\/wp-json\/wp\/v2\/pages\/25034","targetHints":{"allow":["GET"]}}],"collection":[{"href":"https:\/\/docvivosaglik.com\/tr\/wp-json\/wp\/v2\/pages"}],"about":[{"href":"https:\/\/docvivosaglik.com\/tr\/wp-json\/wp\/v2\/types\/page"}],"author":[{"embeddable":true,"href":"https:\/\/docvivosaglik.com\/tr\/wp-json\/wp\/v2\/users\/22"}],"replies":[{"embeddable":true,"href":"https:\/\/docvivosaglik.com\/tr\/wp-json\/wp\/v2\/comments?post=25034"}],"version-history":[{"count":4,"href":"https:\/\/docvivosaglik.com\/tr\/wp-json\/wp\/v2\/pages\/25034\/revisions"}],"predecessor-version":[{"id":25039,"href":"https:\/\/docvivosaglik.com\/tr\/wp-json\/wp\/v2\/pages\/25034\/revisions\/25039"}],"wp:attachment":[{"href":"https:\/\/docvivosaglik.com\/tr\/wp-json\/wp\/v2\/media?parent=25034"}],"curies":[{"name":"wp","href":"https:\/\/api.w.org\/{rel}","templated":true}]}}