{"id":25020,"date":"2025-10-09T14:04:25","date_gmt":"2025-10-09T11:04:25","guid":{"rendered":"https:\/\/docvivosaglik.com\/?page_id=25020"},"modified":"2025-10-09T14:06:30","modified_gmt":"2025-10-09T11:06:30","slug":"labiaplasty","status":"publish","type":"page","link":"https:\/\/docvivosaglik.com\/tr\/labiaplasty\/","title":{"rendered":"Labiaplasty"},"content":{"rendered":"\t\t<div data-elementor-type=\"wp-page\" data-elementor-id=\"25020\" class=\"elementor elementor-25020\">\n\t\t\t\t\t\t\t\t\t<section class=\"elementor-section elementor-top-section elementor-element elementor-element-9e4a42d elementor-section-boxed elementor-section-height-default elementor-section-height-default\" data-id=\"9e4a42d\" data-element_type=\"section\">\n\t\t\t\t\t\t<div class=\"elementor-container elementor-column-gap-default\">\n\t\t\t\t\t<div class=\"elementor-column elementor-col-100 elementor-top-column elementor-element elementor-element-edfe756\" data-id=\"edfe756\" data-element_type=\"column\">\n\t\t\t<div class=\"elementor-widget-wrap elementor-element-populated\">\n\t\t\t\t\t\t\t\t<div class=\"elementor-element elementor-element-db51f55 elementor-widget elementor-widget-text-editor\" data-id=\"db51f55\" data-element_type=\"widget\" data-widget_type=\"text-editor.default\">\n\t\t\t\t<div class=\"elementor-widget-container\">\n\t\t\t<style>\/*! elementor - v3.7.8 - 02-10-2022 *\/\n.elementor-widget-text-editor.elementor-drop-cap-view-stacked .elementor-drop-cap{background-color:#818a91;color:#fff}.elementor-widget-text-editor.elementor-drop-cap-view-framed .elementor-drop-cap{color:#818a91;border:3px solid;background-color:transparent}.elementor-widget-text-editor:not(.elementor-drop-cap-view-default) .elementor-drop-cap{margin-top:8px}.elementor-widget-text-editor:not(.elementor-drop-cap-view-default) .elementor-drop-cap-letter{width:1em;height:1em}.elementor-widget-text-editor .elementor-drop-cap{float:left;text-align:center;line-height:1;font-size:50px}.elementor-widget-text-editor .elementor-drop-cap-letter{display:inline-block}<\/style>\t\t\t\t<p>Labioplasti, labia minora\u2019n\u0131n (i\u00e7 dudaklar) ve\/veya labia majora\u2019n\u0131n (d\u0131\u015f dudaklar) boyutunu k\u00fc\u00e7\u00fcltmeyi veya \u015feklini d\u00fczeltmeyi ama\u00e7layan cerrahi bir i\u015flemdir. Bu i\u015flem; fiziksel aktiviteler s\u0131ras\u0131nda s\u00fcrt\u00fcnme veya tahri\u015ften kaynaklanan rahats\u0131zl\u0131k, g\u00f6r\u00fcn\u00fcmden memnuniyetsizlik veya asimetriyi d\u00fczeltme gibi \u00e7e\u015fitli nedenlerle tercih edilebilir.<\/p>\t\t\t\t\t\t<\/div>\n\t\t\t\t<\/div>\n\t\t\t\t<div class=\"elementor-element elementor-element-7607c48 elementor-toc--minimized-on-tablet elementor-widget elementor-widget-table-of-contents\" data-id=\"7607c48\" data-element_type=\"widget\" data-settings=\"{&quot;exclude_headings_by_selector&quot;:[],&quot;headings_by_tags&quot;:[&quot;h2&quot;,&quot;h3&quot;,&quot;h4&quot;,&quot;h5&quot;,&quot;h6&quot;],&quot;marker_view&quot;:&quot;numbers&quot;,&quot;minimize_box&quot;:&quot;yes&quot;,&quot;minimized_on&quot;:&quot;tablet&quot;,&quot;hierarchical_view&quot;:&quot;yes&quot;,&quot;min_height&quot;:{&quot;unit&quot;:&quot;px&quot;,&quot;size&quot;:&quot;&quot;,&quot;sizes&quot;:[]},&quot;min_height_tablet&quot;:{&quot;unit&quot;:&quot;px&quot;,&quot;size&quot;:&quot;&quot;,&quot;sizes&quot;:[]},&quot;min_height_mobile&quot;:{&quot;unit&quot;:&quot;px&quot;,&quot;size&quot;:&quot;&quot;,&quot;sizes&quot;:[]}}\" data-widget_type=\"table-of-contents.default\">\n\t\t\t\t<div class=\"elementor-widget-container\">\n\t\t\t<style>\/*! elementor-pro - v3.5.2 - 28-11-2021 *\/\n.elementor-widget-table-of-contents .elementor-toc__header-title{color:var(--header-color)}.elementor-widget-table-of-contents.elementor-toc--collapsed .elementor-toc__toggle-button--collapse,.elementor-widget-table-of-contents:not(.elementor-toc--collapsed) .elementor-toc__toggle-button--expand{display:none}.elementor-widget-table-of-contents .elementor-widget-container{min-height:var(--box-min-height);border:var(--box-border-width,1px) solid var(--box-border-color,#a4afb7);border-radius:var(--box-border-radius,3px);background-color:var(--box-background-color);-webkit-transition:min-height .4s;-o-transition:min-height .4s;transition:min-height .4s;overflow:hidden}.elementor-toc__header{display:-webkit-box;display:-ms-flexbox;display:flex;-webkit-box-align:center;-ms-flex-align:center;align-items:center;-webkit-box-pack:justify;-ms-flex-pack:justify;justify-content:space-between;padding:var(--box-padding,20px);background-color:var(--header-background-color);border-bottom:var(--separator-width,1px) solid var(--box-border-color,#a4afb7)}.elementor-toc__header-title{font-size:18px;margin:0;color:var(--header-color)}.elementor-toc__toggle-button{cursor:pointer;display:-webkit-inline-box;display:-ms-inline-flexbox;display:inline-flex}.elementor-toc__toggle-button i{color:var(--toggle-button-color)}.elementor-toc__toggle-button svg{height:1em;width:1em;fill:var(--toggle-button-color)}.elementor-toc__spinner-container{text-align:center}.elementor-toc__spinner{font-size:2em}.elementor-toc__spinner.e-font-icon-svg{height:1em;width:1em}.elementor-toc__body{padding:var(--box-padding,20px);max-height:var(--toc-body-max-height);overflow-y:auto}.elementor-toc__body::-webkit-scrollbar{width:7px}.elementor-toc__body::-webkit-scrollbar-thumb{background-color:#c2cbd2;border-radius:10px}.elementor-toc__list-wrapper{list-style:none;padding:0}.elementor-toc__list-item{margin-bottom:.5em}.elementor-toc__list-item.elementor-item-active{font-weight:700}.elementor-toc__list-item .elementor-toc__list-wrapper{margin-top:.5em;margin-left:var(--nested-list-indent,1em)}.elementor-toc__list-item-text:hover{color:var(--item-text-hover-color);-webkit-text-decoration:var(--item-text-hover-decoration);text-decoration:var(--item-text-hover-decoration)}.elementor-toc__list-item-text.elementor-item-active{color:var(--item-text-active-color);-webkit-text-decoration:var(--item-text-active-decoration);text-decoration:var(--item-text-active-decoration)}.elementor-toc__list-item-text-wrapper{display:-webkit-box;display:-ms-flexbox;display:flex;-webkit-box-align:center;-ms-flex-align:center;align-items:center}.elementor-toc__list-item-text-wrapper:before,.elementor-toc__list-item-text-wrapper i{margin-right:8px;color:var(--marker-color)}.elementor-toc__list-item-text-wrapper svg{margin-right:8px;fill:var(--marker-color);height:var(--marker-size,.5em);width:var(--marker-size,.5em)}.elementor-toc__list-item-text-wrapper i{font-size:var(--marker-size,.5em)}.elementor-toc__list-item-text-wrapper:before{font-size:var(--marker-size,1em)}.elementor-toc--content-ellipsis .elementor-toc__list-item-text{white-space:nowrap;overflow:hidden;-o-text-overflow:ellipsis;text-overflow:ellipsis}.elementor-toc__list-items--collapsible>.elementor-toc__list-wrapper>.elementor-toc__list-item>.elementor-toc__list-wrapper{display:none}.elementor-toc__heading-anchor{position:absolute}.elementor-toc__body .elementor-toc__list-item-text{color:var(--item-text-color);-webkit-text-decoration:var(--item-text-decoration);text-decoration:var(--item-text-decoration)}.elementor-toc__body .elementor-toc__list-item-text:hover{color:var(--item-text-hover-color);-webkit-text-decoration:var(--item-text-hover-decoration);text-decoration:var(--item-text-hover-decoration)}.elementor-toc__body .elementor-toc__list-item-text.elementor-item-active{color:var(--item-text-active-color);-webkit-text-decoration:var(--item-text-active-decoration);text-decoration:var(--item-text-active-decoration)}ol.elementor-toc__list-wrapper{counter-reset:item}ol.elementor-toc__list-wrapper .elementor-toc__list-item{counter-increment:item}ol.elementor-toc__list-wrapper .elementor-toc__list-item-text-wrapper:before{content:counters(item,\".\") \". \"}@media only screen and (max-width:-1px){.elementor-toc--minimized-on-tablet_extra .elementor-toc__body{display:none}}@media only screen and (max-width:1024px){.elementor-toc--minimized-on-tablet .elementor-toc__body{display:none}}@media only screen and (max-width:-1px){.elementor-toc--minimized-on-mobile_extra .elementor-toc__body{display:none}}@media only screen and (max-width:767px){.elementor-toc--minimized-on-mobile .elementor-toc__body{display:none}}<\/style>\t\t<div class=\"elementor-toc__header\">\n\t\t\t<h4 class=\"elementor-toc__header-title\">\n\t\t\t\t\u0130\u00e7indekiler\t\t\t<\/h4>\n\t\t\t\t\t\t\t<div class=\"elementor-toc__toggle-button elementor-toc__toggle-button--expand\"><i class=\"fas fa-chevron-down\"><\/i><\/div>\n\t\t\t\t<div class=\"elementor-toc__toggle-button elementor-toc__toggle-button--collapse\"><i class=\"fas fa-chevron-up\"><\/i><\/div>\n\t\t\t\t\t<\/div>\n\t\t<div class=\"elementor-toc__body\">\n\t\t\t<div class=\"elementor-toc__spinner-container\">\n\t\t\t\t<i class=\"elementor-toc__spinner eicon-animation-spin eicon-loading\" aria-hidden=\"true\"><\/i>\t\t\t<\/div>\n\t\t<\/div>\n\t\t\t\t<\/div>\n\t\t\t\t<\/div>\n\t\t\t\t<div class=\"elementor-element elementor-element-fcfc62a elementor-widget elementor-widget-html\" data-id=\"fcfc62a\" data-element_type=\"widget\" data-widget_type=\"html.default\">\n\t\t\t\t<div class=\"elementor-widget-container\">\n\t\t\t<script>\njQuery(document).ready(function($) {\n    setTimeout(function() {\n\t\t$('.elementor-tab-title').removeClass('elementor-active');\n\t\t$('.elementor-tab-content').css('display', 'none'); });\n\t\t});\n<\/script>\t\t<\/div>\n\t\t\t\t<\/div>\n\t\t\t\t<div class=\"elementor-element elementor-element-0633ed1 elementor-widget elementor-widget-heading\" data-id=\"0633ed1\" data-element_type=\"widget\" data-widget_type=\"heading.default\">\n\t\t\t\t<div class=\"elementor-widget-container\">\n\t\t\t<style>\/*! elementor - v3.7.8 - 02-10-2022 *\/\n.elementor-heading-title{padding:0;margin:0;line-height:1}.elementor-widget-heading .elementor-heading-title[class*=elementor-size-]>a{color:inherit;font-size:inherit;line-height:inherit}.elementor-widget-heading .elementor-heading-title.elementor-size-small{font-size:15px}.elementor-widget-heading .elementor-heading-title.elementor-size-medium{font-size:19px}.elementor-widget-heading .elementor-heading-title.elementor-size-large{font-size:29px}.elementor-widget-heading .elementor-heading-title.elementor-size-xl{font-size:39px}.elementor-widget-heading .elementor-heading-title.elementor-size-xxl{font-size:59px}<\/style><h2 class=\"elementor-heading-title elementor-size-default\">Labioplasti A\u015famalar\u0131\n<\/h2>\t\t<\/div>\n\t\t\t\t<\/div>\n\t\t\t\t<div class=\"elementor-element elementor-element-0d2df3e elementor-widget elementor-widget-text-editor\" data-id=\"0d2df3e\" data-element_type=\"widget\" data-widget_type=\"text-editor.default\">\n\t\t\t\t<div class=\"elementor-widget-container\">\n\t\t\t\t\t\t\t<ul><li data-start=\"0\" data-end=\"227\"><p data-start=\"3\" data-end=\"227\">Dan\u0131\u015fma<br data-start=\"10\" data-end=\"13\" \/>Hedeflerin, endi\u015felerin ve istenen sonucun tart\u0131\u015f\u0131lmas\u0131.<br data-start=\"69\" data-end=\"72\" \/>T\u0131bbi ge\u00e7mi\u015fin g\u00f6zden ge\u00e7irilmesi ve fiziksel muayene yap\u0131lmas\u0131.<br data-start=\"136\" data-end=\"139\" \/>Prosed\u00fcr\u00fcn, risklerin, faydalar\u0131n ve iyile\u015fme s\u00fcrecine dair beklentilerin a\u00e7\u0131klanmas\u0131.<\/p><\/li><li data-start=\"229\" data-end=\"459\"><p data-start=\"232\" data-end=\"459\">Haz\u0131rl\u0131k<br data-start=\"240\" data-end=\"243\" \/>Ameliyat \u00f6ncesi talimatlar; baz\u0131 ila\u00e7lar\u0131n b\u0131rak\u0131lmas\u0131n\u0131, sigaray\u0131 b\u0131rakmay\u0131 ve iyile\u015fme s\u00fcresi i\u00e7in haz\u0131rl\u0131k yap\u0131lmas\u0131n\u0131 i\u00e7erebilir.<br data-start=\"376\" data-end=\"379\" \/>Baz\u0131 hastalardan laboratuvar testleri veya t\u0131bbi de\u011ferlendirmeler istenebilir.<\/p><\/li><li data-start=\"461\" data-end=\"644\"><p data-start=\"464\" data-end=\"644\">Anestezi<br data-start=\"472\" data-end=\"475\" \/>Labioplasti, i\u015flemin karma\u015f\u0131kl\u0131\u011f\u0131na ve hastan\u0131n tercihine ba\u011fl\u0131 olarak sedasyonlu veya sedasyonsuz lokal anesteziyle ya da genel anestezi alt\u0131nda ger\u00e7ekle\u015ftirilebilir.<\/p><\/li><li data-start=\"646\" data-end=\"1026\"><p data-start=\"649\" data-end=\"1026\">Cerrahi Teknik<br data-start=\"663\" data-end=\"666\" \/><strong data-start=\"666\" data-end=\"683\">Trim Tekni\u011fi:<\/strong> En basit y\u00f6ntemdir; fazla labial doku do\u011frudan kesilerek \u00e7\u0131kar\u0131l\u0131r ve kenarlar birle\u015ftirilerek dikilir.<br data-start=\"787\" data-end=\"790\" \/><strong data-start=\"790\" data-end=\"815\">Wedge (Kama) Tekni\u011fi:<\/strong> Kama \u015feklinde bir doku par\u00e7as\u0131 \u00e7\u0131kar\u0131l\u0131r, kalan kenarlar birle\u015ftirilerek do\u011fal s\u0131n\u0131r korunur ancak genel boyut k\u00fc\u00e7\u00fclt\u00fcl\u00fcr.<br data-start=\"938\" data-end=\"941\" \/>Bireysel ihtiya\u00e7lara ve hedeflere g\u00f6re ek teknikler veya d\u00fczeltmeler uygulanabilir.<\/p><\/li><li data-start=\"1028\" data-end=\"1102\"><p data-start=\"1031\" data-end=\"1102\">Kapatma<br data-start=\"1038\" data-end=\"1041\" \/>Kesiler, zamanla kendili\u011finden eriyen diki\u015flerle kapat\u0131l\u0131r.<\/p><\/li><li data-start=\"1104\" data-end=\"1478\"><p data-start=\"1107\" data-end=\"1478\">\u0130yile\u015fme<br data-start=\"1115\" data-end=\"1118\" \/>Ameliyat sonras\u0131 bak\u0131mda dinlenme ve \u015fi\u015fli\u011fi azaltmak i\u00e7in so\u011fuk kompres uygulamas\u0131 \u00f6nerilir.<br data-start=\"1211\" data-end=\"1214\" \/>Hastalara genellikle 4-6 hafta boyunca a\u011f\u0131r fiziksel aktivitelerden, cinsel ili\u015fkiden ve tampon kullan\u0131m\u0131ndan ka\u00e7\u0131nmalar\u0131 tavsiye edilir.<br data-start=\"1351\" data-end=\"1354\" \/>A\u011fr\u0131, \u015fi\u015flik ve rahats\u0131zl\u0131k yayg\u0131nd\u0131r ancak genellikle re\u00e7eteli veya re\u00e7etesiz a\u011fr\u0131 kesicilerle kontrol alt\u0131na al\u0131nabilir.<\/p><\/li><li data-start=\"1480\" data-end=\"1623\"><p data-start=\"1483\" data-end=\"1623\">Takip<br data-start=\"1488\" data-end=\"1491\" \/>\u0130yile\u015fmenin izlenmesi, olas\u0131 sorunlar\u0131n ele al\u0131nmas\u0131 ve istenen sonucun elde edilmesini sa\u011flamak i\u00e7in takip randevular\u0131 planlan\u0131r.<\/p><\/li><li data-start=\"1625\" data-end=\"1772\" data-is-last-node=\"\"><p data-start=\"1628\" data-end=\"1772\" data-is-last-node=\"\">Sonu\u00e7 De\u011ferlendirmesi<br data-start=\"1649\" data-end=\"1652\" \/>Nihai sonu\u00e7lar genellikle \u015fi\u015flik azald\u0131ktan ve ameliyat b\u00f6lgeleri iyile\u015ftikten sonra, yani birka\u00e7 ay i\u00e7inde g\u00f6zlemlenir.<\/p><\/li><\/ul>\t\t\t\t\t\t<\/div>\n\t\t\t\t<\/div>\n\t\t\t\t<div class=\"elementor-element elementor-element-6fa734c elementor-widget elementor-widget-heading\" data-id=\"6fa734c\" data-element_type=\"widget\" data-widget_type=\"heading.default\">\n\t\t\t\t<div class=\"elementor-widget-container\">\n\t\t\t<h2 class=\"elementor-heading-title elementor-size-default\">Neden T\u00fcrkiye\u2019de Labioplasti Fiyatlar\u0131 Ucuzdur?\n<\/h2>\t\t<\/div>\n\t\t\t\t<\/div>\n\t\t\t\t<div class=\"elementor-element elementor-element-5690a06 elementor-widget elementor-widget-text-editor\" data-id=\"5690a06\" data-element_type=\"widget\" data-widget_type=\"text-editor.default\">\n\t\t\t\t<div class=\"elementor-widget-container\">\n\t\t\t\t\t\t\t<p>D\u00f6viz kuru: Yabanc\u0131 para birimlerinin T\u00fcrk liras\u0131na kar\u015f\u0131 avantajl\u0131 d\u00f6viz kurlar\u0131, uluslararas\u0131 hastalar i\u00e7in i\u015flemleri daha da uygun fiyatl\u0131 hale getirebilir.<br \/>Standartla\u015ft\u0131r\u0131lm\u0131\u015f prosed\u00fcrler: T\u00fcrkiye\u2019deki bir\u00e7ok klinik, kar\u0131n germe gibi yayg\u0131n i\u015flemler i\u00e7in standartla\u015ft\u0131r\u0131lm\u0131\u015f protokoller ve teknikler uygular; bu da verimlilik ve maliyet tasarrufu sa\u011flar.<\/p>\t\t\t\t\t\t<\/div>\n\t\t\t\t<\/div>\n\t\t\t\t<div class=\"elementor-element elementor-element-1d466e4 elementor-widget elementor-widget-heading\" data-id=\"1d466e4\" data-element_type=\"widget\" data-widget_type=\"heading.default\">\n\t\t\t\t<div class=\"elementor-widget-container\">\n\t\t\t<h2 class=\"elementor-heading-title elementor-size-default\">T\u00fcrkiye\u2019de Labioplasti Yapt\u0131rmak G\u00fcvenli mi?\n<\/h2>\t\t<\/div>\n\t\t\t\t<\/div>\n\t\t\t\t<div class=\"elementor-element elementor-element-eca8654 elementor-widget elementor-widget-text-editor\" data-id=\"eca8654\" data-element_type=\"widget\" data-widget_type=\"text-editor.default\">\n\t\t\t\t<div class=\"elementor-widget-container\">\n\t\t\t\t\t\t\t<p>T\u00fcrkiye\u2019de labioplasti tedavisi, sa\u011fl\u0131k hizmeti sa\u011flay\u0131c\u0131lar\u0131n\u0131 ve tesisleri dikkatli bir \u015fekilde se\u00e7ti\u011finiz s\u00fcrece bir\u00e7ok ki\u015fi i\u00e7in g\u00fcvenli ve etkili bir se\u00e7enek olabilir. T\u00fcrkiye, \u00f6zellikle \u0130stanbul, Ankara ve \u0130zmir gibi b\u00fcy\u00fck \u015fehirlerde uluslararas\u0131 hastalara hizmet veren bir\u00e7ok hastane ve klini\u011fiyle geli\u015fmi\u015f sa\u011fl\u0131k hizmetleriyle tan\u0131nmaktad\u0131r.<\/p>\t\t\t\t\t\t<\/div>\n\t\t\t\t<\/div>\n\t\t\t\t\t<\/div>\n\t\t<\/div>\n\t\t\t\t\t\t\t<\/div>\n\t\t<\/section>\n\t\t\t\t\t\t\t<\/div>\n\t\t","protected":false},"excerpt":{"rendered":"<p>Labioplasti, labia minora\u2019n\u0131n (i\u00e7 dudaklar) ve\/veya labia majora\u2019n\u0131n (d\u0131\u015f dudaklar) boyutunu k\u00fc\u00e7\u00fcltmeyi veya \u015feklini d\u00fczeltmeyi ama\u00e7layan cerrahi bir i\u015flemdir. Bu i\u015flem; fiziksel aktiviteler s\u0131ras\u0131nda s\u00fcrt\u00fcnme veya tahri\u015ften kaynaklanan rahats\u0131zl\u0131k, g\u00f6r\u00fcn\u00fcmden memnuniyetsizlik veya asimetriyi d\u00fczeltme gibi \u00e7e\u015fitli nedenlerle tercih edilebilir. \u0130\u00e7indekiler Labioplasti A\u015famalar\u0131 Dan\u0131\u015fmaHedeflerin, endi\u015felerin ve istenen sonucun tart\u0131\u015f\u0131lmas\u0131.T\u0131bbi ge\u00e7mi\u015fin g\u00f6zden ge\u00e7irilmesi ve fiziksel muayene yap\u0131lmas\u0131.Prosed\u00fcr\u00fcn, [&hellip;]<\/p>\n","protected":false},"author":22,"featured_media":0,"parent":0,"menu_order":0,"comment_status":"closed","ping_status":"closed","template":"","meta":{"inline_featured_image":false,"footnotes":""},"class_list":["post-25020","page","type-page","status-publish","hentry"],"_links":{"self":[{"href":"https:\/\/docvivosaglik.com\/tr\/wp-json\/wp\/v2\/pages\/25020","targetHints":{"allow":["GET"]}}],"collection":[{"href":"https:\/\/docvivosaglik.com\/tr\/wp-json\/wp\/v2\/pages"}],"about":[{"href":"https:\/\/docvivosaglik.com\/tr\/wp-json\/wp\/v2\/types\/page"}],"author":[{"embeddable":true,"href":"https:\/\/docvivosaglik.com\/tr\/wp-json\/wp\/v2\/users\/22"}],"replies":[{"embeddable":true,"href":"https:\/\/docvivosaglik.com\/tr\/wp-json\/wp\/v2\/comments?post=25020"}],"version-history":[{"count":4,"href":"https:\/\/docvivosaglik.com\/tr\/wp-json\/wp\/v2\/pages\/25020\/revisions"}],"predecessor-version":[{"id":25024,"href":"https:\/\/docvivosaglik.com\/tr\/wp-json\/wp\/v2\/pages\/25020\/revisions\/25024"}],"wp:attachment":[{"href":"https:\/\/docvivosaglik.com\/tr\/wp-json\/wp\/v2\/media?parent=25020"}],"curies":[{"name":"wp","href":"https:\/\/api.w.org\/{rel}","templated":true}]}}