{"id":25014,"date":"2025-10-09T14:01:40","date_gmt":"2025-10-09T11:01:40","guid":{"rendered":"https:\/\/docvivosaglik.com\/?page_id=25014"},"modified":"2025-10-09T14:03:42","modified_gmt":"2025-10-09T11:03:42","slug":"vajinismus","status":"publish","type":"page","link":"https:\/\/docvivosaglik.com\/tr\/vajinismus\/","title":{"rendered":"Vajinismus"},"content":{"rendered":"\t\t<div data-elementor-type=\"wp-page\" data-elementor-id=\"25014\" class=\"elementor elementor-25014\">\n\t\t\t\t\t\t\t\t\t<section class=\"elementor-section elementor-top-section elementor-element elementor-element-9e4a42d elementor-section-boxed elementor-section-height-default elementor-section-height-default\" data-id=\"9e4a42d\" data-element_type=\"section\">\n\t\t\t\t\t\t<div class=\"elementor-container elementor-column-gap-default\">\n\t\t\t\t\t<div class=\"elementor-column elementor-col-100 elementor-top-column elementor-element elementor-element-edfe756\" data-id=\"edfe756\" data-element_type=\"column\">\n\t\t\t<div class=\"elementor-widget-wrap elementor-element-populated\">\n\t\t\t\t\t\t\t\t<div class=\"elementor-element elementor-element-db51f55 elementor-widget elementor-widget-text-editor\" data-id=\"db51f55\" data-element_type=\"widget\" data-widget_type=\"text-editor.default\">\n\t\t\t\t<div class=\"elementor-widget-container\">\n\t\t\t<style>\/*! elementor - v3.7.8 - 02-10-2022 *\/\n.elementor-widget-text-editor.elementor-drop-cap-view-stacked .elementor-drop-cap{background-color:#818a91;color:#fff}.elementor-widget-text-editor.elementor-drop-cap-view-framed .elementor-drop-cap{color:#818a91;border:3px solid;background-color:transparent}.elementor-widget-text-editor:not(.elementor-drop-cap-view-default) .elementor-drop-cap{margin-top:8px}.elementor-widget-text-editor:not(.elementor-drop-cap-view-default) .elementor-drop-cap-letter{width:1em;height:1em}.elementor-widget-text-editor .elementor-drop-cap{float:left;text-align:center;line-height:1;font-size:50px}.elementor-widget-text-editor .elementor-drop-cap-letter{display:inline-block}<\/style>\t\t\t\t<p>Vajinismus, vajinal giri\u015f \u00e7evresindeki kaslar\u0131n istemsiz kas\u0131lmalar\u0131yla karakterize edilen bir durumdur ve bu durum vajinal penetrasyonu a\u011fr\u0131l\u0131 veya imk\u00e2ns\u0131z hale getirebilir. Bu rahats\u0131zl\u0131k, bir kad\u0131n\u0131n vajinal ili\u015fkiye girmesini, tampon kullanmas\u0131n\u0131 veya jinekolojik muayeneden ge\u00e7mesini zorla\u015ft\u0131rabilir.<\/p>\t\t\t\t\t\t<\/div>\n\t\t\t\t<\/div>\n\t\t\t\t<div class=\"elementor-element elementor-element-7607c48 elementor-toc--minimized-on-tablet elementor-widget elementor-widget-table-of-contents\" data-id=\"7607c48\" data-element_type=\"widget\" data-settings=\"{&quot;exclude_headings_by_selector&quot;:[],&quot;headings_by_tags&quot;:[&quot;h2&quot;,&quot;h3&quot;,&quot;h4&quot;,&quot;h5&quot;,&quot;h6&quot;],&quot;marker_view&quot;:&quot;numbers&quot;,&quot;minimize_box&quot;:&quot;yes&quot;,&quot;minimized_on&quot;:&quot;tablet&quot;,&quot;hierarchical_view&quot;:&quot;yes&quot;,&quot;min_height&quot;:{&quot;unit&quot;:&quot;px&quot;,&quot;size&quot;:&quot;&quot;,&quot;sizes&quot;:[]},&quot;min_height_tablet&quot;:{&quot;unit&quot;:&quot;px&quot;,&quot;size&quot;:&quot;&quot;,&quot;sizes&quot;:[]},&quot;min_height_mobile&quot;:{&quot;unit&quot;:&quot;px&quot;,&quot;size&quot;:&quot;&quot;,&quot;sizes&quot;:[]}}\" data-widget_type=\"table-of-contents.default\">\n\t\t\t\t<div class=\"elementor-widget-container\">\n\t\t\t<style>\/*! elementor-pro - v3.5.2 - 28-11-2021 *\/\n.elementor-widget-table-of-contents .elementor-toc__header-title{color:var(--header-color)}.elementor-widget-table-of-contents.elementor-toc--collapsed .elementor-toc__toggle-button--collapse,.elementor-widget-table-of-contents:not(.elementor-toc--collapsed) .elementor-toc__toggle-button--expand{display:none}.elementor-widget-table-of-contents .elementor-widget-container{min-height:var(--box-min-height);border:var(--box-border-width,1px) solid var(--box-border-color,#a4afb7);border-radius:var(--box-border-radius,3px);background-color:var(--box-background-color);-webkit-transition:min-height .4s;-o-transition:min-height .4s;transition:min-height .4s;overflow:hidden}.elementor-toc__header{display:-webkit-box;display:-ms-flexbox;display:flex;-webkit-box-align:center;-ms-flex-align:center;align-items:center;-webkit-box-pack:justify;-ms-flex-pack:justify;justify-content:space-between;padding:var(--box-padding,20px);background-color:var(--header-background-color);border-bottom:var(--separator-width,1px) solid var(--box-border-color,#a4afb7)}.elementor-toc__header-title{font-size:18px;margin:0;color:var(--header-color)}.elementor-toc__toggle-button{cursor:pointer;display:-webkit-inline-box;display:-ms-inline-flexbox;display:inline-flex}.elementor-toc__toggle-button i{color:var(--toggle-button-color)}.elementor-toc__toggle-button svg{height:1em;width:1em;fill:var(--toggle-button-color)}.elementor-toc__spinner-container{text-align:center}.elementor-toc__spinner{font-size:2em}.elementor-toc__spinner.e-font-icon-svg{height:1em;width:1em}.elementor-toc__body{padding:var(--box-padding,20px);max-height:var(--toc-body-max-height);overflow-y:auto}.elementor-toc__body::-webkit-scrollbar{width:7px}.elementor-toc__body::-webkit-scrollbar-thumb{background-color:#c2cbd2;border-radius:10px}.elementor-toc__list-wrapper{list-style:none;padding:0}.elementor-toc__list-item{margin-bottom:.5em}.elementor-toc__list-item.elementor-item-active{font-weight:700}.elementor-toc__list-item .elementor-toc__list-wrapper{margin-top:.5em;margin-left:var(--nested-list-indent,1em)}.elementor-toc__list-item-text:hover{color:var(--item-text-hover-color);-webkit-text-decoration:var(--item-text-hover-decoration);text-decoration:var(--item-text-hover-decoration)}.elementor-toc__list-item-text.elementor-item-active{color:var(--item-text-active-color);-webkit-text-decoration:var(--item-text-active-decoration);text-decoration:var(--item-text-active-decoration)}.elementor-toc__list-item-text-wrapper{display:-webkit-box;display:-ms-flexbox;display:flex;-webkit-box-align:center;-ms-flex-align:center;align-items:center}.elementor-toc__list-item-text-wrapper:before,.elementor-toc__list-item-text-wrapper i{margin-right:8px;color:var(--marker-color)}.elementor-toc__list-item-text-wrapper svg{margin-right:8px;fill:var(--marker-color);height:var(--marker-size,.5em);width:var(--marker-size,.5em)}.elementor-toc__list-item-text-wrapper i{font-size:var(--marker-size,.5em)}.elementor-toc__list-item-text-wrapper:before{font-size:var(--marker-size,1em)}.elementor-toc--content-ellipsis .elementor-toc__list-item-text{white-space:nowrap;overflow:hidden;-o-text-overflow:ellipsis;text-overflow:ellipsis}.elementor-toc__list-items--collapsible>.elementor-toc__list-wrapper>.elementor-toc__list-item>.elementor-toc__list-wrapper{display:none}.elementor-toc__heading-anchor{position:absolute}.elementor-toc__body .elementor-toc__list-item-text{color:var(--item-text-color);-webkit-text-decoration:var(--item-text-decoration);text-decoration:var(--item-text-decoration)}.elementor-toc__body .elementor-toc__list-item-text:hover{color:var(--item-text-hover-color);-webkit-text-decoration:var(--item-text-hover-decoration);text-decoration:var(--item-text-hover-decoration)}.elementor-toc__body .elementor-toc__list-item-text.elementor-item-active{color:var(--item-text-active-color);-webkit-text-decoration:var(--item-text-active-decoration);text-decoration:var(--item-text-active-decoration)}ol.elementor-toc__list-wrapper{counter-reset:item}ol.elementor-toc__list-wrapper .elementor-toc__list-item{counter-increment:item}ol.elementor-toc__list-wrapper .elementor-toc__list-item-text-wrapper:before{content:counters(item,\".\") \". \"}@media only screen and (max-width:-1px){.elementor-toc--minimized-on-tablet_extra .elementor-toc__body{display:none}}@media only screen and (max-width:1024px){.elementor-toc--minimized-on-tablet .elementor-toc__body{display:none}}@media only screen and (max-width:-1px){.elementor-toc--minimized-on-mobile_extra .elementor-toc__body{display:none}}@media only screen and (max-width:767px){.elementor-toc--minimized-on-mobile .elementor-toc__body{display:none}}<\/style>\t\t<div class=\"elementor-toc__header\">\n\t\t\t<h4 class=\"elementor-toc__header-title\">\n\t\t\t\t\u0130\u00e7indekiler\t\t\t<\/h4>\n\t\t\t\t\t\t\t<div class=\"elementor-toc__toggle-button elementor-toc__toggle-button--expand\"><i class=\"fas fa-chevron-down\"><\/i><\/div>\n\t\t\t\t<div class=\"elementor-toc__toggle-button elementor-toc__toggle-button--collapse\"><i class=\"fas fa-chevron-up\"><\/i><\/div>\n\t\t\t\t\t<\/div>\n\t\t<div class=\"elementor-toc__body\">\n\t\t\t<div class=\"elementor-toc__spinner-container\">\n\t\t\t\t<i class=\"elementor-toc__spinner eicon-animation-spin eicon-loading\" aria-hidden=\"true\"><\/i>\t\t\t<\/div>\n\t\t<\/div>\n\t\t\t\t<\/div>\n\t\t\t\t<\/div>\n\t\t\t\t<div class=\"elementor-element elementor-element-fcfc62a elementor-widget elementor-widget-html\" data-id=\"fcfc62a\" data-element_type=\"widget\" data-widget_type=\"html.default\">\n\t\t\t\t<div class=\"elementor-widget-container\">\n\t\t\t<script>\njQuery(document).ready(function($) {\n    setTimeout(function() {\n\t\t$('.elementor-tab-title').removeClass('elementor-active');\n\t\t$('.elementor-tab-content').css('display', 'none'); });\n\t\t});\n<\/script>\t\t<\/div>\n\t\t\t\t<\/div>\n\t\t\t\t<div class=\"elementor-element elementor-element-0633ed1 elementor-widget elementor-widget-heading\" data-id=\"0633ed1\" data-element_type=\"widget\" data-widget_type=\"heading.default\">\n\t\t\t\t<div class=\"elementor-widget-container\">\n\t\t\t<style>\/*! elementor - v3.7.8 - 02-10-2022 *\/\n.elementor-heading-title{padding:0;margin:0;line-height:1}.elementor-widget-heading .elementor-heading-title[class*=elementor-size-]>a{color:inherit;font-size:inherit;line-height:inherit}.elementor-widget-heading .elementor-heading-title.elementor-size-small{font-size:15px}.elementor-widget-heading .elementor-heading-title.elementor-size-medium{font-size:19px}.elementor-widget-heading .elementor-heading-title.elementor-size-large{font-size:29px}.elementor-widget-heading .elementor-heading-title.elementor-size-xl{font-size:39px}.elementor-widget-heading .elementor-heading-title.elementor-size-xxl{font-size:59px}<\/style><h2 class=\"elementor-heading-title elementor-size-default\">Vajinismus A\u015famalar\u0131\n<\/h2>\t\t<\/div>\n\t\t\t\t<\/div>\n\t\t\t\t<div class=\"elementor-element elementor-element-0d2df3e elementor-widget elementor-widget-text-editor\" data-id=\"0d2df3e\" data-element_type=\"widget\" data-widget_type=\"text-editor.default\">\n\t\t\t\t<div class=\"elementor-widget-container\">\n\t\t\t\t\t\t\t<ol><li><p>E\u011fitim ve Fark\u0131ndal\u0131k<br \/>Vajinismusu Anlamak: Durumu, nedenlerini ve etkilerini \u00f6\u011frenmek.<br \/>Bunun yayg\u0131n bir sorun oldu\u011funu ve tedavisinin m\u00fcmk\u00fcn oldu\u011funu fark etmek.<\/p><\/li><li><p>Psikolojik Destek<br \/>Dan\u0131\u015fmanl\u0131k veya Terapi: Korku, kayg\u0131 veya ge\u00e7mi\u015f travma gibi altta yatan duygusal veya psikolojik fakt\u00f6rleri ele almak i\u00e7in psikolojik dan\u0131\u015fmanl\u0131k almak. Bili\u015fsel davran\u0131\u015f\u00e7\u0131 terapi (BDT) genellikle etkilidir.<br \/>Cinsel Terapi ve E\u011fitim: Bireylerin ve \u00e7iftlerin cinsel korkular\u0131n\u0131 ele almas\u0131na, ileti\u015fimi geli\u015ftirmesine ve bask\u0131s\u0131z, rahat bir yak\u0131nl\u0131k yakla\u015f\u0131m\u0131 kurmas\u0131na yard\u0131mc\u0131 olur.<\/p><\/li><li><p>Fiziksel Terapi<br \/>Pelvik Taban Egzersizleri: Pelvik taban kaslar\u0131n\u0131 kontrol etmeyi \u00f6\u011frenmek ve gerekti\u011finde gev\u015fetebilmek.<br \/>Vajinal Dilat\u00f6rler: A\u015famal\u0131 olarak kullan\u0131lan dilat\u00f6rler, vajinal kaslar\u0131n yava\u015f yava\u015f giri\u015fe al\u0131\u015fmas\u0131n\u0131 sa\u011flar ve kontroll\u00fc, kademeli maruz b\u0131rakma yoluyla korku ve a\u011fr\u0131n\u0131n azalmas\u0131na yard\u0131mc\u0131 olur.<br \/>Duyars\u0131zla\u015ft\u0131rma Egzersizleri: Vajinal b\u00f6lgenin hassasiyetini azaltmaya ve kas gev\u015femesine yard\u0131mc\u0131 olan tekniklerdir.<\/p><\/li><li><p>T\u0131bbi M\u00fcdahale<br \/>Vajinismusu do\u011frudan iyile\u015ftiren bir ila\u00e7 olmasa da, baz\u0131 durumlarda topikal anestezikler veya kas gev\u015feticiler gibi tedaviler semptomlar\u0131n y\u00f6netilmesine yard\u0131mc\u0131 olabilir. Ayr\u0131ca, a\u011fr\u0131ya veya rahats\u0131zl\u0131\u011fa katk\u0131da bulunan t\u0131bbi durumlar\u0131n tedavi edilmesi \u00f6nemlidir.<\/p><\/li><li><p>\u0130leti\u015fim ve Partner Deste\u011fi<br \/>Korkular, beklentiler ve deneyimler hakk\u0131nda partnerle a\u00e7\u0131k ileti\u015fim kurmak, stresi azaltabilir ve yak\u0131nl\u0131\u011f\u0131 g\u00fc\u00e7lendirebilir. \u00c7ift terapisi de faydal\u0131 olabilir.<\/p><\/li><li><p>Ya\u015fam Tarz\u0131 D\u00fczenlemeleri<br \/>Yoga, meditasyon veya nefes egzersizleri gibi stres azaltma teknikleri, kayg\u0131 seviyesini kontrol etmeye ve genel gev\u015femeye katk\u0131da bulunabilir.<\/p><\/li><li><p>D\u00fczenli Takip<br \/>Sa\u011fl\u0131k uzmanlar\u0131yla d\u00fczenli randevular yaparak ilerlemenin izlenmesi, olas\u0131 sorunlar\u0131n ele al\u0131nmas\u0131 ve tedavi plan\u0131n\u0131n gerekti\u011finde ayarlanmas\u0131.<\/p><\/li><li><p>Ki\u015fisel Kararl\u0131l\u0131k<br \/>Tedavi s\u00fcrecine aktif kat\u0131l\u0131m ve terapide \u00f6\u011frenilen egzersizleri ve teknikleri uygulama konusundaki kararl\u0131l\u0131k, ba\u015far\u0131l\u0131 sonu\u00e7lar i\u00e7in \u00e7ok \u00f6nemlidir.<\/p><\/li><\/ol>\t\t\t\t\t\t<\/div>\n\t\t\t\t<\/div>\n\t\t\t\t<div class=\"elementor-element elementor-element-6fa734c elementor-widget elementor-widget-heading\" data-id=\"6fa734c\" data-element_type=\"widget\" data-widget_type=\"heading.default\">\n\t\t\t\t<div class=\"elementor-widget-container\">\n\t\t\t<h2 class=\"elementor-heading-title elementor-size-default\">Neden T\u00fcrkiye\u2019de Vajinismus Tedavisi Ucuzdur?\n<\/h2>\t\t<\/div>\n\t\t\t\t<\/div>\n\t\t\t\t<div class=\"elementor-element elementor-element-5690a06 elementor-widget elementor-widget-text-editor\" data-id=\"5690a06\" data-element_type=\"widget\" data-widget_type=\"text-editor.default\">\n\t\t\t\t<div class=\"elementor-widget-container\">\n\t\t\t\t\t\t\t<p>D\u00f6viz kuru: Yabanc\u0131 para birimlerinin T\u00fcrk liras\u0131na kar\u015f\u0131 avantajl\u0131 d\u00f6viz kurlar\u0131, uluslararas\u0131 hastalar i\u00e7in tedavileri daha da uygun fiyatl\u0131 hale getirebilir.<br \/>Standartla\u015ft\u0131r\u0131lm\u0131\u015f prosed\u00fcrler: T\u00fcrkiye\u2019deki bir\u00e7ok klinik, kar\u0131n germe gibi yayg\u0131n i\u015flemler i\u00e7in standartla\u015ft\u0131r\u0131lm\u0131\u015f protokoller ve teknikler uygular; bu da verimlilik ve maliyet tasarrufu sa\u011flar.<\/p>\t\t\t\t\t\t<\/div>\n\t\t\t\t<\/div>\n\t\t\t\t<div class=\"elementor-element elementor-element-1d466e4 elementor-widget elementor-widget-heading\" data-id=\"1d466e4\" data-element_type=\"widget\" data-widget_type=\"heading.default\">\n\t\t\t\t<div class=\"elementor-widget-container\">\n\t\t\t<h2 class=\"elementor-heading-title elementor-size-default\">T\u00fcrkiye\u2019de Vajinismus Tedavisi Yapt\u0131rmak G\u00fcvenli mi?\n<\/h2>\t\t<\/div>\n\t\t\t\t<\/div>\n\t\t\t\t<div class=\"elementor-element elementor-element-eca8654 elementor-widget elementor-widget-text-editor\" data-id=\"eca8654\" data-element_type=\"widget\" data-widget_type=\"text-editor.default\">\n\t\t\t\t<div class=\"elementor-widget-container\">\n\t\t\t\t\t\t\t<p>T\u00fcrkiye\u2019de vajinismus tedavisi, sa\u011fl\u0131k hizmeti sa\u011flay\u0131c\u0131lar\u0131n\u0131 ve tesisleri dikkatli bir \u015fekilde se\u00e7ti\u011finiz s\u00fcrece bir\u00e7ok ki\u015fi i\u00e7in g\u00fcvenli ve etkili bir se\u00e7enek olabilir. T\u00fcrkiye, \u00f6zellikle \u0130stanbul, Ankara ve \u0130zmir gibi b\u00fcy\u00fck \u015fehirlerde uluslararas\u0131 hastalara hizmet veren bir\u00e7ok hastane ve klini\u011fiyle geli\u015fmi\u015f sa\u011fl\u0131k hizmetleriyle tan\u0131nmaktad\u0131r.<\/p>\t\t\t\t\t\t<\/div>\n\t\t\t\t<\/div>\n\t\t\t\t\t<\/div>\n\t\t<\/div>\n\t\t\t\t\t\t\t<\/div>\n\t\t<\/section>\n\t\t\t\t\t\t\t<\/div>\n\t\t","protected":false},"excerpt":{"rendered":"<p>Vajinismus, vajinal giri\u015f \u00e7evresindeki kaslar\u0131n istemsiz kas\u0131lmalar\u0131yla karakterize edilen bir durumdur ve bu durum vajinal penetrasyonu a\u011fr\u0131l\u0131 veya imk\u00e2ns\u0131z hale getirebilir. Bu rahats\u0131zl\u0131k, bir kad\u0131n\u0131n vajinal ili\u015fkiye girmesini, tampon kullanmas\u0131n\u0131 veya jinekolojik muayeneden ge\u00e7mesini zorla\u015ft\u0131rabilir. \u0130\u00e7indekiler Vajinismus A\u015famalar\u0131 E\u011fitim ve Fark\u0131ndal\u0131kVajinismusu Anlamak: Durumu, nedenlerini ve etkilerini \u00f6\u011frenmek.Bunun yayg\u0131n bir sorun oldu\u011funu ve tedavisinin m\u00fcmk\u00fcn oldu\u011funu [&hellip;]<\/p>\n","protected":false},"author":22,"featured_media":0,"parent":0,"menu_order":0,"comment_status":"closed","ping_status":"closed","template":"","meta":{"inline_featured_image":false,"footnotes":""},"class_list":["post-25014","page","type-page","status-publish","hentry"],"_links":{"self":[{"href":"https:\/\/docvivosaglik.com\/tr\/wp-json\/wp\/v2\/pages\/25014","targetHints":{"allow":["GET"]}}],"collection":[{"href":"https:\/\/docvivosaglik.com\/tr\/wp-json\/wp\/v2\/pages"}],"about":[{"href":"https:\/\/docvivosaglik.com\/tr\/wp-json\/wp\/v2\/types\/page"}],"author":[{"embeddable":true,"href":"https:\/\/docvivosaglik.com\/tr\/wp-json\/wp\/v2\/users\/22"}],"replies":[{"embeddable":true,"href":"https:\/\/docvivosaglik.com\/tr\/wp-json\/wp\/v2\/comments?post=25014"}],"version-history":[{"count":4,"href":"https:\/\/docvivosaglik.com\/tr\/wp-json\/wp\/v2\/pages\/25014\/revisions"}],"predecessor-version":[{"id":25018,"href":"https:\/\/docvivosaglik.com\/tr\/wp-json\/wp\/v2\/pages\/25014\/revisions\/25018"}],"wp:attachment":[{"href":"https:\/\/docvivosaglik.com\/tr\/wp-json\/wp\/v2\/media?parent=25014"}],"curies":[{"name":"wp","href":"https:\/\/api.w.org\/{rel}","templated":true}]}}