{"id":25008,"date":"2025-10-09T13:58:22","date_gmt":"2025-10-09T10:58:22","guid":{"rendered":"https:\/\/docvivosaglik.com\/?page_id=25008"},"modified":"2025-10-09T14:00:53","modified_gmt":"2025-10-09T11:00:53","slug":"rinoplasti","status":"publish","type":"page","link":"https:\/\/docvivosaglik.com\/tr\/rinoplasti\/","title":{"rendered":"Rinoplasti"},"content":{"rendered":"\t\t<div data-elementor-type=\"wp-page\" data-elementor-id=\"25008\" class=\"elementor elementor-25008\">\n\t\t\t\t\t\t\t\t\t<section class=\"elementor-section elementor-top-section elementor-element elementor-element-9e4a42d elementor-section-boxed elementor-section-height-default elementor-section-height-default\" data-id=\"9e4a42d\" data-element_type=\"section\">\n\t\t\t\t\t\t<div class=\"elementor-container elementor-column-gap-default\">\n\t\t\t\t\t<div class=\"elementor-column elementor-col-100 elementor-top-column elementor-element elementor-element-edfe756\" data-id=\"edfe756\" data-element_type=\"column\">\n\t\t\t<div class=\"elementor-widget-wrap elementor-element-populated\">\n\t\t\t\t\t\t\t\t<div class=\"elementor-element elementor-element-db51f55 elementor-widget elementor-widget-text-editor\" data-id=\"db51f55\" data-element_type=\"widget\" data-widget_type=\"text-editor.default\">\n\t\t\t\t<div class=\"elementor-widget-container\">\n\t\t\t<style>\/*! elementor - v3.7.8 - 02-10-2022 *\/\n.elementor-widget-text-editor.elementor-drop-cap-view-stacked .elementor-drop-cap{background-color:#818a91;color:#fff}.elementor-widget-text-editor.elementor-drop-cap-view-framed .elementor-drop-cap{color:#818a91;border:3px solid;background-color:transparent}.elementor-widget-text-editor:not(.elementor-drop-cap-view-default) .elementor-drop-cap{margin-top:8px}.elementor-widget-text-editor:not(.elementor-drop-cap-view-default) .elementor-drop-cap-letter{width:1em;height:1em}.elementor-widget-text-editor .elementor-drop-cap{float:left;text-align:center;line-height:1;font-size:50px}.elementor-widget-text-editor .elementor-drop-cap-letter{display:inline-block}<\/style>\t\t\t\t<p>Burun esteti\u011fi (rinoplasti), T\u00fcrkiye\u2019de y\u00fcksek kaliteli t\u0131bbi hizmetler ve uygun fiyatlar nedeniyle olduk\u00e7a pop\u00fclerdir. Deneyimli cerrahlar, burnun g\u00f6r\u00fcn\u00fcm\u00fcn\u00fc ve i\u015flevselli\u011fini iyile\u015ftirmek i\u00e7in do\u011fal g\u00f6r\u00fcn\u00fcml\u00fc sonu\u00e7lar sa\u011flayan ileri teknikler kullan\u0131r. Kapsaml\u0131 bak\u0131m paketleri genellikle ameliyat \u00f6ncesi dan\u0131\u015fmanl\u0131k, ameliyat\u0131n kendisi ve ameliyat sonras\u0131 takip hizmetlerini i\u00e7erir.<\/p>\t\t\t\t\t\t<\/div>\n\t\t\t\t<\/div>\n\t\t\t\t<div class=\"elementor-element elementor-element-7607c48 elementor-toc--minimized-on-tablet elementor-widget elementor-widget-table-of-contents\" data-id=\"7607c48\" data-element_type=\"widget\" data-settings=\"{&quot;exclude_headings_by_selector&quot;:[],&quot;headings_by_tags&quot;:[&quot;h2&quot;,&quot;h3&quot;,&quot;h4&quot;,&quot;h5&quot;,&quot;h6&quot;],&quot;marker_view&quot;:&quot;numbers&quot;,&quot;minimize_box&quot;:&quot;yes&quot;,&quot;minimized_on&quot;:&quot;tablet&quot;,&quot;hierarchical_view&quot;:&quot;yes&quot;,&quot;min_height&quot;:{&quot;unit&quot;:&quot;px&quot;,&quot;size&quot;:&quot;&quot;,&quot;sizes&quot;:[]},&quot;min_height_tablet&quot;:{&quot;unit&quot;:&quot;px&quot;,&quot;size&quot;:&quot;&quot;,&quot;sizes&quot;:[]},&quot;min_height_mobile&quot;:{&quot;unit&quot;:&quot;px&quot;,&quot;size&quot;:&quot;&quot;,&quot;sizes&quot;:[]}}\" data-widget_type=\"table-of-contents.default\">\n\t\t\t\t<div class=\"elementor-widget-container\">\n\t\t\t<style>\/*! elementor-pro - v3.5.2 - 28-11-2021 *\/\n.elementor-widget-table-of-contents .elementor-toc__header-title{color:var(--header-color)}.elementor-widget-table-of-contents.elementor-toc--collapsed .elementor-toc__toggle-button--collapse,.elementor-widget-table-of-contents:not(.elementor-toc--collapsed) .elementor-toc__toggle-button--expand{display:none}.elementor-widget-table-of-contents .elementor-widget-container{min-height:var(--box-min-height);border:var(--box-border-width,1px) solid var(--box-border-color,#a4afb7);border-radius:var(--box-border-radius,3px);background-color:var(--box-background-color);-webkit-transition:min-height .4s;-o-transition:min-height .4s;transition:min-height .4s;overflow:hidden}.elementor-toc__header{display:-webkit-box;display:-ms-flexbox;display:flex;-webkit-box-align:center;-ms-flex-align:center;align-items:center;-webkit-box-pack:justify;-ms-flex-pack:justify;justify-content:space-between;padding:var(--box-padding,20px);background-color:var(--header-background-color);border-bottom:var(--separator-width,1px) solid var(--box-border-color,#a4afb7)}.elementor-toc__header-title{font-size:18px;margin:0;color:var(--header-color)}.elementor-toc__toggle-button{cursor:pointer;display:-webkit-inline-box;display:-ms-inline-flexbox;display:inline-flex}.elementor-toc__toggle-button i{color:var(--toggle-button-color)}.elementor-toc__toggle-button svg{height:1em;width:1em;fill:var(--toggle-button-color)}.elementor-toc__spinner-container{text-align:center}.elementor-toc__spinner{font-size:2em}.elementor-toc__spinner.e-font-icon-svg{height:1em;width:1em}.elementor-toc__body{padding:var(--box-padding,20px);max-height:var(--toc-body-max-height);overflow-y:auto}.elementor-toc__body::-webkit-scrollbar{width:7px}.elementor-toc__body::-webkit-scrollbar-thumb{background-color:#c2cbd2;border-radius:10px}.elementor-toc__list-wrapper{list-style:none;padding:0}.elementor-toc__list-item{margin-bottom:.5em}.elementor-toc__list-item.elementor-item-active{font-weight:700}.elementor-toc__list-item .elementor-toc__list-wrapper{margin-top:.5em;margin-left:var(--nested-list-indent,1em)}.elementor-toc__list-item-text:hover{color:var(--item-text-hover-color);-webkit-text-decoration:var(--item-text-hover-decoration);text-decoration:var(--item-text-hover-decoration)}.elementor-toc__list-item-text.elementor-item-active{color:var(--item-text-active-color);-webkit-text-decoration:var(--item-text-active-decoration);text-decoration:var(--item-text-active-decoration)}.elementor-toc__list-item-text-wrapper{display:-webkit-box;display:-ms-flexbox;display:flex;-webkit-box-align:center;-ms-flex-align:center;align-items:center}.elementor-toc__list-item-text-wrapper:before,.elementor-toc__list-item-text-wrapper i{margin-right:8px;color:var(--marker-color)}.elementor-toc__list-item-text-wrapper svg{margin-right:8px;fill:var(--marker-color);height:var(--marker-size,.5em);width:var(--marker-size,.5em)}.elementor-toc__list-item-text-wrapper i{font-size:var(--marker-size,.5em)}.elementor-toc__list-item-text-wrapper:before{font-size:var(--marker-size,1em)}.elementor-toc--content-ellipsis .elementor-toc__list-item-text{white-space:nowrap;overflow:hidden;-o-text-overflow:ellipsis;text-overflow:ellipsis}.elementor-toc__list-items--collapsible>.elementor-toc__list-wrapper>.elementor-toc__list-item>.elementor-toc__list-wrapper{display:none}.elementor-toc__heading-anchor{position:absolute}.elementor-toc__body .elementor-toc__list-item-text{color:var(--item-text-color);-webkit-text-decoration:var(--item-text-decoration);text-decoration:var(--item-text-decoration)}.elementor-toc__body .elementor-toc__list-item-text:hover{color:var(--item-text-hover-color);-webkit-text-decoration:var(--item-text-hover-decoration);text-decoration:var(--item-text-hover-decoration)}.elementor-toc__body .elementor-toc__list-item-text.elementor-item-active{color:var(--item-text-active-color);-webkit-text-decoration:var(--item-text-active-decoration);text-decoration:var(--item-text-active-decoration)}ol.elementor-toc__list-wrapper{counter-reset:item}ol.elementor-toc__list-wrapper .elementor-toc__list-item{counter-increment:item}ol.elementor-toc__list-wrapper .elementor-toc__list-item-text-wrapper:before{content:counters(item,\".\") \". \"}@media only screen and (max-width:-1px){.elementor-toc--minimized-on-tablet_extra .elementor-toc__body{display:none}}@media only screen and (max-width:1024px){.elementor-toc--minimized-on-tablet .elementor-toc__body{display:none}}@media only screen and (max-width:-1px){.elementor-toc--minimized-on-mobile_extra .elementor-toc__body{display:none}}@media only screen and (max-width:767px){.elementor-toc--minimized-on-mobile .elementor-toc__body{display:none}}<\/style>\t\t<div class=\"elementor-toc__header\">\n\t\t\t<h4 class=\"elementor-toc__header-title\">\n\t\t\t\t\u0130\u00e7indekiler\t\t\t<\/h4>\n\t\t\t\t\t\t\t<div class=\"elementor-toc__toggle-button elementor-toc__toggle-button--expand\"><i class=\"fas fa-chevron-down\"><\/i><\/div>\n\t\t\t\t<div class=\"elementor-toc__toggle-button elementor-toc__toggle-button--collapse\"><i class=\"fas fa-chevron-up\"><\/i><\/div>\n\t\t\t\t\t<\/div>\n\t\t<div class=\"elementor-toc__body\">\n\t\t\t<div class=\"elementor-toc__spinner-container\">\n\t\t\t\t<i class=\"elementor-toc__spinner eicon-animation-spin eicon-loading\" aria-hidden=\"true\"><\/i>\t\t\t<\/div>\n\t\t<\/div>\n\t\t\t\t<\/div>\n\t\t\t\t<\/div>\n\t\t\t\t<div class=\"elementor-element elementor-element-fcfc62a elementor-widget elementor-widget-html\" data-id=\"fcfc62a\" data-element_type=\"widget\" data-widget_type=\"html.default\">\n\t\t\t\t<div class=\"elementor-widget-container\">\n\t\t\t<script>\njQuery(document).ready(function($) {\n    setTimeout(function() {\n\t\t$('.elementor-tab-title').removeClass('elementor-active');\n\t\t$('.elementor-tab-content').css('display', 'none'); });\n\t\t});\n<\/script>\t\t<\/div>\n\t\t\t\t<\/div>\n\t\t\t\t<div class=\"elementor-element elementor-element-0633ed1 elementor-widget elementor-widget-heading\" data-id=\"0633ed1\" data-element_type=\"widget\" data-widget_type=\"heading.default\">\n\t\t\t\t<div class=\"elementor-widget-container\">\n\t\t\t<style>\/*! elementor - v3.7.8 - 02-10-2022 *\/\n.elementor-heading-title{padding:0;margin:0;line-height:1}.elementor-widget-heading .elementor-heading-title[class*=elementor-size-]>a{color:inherit;font-size:inherit;line-height:inherit}.elementor-widget-heading .elementor-heading-title.elementor-size-small{font-size:15px}.elementor-widget-heading .elementor-heading-title.elementor-size-medium{font-size:19px}.elementor-widget-heading .elementor-heading-title.elementor-size-large{font-size:29px}.elementor-widget-heading .elementor-heading-title.elementor-size-xl{font-size:39px}.elementor-widget-heading .elementor-heading-title.elementor-size-xxl{font-size:59px}<\/style><h2 class=\"elementor-heading-title elementor-size-default\">T\u00fcrkiye\u2019de Rinoplasti: Kapsaml\u0131 Bir Genel Bak\u0131\u015f\n<\/h2>\t\t<\/div>\n\t\t\t\t<\/div>\n\t\t\t\t<div class=\"elementor-element elementor-element-0d2df3e elementor-widget elementor-widget-text-editor\" data-id=\"0d2df3e\" data-element_type=\"widget\" data-widget_type=\"text-editor.default\">\n\t\t\t\t<div class=\"elementor-widget-container\">\n\t\t\t\t\t\t\t<p>T\u00fcrkiye\u2019de rinoplasti, yayg\u0131n olarak \u201cburun esteti\u011fi\u201d olarak bilinen ve burnun \u015feklini yeniden d\u00fczenlemeyi ve g\u00f6r\u00fcn\u00fcm\u00fcn\u00fc iyile\u015ftirmeyi ama\u00e7layan olduk\u00e7a ra\u011fbet g\u00f6ren bir estetik cerrahi i\u015flemdir. Y\u00fcksek kaliteli sa\u011fl\u0131k hizmetleri ve uygun fiyatlar\u0131yla tan\u0131nan T\u00fcrkiye, rinoplasti ameliyat\u0131 i\u00e7in \u00f6nde gelen bir destinasyon haline gelmi\u015ftir.<\/p><p>S\u00fcre\u00e7, hastan\u0131n uygunlu\u011funu ve istedi\u011fi sonu\u00e7lar\u0131 belirlemek i\u00e7in kapsaml\u0131 bir dan\u0131\u015fma ve t\u0131bbi de\u011ferlendirme ile ba\u015flar. Ameliyat s\u0131ras\u0131nda deneyimli plastik cerrahlar, hastan\u0131n y\u00fcz hatlar\u0131yla uyumlu bir denge sa\u011flamak amac\u0131yla burnun k\u00fc\u00e7\u00fclt\u00fclmesi, b\u00fcy\u00fct\u00fclmesi veya yeniden \u015fekillendirilmesi hedeflerine g\u00f6re ileri teknikler kullan\u0131r.<\/p>\t\t\t\t\t\t<\/div>\n\t\t\t\t<\/div>\n\t\t\t\t<div class=\"elementor-element elementor-element-6fa734c elementor-widget elementor-widget-heading\" data-id=\"6fa734c\" data-element_type=\"widget\" data-widget_type=\"heading.default\">\n\t\t\t\t<div class=\"elementor-widget-container\">\n\t\t\t<h2 class=\"elementor-heading-title elementor-size-default\">Rinoplasti A\u015famalar\u0131\n<\/h2>\t\t<\/div>\n\t\t\t\t<\/div>\n\t\t\t\t<div class=\"elementor-element elementor-element-5690a06 elementor-widget elementor-widget-text-editor\" data-id=\"5690a06\" data-element_type=\"widget\" data-widget_type=\"text-editor.default\">\n\t\t\t\t<div class=\"elementor-widget-container\">\n\t\t\t\t\t\t\t<p>1- Anestezi: \u0130lk ad\u0131m, hastan\u0131n i\u015flem s\u0131ras\u0131nda rahat ve a\u011fr\u0131s\u0131z olmas\u0131n\u0131 sa\u011flamak i\u00e7in anestezi uygulanmas\u0131d\u0131r. Bu, ameliyat\u0131n karma\u015f\u0131kl\u0131\u011f\u0131na ve cerrah\u0131n tercihine ba\u011fl\u0131 olarak sedasyonla birlikte lokal anestezi veya genel anestezi olabilir.<\/p><p>2- Kesiler: Rinoplasti, burun i\u00e7inde gizli kesilerle yap\u0131lan kapal\u0131 y\u00f6ntemle veya burun deliklerini ay\u0131ran dar doku \u015feridi olan kolumella \u00fczerinden kesi yap\u0131lan a\u00e7\u0131k y\u00f6ntemle ger\u00e7ekle\u015ftirilebilir. Bu kesiler arac\u0131l\u0131\u011f\u0131yla burun kemiklerini ve k\u0131k\u0131rdaklar\u0131n\u0131 \u00f6rten cilt nazik\u00e7e kald\u0131r\u0131larak burun yap\u0131s\u0131n\u0131n yeniden \u015fekillendirilmesine olanak sa\u011flan\u0131r.<\/p><p>3- Burun Yap\u0131s\u0131n\u0131n Yeniden \u015eekillendirilmesi: \u0130stenen sonuca ba\u011fl\u0131 olarak, burun yap\u0131s\u0131 kemik veya k\u0131k\u0131rdak \u00e7\u0131kar\u0131larak de\u011fi\u015ftirilebilir. Ek yap\u0131sal destek gerekti\u011finde, hastan\u0131n v\u00fccudundan al\u0131nan k\u0131k\u0131rdak greftleri (kulak, kaburga veya septumdan) kullan\u0131labilir.<\/p><p>4- Deviasyonun D\u00fczeltilmesi: E\u011fer septum (burun b\u00f6lmesi) e\u011friyse, d\u00fczeltilebilir ve burun i\u00e7indeki \u00e7\u0131k\u0131nt\u0131lar azalt\u0131larak solunumun iyile\u015ftirilmesi sa\u011flanabilir.<\/p><p>5- Kesilerin Kapat\u0131lmas\u0131: Burun istenilen \u015fekle getirildikten sonra burun derisi ve dokusu yeniden yerle\u015ftirilir ve kesiler kapat\u0131l\u0131r. E\u011fer i\u015flem a\u00e7\u0131k rinoplasti ise, kolumella \u00fczerine ek diki\u015fler at\u0131labilir.<\/p><p>6- \u0130yile\u015fme: Ameliyattan sonra hastan\u0131n, \u015fi\u015flik ve kanamay\u0131 azaltmak i\u00e7in ba\u015f\u0131 g\u00f6\u011f\u00fcsten daha y\u00fcksekte olacak \u015fekilde dinlenmesi gerekir. Burun i\u00e7ine atel veya tampon, d\u0131\u015f\u0131na ise yeni yap\u0131y\u0131 desteklemek ve korumak amac\u0131yla atel veya bandaj yerle\u015ftirilebilir.<\/p>\t\t\t\t\t\t<\/div>\n\t\t\t\t<\/div>\n\t\t\t\t<div class=\"elementor-element elementor-element-1d466e4 elementor-widget elementor-widget-heading\" data-id=\"1d466e4\" data-element_type=\"widget\" data-widget_type=\"heading.default\">\n\t\t\t\t<div class=\"elementor-widget-container\">\n\t\t\t<h2 class=\"elementor-heading-title elementor-size-default\">Neden T\u00fcrkiye\u2019de Rinoplasti Fiyatlar\u0131 Ucuzdur?\n<\/h2>\t\t<\/div>\n\t\t\t\t<\/div>\n\t\t\t\t<div class=\"elementor-element elementor-element-eca8654 elementor-widget elementor-widget-text-editor\" data-id=\"eca8654\" data-element_type=\"widget\" data-widget_type=\"text-editor.default\">\n\t\t\t\t<div class=\"elementor-widget-container\">\n\t\t\t\t\t\t\t<p>D\u00f6viz kuru: Yabanc\u0131 para birimlerinin T\u00fcrk liras\u0131na kar\u015f\u0131 avantajl\u0131 d\u00f6viz kurlar\u0131, uluslararas\u0131 hastalar i\u00e7in i\u015flemleri daha da uygun fiyatl\u0131 hale getirebilir.<br \/>Standartla\u015ft\u0131r\u0131lm\u0131\u015f prosed\u00fcrler: T\u00fcrkiye\u2019deki bir\u00e7ok klinik, rinoplasti gibi yayg\u0131n i\u015flemler i\u00e7in standartla\u015ft\u0131r\u0131lm\u0131\u015f protokoller ve teknikler uygular; bu da verimlilik ve maliyet tasarrufu sa\u011flar.<\/p>\t\t\t\t\t\t<\/div>\n\t\t\t\t<\/div>\n\t\t\t\t<div class=\"elementor-element elementor-element-7d78fe5 elementor-widget elementor-widget-heading\" data-id=\"7d78fe5\" data-element_type=\"widget\" data-widget_type=\"heading.default\">\n\t\t\t\t<div class=\"elementor-widget-container\">\n\t\t\t<h2 class=\"elementor-heading-title elementor-size-default\">T\u00fcrkiye\u2019de Rinoplasti Yapt\u0131rmak G\u00fcvenli mi?\n<\/h2>\t\t<\/div>\n\t\t\t\t<\/div>\n\t\t\t\t<div class=\"elementor-element elementor-element-8831dc8 elementor-widget elementor-widget-text-editor\" data-id=\"8831dc8\" data-element_type=\"widget\" data-widget_type=\"text-editor.default\">\n\t\t\t\t<div class=\"elementor-widget-container\">\n\t\t\t\t\t\t\t<p>T\u00fcrkiye\u2019de rinoplasti tedavisi, sa\u011fl\u0131k hizmeti sa\u011flay\u0131c\u0131lar\u0131n\u0131 ve tesisleri dikkatli bir \u015fekilde se\u00e7ti\u011finiz s\u00fcrece bir\u00e7ok ki\u015fi i\u00e7in g\u00fcvenli ve etkili bir se\u00e7enek olabilir. T\u00fcrkiye, \u00f6zellikle \u0130stanbul, Ankara ve \u0130zmir gibi b\u00fcy\u00fck \u015fehirlerde uluslararas\u0131 hastalara hizmet veren bir\u00e7ok hastane ve klini\u011fiyle geli\u015fmi\u015f sa\u011fl\u0131k hizmetleriyle tan\u0131nmaktad\u0131r.<\/p>\t\t\t\t\t\t<\/div>\n\t\t\t\t<\/div>\n\t\t\t\t\t<\/div>\n\t\t<\/div>\n\t\t\t\t\t\t\t<\/div>\n\t\t<\/section>\n\t\t\t\t\t\t\t<\/div>\n\t\t","protected":false},"excerpt":{"rendered":"<p>Burun esteti\u011fi (rinoplasti), T\u00fcrkiye\u2019de y\u00fcksek kaliteli t\u0131bbi hizmetler ve uygun fiyatlar nedeniyle olduk\u00e7a pop\u00fclerdir. Deneyimli cerrahlar, burnun g\u00f6r\u00fcn\u00fcm\u00fcn\u00fc ve i\u015flevselli\u011fini iyile\u015ftirmek i\u00e7in do\u011fal g\u00f6r\u00fcn\u00fcml\u00fc sonu\u00e7lar sa\u011flayan ileri teknikler kullan\u0131r. Kapsaml\u0131 bak\u0131m paketleri genellikle ameliyat \u00f6ncesi dan\u0131\u015fmanl\u0131k, ameliyat\u0131n kendisi ve ameliyat sonras\u0131 takip hizmetlerini i\u00e7erir. \u0130\u00e7indekiler T\u00fcrkiye\u2019de Rinoplasti: Kapsaml\u0131 Bir Genel Bak\u0131\u015f T\u00fcrkiye\u2019de rinoplasti, yayg\u0131n olarak [&hellip;]<\/p>\n","protected":false},"author":22,"featured_media":0,"parent":0,"menu_order":0,"comment_status":"closed","ping_status":"closed","template":"","meta":{"inline_featured_image":false,"footnotes":""},"class_list":["post-25008","page","type-page","status-publish","hentry"],"_links":{"self":[{"href":"https:\/\/docvivosaglik.com\/tr\/wp-json\/wp\/v2\/pages\/25008","targetHints":{"allow":["GET"]}}],"collection":[{"href":"https:\/\/docvivosaglik.com\/tr\/wp-json\/wp\/v2\/pages"}],"about":[{"href":"https:\/\/docvivosaglik.com\/tr\/wp-json\/wp\/v2\/types\/page"}],"author":[{"embeddable":true,"href":"https:\/\/docvivosaglik.com\/tr\/wp-json\/wp\/v2\/users\/22"}],"replies":[{"embeddable":true,"href":"https:\/\/docvivosaglik.com\/tr\/wp-json\/wp\/v2\/comments?post=25008"}],"version-history":[{"count":4,"href":"https:\/\/docvivosaglik.com\/tr\/wp-json\/wp\/v2\/pages\/25008\/revisions"}],"predecessor-version":[{"id":25012,"href":"https:\/\/docvivosaglik.com\/tr\/wp-json\/wp\/v2\/pages\/25008\/revisions\/25012"}],"wp:attachment":[{"href":"https:\/\/docvivosaglik.com\/tr\/wp-json\/wp\/v2\/media?parent=25008"}],"curies":[{"name":"wp","href":"https:\/\/api.w.org\/{rel}","templated":true}]}}