{"id":24975,"date":"2025-10-07T14:22:09","date_gmt":"2025-10-07T11:22:09","guid":{"rendered":"https:\/\/docvivosaglik.com\/?page_id=24975"},"modified":"2025-10-07T14:25:28","modified_gmt":"2025-10-07T11:25:28","slug":"kulak-estetigi","status":"publish","type":"page","link":"https:\/\/docvivosaglik.com\/tr\/kulak-estetigi\/","title":{"rendered":"Kulak Esteti\u011fi"},"content":{"rendered":"\t\t<div data-elementor-type=\"wp-page\" data-elementor-id=\"24975\" class=\"elementor elementor-24975\">\n\t\t\t\t\t\t\t\t\t<section class=\"elementor-section elementor-top-section elementor-element elementor-element-2ccc73a elementor-section-boxed elementor-section-height-default elementor-section-height-default\" data-id=\"2ccc73a\" data-element_type=\"section\">\n\t\t\t\t\t\t<div class=\"elementor-container elementor-column-gap-default\">\n\t\t\t\t\t<div class=\"elementor-column elementor-col-100 elementor-top-column elementor-element elementor-element-8cec379\" data-id=\"8cec379\" data-element_type=\"column\">\n\t\t\t<div class=\"elementor-widget-wrap elementor-element-populated\">\n\t\t\t\t\t\t\t\t<div class=\"elementor-element elementor-element-efe7f82 elementor-widget elementor-widget-text-editor\" data-id=\"efe7f82\" data-element_type=\"widget\" data-widget_type=\"text-editor.default\">\n\t\t\t\t<div class=\"elementor-widget-container\">\n\t\t\t<style>\/*! elementor - v3.7.8 - 02-10-2022 *\/\n.elementor-widget-text-editor.elementor-drop-cap-view-stacked .elementor-drop-cap{background-color:#818a91;color:#fff}.elementor-widget-text-editor.elementor-drop-cap-view-framed .elementor-drop-cap{color:#818a91;border:3px solid;background-color:transparent}.elementor-widget-text-editor:not(.elementor-drop-cap-view-default) .elementor-drop-cap{margin-top:8px}.elementor-widget-text-editor:not(.elementor-drop-cap-view-default) .elementor-drop-cap-letter{width:1em;height:1em}.elementor-widget-text-editor .elementor-drop-cap{float:left;text-align:center;line-height:1;font-size:50px}.elementor-widget-text-editor .elementor-drop-cap-letter{display:inline-block}<\/style>\t\t\t\t<p>Kulak esteti\u011fi, di\u011fer ad\u0131yla otoplasti, kulaklar\u0131n \u015feklini, boyutunu veya konumunu de\u011fi\u015ftirmeyi ama\u00e7layan bir estetik cerrahi t\u00fcr\u00fcd\u00fcr. Bu i\u015flem; do\u011fu\u015ftan veya sonradan olu\u015fan \u015fekil bozukluklar\u0131n\u0131 d\u00fczeltmek, ba\u015ftan uzak duran kulaklar\u0131 daha yak\u0131na almak, \u00e7ok b\u00fcy\u00fck veya k\u00fc\u00e7\u00fck g\u00f6r\u00fcnen kulaklar\u0131n boyutunu ayarlamak ya da kulak memesi ve k\u0131k\u0131rdak \u015feklini yeniden d\u00fczenlemek gibi \u00e7e\u015fitli nedenlerle yap\u0131labilir. Ameliyat\u0131n temel amac\u0131, kulaklar\u0131n y\u00fcz\u00fcn geri kalan\u0131yla uyumunu ve orant\u0131s\u0131n\u0131 iyile\u015ftirerek ki\u015finin \u00f6zg\u00fcvenini ve g\u00f6r\u00fcn\u00fcm\u00fcnden duydu\u011fu memnuniyeti art\u0131rmakt\u0131r.<\/p>\t\t\t\t\t\t<\/div>\n\t\t\t\t<\/div>\n\t\t\t\t<div class=\"elementor-element elementor-element-53b789f elementor-toc--minimized-on-tablet elementor-widget elementor-widget-table-of-contents\" data-id=\"53b789f\" data-element_type=\"widget\" data-settings=\"{&quot;exclude_headings_by_selector&quot;:[],&quot;headings_by_tags&quot;:[&quot;h2&quot;,&quot;h3&quot;,&quot;h4&quot;,&quot;h5&quot;,&quot;h6&quot;],&quot;marker_view&quot;:&quot;numbers&quot;,&quot;minimize_box&quot;:&quot;yes&quot;,&quot;minimized_on&quot;:&quot;tablet&quot;,&quot;hierarchical_view&quot;:&quot;yes&quot;,&quot;min_height&quot;:{&quot;unit&quot;:&quot;px&quot;,&quot;size&quot;:&quot;&quot;,&quot;sizes&quot;:[]},&quot;min_height_tablet&quot;:{&quot;unit&quot;:&quot;px&quot;,&quot;size&quot;:&quot;&quot;,&quot;sizes&quot;:[]},&quot;min_height_mobile&quot;:{&quot;unit&quot;:&quot;px&quot;,&quot;size&quot;:&quot;&quot;,&quot;sizes&quot;:[]}}\" data-widget_type=\"table-of-contents.default\">\n\t\t\t\t<div class=\"elementor-widget-container\">\n\t\t\t<style>\/*! elementor-pro - v3.5.2 - 28-11-2021 *\/\n.elementor-widget-table-of-contents .elementor-toc__header-title{color:var(--header-color)}.elementor-widget-table-of-contents.elementor-toc--collapsed .elementor-toc__toggle-button--collapse,.elementor-widget-table-of-contents:not(.elementor-toc--collapsed) .elementor-toc__toggle-button--expand{display:none}.elementor-widget-table-of-contents .elementor-widget-container{min-height:var(--box-min-height);border:var(--box-border-width,1px) solid var(--box-border-color,#a4afb7);border-radius:var(--box-border-radius,3px);background-color:var(--box-background-color);-webkit-transition:min-height .4s;-o-transition:min-height .4s;transition:min-height .4s;overflow:hidden}.elementor-toc__header{display:-webkit-box;display:-ms-flexbox;display:flex;-webkit-box-align:center;-ms-flex-align:center;align-items:center;-webkit-box-pack:justify;-ms-flex-pack:justify;justify-content:space-between;padding:var(--box-padding,20px);background-color:var(--header-background-color);border-bottom:var(--separator-width,1px) solid var(--box-border-color,#a4afb7)}.elementor-toc__header-title{font-size:18px;margin:0;color:var(--header-color)}.elementor-toc__toggle-button{cursor:pointer;display:-webkit-inline-box;display:-ms-inline-flexbox;display:inline-flex}.elementor-toc__toggle-button i{color:var(--toggle-button-color)}.elementor-toc__toggle-button svg{height:1em;width:1em;fill:var(--toggle-button-color)}.elementor-toc__spinner-container{text-align:center}.elementor-toc__spinner{font-size:2em}.elementor-toc__spinner.e-font-icon-svg{height:1em;width:1em}.elementor-toc__body{padding:var(--box-padding,20px);max-height:var(--toc-body-max-height);overflow-y:auto}.elementor-toc__body::-webkit-scrollbar{width:7px}.elementor-toc__body::-webkit-scrollbar-thumb{background-color:#c2cbd2;border-radius:10px}.elementor-toc__list-wrapper{list-style:none;padding:0}.elementor-toc__list-item{margin-bottom:.5em}.elementor-toc__list-item.elementor-item-active{font-weight:700}.elementor-toc__list-item .elementor-toc__list-wrapper{margin-top:.5em;margin-left:var(--nested-list-indent,1em)}.elementor-toc__list-item-text:hover{color:var(--item-text-hover-color);-webkit-text-decoration:var(--item-text-hover-decoration);text-decoration:var(--item-text-hover-decoration)}.elementor-toc__list-item-text.elementor-item-active{color:var(--item-text-active-color);-webkit-text-decoration:var(--item-text-active-decoration);text-decoration:var(--item-text-active-decoration)}.elementor-toc__list-item-text-wrapper{display:-webkit-box;display:-ms-flexbox;display:flex;-webkit-box-align:center;-ms-flex-align:center;align-items:center}.elementor-toc__list-item-text-wrapper:before,.elementor-toc__list-item-text-wrapper i{margin-right:8px;color:var(--marker-color)}.elementor-toc__list-item-text-wrapper svg{margin-right:8px;fill:var(--marker-color);height:var(--marker-size,.5em);width:var(--marker-size,.5em)}.elementor-toc__list-item-text-wrapper i{font-size:var(--marker-size,.5em)}.elementor-toc__list-item-text-wrapper:before{font-size:var(--marker-size,1em)}.elementor-toc--content-ellipsis .elementor-toc__list-item-text{white-space:nowrap;overflow:hidden;-o-text-overflow:ellipsis;text-overflow:ellipsis}.elementor-toc__list-items--collapsible>.elementor-toc__list-wrapper>.elementor-toc__list-item>.elementor-toc__list-wrapper{display:none}.elementor-toc__heading-anchor{position:absolute}.elementor-toc__body .elementor-toc__list-item-text{color:var(--item-text-color);-webkit-text-decoration:var(--item-text-decoration);text-decoration:var(--item-text-decoration)}.elementor-toc__body .elementor-toc__list-item-text:hover{color:var(--item-text-hover-color);-webkit-text-decoration:var(--item-text-hover-decoration);text-decoration:var(--item-text-hover-decoration)}.elementor-toc__body .elementor-toc__list-item-text.elementor-item-active{color:var(--item-text-active-color);-webkit-text-decoration:var(--item-text-active-decoration);text-decoration:var(--item-text-active-decoration)}ol.elementor-toc__list-wrapper{counter-reset:item}ol.elementor-toc__list-wrapper .elementor-toc__list-item{counter-increment:item}ol.elementor-toc__list-wrapper .elementor-toc__list-item-text-wrapper:before{content:counters(item,\".\") \". \"}@media only screen and (max-width:-1px){.elementor-toc--minimized-on-tablet_extra .elementor-toc__body{display:none}}@media only screen and (max-width:1024px){.elementor-toc--minimized-on-tablet .elementor-toc__body{display:none}}@media only screen and (max-width:-1px){.elementor-toc--minimized-on-mobile_extra .elementor-toc__body{display:none}}@media only screen and (max-width:767px){.elementor-toc--minimized-on-mobile .elementor-toc__body{display:none}}<\/style>\t\t<div class=\"elementor-toc__header\">\n\t\t\t<h4 class=\"elementor-toc__header-title\">\n\t\t\t\t\u0130\u00e7indekiler\t\t\t<\/h4>\n\t\t\t\t\t\t\t<div class=\"elementor-toc__toggle-button elementor-toc__toggle-button--expand\"><i class=\"fas fa-chevron-down\"><\/i><\/div>\n\t\t\t\t<div class=\"elementor-toc__toggle-button elementor-toc__toggle-button--collapse\"><i class=\"fas fa-chevron-up\"><\/i><\/div>\n\t\t\t\t\t<\/div>\n\t\t<div class=\"elementor-toc__body\">\n\t\t\t<div class=\"elementor-toc__spinner-container\">\n\t\t\t\t<i class=\"elementor-toc__spinner eicon-animation-spin eicon-loading\" aria-hidden=\"true\"><\/i>\t\t\t<\/div>\n\t\t<\/div>\n\t\t\t\t<\/div>\n\t\t\t\t<\/div>\n\t\t\t\t<div class=\"elementor-element elementor-element-34e533c elementor-widget elementor-widget-html\" data-id=\"34e533c\" data-element_type=\"widget\" data-widget_type=\"html.default\">\n\t\t\t\t<div class=\"elementor-widget-container\">\n\t\t\t<script>\njQuery(document).ready(function($) {\n    setTimeout(function() {\n\t\t$('.elementor-tab-title').removeClass('elementor-active');\n\t\t$('.elementor-tab-content').css('display', 'none'); });\n\t\t});\n<\/script>\t\t<\/div>\n\t\t\t\t<\/div>\n\t\t\t\t<div class=\"elementor-element elementor-element-4c8aea8 elementor-widget elementor-widget-heading\" data-id=\"4c8aea8\" data-element_type=\"widget\" data-widget_type=\"heading.default\">\n\t\t\t\t<div class=\"elementor-widget-container\">\n\t\t\t<style>\/*! elementor - v3.7.8 - 02-10-2022 *\/\n.elementor-heading-title{padding:0;margin:0;line-height:1}.elementor-widget-heading .elementor-heading-title[class*=elementor-size-]>a{color:inherit;font-size:inherit;line-height:inherit}.elementor-widget-heading .elementor-heading-title.elementor-size-small{font-size:15px}.elementor-widget-heading .elementor-heading-title.elementor-size-medium{font-size:19px}.elementor-widget-heading .elementor-heading-title.elementor-size-large{font-size:29px}.elementor-widget-heading .elementor-heading-title.elementor-size-xl{font-size:39px}.elementor-widget-heading .elementor-heading-title.elementor-size-xxl{font-size:59px}<\/style><h2 class=\"elementor-heading-title elementor-size-default\">Kulak Esteti\u011fi (Otoplasti) A\u015famalar\u0131\n<\/h2>\t\t<\/div>\n\t\t\t\t<\/div>\n\t\t\t\t<div class=\"elementor-element elementor-element-945960d elementor-widget elementor-widget-text-editor\" data-id=\"945960d\" data-element_type=\"widget\" data-widget_type=\"text-editor.default\">\n\t\t\t\t<div class=\"elementor-widget-container\">\n\t\t\t\t\t\t\t<ul><li data-start=\"0\" data-end=\"656\"><p data-start=\"3\" data-end=\"656\"><strong data-start=\"3\" data-end=\"29\" data-is-only-node=\"\">Dan\u0131\u015fma (Consultation)<\/strong><br data-start=\"29\" data-end=\"32\" \/><strong data-start=\"32\" data-end=\"50\">De\u011ferlendirme:<\/strong> \u0130lk ad\u0131m, bir estetik cerrahla yap\u0131lan dan\u0131\u015fma s\u00fcrecidir. Cerrah, hastan\u0131n kulaklar\u0131n\u0131 y\u00fcz hatlar\u0131yla orant\u0131l\u0131 \u015fekilde de\u011ferlendirir, istenen sonucu konu\u015fur ve ameliyatla ger\u00e7ek\u00e7i olarak nelerin yap\u0131labilece\u011fini a\u00e7\u0131klar.<br data-start=\"271\" data-end=\"274\" \/><strong data-start=\"274\" data-end=\"291\">T\u0131bbi Ge\u00e7mi\u015f:<\/strong> Cerrah, hastan\u0131n ameliyat i\u00e7in uygun bir aday olup olmad\u0131\u011f\u0131n\u0131 belirlemek amac\u0131yla t\u0131bbi ge\u00e7mi\u015fini inceler. Bu, \u00f6nceki kulak ameliyatlar\u0131, mevcut ila\u00e7 kullan\u0131m\u0131 ve iyile\u015fmeyi etkileyebilecek sa\u011fl\u0131k durumlar\u0131n\u0131 i\u00e7erir.<br data-start=\"508\" data-end=\"511\" \/><strong data-start=\"511\" data-end=\"538\">Prosed\u00fcr\u00fcn A\u00e7\u0131klanmas\u0131:<\/strong> Cerrah, kullan\u0131lacak tekni\u011fi, olas\u0131 riskleri, iyile\u015fme s\u00fcrecini ve maliyetleri i\u00e7eren ameliyat detaylar\u0131n\u0131 a\u00e7\u0131klar.<\/p><\/li><li data-start=\"658\" data-end=\"1129\"><p data-start=\"661\" data-end=\"1129\"><strong data-start=\"661\" data-end=\"721\" data-is-only-node=\"\">Ameliyat \u00d6ncesi Haz\u0131rl\u0131klar (Pre-operative Preparations)<\/strong><br data-start=\"721\" data-end=\"724\" \/><strong data-start=\"724\" data-end=\"739\">Talimatlar:<\/strong> Hastalara, ameliyattan belirli bir s\u00fcre \u00f6nce ve sonra kanamay\u0131 art\u0131rabilecek aspirin, ibuprofen gibi baz\u0131 ila\u00e7 veya takviyeleri kullanmay\u0131 b\u0131rakmalar\u0131 y\u00f6n\u00fcnde talimat verilebilir.<br data-start=\"919\" data-end=\"922\" \/><strong data-start=\"922\" data-end=\"946\">\u0130yile\u015fme Planlamas\u0131:<\/strong> Ameliyat sonras\u0131 iyile\u015fme d\u00f6nemi i\u00e7in \u00f6nceden haz\u0131rl\u0131k yap\u0131lmal\u0131d\u0131r. Bu, i\u015f veya okuldan izin almak ve ameliyattan sonra hastay\u0131 eve g\u00f6t\u00fcrecek birinin bulunmas\u0131n\u0131 sa\u011flamay\u0131 i\u00e7erir.<\/p><\/li><li data-start=\"1131\" data-end=\"1760\"><p data-start=\"1134\" data-end=\"1760\"><strong data-start=\"1134\" data-end=\"1169\" data-is-only-node=\"\">Ameliyat S\u00fcreci (The Procedure)<\/strong><br data-start=\"1169\" data-end=\"1172\" \/><strong data-start=\"1172\" data-end=\"1185\">Anestezi:<\/strong> Kulak esteti\u011fi ameliyat\u0131 genellikle lokal anestezi ve sedasyon alt\u0131nda yap\u0131l\u0131r, ancak i\u015flemin kapsam\u0131na ve hastan\u0131n tercihine g\u00f6re genel anestezi de uygulanabilir.<br data-start=\"1349\" data-end=\"1352\" \/><strong data-start=\"1352\" data-end=\"1371\">Cerrahi Teknik:<\/strong> Kullan\u0131lacak teknik, yap\u0131lacak d\u00fczeltmeye ba\u011fl\u0131d\u0131r. Yayg\u0131n olarak uygulanan y\u00f6ntemlerde, kula\u011f\u0131n arka k\u0131sm\u0131nda kesiler a\u00e7\u0131larak fazla deri veya k\u0131k\u0131rdak \u00e7\u0131kar\u0131l\u0131r ya da yeniden \u015fekillendirilir. Kep\u00e7e kulak durumlar\u0131nda kulak, diki\u015flerle ba\u015fa daha yak\u0131n bir konuma getirilir.<br data-start=\"1646\" data-end=\"1649\" \/><strong data-start=\"1649\" data-end=\"1661\">Kapatma:<\/strong> Kesiler genellikle eriyebilen veya belirli bir s\u00fcre sonra al\u0131nmas\u0131 gereken diki\u015flerle kapat\u0131l\u0131r.<\/p><\/li><li data-start=\"1762\" data-end=\"2392\"><p data-start=\"1765\" data-end=\"2392\"><strong data-start=\"1765\" data-end=\"1788\" data-is-only-node=\"\">\u0130yile\u015fme (Recovery)<\/strong><br data-start=\"1788\" data-end=\"1791\" \/><strong data-start=\"1791\" data-end=\"1822\">Ameliyat Sonras\u0131 \u0130lk Bak\u0131m:<\/strong> Ameliyat sonras\u0131 kulaklar genellikle bandajla sar\u0131l\u0131r; bu, kulaklara destek ve koruma sa\u011flar. Hastalar, cerrah\u0131n re\u00e7ete etti\u011fi ila\u00e7larla kontrol alt\u0131na al\u0131nabilen rahats\u0131zl\u0131k, \u015fi\u015flik ve morarma ya\u015fayabilir.<br data-start=\"2029\" data-end=\"2032\" \/><strong data-start=\"2032\" data-end=\"2056\">Kontrol Randevular\u0131:<\/strong> Hastalar, iyile\u015fme s\u00fcrecinin izlenmesi ve al\u0131nmayan diki\u015flerin \u00e7\u0131kar\u0131lmas\u0131 i\u00e7in belirli aral\u0131klarla kontrole gitmelidir.<br data-start=\"2177\" data-end=\"2180\" \/><strong data-start=\"2180\" data-end=\"2207\">Aktivite K\u0131s\u0131tlamalar\u0131:<\/strong> Kulaklar\u0131n b\u00fck\u00fclmesine veya zarar g\u00f6rmesine neden olabilecek aktivitelerden ka\u00e7\u0131n\u0131lmal\u0131d\u0131r. Ayr\u0131ca uyku pozisyonu ve fiziksel aktivitelerle ilgili cerrah\u0131n talimatlar\u0131na uyulmal\u0131d\u0131r.<\/p><\/li><li data-start=\"2394\" data-end=\"2813\" data-is-last-node=\"\"><p data-start=\"2397\" data-end=\"2813\" data-is-last-node=\"\"><strong data-start=\"2397\" data-end=\"2456\" data-is-only-node=\"\">Uzun Vadeli Bak\u0131m ve Sonu\u00e7 (Long-term Care and Outcome)<\/strong><br data-start=\"2456\" data-end=\"2459\" \/><strong data-start=\"2459\" data-end=\"2478\">Nihai Sonu\u00e7lar:<\/strong> Kulak esteti\u011fi sonu\u00e7lar\u0131n\u0131n tamamen belirgin hale gelmesi, \u015fi\u015flik ve morarma ge\u00e7tikten sonra genellikle birka\u00e7 hafta s\u00fcrebilir.<br data-start=\"2606\" data-end=\"2609\" \/><strong data-start=\"2609\" data-end=\"2627\">S\u00fcrekli Bak\u0131m:<\/strong> Otoplasti ile yap\u0131lan de\u011fi\u015fiklikler genellikle kal\u0131c\u0131d\u0131r; ancak hastalar\u0131n kulaklar\u0131n\u0131 travmadan korumalar\u0131 ve cerrahlar\u0131n\u0131n \u00f6nerdi\u011fi uzun vadeli bak\u0131m talimatlar\u0131na uymalar\u0131 \u00f6nemlidir.<\/p><\/li><\/ul>\t\t\t\t\t\t<\/div>\n\t\t\t\t<\/div>\n\t\t\t\t<div class=\"elementor-element elementor-element-0f7859e elementor-widget elementor-widget-heading\" data-id=\"0f7859e\" data-element_type=\"widget\" data-widget_type=\"heading.default\">\n\t\t\t\t<div class=\"elementor-widget-container\">\n\t\t\t<h2 class=\"elementor-heading-title elementor-size-default\">T\u00fcrkiye\u2019de Kulak Esteti\u011fi (Otoplasti) Neden Ucuz?\n<\/h2>\t\t<\/div>\n\t\t\t\t<\/div>\n\t\t\t\t<div class=\"elementor-element elementor-element-8cc9032 elementor-widget elementor-widget-text-editor\" data-id=\"8cc9032\" data-element_type=\"widget\" data-widget_type=\"text-editor.default\">\n\t\t\t\t<div class=\"elementor-widget-container\">\n\t\t\t\t\t\t\t<ul><li><strong>Exchange rate:<\/strong>\u00a0Favorable exchange rates for foreign currencies relative to the Turkish lira can make procedures even cheaper for international patients.<\/li><li><strong>Standardized procedures:<\/strong>\u00a0Many Turkish clinics employ standardized protocols and techniques for common procedures like ear aesthetics, achieving efficiency and cost savings.<\/li><\/ul>\t\t\t\t\t\t<\/div>\n\t\t\t\t<\/div>\n\t\t\t\t<div class=\"elementor-element elementor-element-a43db8a elementor-widget elementor-widget-heading\" data-id=\"a43db8a\" data-element_type=\"widget\" data-widget_type=\"heading.default\">\n\t\t\t\t<div class=\"elementor-widget-container\">\n\t\t\t<h2 class=\"elementor-heading-title elementor-size-default\">Is it Safe To Have A Ear Aesthetics in Turkey?\n<\/h2>\t\t<\/div>\n\t\t\t\t<\/div>\n\t\t\t\t<div class=\"elementor-element elementor-element-05f1234 elementor-widget elementor-widget-text-editor\" data-id=\"05f1234\" data-element_type=\"widget\" data-widget_type=\"text-editor.default\">\n\t\t\t\t<div class=\"elementor-widget-container\">\n\t\t\t\t\t\t\t<p>Having Facial Aesthetics treatment in Turkey can be a safe and effective option for many individuals, provided that you carefully select healthcare providers and facilities. Turkey is known for its advanced healthcare services, especially in major cities like Istanbul, Ankara, and Izmir, where many hospitals and clinics cater to international patients.<\/p>\t\t\t\t\t\t<\/div>\n\t\t\t\t<\/div>\n\t\t\t\t\t<\/div>\n\t\t<\/div>\n\t\t\t\t\t\t\t<\/div>\n\t\t<\/section>\n\t\t\t\t\t\t\t<\/div>\n\t\t","protected":false},"excerpt":{"rendered":"<p>Kulak esteti\u011fi, di\u011fer ad\u0131yla otoplasti, kulaklar\u0131n \u015feklini, boyutunu veya konumunu de\u011fi\u015ftirmeyi ama\u00e7layan bir estetik cerrahi t\u00fcr\u00fcd\u00fcr. Bu i\u015flem; do\u011fu\u015ftan veya sonradan olu\u015fan \u015fekil bozukluklar\u0131n\u0131 d\u00fczeltmek, ba\u015ftan uzak duran kulaklar\u0131 daha yak\u0131na almak, \u00e7ok b\u00fcy\u00fck veya k\u00fc\u00e7\u00fck g\u00f6r\u00fcnen kulaklar\u0131n boyutunu ayarlamak ya da kulak memesi ve k\u0131k\u0131rdak \u015feklini yeniden d\u00fczenlemek gibi \u00e7e\u015fitli nedenlerle yap\u0131labilir. Ameliyat\u0131n temel [&hellip;]<\/p>\n","protected":false},"author":22,"featured_media":0,"parent":0,"menu_order":0,"comment_status":"closed","ping_status":"closed","template":"","meta":{"inline_featured_image":false,"footnotes":""},"class_list":["post-24975","page","type-page","status-publish","hentry"],"_links":{"self":[{"href":"https:\/\/docvivosaglik.com\/tr\/wp-json\/wp\/v2\/pages\/24975","targetHints":{"allow":["GET"]}}],"collection":[{"href":"https:\/\/docvivosaglik.com\/tr\/wp-json\/wp\/v2\/pages"}],"about":[{"href":"https:\/\/docvivosaglik.com\/tr\/wp-json\/wp\/v2\/types\/page"}],"author":[{"embeddable":true,"href":"https:\/\/docvivosaglik.com\/tr\/wp-json\/wp\/v2\/users\/22"}],"replies":[{"embeddable":true,"href":"https:\/\/docvivosaglik.com\/tr\/wp-json\/wp\/v2\/comments?post=24975"}],"version-history":[{"count":4,"href":"https:\/\/docvivosaglik.com\/tr\/wp-json\/wp\/v2\/pages\/24975\/revisions"}],"predecessor-version":[{"id":24979,"href":"https:\/\/docvivosaglik.com\/tr\/wp-json\/wp\/v2\/pages\/24975\/revisions\/24979"}],"wp:attachment":[{"href":"https:\/\/docvivosaglik.com\/tr\/wp-json\/wp\/v2\/media?parent=24975"}],"curies":[{"name":"wp","href":"https:\/\/api.w.org\/{rel}","templated":true}]}}