{"id":24969,"date":"2025-10-07T14:17:37","date_gmt":"2025-10-07T11:17:37","guid":{"rendered":"https:\/\/docvivosaglik.com\/?page_id=24969"},"modified":"2025-10-07T14:20:57","modified_gmt":"2025-10-07T11:20:57","slug":"goz-kapagi-estetigi","status":"publish","type":"page","link":"https:\/\/docvivosaglik.com\/tr\/goz-kapagi-estetigi\/","title":{"rendered":"G\u00f6z Kapa\u011f\u0131 Esteti\u011fi"},"content":{"rendered":"\t\t<div data-elementor-type=\"wp-page\" data-elementor-id=\"24969\" class=\"elementor elementor-24969\">\n\t\t\t\t\t\t\t\t\t<section class=\"elementor-section elementor-top-section elementor-element elementor-element-2ccc73a elementor-section-boxed elementor-section-height-default elementor-section-height-default\" data-id=\"2ccc73a\" data-element_type=\"section\">\n\t\t\t\t\t\t<div class=\"elementor-container elementor-column-gap-default\">\n\t\t\t\t\t<div class=\"elementor-column elementor-col-100 elementor-top-column elementor-element elementor-element-8cec379\" data-id=\"8cec379\" data-element_type=\"column\">\n\t\t\t<div class=\"elementor-widget-wrap elementor-element-populated\">\n\t\t\t\t\t\t\t\t<div class=\"elementor-element elementor-element-efe7f82 elementor-widget elementor-widget-text-editor\" data-id=\"efe7f82\" data-element_type=\"widget\" data-widget_type=\"text-editor.default\">\n\t\t\t\t<div class=\"elementor-widget-container\">\n\t\t\t<style>\/*! elementor - v3.7.8 - 02-10-2022 *\/\n.elementor-widget-text-editor.elementor-drop-cap-view-stacked .elementor-drop-cap{background-color:#818a91;color:#fff}.elementor-widget-text-editor.elementor-drop-cap-view-framed .elementor-drop-cap{color:#818a91;border:3px solid;background-color:transparent}.elementor-widget-text-editor:not(.elementor-drop-cap-view-default) .elementor-drop-cap{margin-top:8px}.elementor-widget-text-editor:not(.elementor-drop-cap-view-default) .elementor-drop-cap-letter{width:1em;height:1em}.elementor-widget-text-editor .elementor-drop-cap{float:left;text-align:center;line-height:1;font-size:50px}.elementor-widget-text-editor .elementor-drop-cap-letter{display:inline-block}<\/style>\t\t\t\t<p>G\u00f6z kapa\u011f\u0131 esteti\u011fi, genellikle g\u00f6z kapa\u011f\u0131 ameliyat\u0131 veya blefaroplasti olarak adland\u0131r\u0131lan, y\u00fcz\u00fcn g\u00f6z \u00e7evresi b\u00f6lgesinde yap\u0131lan kozmetik veya rekonstr\u00fcktif bir cerrahi t\u00fcr\u00fcd\u00fcr. Bu i\u015flem, \u00fcst g\u00f6z kapaklar\u0131nda, alt g\u00f6z kapaklar\u0131nda veya her ikisinde birden uygulanabilir.<\/p>\t\t\t\t\t\t<\/div>\n\t\t\t\t<\/div>\n\t\t\t\t<div class=\"elementor-element elementor-element-53b789f elementor-toc--minimized-on-tablet elementor-widget elementor-widget-table-of-contents\" data-id=\"53b789f\" data-element_type=\"widget\" data-settings=\"{&quot;exclude_headings_by_selector&quot;:[],&quot;headings_by_tags&quot;:[&quot;h2&quot;,&quot;h3&quot;,&quot;h4&quot;,&quot;h5&quot;,&quot;h6&quot;],&quot;marker_view&quot;:&quot;numbers&quot;,&quot;minimize_box&quot;:&quot;yes&quot;,&quot;minimized_on&quot;:&quot;tablet&quot;,&quot;hierarchical_view&quot;:&quot;yes&quot;,&quot;min_height&quot;:{&quot;unit&quot;:&quot;px&quot;,&quot;size&quot;:&quot;&quot;,&quot;sizes&quot;:[]},&quot;min_height_tablet&quot;:{&quot;unit&quot;:&quot;px&quot;,&quot;size&quot;:&quot;&quot;,&quot;sizes&quot;:[]},&quot;min_height_mobile&quot;:{&quot;unit&quot;:&quot;px&quot;,&quot;size&quot;:&quot;&quot;,&quot;sizes&quot;:[]}}\" data-widget_type=\"table-of-contents.default\">\n\t\t\t\t<div class=\"elementor-widget-container\">\n\t\t\t<style>\/*! elementor-pro - v3.5.2 - 28-11-2021 *\/\n.elementor-widget-table-of-contents .elementor-toc__header-title{color:var(--header-color)}.elementor-widget-table-of-contents.elementor-toc--collapsed .elementor-toc__toggle-button--collapse,.elementor-widget-table-of-contents:not(.elementor-toc--collapsed) .elementor-toc__toggle-button--expand{display:none}.elementor-widget-table-of-contents .elementor-widget-container{min-height:var(--box-min-height);border:var(--box-border-width,1px) solid var(--box-border-color,#a4afb7);border-radius:var(--box-border-radius,3px);background-color:var(--box-background-color);-webkit-transition:min-height .4s;-o-transition:min-height .4s;transition:min-height .4s;overflow:hidden}.elementor-toc__header{display:-webkit-box;display:-ms-flexbox;display:flex;-webkit-box-align:center;-ms-flex-align:center;align-items:center;-webkit-box-pack:justify;-ms-flex-pack:justify;justify-content:space-between;padding:var(--box-padding,20px);background-color:var(--header-background-color);border-bottom:var(--separator-width,1px) solid var(--box-border-color,#a4afb7)}.elementor-toc__header-title{font-size:18px;margin:0;color:var(--header-color)}.elementor-toc__toggle-button{cursor:pointer;display:-webkit-inline-box;display:-ms-inline-flexbox;display:inline-flex}.elementor-toc__toggle-button i{color:var(--toggle-button-color)}.elementor-toc__toggle-button svg{height:1em;width:1em;fill:var(--toggle-button-color)}.elementor-toc__spinner-container{text-align:center}.elementor-toc__spinner{font-size:2em}.elementor-toc__spinner.e-font-icon-svg{height:1em;width:1em}.elementor-toc__body{padding:var(--box-padding,20px);max-height:var(--toc-body-max-height);overflow-y:auto}.elementor-toc__body::-webkit-scrollbar{width:7px}.elementor-toc__body::-webkit-scrollbar-thumb{background-color:#c2cbd2;border-radius:10px}.elementor-toc__list-wrapper{list-style:none;padding:0}.elementor-toc__list-item{margin-bottom:.5em}.elementor-toc__list-item.elementor-item-active{font-weight:700}.elementor-toc__list-item .elementor-toc__list-wrapper{margin-top:.5em;margin-left:var(--nested-list-indent,1em)}.elementor-toc__list-item-text:hover{color:var(--item-text-hover-color);-webkit-text-decoration:var(--item-text-hover-decoration);text-decoration:var(--item-text-hover-decoration)}.elementor-toc__list-item-text.elementor-item-active{color:var(--item-text-active-color);-webkit-text-decoration:var(--item-text-active-decoration);text-decoration:var(--item-text-active-decoration)}.elementor-toc__list-item-text-wrapper{display:-webkit-box;display:-ms-flexbox;display:flex;-webkit-box-align:center;-ms-flex-align:center;align-items:center}.elementor-toc__list-item-text-wrapper:before,.elementor-toc__list-item-text-wrapper i{margin-right:8px;color:var(--marker-color)}.elementor-toc__list-item-text-wrapper svg{margin-right:8px;fill:var(--marker-color);height:var(--marker-size,.5em);width:var(--marker-size,.5em)}.elementor-toc__list-item-text-wrapper i{font-size:var(--marker-size,.5em)}.elementor-toc__list-item-text-wrapper:before{font-size:var(--marker-size,1em)}.elementor-toc--content-ellipsis .elementor-toc__list-item-text{white-space:nowrap;overflow:hidden;-o-text-overflow:ellipsis;text-overflow:ellipsis}.elementor-toc__list-items--collapsible>.elementor-toc__list-wrapper>.elementor-toc__list-item>.elementor-toc__list-wrapper{display:none}.elementor-toc__heading-anchor{position:absolute}.elementor-toc__body .elementor-toc__list-item-text{color:var(--item-text-color);-webkit-text-decoration:var(--item-text-decoration);text-decoration:var(--item-text-decoration)}.elementor-toc__body .elementor-toc__list-item-text:hover{color:var(--item-text-hover-color);-webkit-text-decoration:var(--item-text-hover-decoration);text-decoration:var(--item-text-hover-decoration)}.elementor-toc__body .elementor-toc__list-item-text.elementor-item-active{color:var(--item-text-active-color);-webkit-text-decoration:var(--item-text-active-decoration);text-decoration:var(--item-text-active-decoration)}ol.elementor-toc__list-wrapper{counter-reset:item}ol.elementor-toc__list-wrapper .elementor-toc__list-item{counter-increment:item}ol.elementor-toc__list-wrapper .elementor-toc__list-item-text-wrapper:before{content:counters(item,\".\") \". \"}@media only screen and (max-width:-1px){.elementor-toc--minimized-on-tablet_extra .elementor-toc__body{display:none}}@media only screen and (max-width:1024px){.elementor-toc--minimized-on-tablet .elementor-toc__body{display:none}}@media only screen and (max-width:-1px){.elementor-toc--minimized-on-mobile_extra .elementor-toc__body{display:none}}@media only screen and (max-width:767px){.elementor-toc--minimized-on-mobile .elementor-toc__body{display:none}}<\/style>\t\t<div class=\"elementor-toc__header\">\n\t\t\t<h4 class=\"elementor-toc__header-title\">\n\t\t\t\t\u0130\u00e7indekiler\t\t\t<\/h4>\n\t\t\t\t\t\t\t<div class=\"elementor-toc__toggle-button elementor-toc__toggle-button--expand\"><i class=\"fas fa-chevron-down\"><\/i><\/div>\n\t\t\t\t<div class=\"elementor-toc__toggle-button elementor-toc__toggle-button--collapse\"><i class=\"fas fa-chevron-up\"><\/i><\/div>\n\t\t\t\t\t<\/div>\n\t\t<div class=\"elementor-toc__body\">\n\t\t\t<div class=\"elementor-toc__spinner-container\">\n\t\t\t\t<i class=\"elementor-toc__spinner eicon-animation-spin eicon-loading\" aria-hidden=\"true\"><\/i>\t\t\t<\/div>\n\t\t<\/div>\n\t\t\t\t<\/div>\n\t\t\t\t<\/div>\n\t\t\t\t<div class=\"elementor-element elementor-element-34e533c elementor-widget elementor-widget-html\" data-id=\"34e533c\" data-element_type=\"widget\" data-widget_type=\"html.default\">\n\t\t\t\t<div class=\"elementor-widget-container\">\n\t\t\t<script>\njQuery(document).ready(function($) {\n    setTimeout(function() {\n\t\t$('.elementor-tab-title').removeClass('elementor-active');\n\t\t$('.elementor-tab-content').css('display', 'none'); });\n\t\t});\n<\/script>\t\t<\/div>\n\t\t\t\t<\/div>\n\t\t\t\t<div class=\"elementor-element elementor-element-4c8aea8 elementor-widget elementor-widget-heading\" data-id=\"4c8aea8\" data-element_type=\"widget\" data-widget_type=\"heading.default\">\n\t\t\t\t<div class=\"elementor-widget-container\">\n\t\t\t<style>\/*! elementor - v3.7.8 - 02-10-2022 *\/\n.elementor-heading-title{padding:0;margin:0;line-height:1}.elementor-widget-heading .elementor-heading-title[class*=elementor-size-]>a{color:inherit;font-size:inherit;line-height:inherit}.elementor-widget-heading .elementor-heading-title.elementor-size-small{font-size:15px}.elementor-widget-heading .elementor-heading-title.elementor-size-medium{font-size:19px}.elementor-widget-heading .elementor-heading-title.elementor-size-large{font-size:29px}.elementor-widget-heading .elementor-heading-title.elementor-size-xl{font-size:39px}.elementor-widget-heading .elementor-heading-title.elementor-size-xxl{font-size:59px}<\/style><h2 class=\"elementor-heading-title elementor-size-default\">T\u00fcrkiye\u2019de G\u00f6z Kapa\u011f\u0131 Esteti\u011fi (Blefaroplasti): Kapsaml\u0131 Bir Genel Bak\u0131\u015f\n<\/h2>\t\t<\/div>\n\t\t\t\t<\/div>\n\t\t\t\t<div class=\"elementor-element elementor-element-945960d elementor-widget elementor-widget-text-editor\" data-id=\"945960d\" data-element_type=\"widget\" data-widget_type=\"text-editor.default\">\n\t\t\t\t<div class=\"elementor-widget-container\">\n\t\t\t\t\t\t\t<p>T\u00fcrkiye\u2019de g\u00f6z kapa\u011f\u0131 esteti\u011fi, di\u011fer ad\u0131yla blefaroplasti, \u00fcst ve\/veya alt g\u00f6z kapaklar\u0131ndan fazla deri, ya\u011f ve kas dokusunun al\u0131narak g\u00f6z \u00e7evresine daha gen\u00e7 ve dinlenmi\u015f bir g\u00f6r\u00fcn\u00fcm kazand\u0131rmay\u0131 ama\u00e7layan pop\u00fcler bir estetik cerrahi i\u015flemdir. Y\u00fcksek kaliteli sa\u011fl\u0131k hizmetleri ve uygun fiyatlar\u0131yla tan\u0131nan T\u00fcrkiye, g\u00f6z kapa\u011f\u0131 esteti\u011fi i\u00e7in \u00f6nde gelen destinasyonlardan biri haline gelmi\u015ftir.<\/p><p>S\u00fcre\u00e7, hastan\u0131n prosed\u00fcre uygunlu\u011funu belirlemek ve istenen sonu\u00e7lar\u0131 de\u011ferlendirmek amac\u0131yla yap\u0131lan kapsaml\u0131 bir dan\u0131\u015fma ve t\u0131bbi inceleme ile ba\u015flar. Deneyimli estetik cerrahlar, geli\u015fmi\u015f cerrahi teknikleri modern ve y\u00fcksek teknolojili tesislerde uygulayarak hem en iyi sonu\u00e7lar\u0131 hem de hasta g\u00fcvenli\u011fini sa\u011flar.<\/p>\t\t\t\t\t\t<\/div>\n\t\t\t\t<\/div>\n\t\t\t\t<div class=\"elementor-element elementor-element-0f7859e elementor-widget elementor-widget-heading\" data-id=\"0f7859e\" data-element_type=\"widget\" data-widget_type=\"heading.default\">\n\t\t\t\t<div class=\"elementor-widget-container\">\n\t\t\t<h2 class=\"elementor-heading-title elementor-size-default\">G\u00f6z Kapa\u011f\u0131 Esteti\u011fi (Blefaroplasti) A\u015famalar\u0131\n<\/h2>\t\t<\/div>\n\t\t\t\t<\/div>\n\t\t\t\t<div class=\"elementor-element elementor-element-8cc9032 elementor-widget elementor-widget-text-editor\" data-id=\"8cc9032\" data-element_type=\"widget\" data-widget_type=\"text-editor.default\">\n\t\t\t\t<div class=\"elementor-widget-container\">\n\t\t\t\t\t\t\t<ol><li><p><strong>Dan\u0131\u015fma<\/strong><br \/><strong>De\u011ferlendirme:<\/strong> Cerrah, hastan\u0131n g\u00f6z kapaklar\u0131n\u0131 de\u011ferlendirir; endi\u015felerini, hedeflerini ve ameliyat\u0131 etkileyebilecek t\u0131bbi ge\u00e7mi\u015fini g\u00f6r\u00fc\u015f\u00fcr.<br \/><strong>Planlama:<\/strong> Cerrah, ameliyat\u0131n sadece \u00fcst g\u00f6z kapaklar\u0131n\u0131 m\u0131, alt g\u00f6z kapaklar\u0131n\u0131 m\u0131 yoksa her ikisini mi kapsayaca\u011f\u0131na karar verir ve beklenen sonu\u00e7lar ile olas\u0131 riskleri a\u00e7\u0131klar.<\/p><\/li><li><p><strong>Ameliyat \u00d6ncesi Haz\u0131rl\u0131k<\/strong><br \/><strong>T\u0131bbi De\u011ferlendirme:<\/strong> Hastan\u0131n ameliyat i\u00e7in uygunlu\u011funu belirlemek amac\u0131yla baz\u0131 t\u0131bbi testler yap\u0131labilir.<br \/><strong>\u0130la\u00e7 D\u00fczenlemesi:<\/strong> Cerrah, kanama riskini azaltmak i\u00e7in baz\u0131 ila\u00e7lar\u0131n kullan\u0131m\u0131n\u0131 b\u0131rakman\u0131z\u0131 veya dozunu ayarlaman\u0131z\u0131 \u00f6nerebilir.<br \/><strong>A\u00e7 Kalma:<\/strong> Hastalardan genellikle ameliyattan \u00f6nce belirli bir s\u00fcre a\u00e7 kalmalar\u0131 istenir.<\/p><\/li><li><p><strong>Anestezi<\/strong><br \/><strong>Lokal Anestezi ve Sedasyon veya Genel Anestezi:<\/strong> Ameliyat\u0131n karma\u015f\u0131kl\u0131\u011f\u0131na ve hastan\u0131n tercihine ba\u011fl\u0131 olarak i\u015flem, sedasyonlu lokal anestezi veya genel anestezi alt\u0131nda yap\u0131labilir.<\/p><\/li><li><p><strong>Ameliyat S\u00fcreci<\/strong><br \/><strong>Kesiler:<\/strong> \u00dcst g\u00f6z kapa\u011f\u0131 esteti\u011finde, kesiler genellikle g\u00f6z kapa\u011f\u0131 k\u0131vr\u0131m\u0131 boyunca yap\u0131l\u0131r. Alt g\u00f6z kapa\u011f\u0131 esteti\u011finde ise kesiler kirpik \u00e7izgisinin hemen alt\u0131na veya g\u00f6z kapa\u011f\u0131n\u0131n i\u00e7 k\u0131sm\u0131na yap\u0131labilir.<br \/><strong>D\u00fczeltme:<\/strong> Fazla deri, kas ve gerekirse ya\u011f dokusu \u00e7\u0131kar\u0131l\u0131r veya yeniden konumland\u0131r\u0131l\u0131r; b\u00f6ylece daha gen\u00e7 ve dinlenmi\u015f bir g\u00f6r\u00fcn\u00fcm elde edilir.<br \/><strong>Kapatma:<\/strong> Kesiler, eriyebilen ya da birka\u00e7 g\u00fcn sonra al\u0131nmas\u0131 gereken diki\u015flerle kapat\u0131l\u0131r.<\/p><\/li><li><p><strong>Ameliyat Sonras\u0131 \u0130lk Bak\u0131m<\/strong><br \/><strong>G\u00f6zlem:<\/strong> Hastalar, ameliyattan hemen sonra k\u0131sa bir s\u00fcre g\u00f6zlem alt\u0131nda tutulur.<br \/><strong>Talimatlar:<\/strong> Hastaya, g\u00f6zlerine nas\u0131l bak\u0131m yapaca\u011f\u0131 konusunda ayr\u0131nt\u0131l\u0131 talimatlar verilir. Buna buz kompresi uygulamas\u0131, merhem kullan\u0131m\u0131 ve enfeksiyon riskini azaltmak ile a\u011fr\u0131y\u0131 hafifletmeye y\u00f6nelik ila\u00e7lar dahildir.<\/p><\/li><li><p><strong>\u0130yile\u015fme S\u00fcreci<\/strong><br \/><strong>Kontrol Randevular\u0131:<\/strong> Hastalar, iyile\u015fme s\u00fcrecini izlemek i\u00e7in genellikle birka\u00e7 kez kontrole \u00e7a\u011fr\u0131l\u0131r.<br \/><strong>Aktivite K\u0131s\u0131tlamalar\u0131:<\/strong> Yorucu aktivitelerden ka\u00e7\u0131n\u0131lmas\u0131 ve ba\u015f\u0131n y\u00fcksekte tutulmas\u0131 \u00f6nerilir; bu, \u015fi\u015fli\u011fi azaltmaya yard\u0131mc\u0131 olur.<br \/><strong>\u015ei\u015flik ve Morarma:<\/strong> Ameliyat sonras\u0131 \u015fi\u015flik ve morarma normaldir ancak genellikle 1\u20132 hafta i\u00e7inde azalmaya ba\u015flar.<\/p><\/li><li><p><strong>Uzun D\u00f6nem Bak\u0131m ve Sonu\u00e7 De\u011ferlendirmesi<\/strong><br \/><strong>Nihai Sonu\u00e7:<\/strong> Ameliyat\u0131n tam sonucu, \u015fi\u015fli\u011fin tamamen ge\u00e7mesinden sonra, yani birka\u00e7 ay i\u00e7inde tam olarak g\u00f6r\u00fcl\u00fcr.<br \/><strong>Ek Tedaviler:<\/strong> Baz\u0131 hastalar, istenen sonu\u00e7lara ula\u015fmak i\u00e7in ek i\u015flemler veya d\u00fczeltici ameliyatlar yapt\u0131rabilir.<\/p><\/li><\/ol>\t\t\t\t\t\t<\/div>\n\t\t\t\t<\/div>\n\t\t\t\t<div class=\"elementor-element elementor-element-a43db8a elementor-widget elementor-widget-heading\" data-id=\"a43db8a\" data-element_type=\"widget\" data-widget_type=\"heading.default\">\n\t\t\t\t<div class=\"elementor-widget-container\">\n\t\t\t<h2 class=\"elementor-heading-title elementor-size-default\">T\u00fcrkiye\u2019de G\u00f6z Kapa\u011f\u0131 Esteti\u011fi (Blefaroplasti) Neden Ucuz?\n<\/h2>\t\t<\/div>\n\t\t\t\t<\/div>\n\t\t\t\t<div class=\"elementor-element elementor-element-05f1234 elementor-widget elementor-widget-text-editor\" data-id=\"05f1234\" data-element_type=\"widget\" data-widget_type=\"text-editor.default\">\n\t\t\t\t<div class=\"elementor-widget-container\">\n\t\t\t\t\t\t\t<p>D\u00f6viz kuru: Yabanc\u0131 para birimlerinin T\u00fcrk liras\u0131na kar\u015f\u0131 avantajl\u0131 olmas\u0131, uluslararas\u0131 hastalar i\u00e7in i\u015flemleri daha da uygun fiyatl\u0131 hale getirebilir.<br \/>Standartla\u015ft\u0131r\u0131lm\u0131\u015f prosed\u00fcrler: T\u00fcrkiye\u2019deki bir\u00e7ok klinik, g\u00f6z kapa\u011f\u0131 esteti\u011fi gibi yayg\u0131n i\u015flemler i\u00e7in standart protokoller ve teknikler uygular; bu da verimlili\u011fi art\u0131r\u0131r ve maliyetleri d\u00fc\u015f\u00fcr\u00fcr.<\/p>\t\t\t\t\t\t<\/div>\n\t\t\t\t<\/div>\n\t\t\t\t<div class=\"elementor-element elementor-element-7f2081b elementor-widget elementor-widget-heading\" data-id=\"7f2081b\" data-element_type=\"widget\" data-widget_type=\"heading.default\">\n\t\t\t\t<div class=\"elementor-widget-container\">\n\t\t\t<h2 class=\"elementor-heading-title elementor-size-default\">T\u00fcrkiye\u2019de G\u00f6z Kapa\u011f\u0131 Esteti\u011fi (blefaroplasti) Yapt\u0131rmak G\u00fcvenli mi?\n<\/h2>\t\t<\/div>\n\t\t\t\t<\/div>\n\t\t\t\t<div class=\"elementor-element elementor-element-5fb7158 elementor-widget elementor-widget-text-editor\" data-id=\"5fb7158\" data-element_type=\"widget\" data-widget_type=\"text-editor.default\">\n\t\t\t\t<div class=\"elementor-widget-container\">\n\t\t\t\t\t\t\t<p>T\u00fcrkiye\u2019de y\u00fcz esteti\u011fi tedavisi, sa\u011fl\u0131k hizmeti sa\u011flay\u0131c\u0131lar\u0131n\u0131 ve tesisleri dikkatli bir \u015fekilde se\u00e7ti\u011finiz s\u00fcrece bir\u00e7ok ki\u015fi i\u00e7in g\u00fcvenli ve etkili bir se\u00e7enek olabilir. T\u00fcrkiye, \u00f6zellikle \u0130stanbul, Ankara ve \u0130zmir gibi b\u00fcy\u00fck \u015fehirlerde uluslararas\u0131 hastalara hizmet veren bir\u00e7ok hastane ve klini\u011fe sahip geli\u015fmi\u015f sa\u011fl\u0131k hizmetleriyle tan\u0131nmaktad\u0131r.<\/p>\t\t\t\t\t\t<\/div>\n\t\t\t\t<\/div>\n\t\t\t\t\t<\/div>\n\t\t<\/div>\n\t\t\t\t\t\t\t<\/div>\n\t\t<\/section>\n\t\t\t\t\t\t\t<\/div>\n\t\t","protected":false},"excerpt":{"rendered":"<p>G\u00f6z kapa\u011f\u0131 esteti\u011fi, genellikle g\u00f6z kapa\u011f\u0131 ameliyat\u0131 veya blefaroplasti olarak adland\u0131r\u0131lan, y\u00fcz\u00fcn g\u00f6z \u00e7evresi b\u00f6lgesinde yap\u0131lan kozmetik veya rekonstr\u00fcktif bir cerrahi t\u00fcr\u00fcd\u00fcr. Bu i\u015flem, \u00fcst g\u00f6z kapaklar\u0131nda, alt g\u00f6z kapaklar\u0131nda veya her ikisinde birden uygulanabilir. \u0130\u00e7indekiler T\u00fcrkiye\u2019de G\u00f6z Kapa\u011f\u0131 Esteti\u011fi (Blefaroplasti): Kapsaml\u0131 Bir Genel Bak\u0131\u015f T\u00fcrkiye\u2019de g\u00f6z kapa\u011f\u0131 esteti\u011fi, di\u011fer ad\u0131yla blefaroplasti, \u00fcst ve\/veya alt [&hellip;]<\/p>\n","protected":false},"author":22,"featured_media":0,"parent":0,"menu_order":0,"comment_status":"closed","ping_status":"closed","template":"","meta":{"inline_featured_image":false,"footnotes":""},"class_list":["post-24969","page","type-page","status-publish","hentry"],"_links":{"self":[{"href":"https:\/\/docvivosaglik.com\/tr\/wp-json\/wp\/v2\/pages\/24969","targetHints":{"allow":["GET"]}}],"collection":[{"href":"https:\/\/docvivosaglik.com\/tr\/wp-json\/wp\/v2\/pages"}],"about":[{"href":"https:\/\/docvivosaglik.com\/tr\/wp-json\/wp\/v2\/types\/page"}],"author":[{"embeddable":true,"href":"https:\/\/docvivosaglik.com\/tr\/wp-json\/wp\/v2\/users\/22"}],"replies":[{"embeddable":true,"href":"https:\/\/docvivosaglik.com\/tr\/wp-json\/wp\/v2\/comments?post=24969"}],"version-history":[{"count":4,"href":"https:\/\/docvivosaglik.com\/tr\/wp-json\/wp\/v2\/pages\/24969\/revisions"}],"predecessor-version":[{"id":24973,"href":"https:\/\/docvivosaglik.com\/tr\/wp-json\/wp\/v2\/pages\/24969\/revisions\/24973"}],"wp:attachment":[{"href":"https:\/\/docvivosaglik.com\/tr\/wp-json\/wp\/v2\/media?parent=24969"}],"curies":[{"name":"wp","href":"https:\/\/api.w.org\/{rel}","templated":true}]}}