{"id":24932,"date":"2025-10-07T13:45:55","date_gmt":"2025-10-07T10:45:55","guid":{"rendered":"https:\/\/docvivosaglik.com\/?page_id=24932"},"modified":"2025-10-07T13:48:59","modified_gmt":"2025-10-07T10:48:59","slug":"kilo-verme-ameliyati-sonrasi-estetik","status":"publish","type":"page","link":"https:\/\/docvivosaglik.com\/tr\/kilo-verme-ameliyati-sonrasi-estetik\/","title":{"rendered":"Kilo Verme Ameliyat\u0131 Sonras\u0131 Estetik"},"content":{"rendered":"\t\t<div data-elementor-type=\"wp-page\" data-elementor-id=\"24932\" class=\"elementor elementor-24932\">\n\t\t\t\t\t\t\t\t\t<section class=\"elementor-section elementor-top-section elementor-element elementor-element-2ccc73a elementor-section-boxed elementor-section-height-default elementor-section-height-default\" data-id=\"2ccc73a\" data-element_type=\"section\">\n\t\t\t\t\t\t<div class=\"elementor-container elementor-column-gap-default\">\n\t\t\t\t\t<div class=\"elementor-column elementor-col-100 elementor-top-column elementor-element elementor-element-8cec379\" data-id=\"8cec379\" data-element_type=\"column\">\n\t\t\t<div class=\"elementor-widget-wrap elementor-element-populated\">\n\t\t\t\t\t\t\t\t<div class=\"elementor-element elementor-element-efe7f82 elementor-widget elementor-widget-text-editor\" data-id=\"efe7f82\" data-element_type=\"widget\" data-widget_type=\"text-editor.default\">\n\t\t\t\t<div class=\"elementor-widget-container\">\n\t\t\t<style>\/*! elementor - v3.7.8 - 02-10-2022 *\/\n.elementor-widget-text-editor.elementor-drop-cap-view-stacked .elementor-drop-cap{background-color:#818a91;color:#fff}.elementor-widget-text-editor.elementor-drop-cap-view-framed .elementor-drop-cap{color:#818a91;border:3px solid;background-color:transparent}.elementor-widget-text-editor:not(.elementor-drop-cap-view-default) .elementor-drop-cap{margin-top:8px}.elementor-widget-text-editor:not(.elementor-drop-cap-view-default) .elementor-drop-cap-letter{width:1em;height:1em}.elementor-widget-text-editor .elementor-drop-cap{float:left;text-align:center;line-height:1;font-size:50px}.elementor-widget-text-editor .elementor-drop-cap-letter{display:inline-block}<\/style>\t\t\t\t<p>T\u00fcrkiye\u2019de post-bariatrik cerrahi (kilo verme sonras\u0131 estetik), b\u00fcy\u00fck miktarda kilo kayb\u0131n\u0131n ard\u0131ndan v\u00fccutta olu\u015fan fazla deriyi almak ve v\u00fccut hatlar\u0131n\u0131 yeniden \u015fekillendirmek i\u00e7in yap\u0131lan i\u015flemleri kapsar. T\u00fcrkiye, uygun fiyatlarla y\u00fcksek kaliteli t\u0131bbi hizmetleriyle tan\u0131n\u0131r ve deneyimli cerrahlar taraf\u0131ndan kar\u0131n germe, kol germe ve uyluk germe gibi operasyonlar ger\u00e7ekle\u015ftirilir. Kapsaml\u0131 bak\u0131m paketleri genellikle ameliyat \u00f6ncesi dan\u0131\u015fmanl\u0131k, ameliyat\u0131n kendisi ve ameliyat sonras\u0131 takip hizmetlerini i\u00e7erir.<\/p>\t\t\t\t\t\t<\/div>\n\t\t\t\t<\/div>\n\t\t\t\t<div class=\"elementor-element elementor-element-53b789f elementor-toc--minimized-on-tablet elementor-widget elementor-widget-table-of-contents\" data-id=\"53b789f\" data-element_type=\"widget\" data-settings=\"{&quot;exclude_headings_by_selector&quot;:[],&quot;headings_by_tags&quot;:[&quot;h2&quot;,&quot;h3&quot;,&quot;h4&quot;,&quot;h5&quot;,&quot;h6&quot;],&quot;marker_view&quot;:&quot;numbers&quot;,&quot;minimize_box&quot;:&quot;yes&quot;,&quot;minimized_on&quot;:&quot;tablet&quot;,&quot;hierarchical_view&quot;:&quot;yes&quot;,&quot;min_height&quot;:{&quot;unit&quot;:&quot;px&quot;,&quot;size&quot;:&quot;&quot;,&quot;sizes&quot;:[]},&quot;min_height_tablet&quot;:{&quot;unit&quot;:&quot;px&quot;,&quot;size&quot;:&quot;&quot;,&quot;sizes&quot;:[]},&quot;min_height_mobile&quot;:{&quot;unit&quot;:&quot;px&quot;,&quot;size&quot;:&quot;&quot;,&quot;sizes&quot;:[]}}\" data-widget_type=\"table-of-contents.default\">\n\t\t\t\t<div class=\"elementor-widget-container\">\n\t\t\t<style>\/*! elementor-pro - v3.5.2 - 28-11-2021 *\/\n.elementor-widget-table-of-contents .elementor-toc__header-title{color:var(--header-color)}.elementor-widget-table-of-contents.elementor-toc--collapsed .elementor-toc__toggle-button--collapse,.elementor-widget-table-of-contents:not(.elementor-toc--collapsed) .elementor-toc__toggle-button--expand{display:none}.elementor-widget-table-of-contents .elementor-widget-container{min-height:var(--box-min-height);border:var(--box-border-width,1px) solid var(--box-border-color,#a4afb7);border-radius:var(--box-border-radius,3px);background-color:var(--box-background-color);-webkit-transition:min-height .4s;-o-transition:min-height .4s;transition:min-height .4s;overflow:hidden}.elementor-toc__header{display:-webkit-box;display:-ms-flexbox;display:flex;-webkit-box-align:center;-ms-flex-align:center;align-items:center;-webkit-box-pack:justify;-ms-flex-pack:justify;justify-content:space-between;padding:var(--box-padding,20px);background-color:var(--header-background-color);border-bottom:var(--separator-width,1px) solid var(--box-border-color,#a4afb7)}.elementor-toc__header-title{font-size:18px;margin:0;color:var(--header-color)}.elementor-toc__toggle-button{cursor:pointer;display:-webkit-inline-box;display:-ms-inline-flexbox;display:inline-flex}.elementor-toc__toggle-button i{color:var(--toggle-button-color)}.elementor-toc__toggle-button svg{height:1em;width:1em;fill:var(--toggle-button-color)}.elementor-toc__spinner-container{text-align:center}.elementor-toc__spinner{font-size:2em}.elementor-toc__spinner.e-font-icon-svg{height:1em;width:1em}.elementor-toc__body{padding:var(--box-padding,20px);max-height:var(--toc-body-max-height);overflow-y:auto}.elementor-toc__body::-webkit-scrollbar{width:7px}.elementor-toc__body::-webkit-scrollbar-thumb{background-color:#c2cbd2;border-radius:10px}.elementor-toc__list-wrapper{list-style:none;padding:0}.elementor-toc__list-item{margin-bottom:.5em}.elementor-toc__list-item.elementor-item-active{font-weight:700}.elementor-toc__list-item .elementor-toc__list-wrapper{margin-top:.5em;margin-left:var(--nested-list-indent,1em)}.elementor-toc__list-item-text:hover{color:var(--item-text-hover-color);-webkit-text-decoration:var(--item-text-hover-decoration);text-decoration:var(--item-text-hover-decoration)}.elementor-toc__list-item-text.elementor-item-active{color:var(--item-text-active-color);-webkit-text-decoration:var(--item-text-active-decoration);text-decoration:var(--item-text-active-decoration)}.elementor-toc__list-item-text-wrapper{display:-webkit-box;display:-ms-flexbox;display:flex;-webkit-box-align:center;-ms-flex-align:center;align-items:center}.elementor-toc__list-item-text-wrapper:before,.elementor-toc__list-item-text-wrapper i{margin-right:8px;color:var(--marker-color)}.elementor-toc__list-item-text-wrapper svg{margin-right:8px;fill:var(--marker-color);height:var(--marker-size,.5em);width:var(--marker-size,.5em)}.elementor-toc__list-item-text-wrapper i{font-size:var(--marker-size,.5em)}.elementor-toc__list-item-text-wrapper:before{font-size:var(--marker-size,1em)}.elementor-toc--content-ellipsis .elementor-toc__list-item-text{white-space:nowrap;overflow:hidden;-o-text-overflow:ellipsis;text-overflow:ellipsis}.elementor-toc__list-items--collapsible>.elementor-toc__list-wrapper>.elementor-toc__list-item>.elementor-toc__list-wrapper{display:none}.elementor-toc__heading-anchor{position:absolute}.elementor-toc__body .elementor-toc__list-item-text{color:var(--item-text-color);-webkit-text-decoration:var(--item-text-decoration);text-decoration:var(--item-text-decoration)}.elementor-toc__body .elementor-toc__list-item-text:hover{color:var(--item-text-hover-color);-webkit-text-decoration:var(--item-text-hover-decoration);text-decoration:var(--item-text-hover-decoration)}.elementor-toc__body .elementor-toc__list-item-text.elementor-item-active{color:var(--item-text-active-color);-webkit-text-decoration:var(--item-text-active-decoration);text-decoration:var(--item-text-active-decoration)}ol.elementor-toc__list-wrapper{counter-reset:item}ol.elementor-toc__list-wrapper .elementor-toc__list-item{counter-increment:item}ol.elementor-toc__list-wrapper .elementor-toc__list-item-text-wrapper:before{content:counters(item,\".\") \". \"}@media only screen and (max-width:-1px){.elementor-toc--minimized-on-tablet_extra .elementor-toc__body{display:none}}@media only screen and (max-width:1024px){.elementor-toc--minimized-on-tablet .elementor-toc__body{display:none}}@media only screen and (max-width:-1px){.elementor-toc--minimized-on-mobile_extra .elementor-toc__body{display:none}}@media only screen and (max-width:767px){.elementor-toc--minimized-on-mobile .elementor-toc__body{display:none}}<\/style>\t\t<div class=\"elementor-toc__header\">\n\t\t\t<h4 class=\"elementor-toc__header-title\">\n\t\t\t\t\u0130\u00e7indekiler\t\t\t<\/h4>\n\t\t\t\t\t\t\t<div class=\"elementor-toc__toggle-button elementor-toc__toggle-button--expand\"><i class=\"fas fa-chevron-down\"><\/i><\/div>\n\t\t\t\t<div class=\"elementor-toc__toggle-button elementor-toc__toggle-button--collapse\"><i class=\"fas fa-chevron-up\"><\/i><\/div>\n\t\t\t\t\t<\/div>\n\t\t<div class=\"elementor-toc__body\">\n\t\t\t<div class=\"elementor-toc__spinner-container\">\n\t\t\t\t<i class=\"elementor-toc__spinner eicon-animation-spin eicon-loading\" aria-hidden=\"true\"><\/i>\t\t\t<\/div>\n\t\t<\/div>\n\t\t\t\t<\/div>\n\t\t\t\t<\/div>\n\t\t\t\t<div class=\"elementor-element elementor-element-34e533c elementor-widget elementor-widget-html\" data-id=\"34e533c\" data-element_type=\"widget\" data-widget_type=\"html.default\">\n\t\t\t\t<div class=\"elementor-widget-container\">\n\t\t\t<script>\njQuery(document).ready(function($) {\n    setTimeout(function() {\n\t\t$('.elementor-tab-title').removeClass('elementor-active');\n\t\t$('.elementor-tab-content').css('display', 'none'); });\n\t\t});\n<\/script>\t\t<\/div>\n\t\t\t\t<\/div>\n\t\t\t\t<div class=\"elementor-element elementor-element-4c8aea8 elementor-widget elementor-widget-heading\" data-id=\"4c8aea8\" data-element_type=\"widget\" data-widget_type=\"heading.default\">\n\t\t\t\t<div class=\"elementor-widget-container\">\n\t\t\t<style>\/*! elementor - v3.7.8 - 02-10-2022 *\/\n.elementor-heading-title{padding:0;margin:0;line-height:1}.elementor-widget-heading .elementor-heading-title[class*=elementor-size-]>a{color:inherit;font-size:inherit;line-height:inherit}.elementor-widget-heading .elementor-heading-title.elementor-size-small{font-size:15px}.elementor-widget-heading .elementor-heading-title.elementor-size-medium{font-size:19px}.elementor-widget-heading .elementor-heading-title.elementor-size-large{font-size:29px}.elementor-widget-heading .elementor-heading-title.elementor-size-xl{font-size:39px}.elementor-widget-heading .elementor-heading-title.elementor-size-xxl{font-size:59px}<\/style><h2 class=\"elementor-heading-title elementor-size-default\">T\u00fcrkiye\u2019de Post-Bariatrik Cerrahi: Kapsaml\u0131 Bir Genel Bak\u0131\u015f\n<\/h2>\t\t<\/div>\n\t\t\t\t<\/div>\n\t\t\t\t<div class=\"elementor-element elementor-element-945960d elementor-widget elementor-widget-text-editor\" data-id=\"945960d\" data-element_type=\"widget\" data-widget_type=\"text-editor.default\">\n\t\t\t\t<div class=\"elementor-widget-container\">\n\t\t\t\t\t\t\t<p data-start=\"0\" data-end=\"316\">T\u00fcrkiye\u2019de post-bariatrik cerrahi s\u00fcreci, hastan\u0131n ameliyata haz\u0131r olup olmad\u0131\u011f\u0131n\u0131 belirlemek i\u00e7in yap\u0131lan kapsaml\u0131 bir dan\u0131\u015fma ve t\u0131bbi de\u011ferlendirme ile ba\u015flar. Ameliyat, modern ve y\u00fcksek teknolojili tesislerde, alan\u0131nda son derece deneyimli cerrahlar taraf\u0131ndan geli\u015fmi\u015f teknikler kullan\u0131larak ger\u00e7ekle\u015ftirilir.<\/p><p data-start=\"318\" data-end=\"661\" data-is-last-node=\"\" data-is-only-node=\"\">Ameliyat sonras\u0131nda ba\u015far\u0131l\u0131 bir iyile\u015fme ve uzun vadeli kilo kontrol\u00fc i\u00e7in kapsaml\u0131 bir bak\u0131m plan\u0131 b\u00fcy\u00fck \u00f6nem ta\u015f\u0131r. Bu plan, d\u00fczenli kontrol ziyaretlerini, beslenme dan\u0131\u015fmanl\u0131\u011f\u0131n\u0131 ve ki\u015fiye \u00f6zel egzersiz programlar\u0131n\u0131 i\u00e7erir. Hastalar, olas\u0131 komplikasyonlar\u0131n y\u00f6netimi ve en iyi sa\u011fl\u0131k sonu\u00e7lar\u0131n\u0131n elde edilmesi i\u00e7in yak\u0131ndan takip edilir.<\/p>\t\t\t\t\t\t<\/div>\n\t\t\t\t<\/div>\n\t\t\t\t<div class=\"elementor-element elementor-element-0f7859e elementor-widget elementor-widget-heading\" data-id=\"0f7859e\" data-element_type=\"widget\" data-widget_type=\"heading.default\">\n\t\t\t\t<div class=\"elementor-widget-container\">\n\t\t\t<h2 class=\"elementor-heading-title elementor-size-default\">Post-Bariatrik Cerrahi (Kilo Verme Sonras\u0131 Estetik) A\u015famalar\u0131\n<\/h2>\t\t<\/div>\n\t\t\t\t<\/div>\n\t\t\t\t<div class=\"elementor-element elementor-element-8cc9032 elementor-widget elementor-widget-text-editor\" data-id=\"8cc9032\" data-element_type=\"widget\" data-widget_type=\"text-editor.default\">\n\t\t\t\t<div class=\"elementor-widget-container\">\n\t\t\t\t\t\t\t<ul><li data-start=\"0\" data-end=\"394\"><p data-start=\"3\" data-end=\"394\"><strong data-start=\"3\" data-end=\"18\" data-is-only-node=\"\">\u0130lk Dan\u0131\u015fma<\/strong><br data-start=\"18\" data-end=\"21\" \/><strong data-start=\"21\" data-end=\"39\">De\u011ferlendirme:<\/strong> Estetik cerrah, sa\u011fl\u0131k durumunuzu de\u011ferlendirir, problemli b\u00f6lgeleri inceler ve hedeflerinizi dinler.<br data-start=\"141\" data-end=\"144\" \/><strong data-start=\"144\" data-end=\"156\">G\u00f6r\u00fc\u015fme:<\/strong> V\u00fccut \u015fekillendirme se\u00e7enekleri \u00fczerine konu\u015fulur; cerrah ihtiya\u00e7lar\u0131n\u0131za en uygun i\u015flemleri \u00f6nerebilir.<br data-start=\"261\" data-end=\"264\" \/><strong data-start=\"264\" data-end=\"277\">Planlama:<\/strong> Cerrah, \u00f6nerilen ameliyatlar\u0131n ad\u0131mlar\u0131n\u0131, risklerini, faydalar\u0131n\u0131 ve iyile\u015fme s\u00fcrecine dair beklentileri a\u00e7\u0131klar.<\/p><\/li><li data-start=\"396\" data-end=\"825\"><p data-start=\"399\" data-end=\"825\"><strong data-start=\"399\" data-end=\"427\" data-is-only-node=\"\">Ameliyat \u00d6ncesi Haz\u0131rl\u0131k<\/strong><br data-start=\"427\" data-end=\"430\" \/><strong data-start=\"430\" data-end=\"454\">T\u0131bbi De\u011ferlendirme:<\/strong> Ameliyat \u00f6ncesinde sa\u011fl\u0131k durumunuzun operasyon i\u00e7in uygun olup olmad\u0131\u011f\u0131n\u0131 belirlemek amac\u0131yla testler yap\u0131l\u0131r.<br data-start=\"566\" data-end=\"569\" \/><strong data-start=\"569\" data-end=\"597\">Beslenme ve Ya\u015fam Tarz\u0131:<\/strong> Kilo dengesini korumak ve iyile\u015fmeyi h\u0131zland\u0131rmak i\u00e7in beslenme ve ya\u015fam tarz\u0131 konusunda rehberlik sa\u011flan\u0131r.<br data-start=\"706\" data-end=\"709\" \/><strong data-start=\"709\" data-end=\"721\">\u0130la\u00e7lar:<\/strong> Ameliyattan \u00f6nce al\u0131nmas\u0131 veya b\u0131rak\u0131lmas\u0131 gereken ila\u00e7lar ve takviyelerle ilgili talimatlar verilir.<\/p><\/li><li data-start=\"827\" data-end=\"1219\"><p data-start=\"830\" data-end=\"1219\"><strong data-start=\"830\" data-end=\"842\" data-is-only-node=\"\">Ameliyat<\/strong><br data-start=\"842\" data-end=\"845\" \/>\u0130\u015flemler, ki\u015fisel ihtiya\u00e7lara g\u00f6re de\u011fi\u015febilir; kar\u0131n germe, v\u00fccut kald\u0131rma, meme dikle\u015ftirme, kol germe veya uyluk germe gibi operasyonlar yap\u0131labilir.<br data-start=\"997\" data-end=\"1000\" \/><strong data-start=\"1000\" data-end=\"1013\">Anestezi:<\/strong> \u00c7o\u011fu post-bariatrik cerrahi genel anestezi alt\u0131nda ger\u00e7ekle\u015ftirilir.<br data-start=\"1082\" data-end=\"1085\" \/><strong data-start=\"1085\" data-end=\"1099\">Operasyon:<\/strong> Ameliyat\u0131n s\u00fcresi yap\u0131lan i\u015flem say\u0131s\u0131na ve kapsam\u0131na g\u00f6re de\u011fi\u015fir; genellikle 2 ila 6 saat veya daha uzun s\u00fcrebilir.<\/p><\/li><li data-start=\"1221\" data-end=\"1623\"><p data-start=\"1224\" data-end=\"1623\"><strong data-start=\"1224\" data-end=\"1243\" data-is-only-node=\"\">\u0130yile\u015fme S\u00fcreci<\/strong><br data-start=\"1243\" data-end=\"1246\" \/><strong data-start=\"1246\" data-end=\"1279\">Ameliyat Sonras\u0131 Erken D\u00f6nem:<\/strong> \u0130yile\u015fme s\u00fcreci hastanede veya cerrahi merkezde ba\u015flar; birka\u00e7 g\u00fcn yat\u0131\u015f gerekebilir.<br data-start=\"1365\" data-end=\"1368\" \/><strong data-start=\"1368\" data-end=\"1386\">Evde \u0130yile\u015fme:<\/strong> Kesi bak\u0131m\u0131, olas\u0131 komplikasyon belirtileri, hareket k\u0131s\u0131tlamalar\u0131 ve korse kullan\u0131m\u0131 hakk\u0131nda detayl\u0131 talimatlar verilir.<br data-start=\"1509\" data-end=\"1512\" \/><strong data-start=\"1512\" data-end=\"1536\">Kontrol Ziyaretleri:<\/strong> \u0130yile\u015fme s\u00fcrecinin ve ilerlemenin izlenmesi i\u00e7in d\u00fczenli doktor kontrolleri yap\u0131l\u0131r.<\/p><\/li><li data-start=\"1625\" data-end=\"2021\"><p data-start=\"1628\" data-end=\"2021\"><strong data-start=\"1628\" data-end=\"1649\" data-is-only-node=\"\">Uzun Vadeli Bak\u0131m<\/strong><br data-start=\"1649\" data-end=\"1652\" \/><strong data-start=\"1652\" data-end=\"1672\">Yara \u0130zi Bak\u0131m\u0131:<\/strong> \u0130zlerin d\u00fczg\u00fcn iyile\u015fmesi i\u00e7in gerekli bak\u0131m ve \u00fcr\u00fcn kullan\u0131m\u0131 konusunda y\u00f6nlendirme yap\u0131l\u0131r.<br data-start=\"1766\" data-end=\"1769\" \/><strong data-start=\"1769\" data-end=\"1785\">Ya\u015fam Tarz\u0131:<\/strong> Ameliyat sonu\u00e7lar\u0131n\u0131 korumak i\u00e7in sa\u011fl\u0131kl\u0131 beslenme ve d\u00fczenli egzersiz vurgulan\u0131r.<br data-start=\"1869\" data-end=\"1872\" \/><strong data-start=\"1872\" data-end=\"1894\">Psikolojik Destek:<\/strong> V\u00fccut de\u011fi\u015fimlerine uyum sa\u011flamak duygusal olarak zorlay\u0131c\u0131 olabilir; bu nedenle profesyonel veya grup deste\u011fi \u00f6nerilebilir.<\/p><\/li><li data-start=\"2023\" data-end=\"2217\" data-is-last-node=\"\"><p data-start=\"2026\" data-end=\"2217\" data-is-last-node=\"\"><strong data-start=\"2026\" data-end=\"2041\" data-is-only-node=\"\">Ek \u0130\u015flemler<\/strong><br data-start=\"2041\" data-end=\"2044\" \/>Baz\u0131 durumlarda, fazla derinin miktar\u0131na ve hastan\u0131n genel sa\u011fl\u0131k durumuna ba\u011fl\u0131 olarak ek ameliyatlar planlanabilir. Bu i\u015flemler genellikle a\u015famal\u0131 olarak ger\u00e7ekle\u015ftirilir.<\/p><\/li><\/ul>\t\t\t\t\t\t<\/div>\n\t\t\t\t<\/div>\n\t\t\t\t<div class=\"elementor-element elementor-element-a43db8a elementor-widget elementor-widget-heading\" data-id=\"a43db8a\" data-element_type=\"widget\" data-widget_type=\"heading.default\">\n\t\t\t\t<div class=\"elementor-widget-container\">\n\t\t\t<h2 class=\"elementor-heading-title elementor-size-default\">T\u00fcrkiye\u2019de Post-Bariatrik Cerrahi (Kilo Verme Sonras\u0131 Estetik) Neden Ucuz?\n<\/h2>\t\t<\/div>\n\t\t\t\t<\/div>\n\t\t\t\t<div class=\"elementor-element elementor-element-05f1234 elementor-widget elementor-widget-text-editor\" data-id=\"05f1234\" data-element_type=\"widget\" data-widget_type=\"text-editor.default\">\n\t\t\t\t<div class=\"elementor-widget-container\">\n\t\t\t\t\t\t\t<p data-start=\"0\" data-end=\"245\">D\u00f6viz kuru: Yabanc\u0131 para birimlerinin T\u00fcrk liras\u0131na kar\u015f\u0131 avantajl\u0131 olmas\u0131, uluslararas\u0131 hastalar i\u00e7in i\u015flemleri daha da uygun fiyatl\u0131 hale getirebilir.<br \/>Standartla\u015ft\u0131r\u0131lm\u0131\u015f prosed\u00fcrler: T\u00fcrkiye\u2019deki bir\u00e7ok klinik, post-bariatrik cerrahi gibi yayg\u0131n i\u015flemler i\u00e7in standart protokoller ve teknikler uygular; bu da verimlili\u011fi art\u0131r\u0131r ve maliyetleri d\u00fc\u015f\u00fcr\u00fcr.<\/p>\t\t\t\t\t\t<\/div>\n\t\t\t\t<\/div>\n\t\t\t\t<div class=\"elementor-element elementor-element-7f2081b elementor-widget elementor-widget-heading\" data-id=\"7f2081b\" data-element_type=\"widget\" data-widget_type=\"heading.default\">\n\t\t\t\t<div class=\"elementor-widget-container\">\n\t\t\t<h2 class=\"elementor-heading-title elementor-size-default\">T\u00fcrkiye\u2019de Post-Bariatrik Cerrahi (Kilo Verme Sonras\u0131 Estetik) Yapt\u0131rmak G\u00fcvenli mi?\n<\/h2>\t\t<\/div>\n\t\t\t\t<\/div>\n\t\t\t\t<div class=\"elementor-element elementor-element-5fb7158 elementor-widget elementor-widget-text-editor\" data-id=\"5fb7158\" data-element_type=\"widget\" data-widget_type=\"text-editor.default\">\n\t\t\t\t<div class=\"elementor-widget-container\">\n\t\t\t\t\t\t\t<p>Evet, T\u00fcrkiye\u2019de post-bariatrik cerrahi yapt\u0131rmak genel olarak g\u00fcvenlidir. \u00dclke, y\u00fcksek t\u0131bbi standartlar\u0131, deneyimli cerrahlar\u0131 ve ileri teknolojiye sahip tesisleriyle tan\u0131n\u0131r. Ancak g\u00fcvenli\u011fi ve en iyi sonu\u00e7lar\u0131 sa\u011flamak i\u00e7in kapsaml\u0131 bir ara\u015ft\u0131rma yapmak, g\u00fcvenilir bir klinik ve sertifikal\u0131 bir cerrah se\u00e7mek b\u00fcy\u00fck \u00f6nem ta\u015f\u0131r.<\/p>\t\t\t\t\t\t<\/div>\n\t\t\t\t<\/div>\n\t\t\t\t\t<\/div>\n\t\t<\/div>\n\t\t\t\t\t\t\t<\/div>\n\t\t<\/section>\n\t\t\t\t\t\t\t<\/div>\n\t\t","protected":false},"excerpt":{"rendered":"<p>T\u00fcrkiye\u2019de post-bariatrik cerrahi (kilo verme sonras\u0131 estetik), b\u00fcy\u00fck miktarda kilo kayb\u0131n\u0131n ard\u0131ndan v\u00fccutta olu\u015fan fazla deriyi almak ve v\u00fccut hatlar\u0131n\u0131 yeniden \u015fekillendirmek i\u00e7in yap\u0131lan i\u015flemleri kapsar. T\u00fcrkiye, uygun fiyatlarla y\u00fcksek kaliteli t\u0131bbi hizmetleriyle tan\u0131n\u0131r ve deneyimli cerrahlar taraf\u0131ndan kar\u0131n germe, kol germe ve uyluk germe gibi operasyonlar ger\u00e7ekle\u015ftirilir. Kapsaml\u0131 bak\u0131m paketleri genellikle ameliyat \u00f6ncesi dan\u0131\u015fmanl\u0131k, [&hellip;]<\/p>\n","protected":false},"author":22,"featured_media":0,"parent":0,"menu_order":0,"comment_status":"closed","ping_status":"closed","template":"","meta":{"inline_featured_image":false,"footnotes":""},"class_list":["post-24932","page","type-page","status-publish","hentry"],"_links":{"self":[{"href":"https:\/\/docvivosaglik.com\/tr\/wp-json\/wp\/v2\/pages\/24932","targetHints":{"allow":["GET"]}}],"collection":[{"href":"https:\/\/docvivosaglik.com\/tr\/wp-json\/wp\/v2\/pages"}],"about":[{"href":"https:\/\/docvivosaglik.com\/tr\/wp-json\/wp\/v2\/types\/page"}],"author":[{"embeddable":true,"href":"https:\/\/docvivosaglik.com\/tr\/wp-json\/wp\/v2\/users\/22"}],"replies":[{"embeddable":true,"href":"https:\/\/docvivosaglik.com\/tr\/wp-json\/wp\/v2\/comments?post=24932"}],"version-history":[{"count":4,"href":"https:\/\/docvivosaglik.com\/tr\/wp-json\/wp\/v2\/pages\/24932\/revisions"}],"predecessor-version":[{"id":24937,"href":"https:\/\/docvivosaglik.com\/tr\/wp-json\/wp\/v2\/pages\/24932\/revisions\/24937"}],"wp:attachment":[{"href":"https:\/\/docvivosaglik.com\/tr\/wp-json\/wp\/v2\/media?parent=24932"}],"curies":[{"name":"wp","href":"https:\/\/api.w.org\/{rel}","templated":true}]}}