{"id":24884,"date":"2025-10-09T13:49:59","date_gmt":"2025-10-09T10:49:59","guid":{"rendered":"https:\/\/docvivosaglik.com\/?page_id=24884"},"modified":"2025-10-09T13:54:13","modified_gmt":"2025-10-09T10:54:13","slug":"genital-estetik","status":"publish","type":"page","link":"https:\/\/docvivosaglik.com\/tr\/genital-estetik\/","title":{"rendered":"Genital Estetik"},"content":{"rendered":"\t\t<div data-elementor-type=\"wp-page\" data-elementor-id=\"24884\" class=\"elementor elementor-24884\">\n\t\t\t\t\t\t\t\t\t<section class=\"elementor-section elementor-top-section elementor-element elementor-element-9e4a42d elementor-section-boxed elementor-section-height-default elementor-section-height-default\" data-id=\"9e4a42d\" data-element_type=\"section\">\n\t\t\t\t\t\t<div class=\"elementor-container elementor-column-gap-default\">\n\t\t\t\t\t<div class=\"elementor-column elementor-col-100 elementor-top-column elementor-element elementor-element-edfe756\" data-id=\"edfe756\" data-element_type=\"column\">\n\t\t\t<div class=\"elementor-widget-wrap elementor-element-populated\">\n\t\t\t\t\t\t\t\t<div class=\"elementor-element elementor-element-db51f55 elementor-widget elementor-widget-text-editor\" data-id=\"db51f55\" data-element_type=\"widget\" data-widget_type=\"text-editor.default\">\n\t\t\t\t<div class=\"elementor-widget-container\">\n\t\t\t<style>\/*! elementor - v3.7.8 - 02-10-2022 *\/\n.elementor-widget-text-editor.elementor-drop-cap-view-stacked .elementor-drop-cap{background-color:#818a91;color:#fff}.elementor-widget-text-editor.elementor-drop-cap-view-framed .elementor-drop-cap{color:#818a91;border:3px solid;background-color:transparent}.elementor-widget-text-editor:not(.elementor-drop-cap-view-default) .elementor-drop-cap{margin-top:8px}.elementor-widget-text-editor:not(.elementor-drop-cap-view-default) .elementor-drop-cap-letter{width:1em;height:1em}.elementor-widget-text-editor .elementor-drop-cap{float:left;text-align:center;line-height:1;font-size:50px}.elementor-widget-text-editor .elementor-drop-cap-letter{display:inline-block}<\/style>\t\t\t\t<p>Genital estetik, genital b\u00f6lgenin g\u00f6r\u00fcn\u00fcm\u00fcn\u00fc iyile\u015ftirmeyi ama\u00e7layan uygulama ve prosed\u00fcrleri ifade eder. Bu terim genellikle estetik cerrahi ile ili\u015fkilidir ve hem kad\u0131nlar hem de erkekler i\u00e7in \u00e7e\u015fitli i\u015flemleri kapsar. Kad\u0131nlarda bu, labioplasti (labian\u0131n yeniden \u015fekillendirilmesi veya boyutunun k\u00fc\u00e7\u00fclt\u00fclmesi), vajinoplasti (vajinal kanal\u0131n s\u0131k\u0131la\u015ft\u0131r\u0131lmas\u0131) ve klitoral kap\u00fc\u015fonun k\u00fc\u00e7\u00fclt\u00fclmesi gibi i\u015flemleri i\u00e7erebilir. Erkeklerde ise penis b\u00fcy\u00fctme veya skrotal kald\u0131rma gibi prosed\u00fcrleri i\u00e7erebilir.<\/p>\t\t\t\t\t\t<\/div>\n\t\t\t\t<\/div>\n\t\t\t\t<div class=\"elementor-element elementor-element-7607c48 elementor-toc--minimized-on-tablet elementor-widget elementor-widget-table-of-contents\" data-id=\"7607c48\" data-element_type=\"widget\" data-settings=\"{&quot;exclude_headings_by_selector&quot;:[],&quot;headings_by_tags&quot;:[&quot;h2&quot;,&quot;h3&quot;,&quot;h4&quot;,&quot;h5&quot;,&quot;h6&quot;],&quot;marker_view&quot;:&quot;numbers&quot;,&quot;minimize_box&quot;:&quot;yes&quot;,&quot;minimized_on&quot;:&quot;tablet&quot;,&quot;hierarchical_view&quot;:&quot;yes&quot;,&quot;min_height&quot;:{&quot;unit&quot;:&quot;px&quot;,&quot;size&quot;:&quot;&quot;,&quot;sizes&quot;:[]},&quot;min_height_tablet&quot;:{&quot;unit&quot;:&quot;px&quot;,&quot;size&quot;:&quot;&quot;,&quot;sizes&quot;:[]},&quot;min_height_mobile&quot;:{&quot;unit&quot;:&quot;px&quot;,&quot;size&quot;:&quot;&quot;,&quot;sizes&quot;:[]}}\" data-widget_type=\"table-of-contents.default\">\n\t\t\t\t<div class=\"elementor-widget-container\">\n\t\t\t<style>\/*! elementor-pro - v3.5.2 - 28-11-2021 *\/\n.elementor-widget-table-of-contents .elementor-toc__header-title{color:var(--header-color)}.elementor-widget-table-of-contents.elementor-toc--collapsed .elementor-toc__toggle-button--collapse,.elementor-widget-table-of-contents:not(.elementor-toc--collapsed) .elementor-toc__toggle-button--expand{display:none}.elementor-widget-table-of-contents .elementor-widget-container{min-height:var(--box-min-height);border:var(--box-border-width,1px) solid var(--box-border-color,#a4afb7);border-radius:var(--box-border-radius,3px);background-color:var(--box-background-color);-webkit-transition:min-height .4s;-o-transition:min-height .4s;transition:min-height .4s;overflow:hidden}.elementor-toc__header{display:-webkit-box;display:-ms-flexbox;display:flex;-webkit-box-align:center;-ms-flex-align:center;align-items:center;-webkit-box-pack:justify;-ms-flex-pack:justify;justify-content:space-between;padding:var(--box-padding,20px);background-color:var(--header-background-color);border-bottom:var(--separator-width,1px) solid var(--box-border-color,#a4afb7)}.elementor-toc__header-title{font-size:18px;margin:0;color:var(--header-color)}.elementor-toc__toggle-button{cursor:pointer;display:-webkit-inline-box;display:-ms-inline-flexbox;display:inline-flex}.elementor-toc__toggle-button i{color:var(--toggle-button-color)}.elementor-toc__toggle-button svg{height:1em;width:1em;fill:var(--toggle-button-color)}.elementor-toc__spinner-container{text-align:center}.elementor-toc__spinner{font-size:2em}.elementor-toc__spinner.e-font-icon-svg{height:1em;width:1em}.elementor-toc__body{padding:var(--box-padding,20px);max-height:var(--toc-body-max-height);overflow-y:auto}.elementor-toc__body::-webkit-scrollbar{width:7px}.elementor-toc__body::-webkit-scrollbar-thumb{background-color:#c2cbd2;border-radius:10px}.elementor-toc__list-wrapper{list-style:none;padding:0}.elementor-toc__list-item{margin-bottom:.5em}.elementor-toc__list-item.elementor-item-active{font-weight:700}.elementor-toc__list-item .elementor-toc__list-wrapper{margin-top:.5em;margin-left:var(--nested-list-indent,1em)}.elementor-toc__list-item-text:hover{color:var(--item-text-hover-color);-webkit-text-decoration:var(--item-text-hover-decoration);text-decoration:var(--item-text-hover-decoration)}.elementor-toc__list-item-text.elementor-item-active{color:var(--item-text-active-color);-webkit-text-decoration:var(--item-text-active-decoration);text-decoration:var(--item-text-active-decoration)}.elementor-toc__list-item-text-wrapper{display:-webkit-box;display:-ms-flexbox;display:flex;-webkit-box-align:center;-ms-flex-align:center;align-items:center}.elementor-toc__list-item-text-wrapper:before,.elementor-toc__list-item-text-wrapper i{margin-right:8px;color:var(--marker-color)}.elementor-toc__list-item-text-wrapper svg{margin-right:8px;fill:var(--marker-color);height:var(--marker-size,.5em);width:var(--marker-size,.5em)}.elementor-toc__list-item-text-wrapper i{font-size:var(--marker-size,.5em)}.elementor-toc__list-item-text-wrapper:before{font-size:var(--marker-size,1em)}.elementor-toc--content-ellipsis .elementor-toc__list-item-text{white-space:nowrap;overflow:hidden;-o-text-overflow:ellipsis;text-overflow:ellipsis}.elementor-toc__list-items--collapsible>.elementor-toc__list-wrapper>.elementor-toc__list-item>.elementor-toc__list-wrapper{display:none}.elementor-toc__heading-anchor{position:absolute}.elementor-toc__body .elementor-toc__list-item-text{color:var(--item-text-color);-webkit-text-decoration:var(--item-text-decoration);text-decoration:var(--item-text-decoration)}.elementor-toc__body .elementor-toc__list-item-text:hover{color:var(--item-text-hover-color);-webkit-text-decoration:var(--item-text-hover-decoration);text-decoration:var(--item-text-hover-decoration)}.elementor-toc__body .elementor-toc__list-item-text.elementor-item-active{color:var(--item-text-active-color);-webkit-text-decoration:var(--item-text-active-decoration);text-decoration:var(--item-text-active-decoration)}ol.elementor-toc__list-wrapper{counter-reset:item}ol.elementor-toc__list-wrapper .elementor-toc__list-item{counter-increment:item}ol.elementor-toc__list-wrapper .elementor-toc__list-item-text-wrapper:before{content:counters(item,\".\") \". \"}@media only screen and (max-width:-1px){.elementor-toc--minimized-on-tablet_extra .elementor-toc__body{display:none}}@media only screen and (max-width:1024px){.elementor-toc--minimized-on-tablet .elementor-toc__body{display:none}}@media only screen and (max-width:-1px){.elementor-toc--minimized-on-mobile_extra .elementor-toc__body{display:none}}@media only screen and (max-width:767px){.elementor-toc--minimized-on-mobile .elementor-toc__body{display:none}}<\/style>\t\t<div class=\"elementor-toc__header\">\n\t\t\t<h4 class=\"elementor-toc__header-title\">\n\t\t\t\t\u0130\u00e7indekiler\t\t\t<\/h4>\n\t\t\t\t\t\t\t<div class=\"elementor-toc__toggle-button elementor-toc__toggle-button--expand\"><i class=\"fas fa-chevron-down\"><\/i><\/div>\n\t\t\t\t<div class=\"elementor-toc__toggle-button elementor-toc__toggle-button--collapse\"><i class=\"fas fa-chevron-up\"><\/i><\/div>\n\t\t\t\t\t<\/div>\n\t\t<div class=\"elementor-toc__body\">\n\t\t\t<div class=\"elementor-toc__spinner-container\">\n\t\t\t\t<i class=\"elementor-toc__spinner eicon-animation-spin eicon-loading\" aria-hidden=\"true\"><\/i>\t\t\t<\/div>\n\t\t<\/div>\n\t\t\t\t<\/div>\n\t\t\t\t<\/div>\n\t\t\t\t<div class=\"elementor-element elementor-element-fcfc62a elementor-widget elementor-widget-html\" data-id=\"fcfc62a\" data-element_type=\"widget\" data-widget_type=\"html.default\">\n\t\t\t\t<div class=\"elementor-widget-container\">\n\t\t\t<script>\njQuery(document).ready(function($) {\n    setTimeout(function() {\n\t\t$('.elementor-tab-title').removeClass('elementor-active');\n\t\t$('.elementor-tab-content').css('display', 'none'); });\n\t\t});\n<\/script>\t\t<\/div>\n\t\t\t\t<\/div>\n\t\t\t\t<div class=\"elementor-element elementor-element-0633ed1 elementor-widget elementor-widget-heading\" data-id=\"0633ed1\" data-element_type=\"widget\" data-widget_type=\"heading.default\">\n\t\t\t\t<div class=\"elementor-widget-container\">\n\t\t\t<style>\/*! elementor - v3.7.8 - 02-10-2022 *\/\n.elementor-heading-title{padding:0;margin:0;line-height:1}.elementor-widget-heading .elementor-heading-title[class*=elementor-size-]>a{color:inherit;font-size:inherit;line-height:inherit}.elementor-widget-heading .elementor-heading-title.elementor-size-small{font-size:15px}.elementor-widget-heading .elementor-heading-title.elementor-size-medium{font-size:19px}.elementor-widget-heading .elementor-heading-title.elementor-size-large{font-size:29px}.elementor-widget-heading .elementor-heading-title.elementor-size-xl{font-size:39px}.elementor-widget-heading .elementor-heading-title.elementor-size-xxl{font-size:59px}<\/style><h2 class=\"elementor-heading-title elementor-size-default\">Genital Estetik A\u015famalar\u0131\n<\/h2>\t\t<\/div>\n\t\t\t\t<\/div>\n\t\t\t\t<div class=\"elementor-element elementor-element-0d2df3e elementor-widget elementor-widget-text-editor\" data-id=\"0d2df3e\" data-element_type=\"widget\" data-widget_type=\"text-editor.default\">\n\t\t\t\t<div class=\"elementor-widget-container\">\n\t\t\t\t\t\t\t<p>Dan\u0131\u015fma ve De\u011ferlendirme: \u0130lk ad\u0131m, genital estetik konusunda uzmanla\u015fm\u0131\u015f nitelikli bir plastik cerrah veya \u00fcrolog\/jinekolog ile yap\u0131lan bir dan\u0131\u015fmad\u0131r. Bu g\u00f6r\u00fc\u015fme s\u0131ras\u0131nda hasta, endi\u015felerini, isteklerini ve beklentilerini payla\u015f\u0131r. Doktor, hastan\u0131n genel sa\u011fl\u0131k durumunu, t\u0131bbi ge\u00e7mi\u015fini ve genital b\u00f6lgenin anatomik yap\u0131s\u0131n\u0131 de\u011ferlendirerek i\u015flemin uygulanabilirli\u011fini ve en uygun y\u00f6ntemi belirler.<\/p><p>Prosed\u00fcr\u00fcn Planlanmas\u0131: Hasta devam etmeye karar verirse, cerrah i\u015flemi planlar. Bu a\u015famada cerrahi teknikler, ameliyat\u0131n kapsam\u0131, beklenen sonu\u00e7lar, olas\u0131 riskler ve komplikasyonlar tart\u0131\u015f\u0131l\u0131r. Cerrah ayr\u0131ca ameliyat \u00f6ncesi talimatlar verir.<\/p><p>Ameliyat Haz\u0131rl\u0131\u011f\u0131: Bu a\u015fama t\u0131bbi de\u011ferlendirmeleri, laboratuvar testlerini, mevcut ila\u00e7lar\u0131n d\u00fczenlenmesini ve kanamay\u0131 art\u0131rabilecek baz\u0131 ila\u00e7 veya takviyelerden ka\u00e7\u0131n\u0131lmas\u0131n\u0131 i\u00e7erebilir. Ayr\u0131ca hastadan ameliyattan \u00f6nce sigaray\u0131 b\u0131rakmas\u0131 istenir, bu da iyile\u015fme s\u00fcrecini destekler.<\/p><p>Anestezi: Genital estetik ameliyatlar genellikle anestezi alt\u0131nda ger\u00e7ekle\u015ftirilir. Bu, ameliyat\u0131n kapsam\u0131na ba\u011fl\u0131 olarak genel anestezi (hastan\u0131n tamamen uyutulmas\u0131) veya sedasyonla birlikte lokal anestezi olabilir.<\/p><p>Cerrahi \u0130\u015flem: \u0130\u015flemin ayr\u0131nt\u0131lar\u0131 b\u00fcy\u00fck \u00f6l\u00e7\u00fcde de\u011fi\u015fir. \u00d6rne\u011fin, labioplasti i\u015fleminde labia minoradaki fazla doku al\u0131n\u0131r; falloplasti (penis b\u00fcy\u00fctme) i\u015fleminde ise penisin uzunlu\u011funu veya kal\u0131nl\u0131\u011f\u0131n\u0131 art\u0131rmak i\u00e7in \u00e7e\u015fitli teknikler kullan\u0131labilir.<\/p><p>Ameliyat Sonras\u0131 \u0130lk Bak\u0131m: Ameliyat sonras\u0131 genellikle k\u0131sa bir g\u00f6zlem s\u00fcreci olur. Hasta stabil hale geldi\u011finde taburcu edilir. Hijyen, aktivite d\u00fczeyi, ila\u00e7 kullan\u0131m\u0131 ve kontrol randevular\u0131 gibi ameliyat sonras\u0131 bak\u0131m talimatlar\u0131 verilir.<\/p><p>\u0130yile\u015fme D\u00f6nemi: \u0130yile\u015fme s\u00fcresi i\u015flemin t\u00fcr\u00fcne ve ki\u015fisel fakt\u00f6rlere ba\u011fl\u0131 olarak de\u011fi\u015fir. Hastalar ilk g\u00fcnlerde \u015fi\u015flik, morarma ve rahats\u0131zl\u0131k hissedebilir. Dinlenme, yara bak\u0131m\u0131 ve normal aktivitelere veya cinsel ili\u015fkiye ne zaman d\u00f6n\u00fclece\u011fi konusundaki cerrah\u0131n talimatlar\u0131na uyulmas\u0131 \u00e7ok \u00f6nemlidir.<\/p><p>Kontrol Randevular\u0131: Ameliyat sonras\u0131 kontrol randevular\u0131, iyile\u015fmenin izlenmesi ve olas\u0131 sorun veya komplikasyonlar\u0131n ele al\u0131nmas\u0131 a\u00e7\u0131s\u0131ndan kritik \u00f6neme sahiptir.<\/p><p>Uzun Vadeli Sonu\u00e7lar ve Bak\u0131m: Genital estetik ameliyat\u0131n nihai sonu\u00e7lar\u0131n\u0131n tam olarak ortaya \u00e7\u0131kmas\u0131 birka\u00e7 ay s\u00fcrebilir. Baz\u0131 durumlarda uzun vadeli takip ve bak\u0131m da \u00f6nerilebilir.<\/p>\t\t\t\t\t\t<\/div>\n\t\t\t\t<\/div>\n\t\t\t\t<div class=\"elementor-element elementor-element-6fa734c elementor-widget elementor-widget-heading\" data-id=\"6fa734c\" data-element_type=\"widget\" data-widget_type=\"heading.default\">\n\t\t\t\t<div class=\"elementor-widget-container\">\n\t\t\t<h2 class=\"elementor-heading-title elementor-size-default\">Neden T\u00fcrkiye\u2019de Genital Estetik Fiyatlar\u0131 Ucuzdur?\n<\/h2>\t\t<\/div>\n\t\t\t\t<\/div>\n\t\t\t\t<div class=\"elementor-element elementor-element-5690a06 elementor-widget elementor-widget-text-editor\" data-id=\"5690a06\" data-element_type=\"widget\" data-widget_type=\"text-editor.default\">\n\t\t\t\t<div class=\"elementor-widget-container\">\n\t\t\t\t\t\t\t<p>D\u00f6viz kuru: Yabanc\u0131 para birimlerinin T\u00fcrk liras\u0131na kar\u015f\u0131 avantajl\u0131 d\u00f6viz kurlar\u0131, uluslararas\u0131 hastalar i\u00e7in i\u015flemleri daha da uygun fiyatl\u0131 hale getirebilir.<br \/>Standartla\u015ft\u0131r\u0131lm\u0131\u015f prosed\u00fcrler: T\u00fcrkiye\u2019deki bir\u00e7ok klinik, kar\u0131n germe gibi yayg\u0131n i\u015flemler i\u00e7in standartla\u015ft\u0131r\u0131lm\u0131\u015f protokoller ve teknikler uygular; bu da verimlilik ve maliyet tasarrufu sa\u011flar.<\/p>\t\t\t\t\t\t<\/div>\n\t\t\t\t<\/div>\n\t\t\t\t<div class=\"elementor-element elementor-element-1d466e4 elementor-widget elementor-widget-heading\" data-id=\"1d466e4\" data-element_type=\"widget\" data-widget_type=\"heading.default\">\n\t\t\t\t<div class=\"elementor-widget-container\">\n\t\t\t<h2 class=\"elementor-heading-title elementor-size-default\">T\u00fcrkiye\u2019de Genital Estetik Yapt\u0131rmak G\u00fcvenli mi?\n<\/h2>\t\t<\/div>\n\t\t\t\t<\/div>\n\t\t\t\t<div class=\"elementor-element elementor-element-eca8654 elementor-widget elementor-widget-text-editor\" data-id=\"eca8654\" data-element_type=\"widget\" data-widget_type=\"text-editor.default\">\n\t\t\t\t<div class=\"elementor-widget-container\">\n\t\t\t\t\t\t\t<p>T\u00fcrkiye\u2019de labioplasti tedavisi, sa\u011fl\u0131k hizmeti sa\u011flay\u0131c\u0131lar\u0131n\u0131 ve tesisleri dikkatli bir \u015fekilde se\u00e7ti\u011finiz s\u00fcrece bir\u00e7ok ki\u015fi i\u00e7in g\u00fcvenli ve etkili bir se\u00e7enek olabilir. T\u00fcrkiye, \u00f6zellikle \u0130stanbul, Ankara ve \u0130zmir gibi b\u00fcy\u00fck \u015fehirlerde uluslararas\u0131 hastalara hizmet veren bir\u00e7ok hastane ve klini\u011fiyle geli\u015fmi\u015f sa\u011fl\u0131k hizmetleriyle tan\u0131nmaktad\u0131r.<\/p>\t\t\t\t\t\t<\/div>\n\t\t\t\t<\/div>\n\t\t\t\t\t<\/div>\n\t\t<\/div>\n\t\t\t\t\t\t\t<\/div>\n\t\t<\/section>\n\t\t\t\t\t\t\t<\/div>\n\t\t","protected":false},"excerpt":{"rendered":"<p>Genital estetik, genital b\u00f6lgenin g\u00f6r\u00fcn\u00fcm\u00fcn\u00fc iyile\u015ftirmeyi ama\u00e7layan uygulama ve prosed\u00fcrleri ifade eder. Bu terim genellikle estetik cerrahi ile ili\u015fkilidir ve hem kad\u0131nlar hem de erkekler i\u00e7in \u00e7e\u015fitli i\u015flemleri kapsar. Kad\u0131nlarda bu, labioplasti (labian\u0131n yeniden \u015fekillendirilmesi veya boyutunun k\u00fc\u00e7\u00fclt\u00fclmesi), vajinoplasti (vajinal kanal\u0131n s\u0131k\u0131la\u015ft\u0131r\u0131lmas\u0131) ve klitoral kap\u00fc\u015fonun k\u00fc\u00e7\u00fclt\u00fclmesi gibi i\u015flemleri i\u00e7erebilir. Erkeklerde ise penis b\u00fcy\u00fctme veya skrotal [&hellip;]<\/p>\n","protected":false},"author":22,"featured_media":0,"parent":0,"menu_order":0,"comment_status":"closed","ping_status":"closed","template":"","meta":{"inline_featured_image":false,"footnotes":""},"class_list":["post-24884","page","type-page","status-publish","hentry"],"_links":{"self":[{"href":"https:\/\/docvivosaglik.com\/tr\/wp-json\/wp\/v2\/pages\/24884","targetHints":{"allow":["GET"]}}],"collection":[{"href":"https:\/\/docvivosaglik.com\/tr\/wp-json\/wp\/v2\/pages"}],"about":[{"href":"https:\/\/docvivosaglik.com\/tr\/wp-json\/wp\/v2\/types\/page"}],"author":[{"embeddable":true,"href":"https:\/\/docvivosaglik.com\/tr\/wp-json\/wp\/v2\/users\/22"}],"replies":[{"embeddable":true,"href":"https:\/\/docvivosaglik.com\/tr\/wp-json\/wp\/v2\/comments?post=24884"}],"version-history":[{"count":4,"href":"https:\/\/docvivosaglik.com\/tr\/wp-json\/wp\/v2\/pages\/24884\/revisions"}],"predecessor-version":[{"id":25000,"href":"https:\/\/docvivosaglik.com\/tr\/wp-json\/wp\/v2\/pages\/24884\/revisions\/25000"}],"wp:attachment":[{"href":"https:\/\/docvivosaglik.com\/tr\/wp-json\/wp\/v2\/media?parent=24884"}],"curies":[{"name":"wp","href":"https:\/\/api.w.org\/{rel}","templated":true}]}}