{"id":23480,"date":"2020-10-26T17:09:41","date_gmt":"2020-10-26T17:09:41","guid":{"rendered":"https:\/\/docvivo.com\/tummy-tuck-in-turkey\/"},"modified":"2025-10-07T12:16:51","modified_gmt":"2025-10-07T09:16:51","slug":"karin-germe-turkiye","status":"publish","type":"page","link":"https:\/\/docvivosaglik.com\/tr\/karin-germe-turkiye\/","title":{"rendered":"Kar\u0131n Germe T\u00fcrkiye"},"content":{"rendered":"\t\t<div data-elementor-type=\"wp-page\" data-elementor-id=\"23480\" class=\"elementor elementor-23480\">\n\t\t\t\t\t\t\t\t\t<section class=\"elementor-section elementor-top-section elementor-element elementor-element-4e3efad3 elementor-section-boxed elementor-section-height-default elementor-section-height-default\" data-id=\"4e3efad3\" data-element_type=\"section\">\n\t\t\t\t\t\t<div class=\"elementor-container elementor-column-gap-default\">\n\t\t\t\t\t<div class=\"elementor-column elementor-col-100 elementor-top-column elementor-element elementor-element-16dd21d2\" data-id=\"16dd21d2\" data-element_type=\"column\">\n\t\t\t<div class=\"elementor-widget-wrap elementor-element-populated\">\n\t\t\t\t\t\t\t\t<div class=\"elementor-element elementor-element-322873df elementor-widget elementor-widget-text-editor\" data-id=\"322873df\" data-element_type=\"widget\" data-widget_type=\"text-editor.default\">\n\t\t\t\t<div class=\"elementor-widget-container\">\n\t\t\t<style>\/*! elementor - v3.7.8 - 02-10-2022 *\/\n.elementor-widget-text-editor.elementor-drop-cap-view-stacked .elementor-drop-cap{background-color:#818a91;color:#fff}.elementor-widget-text-editor.elementor-drop-cap-view-framed .elementor-drop-cap{color:#818a91;border:3px solid;background-color:transparent}.elementor-widget-text-editor:not(.elementor-drop-cap-view-default) .elementor-drop-cap{margin-top:8px}.elementor-widget-text-editor:not(.elementor-drop-cap-view-default) .elementor-drop-cap-letter{width:1em;height:1em}.elementor-widget-text-editor .elementor-drop-cap{float:left;text-align:center;line-height:1;font-size:50px}.elementor-widget-text-editor .elementor-drop-cap-letter{display:inline-block}<\/style>\t\t\t\t<p>Kar\u0131n germe, di\u011fer ad\u0131yla abdominoplasti, T\u00fcrkiye\u2019de kar\u0131n b\u00f6lgesindeki fazla deri ve ya\u011f\u0131 alarak kaslar\u0131 s\u0131k\u0131la\u015ft\u0131ran ve daha d\u00fcz bir g\u00f6r\u00fcn\u00fcm sa\u011flayan pop\u00fcler bir estetik ameliyatt\u0131r. T\u00fcrkiye, y\u00fcksek kaliteli kar\u0131n germe ameliyatlar\u0131n\u0131 uygun fiyatlarla sunmas\u0131yla tan\u0131n\u0131r. Deneyimli cerrahlar ve ileri t\u0131bbi tesisler, g\u00fcvenli ve ba\u015far\u0131l\u0131 sonu\u00e7lar elde edilmesini sa\u011flar. Kapsaml\u0131 bak\u0131m paketleri genellikle ameliyat \u00f6ncesi dan\u0131\u015fma, ameliyat\u0131n kendisi ve ameliyat sonras\u0131 takip hizmetlerini i\u00e7erir.<\/p>\t\t\t\t\t\t<\/div>\n\t\t\t\t<\/div>\n\t\t\t\t<div class=\"elementor-element elementor-element-93400b6 elementor-toc--minimized-on-tablet elementor-widget elementor-widget-table-of-contents\" data-id=\"93400b6\" data-element_type=\"widget\" data-settings=\"{&quot;exclude_headings_by_selector&quot;:[],&quot;headings_by_tags&quot;:[&quot;h2&quot;,&quot;h3&quot;,&quot;h4&quot;,&quot;h5&quot;,&quot;h6&quot;],&quot;marker_view&quot;:&quot;numbers&quot;,&quot;minimize_box&quot;:&quot;yes&quot;,&quot;minimized_on&quot;:&quot;tablet&quot;,&quot;hierarchical_view&quot;:&quot;yes&quot;,&quot;min_height&quot;:{&quot;unit&quot;:&quot;px&quot;,&quot;size&quot;:&quot;&quot;,&quot;sizes&quot;:[]},&quot;min_height_tablet&quot;:{&quot;unit&quot;:&quot;px&quot;,&quot;size&quot;:&quot;&quot;,&quot;sizes&quot;:[]},&quot;min_height_mobile&quot;:{&quot;unit&quot;:&quot;px&quot;,&quot;size&quot;:&quot;&quot;,&quot;sizes&quot;:[]}}\" data-widget_type=\"table-of-contents.default\">\n\t\t\t\t<div class=\"elementor-widget-container\">\n\t\t\t<style>\/*! elementor-pro - v3.5.2 - 28-11-2021 *\/\n.elementor-widget-table-of-contents .elementor-toc__header-title{color:var(--header-color)}.elementor-widget-table-of-contents.elementor-toc--collapsed .elementor-toc__toggle-button--collapse,.elementor-widget-table-of-contents:not(.elementor-toc--collapsed) .elementor-toc__toggle-button--expand{display:none}.elementor-widget-table-of-contents .elementor-widget-container{min-height:var(--box-min-height);border:var(--box-border-width,1px) solid var(--box-border-color,#a4afb7);border-radius:var(--box-border-radius,3px);background-color:var(--box-background-color);-webkit-transition:min-height .4s;-o-transition:min-height .4s;transition:min-height .4s;overflow:hidden}.elementor-toc__header{display:-webkit-box;display:-ms-flexbox;display:flex;-webkit-box-align:center;-ms-flex-align:center;align-items:center;-webkit-box-pack:justify;-ms-flex-pack:justify;justify-content:space-between;padding:var(--box-padding,20px);background-color:var(--header-background-color);border-bottom:var(--separator-width,1px) solid var(--box-border-color,#a4afb7)}.elementor-toc__header-title{font-size:18px;margin:0;color:var(--header-color)}.elementor-toc__toggle-button{cursor:pointer;display:-webkit-inline-box;display:-ms-inline-flexbox;display:inline-flex}.elementor-toc__toggle-button i{color:var(--toggle-button-color)}.elementor-toc__toggle-button svg{height:1em;width:1em;fill:var(--toggle-button-color)}.elementor-toc__spinner-container{text-align:center}.elementor-toc__spinner{font-size:2em}.elementor-toc__spinner.e-font-icon-svg{height:1em;width:1em}.elementor-toc__body{padding:var(--box-padding,20px);max-height:var(--toc-body-max-height);overflow-y:auto}.elementor-toc__body::-webkit-scrollbar{width:7px}.elementor-toc__body::-webkit-scrollbar-thumb{background-color:#c2cbd2;border-radius:10px}.elementor-toc__list-wrapper{list-style:none;padding:0}.elementor-toc__list-item{margin-bottom:.5em}.elementor-toc__list-item.elementor-item-active{font-weight:700}.elementor-toc__list-item .elementor-toc__list-wrapper{margin-top:.5em;margin-left:var(--nested-list-indent,1em)}.elementor-toc__list-item-text:hover{color:var(--item-text-hover-color);-webkit-text-decoration:var(--item-text-hover-decoration);text-decoration:var(--item-text-hover-decoration)}.elementor-toc__list-item-text.elementor-item-active{color:var(--item-text-active-color);-webkit-text-decoration:var(--item-text-active-decoration);text-decoration:var(--item-text-active-decoration)}.elementor-toc__list-item-text-wrapper{display:-webkit-box;display:-ms-flexbox;display:flex;-webkit-box-align:center;-ms-flex-align:center;align-items:center}.elementor-toc__list-item-text-wrapper:before,.elementor-toc__list-item-text-wrapper i{margin-right:8px;color:var(--marker-color)}.elementor-toc__list-item-text-wrapper svg{margin-right:8px;fill:var(--marker-color);height:var(--marker-size,.5em);width:var(--marker-size,.5em)}.elementor-toc__list-item-text-wrapper i{font-size:var(--marker-size,.5em)}.elementor-toc__list-item-text-wrapper:before{font-size:var(--marker-size,1em)}.elementor-toc--content-ellipsis .elementor-toc__list-item-text{white-space:nowrap;overflow:hidden;-o-text-overflow:ellipsis;text-overflow:ellipsis}.elementor-toc__list-items--collapsible>.elementor-toc__list-wrapper>.elementor-toc__list-item>.elementor-toc__list-wrapper{display:none}.elementor-toc__heading-anchor{position:absolute}.elementor-toc__body .elementor-toc__list-item-text{color:var(--item-text-color);-webkit-text-decoration:var(--item-text-decoration);text-decoration:var(--item-text-decoration)}.elementor-toc__body .elementor-toc__list-item-text:hover{color:var(--item-text-hover-color);-webkit-text-decoration:var(--item-text-hover-decoration);text-decoration:var(--item-text-hover-decoration)}.elementor-toc__body .elementor-toc__list-item-text.elementor-item-active{color:var(--item-text-active-color);-webkit-text-decoration:var(--item-text-active-decoration);text-decoration:var(--item-text-active-decoration)}ol.elementor-toc__list-wrapper{counter-reset:item}ol.elementor-toc__list-wrapper .elementor-toc__list-item{counter-increment:item}ol.elementor-toc__list-wrapper .elementor-toc__list-item-text-wrapper:before{content:counters(item,\".\") \". \"}@media only screen and (max-width:-1px){.elementor-toc--minimized-on-tablet_extra .elementor-toc__body{display:none}}@media only screen and (max-width:1024px){.elementor-toc--minimized-on-tablet .elementor-toc__body{display:none}}@media only screen and (max-width:-1px){.elementor-toc--minimized-on-mobile_extra .elementor-toc__body{display:none}}@media only screen and (max-width:767px){.elementor-toc--minimized-on-mobile .elementor-toc__body{display:none}}<\/style>\t\t<div class=\"elementor-toc__header\">\n\t\t\t<h4 class=\"elementor-toc__header-title\">\n\t\t\t\t\u0130\u00e7indekiler\t\t\t<\/h4>\n\t\t\t\t\t\t\t<div class=\"elementor-toc__toggle-button elementor-toc__toggle-button--expand\"><i class=\"fas fa-chevron-down\"><\/i><\/div>\n\t\t\t\t<div class=\"elementor-toc__toggle-button elementor-toc__toggle-button--collapse\"><i class=\"fas fa-chevron-up\"><\/i><\/div>\n\t\t\t\t\t<\/div>\n\t\t<div class=\"elementor-toc__body\">\n\t\t\t<div class=\"elementor-toc__spinner-container\">\n\t\t\t\t<i class=\"elementor-toc__spinner eicon-animation-spin eicon-loading\" aria-hidden=\"true\"><\/i>\t\t\t<\/div>\n\t\t<\/div>\n\t\t\t\t<\/div>\n\t\t\t\t<\/div>\n\t\t\t\t<div class=\"elementor-element elementor-element-b47f210 elementor-widget elementor-widget-heading\" data-id=\"b47f210\" data-element_type=\"widget\" data-widget_type=\"heading.default\">\n\t\t\t\t<div class=\"elementor-widget-container\">\n\t\t\t<style>\/*! elementor - v3.7.8 - 02-10-2022 *\/\n.elementor-heading-title{padding:0;margin:0;line-height:1}.elementor-widget-heading .elementor-heading-title[class*=elementor-size-]>a{color:inherit;font-size:inherit;line-height:inherit}.elementor-widget-heading .elementor-heading-title.elementor-size-small{font-size:15px}.elementor-widget-heading .elementor-heading-title.elementor-size-medium{font-size:19px}.elementor-widget-heading .elementor-heading-title.elementor-size-large{font-size:29px}.elementor-widget-heading .elementor-heading-title.elementor-size-xl{font-size:39px}.elementor-widget-heading .elementor-heading-title.elementor-size-xxl{font-size:59px}<\/style><h2 class=\"elementor-heading-title elementor-size-default\">T\u00fcrkiye\u2019de Kar\u0131n Germe Ameliyat\u0131: Kapsaml\u0131 Bir Genel Bak\u0131\u015f\n<\/h2>\t\t<\/div>\n\t\t\t\t<\/div>\n\t\t\t\t<div class=\"elementor-element elementor-element-b109cb9 elementor-widget elementor-widget-text-editor\" data-id=\"b109cb9\" data-element_type=\"widget\" data-widget_type=\"text-editor.default\">\n\t\t\t\t<div class=\"elementor-widget-container\">\n\t\t\t\t\t\t\t<p>T\u00fcrkiye\u2019de kar\u0131n germe ameliyat\u0131, hastan\u0131n prosed\u00fcre uygunlu\u011funu belirlemek amac\u0131yla yap\u0131lan kapsaml\u0131 bir dan\u0131\u015fma ve t\u0131bbi de\u011ferlendirme ile ba\u015flar. Ameliyat s\u0131ras\u0131nda kar\u0131n b\u00f6lgesindeki fazla deri ve ya\u011f al\u0131n\u0131r, alttaki kaslar s\u0131k\u0131la\u015ft\u0131r\u0131larak daha d\u00fcz ve s\u0131k\u0131 bir g\u00f6r\u00fcn\u00fcm elde edilir. Bu i\u015flem, modern ve ileri teknolojiye sahip tesislerde, deneyimli estetik cerrahlar taraf\u0131ndan geli\u015fmi\u015f cerrahi teknikler kullan\u0131larak ger\u00e7ekle\u015ftirilir. Ameliyat \u00f6ncesinde hastan\u0131n sa\u011fl\u0131\u011f\u0131n\u0131 ve ameliyata haz\u0131r olup olmad\u0131\u011f\u0131n\u0131 de\u011ferlendirmek i\u00e7in gerekli testler yap\u0131l\u0131r. Ameliyat sonras\u0131 bak\u0131m s\u00fcreci ise d\u00fczenli kontrol ziyaretleri, ki\u015fiye \u00f6zel iyile\u015fme planlar\u0131 ve elde edilen sonu\u00e7lar\u0131n korunmas\u0131na y\u00f6nelik rehberli\u011fi i\u00e7erir.<\/p>\t\t\t\t\t\t<\/div>\n\t\t\t\t<\/div>\n\t\t\t\t<div class=\"elementor-element elementor-element-1ad0619 elementor-widget elementor-widget-heading\" data-id=\"1ad0619\" data-element_type=\"widget\" data-widget_type=\"heading.default\">\n\t\t\t\t<div class=\"elementor-widget-container\">\n\t\t\t<h2 class=\"elementor-heading-title elementor-size-default\">Kar\u0131n Germe Ameliyat\u0131 A\u015famalar\u0131\n<\/h2>\t\t<\/div>\n\t\t\t\t<\/div>\n\t\t\t\t<div class=\"elementor-element elementor-element-b6b597b elementor-widget elementor-widget-text-editor\" data-id=\"b6b597b\" data-element_type=\"widget\" data-widget_type=\"text-editor.default\">\n\t\t\t\t<div class=\"elementor-widget-container\">\n\t\t\t\t\t\t\t<p data-start=\"0\" data-end=\"236\">1- <strong data-start=\"3\" data-end=\"16\">Anestezi:<\/strong> Kar\u0131n germe ameliyat\u0131n\u0131n ilk ad\u0131m\u0131, hastan\u0131n i\u015flem s\u0131ras\u0131nda konforunu sa\u011flamak i\u00e7in anestezi uygulanmas\u0131d\u0131r. Bu, genel anestezi (hastan\u0131n tamamen uyutuldu\u011fu) veya sedasyonla birlikte lokal anestezi \u015feklinde olabilir.<\/p><p data-start=\"238\" data-end=\"546\">2- <strong data-start=\"241\" data-end=\"262\">Kesinin A\u00e7\u0131lmas\u0131:<\/strong> Cerrah, kas\u0131k hatt\u0131 ile g\u00f6bek deli\u011fi aras\u0131nda yatay bir kesi yapar. Kesinin boyutu ve \u015fekli, ameliyat\u0131n kapsam\u0131na ve al\u0131nacak fazla derinin miktar\u0131na ba\u011fl\u0131d\u0131r. Tam abdominoplastide, \u00fcst kar\u0131n b\u00f6lgesindeki fazla deriyi almak i\u00e7in genellikle g\u00f6bek \u00e7evresinde ikinci bir kesi yap\u0131l\u0131r.<\/p><p data-start=\"548\" data-end=\"805\">3- <strong data-start=\"551\" data-end=\"578\">Kas ve Dokunun Onar\u0131m\u0131:<\/strong> Kesi yap\u0131ld\u0131ktan sonra, kar\u0131n kaslar\u0131 gev\u015femi\u015f veya ayr\u0131lm\u0131\u015fsa (diastasis recti), cerrah bu kaslar\u0131 onar\u0131r ve diker. Bu ad\u0131m, kar\u0131n duvar\u0131n\u0131n s\u0131k\u0131la\u015ft\u0131r\u0131lmas\u0131 ve daha d\u00fcz bir kar\u0131n g\u00f6r\u00fcn\u00fcm\u00fc elde edilmesi a\u00e7\u0131s\u0131ndan \u00f6nemlidir.<\/p><p data-start=\"807\" data-end=\"1039\">4- <strong data-start=\"810\" data-end=\"837\">Fazla Derinin Al\u0131nmas\u0131:<\/strong> Cerrah, kar\u0131n b\u00f6lgesindeki fazla ya\u011f ve deriyi \u00e7\u0131kararak daha p\u00fcr\u00fczs\u00fcz ve s\u0131k\u0131 bir g\u00f6r\u00fcn\u00fcm elde eder. Bu i\u015flem geleneksel cerrahi y\u00f6ntemlerle veya liposuction (ya\u011f ald\u0131rma) teknikleriyle yap\u0131labilir.<\/p><p data-start=\"1041\" data-end=\"1208\">5- <strong data-start=\"1044\" data-end=\"1090\">G\u00f6bek Deli\u011finin Yeniden Konumland\u0131r\u0131lmas\u0131:<\/strong> E\u011fer g\u00f6bek \u00e7evresinde ikinci bir kesi yap\u0131ld\u0131ysa, g\u00f6bek deli\u011fi yeni gerilen cilt \u00fczerinde do\u011fal bir konuma ta\u015f\u0131n\u0131r.<\/p><p data-start=\"1210\" data-end=\"1396\">6- <strong data-start=\"1213\" data-end=\"1239\">Kesilerin Kapat\u0131lmas\u0131:<\/strong> Kesiler daha sonra diki\u015f, cilt yap\u0131\u015ft\u0131r\u0131c\u0131s\u0131, bant veya klipslerle kapat\u0131l\u0131r. Bu ad\u0131m dikkatli bir \u015fekilde yap\u0131l\u0131r, b\u00f6ylece yara izleri minimumda tutulur.<\/p><p data-start=\"1398\" data-end=\"1620\" data-is-last-node=\"\" data-is-only-node=\"\">7- <strong data-start=\"1401\" data-end=\"1421\">\u0130yile\u015fme S\u00fcreci:<\/strong> Ameliyat sonras\u0131 d\u00f6nemde hastan\u0131n belirli bak\u0131m talimatlar\u0131n\u0131 takip etmesi gerekir. Buna a\u011fr\u0131 y\u00f6netimi, ameliyat b\u00f6lgesinin bak\u0131m\u0131 ve iyile\u015fme tamamlanana kadar baz\u0131 aktivitelerden ka\u00e7\u0131nma d\u00e2hildir.<\/p>\t\t\t\t\t\t<\/div>\n\t\t\t\t<\/div>\n\t\t\t\t<div class=\"elementor-element elementor-element-206beea elementor-widget elementor-widget-heading\" data-id=\"206beea\" data-element_type=\"widget\" data-widget_type=\"heading.default\">\n\t\t\t\t<div class=\"elementor-widget-container\">\n\t\t\t<h2 class=\"elementor-heading-title elementor-size-default\">Kar\u0131n Germe Ameliyat\u0131 T\u00fcrleri\n<\/h2>\t\t<\/div>\n\t\t\t\t<\/div>\n\t\t\t\t<div class=\"elementor-element elementor-element-ac13e73 elementor-widget elementor-widget-text-editor\" data-id=\"ac13e73\" data-element_type=\"widget\" data-widget_type=\"text-editor.default\">\n\t\t\t\t<div class=\"elementor-widget-container\">\n\t\t\t\t\t\t\t<p data-start=\"0\" data-end=\"197\">Mini Kar\u0131n Germe: Bu, g\u00f6bek deli\u011finin alt\u0131ndaki fazla deriyi almak \u00fczerine odaklanan, daha az invaziv bir i\u015flemdir. Az miktarda fazla derisi ve minimal kas gev\u015fekli\u011fi olan hastalar i\u00e7in idealdir.<\/p><p data-start=\"199\" data-end=\"401\">Standart Kar\u0131n Germe: Bu i\u015flem, kas\u0131ktan kaburgalara kadar t\u00fcm kar\u0131n b\u00f6lgesindeki fazla deri ve ya\u011f\u0131 almay\u0131 i\u00e7erir. Ayr\u0131ca alttaki kaslar\u0131 s\u0131k\u0131la\u015ft\u0131rarak daha d\u00fcz ve sa\u011flam bir kar\u0131n duvar\u0131 olu\u015fturur.<\/p><p data-start=\"403\" data-end=\"598\">Geni\u015fletilmi\u015f Kar\u0131n Germe: Bu i\u015flem, fazla deri ve ya\u011f\u0131n al\u0131nma alan\u0131n\u0131 yan b\u00f6lgelere (bel ve kal\u00e7a) kadar geni\u015fletir. B\u00f6ylece kar\u0131n ve alt v\u00fccut hatlar\u0131nda daha kapsaml\u0131 bir iyile\u015fme sa\u011flan\u0131r.<\/p><p data-start=\"600\" data-end=\"815\">\u00c7evresel Kar\u0131n Germe: Bu en kapsaml\u0131 kar\u0131n germe t\u00fcr\u00fcd\u00fcr; kar\u0131n, s\u0131rt ve yan b\u00f6lgelerdeki fazla deri ve ya\u011f\u0131 tamamen almay\u0131 i\u00e7erir. Genellikle ciddi miktarda fazla derisi ve kas gev\u015fekli\u011fi olan hastalara \u00f6nerilir.<\/p><p data-start=\"817\" data-end=\"1007\" data-is-last-node=\"\" data-is-only-node=\"\">Fleur de Lis Kar\u0131n Germe: Fleur de Lis kar\u0131n germe, hem dikey hem yatay y\u00f6nde fazla derisi olan, genellikle b\u00fcy\u00fck kilo kayb\u0131 ya\u015fam\u0131\u015f ki\u015filer i\u00e7in tasarlanm\u0131\u015f \u00f6zel bir abdominoplasti t\u00fcr\u00fcd\u00fcr.<\/p>\t\t\t\t\t\t<\/div>\n\t\t\t\t<\/div>\n\t\t\t\t<div class=\"elementor-element elementor-element-0eed32f elementor-widget elementor-widget-heading\" data-id=\"0eed32f\" data-element_type=\"widget\" data-widget_type=\"heading.default\">\n\t\t\t\t<div class=\"elementor-widget-container\">\n\t\t\t<h2 class=\"elementor-heading-title elementor-size-default\">Kar\u0131n Germe Ameliyat\u0131 Sonras\u0131 \u0130yile\u015fme S\u00fcreci\n<\/h2>\t\t<\/div>\n\t\t\t\t<\/div>\n\t\t\t\t<div class=\"elementor-element elementor-element-9856e70 elementor-widget elementor-widget-text-editor\" data-id=\"9856e70\" data-element_type=\"widget\" data-widget_type=\"text-editor.default\">\n\t\t\t\t<div class=\"elementor-widget-container\">\n\t\t\t\t\t\t\t<p>Kar\u0131n germe ameliyat\u0131 sonras\u0131 iyile\u015fme s\u00fcreci \u00fc\u00e7 a\u015famaya ayr\u0131labilir: erken, orta ve ge\u00e7 d\u00f6nem. <strong>Erken d\u00f6nem (0\u20134 hafta)<\/strong>; \u015fi\u015flik, morarma ve a\u011fr\u0131 ile karakterizedir. <strong>Orta d\u00f6nem (4\u20138 hafta)<\/strong>; bu belirtilerde kademeli bir iyile\u015fmenin g\u00f6r\u00fcld\u00fc\u011f\u00fc s\u00fcre\u00e7tir. <strong>Ge\u00e7 d\u00f6nem (8\u201312 hafta)<\/strong> ise \u015fi\u015flik ve morarman\u0131n b\u00fcy\u00fck \u00f6l\u00e7\u00fcde ge\u00e7ti\u011fi, \u00e7o\u011fu aktivitenin yeniden yap\u0131labildi\u011fi d\u00f6nemdir.<\/p>\t\t\t\t\t\t<\/div>\n\t\t\t\t<\/div>\n\t\t\t\t<div class=\"elementor-element elementor-element-cc1bf04 elementor-widget elementor-widget-heading\" data-id=\"cc1bf04\" data-element_type=\"widget\" data-widget_type=\"heading.default\">\n\t\t\t\t<div class=\"elementor-widget-container\">\n\t\t\t<h2 class=\"elementor-heading-title elementor-size-default\">T\u00fcrkiye\u2019de Kar\u0131n Germe Ameliyat\u0131 Neden Ucuz?<\/h2>\t\t<\/div>\n\t\t\t\t<\/div>\n\t\t\t\t<div class=\"elementor-element elementor-element-3148a2b elementor-widget elementor-widget-text-editor\" data-id=\"3148a2b\" data-element_type=\"widget\" data-widget_type=\"text-editor.default\">\n\t\t\t\t<div class=\"elementor-widget-container\">\n\t\t\t\t\t\t\t<p>D\u00f6viz kuru: Yabanc\u0131 para birimlerinin T\u00fcrk liras\u0131na kar\u015f\u0131 avantajl\u0131 olmas\u0131, uluslararas\u0131 hastalar i\u00e7in i\u015flemleri daha da uygun fiyatl\u0131 hale getirebilir.<br data-start=\"152\" data-end=\"155\" \/>Standartla\u015ft\u0131r\u0131lm\u0131\u015f prosed\u00fcrler: T\u00fcrkiye\u2019deki bir\u00e7ok klinik, kar\u0131n germe gibi yayg\u0131n i\u015flemler i\u00e7in standart protokoller ve teknikler uygular; bu da verimlili\u011fi art\u0131r\u0131r ve maliyetleri d\u00fc\u015f\u00fcr\u00fcr.<\/p>\t\t\t\t\t\t<\/div>\n\t\t\t\t<\/div>\n\t\t\t\t<div class=\"elementor-element elementor-element-d95fa46 elementor-widget elementor-widget-heading\" data-id=\"d95fa46\" data-element_type=\"widget\" data-widget_type=\"heading.default\">\n\t\t\t\t<div class=\"elementor-widget-container\">\n\t\t\t<h2 class=\"elementor-heading-title elementor-size-default\">T\u00fcrkiye\u2019de Kar\u0131n Germe Ameliyat\u0131 Yapt\u0131rmak G\u00fcvenli mi?\n<\/h2>\t\t<\/div>\n\t\t\t\t<\/div>\n\t\t\t\t<div class=\"elementor-element elementor-element-ef34e9a elementor-widget elementor-widget-text-editor\" data-id=\"ef34e9a\" data-element_type=\"widget\" data-widget_type=\"text-editor.default\">\n\t\t\t\t<div class=\"elementor-widget-container\">\n\t\t\t\t\t\t\t<p data-start=\"0\" data-end=\"282\">T\u00fcrkiye\u2019de kar\u0131n germe ameliyatlar\u0131, g\u00fcvenilir klinikler ve nitelikli cerrahlar tercih edildi\u011fi s\u00fcrece genel olarak g\u00fcvenlidir. \u00dclkenin sa\u011fl\u0131k sistemi y\u00fcksek standartlar\u0131yla tan\u0131n\u0131r ve T\u00fcrkiye\u2019deki bir\u00e7ok cerrah, estetik operasyonlar konusunda son derece e\u011fitimli ve deneyimlidir.<\/p><p data-start=\"284\" data-end=\"611\" data-is-last-node=\"\" data-is-only-node=\"\">Modern tesisler ve t\u0131bbi turizmin giderek artan pop\u00fclaritesi, bu t\u00fcr ameliyatlar\u0131n T\u00fcrkiye\u2019de g\u00fcvenilir bir \u015fekilde yap\u0131lmas\u0131na katk\u0131da bulunmaktad\u0131r. Ancak, g\u00fcvenlik ve kaliteli bak\u0131m\u0131n sa\u011flanmas\u0131 i\u00e7in ameliyat \u00f6ncesinde kapsaml\u0131 bir ara\u015ft\u0131rma yapmak ve sa\u011fl\u0131k profesyonelleriyle detayl\u0131 bir \u015fekilde g\u00f6r\u00fc\u015fmek b\u00fcy\u00fck \u00f6nem ta\u015f\u0131r.<\/p>\t\t\t\t\t\t<\/div>\n\t\t\t\t<\/div>\n\t\t\t\t\t<\/div>\n\t\t<\/div>\n\t\t\t\t\t\t\t<\/div>\n\t\t<\/section>\n\t\t\t\t\t\t\t<\/div>\n\t\t","protected":false},"excerpt":{"rendered":"<p>Kar\u0131n germe, di\u011fer ad\u0131yla abdominoplasti, T\u00fcrkiye\u2019de kar\u0131n b\u00f6lgesindeki fazla deri ve ya\u011f\u0131 alarak kaslar\u0131 s\u0131k\u0131la\u015ft\u0131ran ve daha d\u00fcz bir g\u00f6r\u00fcn\u00fcm sa\u011flayan pop\u00fcler bir estetik ameliyatt\u0131r. T\u00fcrkiye, y\u00fcksek kaliteli kar\u0131n germe ameliyatlar\u0131n\u0131 uygun fiyatlarla sunmas\u0131yla tan\u0131n\u0131r. Deneyimli cerrahlar ve ileri t\u0131bbi tesisler, g\u00fcvenli ve ba\u015far\u0131l\u0131 sonu\u00e7lar elde edilmesini sa\u011flar. Kapsaml\u0131 bak\u0131m paketleri genellikle ameliyat \u00f6ncesi dan\u0131\u015fma, [&hellip;]<\/p>\n","protected":false},"author":4,"featured_media":0,"parent":0,"menu_order":0,"comment_status":"closed","ping_status":"closed","template":"","meta":{"inline_featured_image":false,"footnotes":""},"class_list":["post-23480","page","type-page","status-publish","hentry"],"_links":{"self":[{"href":"https:\/\/docvivosaglik.com\/tr\/wp-json\/wp\/v2\/pages\/23480","targetHints":{"allow":["GET"]}}],"collection":[{"href":"https:\/\/docvivosaglik.com\/tr\/wp-json\/wp\/v2\/pages"}],"about":[{"href":"https:\/\/docvivosaglik.com\/tr\/wp-json\/wp\/v2\/types\/page"}],"author":[{"embeddable":true,"href":"https:\/\/docvivosaglik.com\/tr\/wp-json\/wp\/v2\/users\/4"}],"replies":[{"embeddable":true,"href":"https:\/\/docvivosaglik.com\/tr\/wp-json\/wp\/v2\/comments?post=23480"}],"version-history":[{"count":13,"href":"https:\/\/docvivosaglik.com\/tr\/wp-json\/wp\/v2\/pages\/23480\/revisions"}],"predecessor-version":[{"id":24922,"href":"https:\/\/docvivosaglik.com\/tr\/wp-json\/wp\/v2\/pages\/23480\/revisions\/24922"}],"wp:attachment":[{"href":"https:\/\/docvivosaglik.com\/tr\/wp-json\/wp\/v2\/media?parent=23480"}],"curies":[{"name":"wp","href":"https:\/\/api.w.org\/{rel}","templated":true}]}}