{"id":23478,"date":"2022-03-19T09:41:25","date_gmt":"2022-03-19T06:41:25","guid":{"rendered":"https:\/\/docvivo.com\/mommy-makeover-in-turkey\/"},"modified":"2025-10-07T12:20:20","modified_gmt":"2025-10-07T09:20:20","slug":"annelik-estetigi-turkiye","status":"publish","type":"page","link":"https:\/\/docvivosaglik.com\/tr\/annelik-estetigi-turkiye\/","title":{"rendered":"Annelik Esteti\u011fi T\u00fcrkiye"},"content":{"rendered":"\t\t<div data-elementor-type=\"wp-page\" data-elementor-id=\"23478\" class=\"elementor elementor-23478\">\n\t\t\t\t\t\t\t\t\t<section class=\"elementor-section elementor-top-section elementor-element elementor-element-33465b40 elementor-section-boxed elementor-section-height-default elementor-section-height-default\" data-id=\"33465b40\" data-element_type=\"section\">\n\t\t\t\t\t\t<div class=\"elementor-container elementor-column-gap-default\">\n\t\t\t\t\t<div class=\"elementor-column elementor-col-100 elementor-top-column elementor-element elementor-element-721aa73d\" data-id=\"721aa73d\" data-element_type=\"column\">\n\t\t\t<div class=\"elementor-widget-wrap elementor-element-populated\">\n\t\t\t\t\t\t\t\t<div class=\"elementor-element elementor-element-75efe2a1 elementor-widget elementor-widget-text-editor\" data-id=\"75efe2a1\" data-element_type=\"widget\" data-widget_type=\"text-editor.default\">\n\t\t\t\t<div class=\"elementor-widget-container\">\n\t\t\t<style>\/*! elementor - v3.7.8 - 02-10-2022 *\/\n.elementor-widget-text-editor.elementor-drop-cap-view-stacked .elementor-drop-cap{background-color:#818a91;color:#fff}.elementor-widget-text-editor.elementor-drop-cap-view-framed .elementor-drop-cap{color:#818a91;border:3px solid;background-color:transparent}.elementor-widget-text-editor:not(.elementor-drop-cap-view-default) .elementor-drop-cap{margin-top:8px}.elementor-widget-text-editor:not(.elementor-drop-cap-view-default) .elementor-drop-cap-letter{width:1em;height:1em}.elementor-widget-text-editor .elementor-drop-cap{float:left;text-align:center;line-height:1;font-size:50px}.elementor-widget-text-editor .elementor-drop-cap-letter{display:inline-block}<\/style>\t\t\t\t<p>T\u00fcrkiye\u2019de \u201cMommy Makeover\u201d (Anne Esteti\u011fi), hamilelik ve do\u011fum sonras\u0131nda kad\u0131n\u0131n v\u00fccudunu eski formuna kavu\u015fturmak i\u00e7in tasarlanm\u0131\u015f kapsaml\u0131 bir estetik prosed\u00fcrd\u00fcr. Bu operasyon genellikle kar\u0131n germe, meme dikle\u015ftirme veya b\u00fcy\u00fctme ve liposuction gibi birden fazla cerrahi i\u015flemin kombinasyonunu i\u00e7erir.<\/p>\t\t\t\t\t\t<\/div>\n\t\t\t\t<\/div>\n\t\t\t\t<div class=\"elementor-element elementor-element-403b2cd elementor-toc--minimized-on-tablet elementor-widget elementor-widget-table-of-contents\" data-id=\"403b2cd\" data-element_type=\"widget\" data-settings=\"{&quot;exclude_headings_by_selector&quot;:[],&quot;headings_by_tags&quot;:[&quot;h2&quot;,&quot;h3&quot;,&quot;h4&quot;,&quot;h5&quot;,&quot;h6&quot;],&quot;marker_view&quot;:&quot;numbers&quot;,&quot;minimize_box&quot;:&quot;yes&quot;,&quot;minimized_on&quot;:&quot;tablet&quot;,&quot;hierarchical_view&quot;:&quot;yes&quot;,&quot;min_height&quot;:{&quot;unit&quot;:&quot;px&quot;,&quot;size&quot;:&quot;&quot;,&quot;sizes&quot;:[]},&quot;min_height_tablet&quot;:{&quot;unit&quot;:&quot;px&quot;,&quot;size&quot;:&quot;&quot;,&quot;sizes&quot;:[]},&quot;min_height_mobile&quot;:{&quot;unit&quot;:&quot;px&quot;,&quot;size&quot;:&quot;&quot;,&quot;sizes&quot;:[]}}\" data-widget_type=\"table-of-contents.default\">\n\t\t\t\t<div class=\"elementor-widget-container\">\n\t\t\t<style>\/*! elementor-pro - v3.5.2 - 28-11-2021 *\/\n.elementor-widget-table-of-contents .elementor-toc__header-title{color:var(--header-color)}.elementor-widget-table-of-contents.elementor-toc--collapsed .elementor-toc__toggle-button--collapse,.elementor-widget-table-of-contents:not(.elementor-toc--collapsed) .elementor-toc__toggle-button--expand{display:none}.elementor-widget-table-of-contents .elementor-widget-container{min-height:var(--box-min-height);border:var(--box-border-width,1px) solid var(--box-border-color,#a4afb7);border-radius:var(--box-border-radius,3px);background-color:var(--box-background-color);-webkit-transition:min-height .4s;-o-transition:min-height .4s;transition:min-height .4s;overflow:hidden}.elementor-toc__header{display:-webkit-box;display:-ms-flexbox;display:flex;-webkit-box-align:center;-ms-flex-align:center;align-items:center;-webkit-box-pack:justify;-ms-flex-pack:justify;justify-content:space-between;padding:var(--box-padding,20px);background-color:var(--header-background-color);border-bottom:var(--separator-width,1px) solid var(--box-border-color,#a4afb7)}.elementor-toc__header-title{font-size:18px;margin:0;color:var(--header-color)}.elementor-toc__toggle-button{cursor:pointer;display:-webkit-inline-box;display:-ms-inline-flexbox;display:inline-flex}.elementor-toc__toggle-button i{color:var(--toggle-button-color)}.elementor-toc__toggle-button svg{height:1em;width:1em;fill:var(--toggle-button-color)}.elementor-toc__spinner-container{text-align:center}.elementor-toc__spinner{font-size:2em}.elementor-toc__spinner.e-font-icon-svg{height:1em;width:1em}.elementor-toc__body{padding:var(--box-padding,20px);max-height:var(--toc-body-max-height);overflow-y:auto}.elementor-toc__body::-webkit-scrollbar{width:7px}.elementor-toc__body::-webkit-scrollbar-thumb{background-color:#c2cbd2;border-radius:10px}.elementor-toc__list-wrapper{list-style:none;padding:0}.elementor-toc__list-item{margin-bottom:.5em}.elementor-toc__list-item.elementor-item-active{font-weight:700}.elementor-toc__list-item .elementor-toc__list-wrapper{margin-top:.5em;margin-left:var(--nested-list-indent,1em)}.elementor-toc__list-item-text:hover{color:var(--item-text-hover-color);-webkit-text-decoration:var(--item-text-hover-decoration);text-decoration:var(--item-text-hover-decoration)}.elementor-toc__list-item-text.elementor-item-active{color:var(--item-text-active-color);-webkit-text-decoration:var(--item-text-active-decoration);text-decoration:var(--item-text-active-decoration)}.elementor-toc__list-item-text-wrapper{display:-webkit-box;display:-ms-flexbox;display:flex;-webkit-box-align:center;-ms-flex-align:center;align-items:center}.elementor-toc__list-item-text-wrapper:before,.elementor-toc__list-item-text-wrapper i{margin-right:8px;color:var(--marker-color)}.elementor-toc__list-item-text-wrapper svg{margin-right:8px;fill:var(--marker-color);height:var(--marker-size,.5em);width:var(--marker-size,.5em)}.elementor-toc__list-item-text-wrapper i{font-size:var(--marker-size,.5em)}.elementor-toc__list-item-text-wrapper:before{font-size:var(--marker-size,1em)}.elementor-toc--content-ellipsis .elementor-toc__list-item-text{white-space:nowrap;overflow:hidden;-o-text-overflow:ellipsis;text-overflow:ellipsis}.elementor-toc__list-items--collapsible>.elementor-toc__list-wrapper>.elementor-toc__list-item>.elementor-toc__list-wrapper{display:none}.elementor-toc__heading-anchor{position:absolute}.elementor-toc__body .elementor-toc__list-item-text{color:var(--item-text-color);-webkit-text-decoration:var(--item-text-decoration);text-decoration:var(--item-text-decoration)}.elementor-toc__body .elementor-toc__list-item-text:hover{color:var(--item-text-hover-color);-webkit-text-decoration:var(--item-text-hover-decoration);text-decoration:var(--item-text-hover-decoration)}.elementor-toc__body .elementor-toc__list-item-text.elementor-item-active{color:var(--item-text-active-color);-webkit-text-decoration:var(--item-text-active-decoration);text-decoration:var(--item-text-active-decoration)}ol.elementor-toc__list-wrapper{counter-reset:item}ol.elementor-toc__list-wrapper .elementor-toc__list-item{counter-increment:item}ol.elementor-toc__list-wrapper .elementor-toc__list-item-text-wrapper:before{content:counters(item,\".\") \". \"}@media only screen and (max-width:-1px){.elementor-toc--minimized-on-tablet_extra .elementor-toc__body{display:none}}@media only screen and (max-width:1024px){.elementor-toc--minimized-on-tablet .elementor-toc__body{display:none}}@media only screen and (max-width:-1px){.elementor-toc--minimized-on-mobile_extra .elementor-toc__body{display:none}}@media only screen and (max-width:767px){.elementor-toc--minimized-on-mobile .elementor-toc__body{display:none}}<\/style>\t\t<div class=\"elementor-toc__header\">\n\t\t\t<h4 class=\"elementor-toc__header-title\">\n\t\t\t\t\u0130\u00e7indekiler\t\t\t<\/h4>\n\t\t\t\t\t\t\t<div class=\"elementor-toc__toggle-button elementor-toc__toggle-button--expand\"><i class=\"fas fa-chevron-down\"><\/i><\/div>\n\t\t\t\t<div class=\"elementor-toc__toggle-button elementor-toc__toggle-button--collapse\"><i class=\"fas fa-chevron-up\"><\/i><\/div>\n\t\t\t\t\t<\/div>\n\t\t<div class=\"elementor-toc__body\">\n\t\t\t<div class=\"elementor-toc__spinner-container\">\n\t\t\t\t<i class=\"elementor-toc__spinner eicon-animation-spin eicon-loading\" aria-hidden=\"true\"><\/i>\t\t\t<\/div>\n\t\t<\/div>\n\t\t\t\t<\/div>\n\t\t\t\t<\/div>\n\t\t\t\t<div class=\"elementor-element elementor-element-dd7b00b elementor-widget elementor-widget-heading\" data-id=\"dd7b00b\" data-element_type=\"widget\" data-widget_type=\"heading.default\">\n\t\t\t\t<div class=\"elementor-widget-container\">\n\t\t\t<style>\/*! elementor - v3.7.8 - 02-10-2022 *\/\n.elementor-heading-title{padding:0;margin:0;line-height:1}.elementor-widget-heading .elementor-heading-title[class*=elementor-size-]>a{color:inherit;font-size:inherit;line-height:inherit}.elementor-widget-heading .elementor-heading-title.elementor-size-small{font-size:15px}.elementor-widget-heading .elementor-heading-title.elementor-size-medium{font-size:19px}.elementor-widget-heading .elementor-heading-title.elementor-size-large{font-size:29px}.elementor-widget-heading .elementor-heading-title.elementor-size-xl{font-size:39px}.elementor-widget-heading .elementor-heading-title.elementor-size-xxl{font-size:59px}<\/style><h2 class=\"elementor-heading-title elementor-size-default\">T\u00fcrkiye\u2019de Anne Esteti\u011fi (Mommy Makeover): Kapsaml\u0131 Bir Genel Bak\u0131\u015f\n<\/h2>\t\t<\/div>\n\t\t\t\t<\/div>\n\t\t\t\t<div class=\"elementor-element elementor-element-42cf3aa elementor-widget elementor-widget-text-editor\" data-id=\"42cf3aa\" data-element_type=\"widget\" data-widget_type=\"text-editor.default\">\n\t\t\t\t<div class=\"elementor-widget-container\">\n\t\t\t\t\t\t\t<p>T\u00fcrkiye\u2019de \u201cMommy Makeover\u201d (Anne Esteti\u011fi), kad\u0131n\u0131n hamilelik \u00f6ncesi v\u00fccut formunu geri kazand\u0131rmak i\u00e7in tasarlanm\u0131\u015f bir dizi estetik i\u015flemi bir araya getirir. Y\u00fcksek kaliteli sa\u011fl\u0131k hizmetleri ve uygun fiyatlar\u0131yla tan\u0131nan T\u00fcrkiye, bu d\u00f6n\u00fc\u015ft\u00fcr\u00fcc\u00fc ameliyatlar i\u00e7in \u00f6nde gelen destinasyonlardan biri haline gelmi\u015ftir. Pop\u00fcler i\u015flemler aras\u0131nda meme b\u00fcy\u00fctme, kar\u0131n germe, liposuction ve Brezilya popo kald\u0131rma (BBL) bulunur. Bu operasyonlar, son teknolojiye sahip tesislerde deneyimli cerrahlar taraf\u0131ndan ger\u00e7ekle\u015ftirilir. Hastalar, ki\u015fiye \u00f6zel bak\u0131m, konforlu iyile\u015fme ortamlar\u0131 ve Bat\u0131 \u00fclkelerine k\u0131yasla \u00f6nemli maliyet avantajlar\u0131ndan faydalanarak T\u00fcrkiye\u2019yi anne esteti\u011fi i\u00e7in ideal bir tercih haline getirir.<\/p>\t\t\t\t\t\t<\/div>\n\t\t\t\t<\/div>\n\t\t\t\t<div class=\"elementor-element elementor-element-85def9e elementor-widget elementor-widget-heading\" data-id=\"85def9e\" data-element_type=\"widget\" data-widget_type=\"heading.default\">\n\t\t\t\t<div class=\"elementor-widget-container\">\n\t\t\t<h2 class=\"elementor-heading-title elementor-size-default\">Anne Esteti\u011fi (Mommy Makeover) A\u015famalar\u0131\n<\/h2>\t\t<\/div>\n\t\t\t\t<\/div>\n\t\t\t\t<div class=\"elementor-element elementor-element-1f396d1 elementor-widget elementor-widget-text-editor\" data-id=\"1f396d1\" data-element_type=\"widget\" data-widget_type=\"text-editor.default\">\n\t\t\t\t<div class=\"elementor-widget-container\">\n\t\t\t\t\t\t\t<p>1- <strong>Dan\u0131\u015fma:<\/strong> \u0130lk ad\u0131m, bir estetik cerrah ile yap\u0131lacak g\u00f6r\u00fc\u015fmedir. Bu g\u00f6r\u00fc\u015fmede hedefleriniz, endi\u015feleriniz ve istedi\u011finiz sonu\u00e7lar \u00fczerine konu\u015fulur. Cerrah, sa\u011fl\u0131k durumunuzu de\u011ferlendirir, mevcut se\u00e7enekleri a\u00e7\u0131klar ve hedeflerinize ula\u015fman\u0131z\u0131 sa\u011flayacak uygun i\u015flem kombinasyonunu \u00f6nerir. Ayr\u0131ca riskleri, iyile\u015fme s\u00fcrecini ve maliyetleri de detayl\u0131 bi\u00e7imde anlat\u0131r.<\/p><p>2- <strong>Ki\u015fiye \u00d6zel Plan Haz\u0131rl\u0131\u011f\u0131:<\/strong> \u0130lk dan\u0131\u015fman\u0131n ard\u0131ndan cerrah, size \u00f6zel bir cerrahi plan olu\u015fturur. Bu plan kar\u0131n germe (abdominoplasti), meme dikle\u015ftirme (implantl\u0131 veya implants\u0131z), liposuction ve baz\u0131 durumlarda labioplasti gibi ek i\u015flemleri i\u00e7erebilir. Plan, v\u00fccut tipiniz, hedefleriniz ve sa\u011fl\u0131k durumunuz dikkate al\u0131narak ki\u015fiselle\u015ftirilir.<\/p><p>3- <strong>Ameliyat \u00d6ncesi Haz\u0131rl\u0131k:<\/strong> Ameliyat \u00f6ncesinde baz\u0131 t\u0131bbi de\u011ferlendirmelerden ge\u00e7meniz, belirli ila\u00e7lar\u0131 alman\u0131z veya mevcut ila\u00e7lar\u0131n\u0131z\u0131 d\u00fczenlemeniz gerekebilir. Daha iyi iyile\u015fme i\u00e7in genellikle sigaray\u0131 b\u0131rakman\u0131z istenir. Ayr\u0131ca ameliyat g\u00fcn\u00fc ve iyile\u015fme s\u00fcreci i\u00e7in detayl\u0131 talimatlar verilir.<\/p><p>4- <strong>Ameliyat:<\/strong> Anne esteti\u011fi genellikle genel anestezi alt\u0131nda yap\u0131l\u0131r. \u0130\u015flemlerin kapsam\u0131na ba\u011fl\u0131 olarak ameliyat birka\u00e7 saat s\u00fcrebilir. \u00c7o\u011fu durumda, iyile\u015fme s\u00fcresini k\u0131saltmak ve maliyeti azaltmak amac\u0131yla i\u015flemler ayn\u0131 anda yap\u0131l\u0131r. Ancak g\u00fcvenlik a\u00e7\u0131s\u0131ndan gerekli g\u00f6r\u00fcl\u00fcrse, baz\u0131 i\u015flemler farkl\u0131 zamanlarda ger\u00e7ekle\u015ftirilebilir.<\/p><p>5- <strong>\u0130yile\u015fme S\u00fcreci:<\/strong> \u0130yile\u015fme s\u00fcresi yap\u0131lan i\u015flemlere g\u00f6re de\u011fi\u015fir. Genellikle dinlenme ve s\u0131n\u0131rl\u0131 hareket gerektirir, b\u00f6ylece v\u00fccut iyile\u015fmeye odaklanabilir. Ameliyat sonras\u0131 bak\u0131m i\u00e7in cerrah\u0131n\u0131zdan ayr\u0131nt\u0131l\u0131 talimatlar al\u0131rs\u0131n\u0131z; buna yara bak\u0131m\u0131, enfeksiyon riskini azaltmak i\u00e7in ila\u00e7 kullan\u0131m\u0131 ve takip randevular\u0131 dahildir.<\/p><p>6- <strong>Kontrol Randevular\u0131:<\/strong> Takip randevular\u0131, iyile\u015fme s\u00fcrecinizin ve sonu\u00e7lar\u0131n izlenmesi a\u00e7\u0131s\u0131ndan \u00e7ok \u00f6nemlidir. Bu randevularda cerrah iyile\u015fme durumunuzu de\u011ferlendirir, olas\u0131 sorunlar\u0131 ele al\u0131r ve normal aktivitelerinize veya egzersizlere ne zaman d\u00f6nebilece\u011finizi belirtir.<\/p><p>7- <strong>Sonu\u00e7lar:<\/strong> De\u011fi\u015fiklikleri ameliyattan hemen sonra fark edebilirsiniz, ancak anne esteti\u011finin nihai sonu\u00e7lar\u0131 birka\u00e7 ay i\u00e7inde, \u015fi\u015flik azald\u0131k\u00e7a ve v\u00fccut yeni formuna uyum sa\u011flad\u0131k\u00e7a belirginle\u015fir. \u0130zler zamanla iyile\u015fir, ancak tamamen oturmas\u0131 bir y\u0131l veya daha uzun s\u00fcrebilir.<\/p>\t\t\t\t\t\t<\/div>\n\t\t\t\t<\/div>\n\t\t\t\t<div class=\"elementor-element elementor-element-2520ea8 elementor-widget elementor-widget-heading\" data-id=\"2520ea8\" data-element_type=\"widget\" data-widget_type=\"heading.default\">\n\t\t\t\t<div class=\"elementor-widget-container\">\n\t\t\t<h2 class=\"elementor-heading-title elementor-size-default\">T\u00fcrkiye\u2019de Anne Esteti\u011fi (Mommy Makeover) Neden Ucuz?\n<\/h2>\t\t<\/div>\n\t\t\t\t<\/div>\n\t\t\t\t<div class=\"elementor-element elementor-element-c4a0763 elementor-widget elementor-widget-text-editor\" data-id=\"c4a0763\" data-element_type=\"widget\" data-widget_type=\"text-editor.default\">\n\t\t\t\t<div class=\"elementor-widget-container\">\n\t\t\t\t\t\t\t<p>D\u00f6viz kuru: Yabanc\u0131 para birimlerinin T\u00fcrk liras\u0131na kar\u015f\u0131 avantajl\u0131 olmas\u0131, uluslararas\u0131 hastalar i\u00e7in i\u015flemleri daha da uygun fiyatl\u0131 hale getirebilir.<br data-start=\"152\" data-end=\"155\" \/>Standartla\u015ft\u0131r\u0131lm\u0131\u015f prosed\u00fcrler: T\u00fcrkiye\u2019deki bir\u00e7ok klinik, anne esteti\u011fi gibi yayg\u0131n i\u015flemler i\u00e7in standart protokoller ve teknikler uygular; bu da verimlili\u011fi art\u0131r\u0131r ve maliyetleri d\u00fc\u015f\u00fcr\u00fcr.<\/p>\t\t\t\t\t\t<\/div>\n\t\t\t\t<\/div>\n\t\t\t\t<div class=\"elementor-element elementor-element-f96d63e elementor-widget elementor-widget-heading\" data-id=\"f96d63e\" data-element_type=\"widget\" data-widget_type=\"heading.default\">\n\t\t\t\t<div class=\"elementor-widget-container\">\n\t\t\t<h2 class=\"elementor-heading-title elementor-size-default\">T\u00fcrkiye\u2019de Anne Esteti\u011fi (Mommy Makeover) Yapt\u0131rmak G\u00fcvenli mi?<\/h2>\t\t<\/div>\n\t\t\t\t<\/div>\n\t\t\t\t<div class=\"elementor-element elementor-element-6671e48 elementor-widget elementor-widget-text-editor\" data-id=\"6671e48\" data-element_type=\"widget\" data-widget_type=\"text-editor.default\">\n\t\t\t\t<div class=\"elementor-widget-container\">\n\t\t\t\t\t\t\t<p data-start=\"0\" data-end=\"301\">T\u00fcrkiye\u2019de anne esteti\u011fi (Mommy Makeover) ameliyatlar\u0131, g\u00fcvenilir klinikler ve nitelikli cerrahlar tercih edildi\u011fi s\u00fcrece genel olarak g\u00fcvenlidir. \u00dclkenin sa\u011fl\u0131k sistemi y\u00fcksek standartlar\u0131yla tan\u0131n\u0131r ve T\u00fcrkiye\u2019deki bir\u00e7ok cerrah, estetik operasyonlar konusunda son derece e\u011fitimli ve deneyimlidir.<\/p><p data-start=\"303\" data-end=\"601\" data-is-last-node=\"\" data-is-only-node=\"\">Modern tesisler ve T\u00fcrkiye\u2019de t\u0131bbi turizmin giderek artan pop\u00fclaritesi, bu t\u00fcr i\u015flemlerin g\u00fcvenilirli\u011fini art\u0131rmaktad\u0131r. Ancak, g\u00fcvenli ve kaliteli bir bak\u0131m sa\u011flamak i\u00e7in ameliyat \u00f6ncesinde kapsaml\u0131 bir ara\u015ft\u0131rma yapmak ve sa\u011fl\u0131k profesyonelleriyle ayr\u0131nt\u0131l\u0131 olarak g\u00f6r\u00fc\u015fmek son derece \u00f6nemlidir.<\/p>\t\t\t\t\t\t<\/div>\n\t\t\t\t<\/div>\n\t\t\t\t\t<\/div>\n\t\t<\/div>\n\t\t\t\t\t\t\t<\/div>\n\t\t<\/section>\n\t\t\t\t\t\t\t<\/div>\n\t\t","protected":false},"excerpt":{"rendered":"<p>T\u00fcrkiye\u2019de \u201cMommy Makeover\u201d (Anne Esteti\u011fi), hamilelik ve do\u011fum sonras\u0131nda kad\u0131n\u0131n v\u00fccudunu eski formuna kavu\u015fturmak i\u00e7in tasarlanm\u0131\u015f kapsaml\u0131 bir estetik prosed\u00fcrd\u00fcr. Bu operasyon genellikle kar\u0131n germe, meme dikle\u015ftirme veya b\u00fcy\u00fctme ve liposuction gibi birden fazla cerrahi i\u015flemin kombinasyonunu i\u00e7erir. \u0130\u00e7indekiler T\u00fcrkiye\u2019de Anne Esteti\u011fi (Mommy Makeover): Kapsaml\u0131 Bir Genel Bak\u0131\u015f T\u00fcrkiye\u2019de \u201cMommy Makeover\u201d (Anne Esteti\u011fi), kad\u0131n\u0131n hamilelik [&hellip;]<\/p>\n","protected":false},"author":4,"featured_media":0,"parent":0,"menu_order":0,"comment_status":"closed","ping_status":"closed","template":"","meta":{"inline_featured_image":false,"footnotes":""},"class_list":["post-23478","page","type-page","status-publish","hentry"],"_links":{"self":[{"href":"https:\/\/docvivosaglik.com\/tr\/wp-json\/wp\/v2\/pages\/23478","targetHints":{"allow":["GET"]}}],"collection":[{"href":"https:\/\/docvivosaglik.com\/tr\/wp-json\/wp\/v2\/pages"}],"about":[{"href":"https:\/\/docvivosaglik.com\/tr\/wp-json\/wp\/v2\/types\/page"}],"author":[{"embeddable":true,"href":"https:\/\/docvivosaglik.com\/tr\/wp-json\/wp\/v2\/users\/4"}],"replies":[{"embeddable":true,"href":"https:\/\/docvivosaglik.com\/tr\/wp-json\/wp\/v2\/comments?post=23478"}],"version-history":[{"count":14,"href":"https:\/\/docvivosaglik.com\/tr\/wp-json\/wp\/v2\/pages\/23478\/revisions"}],"predecessor-version":[{"id":24925,"href":"https:\/\/docvivosaglik.com\/tr\/wp-json\/wp\/v2\/pages\/23478\/revisions\/24925"}],"wp:attachment":[{"href":"https:\/\/docvivosaglik.com\/tr\/wp-json\/wp\/v2\/media?parent=23478"}],"curies":[{"name":"wp","href":"https:\/\/api.w.org\/{rel}","templated":true}]}}