{"id":23418,"date":"2021-10-30T14:03:51","date_gmt":"2021-10-30T11:03:51","guid":{"rendered":"https:\/\/docvivo.com\/weight-loss-surgery\/turkey\/"},"modified":"2025-10-07T12:07:39","modified_gmt":"2025-10-07T09:07:39","slug":"obezite-cerrahisi","status":"publish","type":"page","link":"https:\/\/docvivosaglik.com\/tr\/obezite-cerrahisi\/","title":{"rendered":"Obezite Cerrahisi"},"content":{"rendered":"\t\t<div data-elementor-type=\"wp-page\" data-elementor-id=\"23418\" class=\"elementor elementor-23418\">\n\t\t\t\t\t\t\t\t\t<section class=\"elementor-section elementor-top-section elementor-element elementor-element-2ccc73a elementor-section-boxed elementor-section-height-default elementor-section-height-default\" data-id=\"2ccc73a\" data-element_type=\"section\">\n\t\t\t\t\t\t<div class=\"elementor-container elementor-column-gap-default\">\n\t\t\t\t\t<div class=\"elementor-column elementor-col-100 elementor-top-column elementor-element elementor-element-8cec379\" data-id=\"8cec379\" data-element_type=\"column\">\n\t\t\t<div class=\"elementor-widget-wrap elementor-element-populated\">\n\t\t\t\t\t\t\t\t<div class=\"elementor-element elementor-element-efe7f82 elementor-widget elementor-widget-text-editor\" data-id=\"efe7f82\" data-element_type=\"widget\" data-widget_type=\"text-editor.default\">\n\t\t\t\t<div class=\"elementor-widget-container\">\n\t\t\t<style>\/*! elementor - v3.7.8 - 02-10-2022 *\/\n.elementor-widget-text-editor.elementor-drop-cap-view-stacked .elementor-drop-cap{background-color:#818a91;color:#fff}.elementor-widget-text-editor.elementor-drop-cap-view-framed .elementor-drop-cap{color:#818a91;border:3px solid;background-color:transparent}.elementor-widget-text-editor:not(.elementor-drop-cap-view-default) .elementor-drop-cap{margin-top:8px}.elementor-widget-text-editor:not(.elementor-drop-cap-view-default) .elementor-drop-cap-letter{width:1em;height:1em}.elementor-widget-text-editor .elementor-drop-cap{float:left;text-align:center;line-height:1;font-size:50px}.elementor-widget-text-editor .elementor-drop-cap-letter{display:inline-block}<\/style>\t\t\t\t<p>T\u00fcrkiye&#8217;de obezite tedavisi, bariatrik cerrahiler (gastrik bypass, t\u00fcp mide) ve cerrahi olmayan y\u00f6ntemler (diyet programlar\u0131, ya\u015fam tarz\u0131 de\u011fi\u015fiklikleri) dahil olmak \u00fczere etkili se\u00e7enekler sunar. Uygun maliyetli ve y\u00fcksek kaliteli t\u0131bbi bak\u0131m\u0131yla tan\u0131nan T\u00fcrkiye, deneyimli uzmanlar ve geli\u015fmi\u015f tesislerle kapsaml\u0131 tedavi paketleri sa\u011flar.<\/p>\t\t\t\t\t\t<\/div>\n\t\t\t\t<\/div>\n\t\t\t\t<div class=\"elementor-element elementor-element-53b789f elementor-toc--minimized-on-tablet elementor-widget elementor-widget-table-of-contents\" data-id=\"53b789f\" data-element_type=\"widget\" data-settings=\"{&quot;exclude_headings_by_selector&quot;:[],&quot;headings_by_tags&quot;:[&quot;h2&quot;,&quot;h3&quot;,&quot;h4&quot;,&quot;h5&quot;,&quot;h6&quot;],&quot;marker_view&quot;:&quot;numbers&quot;,&quot;minimize_box&quot;:&quot;yes&quot;,&quot;minimized_on&quot;:&quot;tablet&quot;,&quot;hierarchical_view&quot;:&quot;yes&quot;,&quot;min_height&quot;:{&quot;unit&quot;:&quot;px&quot;,&quot;size&quot;:&quot;&quot;,&quot;sizes&quot;:[]},&quot;min_height_tablet&quot;:{&quot;unit&quot;:&quot;px&quot;,&quot;size&quot;:&quot;&quot;,&quot;sizes&quot;:[]},&quot;min_height_mobile&quot;:{&quot;unit&quot;:&quot;px&quot;,&quot;size&quot;:&quot;&quot;,&quot;sizes&quot;:[]}}\" data-widget_type=\"table-of-contents.default\">\n\t\t\t\t<div class=\"elementor-widget-container\">\n\t\t\t<style>\/*! elementor-pro - v3.5.2 - 28-11-2021 *\/\n.elementor-widget-table-of-contents .elementor-toc__header-title{color:var(--header-color)}.elementor-widget-table-of-contents.elementor-toc--collapsed .elementor-toc__toggle-button--collapse,.elementor-widget-table-of-contents:not(.elementor-toc--collapsed) .elementor-toc__toggle-button--expand{display:none}.elementor-widget-table-of-contents .elementor-widget-container{min-height:var(--box-min-height);border:var(--box-border-width,1px) solid var(--box-border-color,#a4afb7);border-radius:var(--box-border-radius,3px);background-color:var(--box-background-color);-webkit-transition:min-height .4s;-o-transition:min-height .4s;transition:min-height .4s;overflow:hidden}.elementor-toc__header{display:-webkit-box;display:-ms-flexbox;display:flex;-webkit-box-align:center;-ms-flex-align:center;align-items:center;-webkit-box-pack:justify;-ms-flex-pack:justify;justify-content:space-between;padding:var(--box-padding,20px);background-color:var(--header-background-color);border-bottom:var(--separator-width,1px) solid var(--box-border-color,#a4afb7)}.elementor-toc__header-title{font-size:18px;margin:0;color:var(--header-color)}.elementor-toc__toggle-button{cursor:pointer;display:-webkit-inline-box;display:-ms-inline-flexbox;display:inline-flex}.elementor-toc__toggle-button i{color:var(--toggle-button-color)}.elementor-toc__toggle-button svg{height:1em;width:1em;fill:var(--toggle-button-color)}.elementor-toc__spinner-container{text-align:center}.elementor-toc__spinner{font-size:2em}.elementor-toc__spinner.e-font-icon-svg{height:1em;width:1em}.elementor-toc__body{padding:var(--box-padding,20px);max-height:var(--toc-body-max-height);overflow-y:auto}.elementor-toc__body::-webkit-scrollbar{width:7px}.elementor-toc__body::-webkit-scrollbar-thumb{background-color:#c2cbd2;border-radius:10px}.elementor-toc__list-wrapper{list-style:none;padding:0}.elementor-toc__list-item{margin-bottom:.5em}.elementor-toc__list-item.elementor-item-active{font-weight:700}.elementor-toc__list-item .elementor-toc__list-wrapper{margin-top:.5em;margin-left:var(--nested-list-indent,1em)}.elementor-toc__list-item-text:hover{color:var(--item-text-hover-color);-webkit-text-decoration:var(--item-text-hover-decoration);text-decoration:var(--item-text-hover-decoration)}.elementor-toc__list-item-text.elementor-item-active{color:var(--item-text-active-color);-webkit-text-decoration:var(--item-text-active-decoration);text-decoration:var(--item-text-active-decoration)}.elementor-toc__list-item-text-wrapper{display:-webkit-box;display:-ms-flexbox;display:flex;-webkit-box-align:center;-ms-flex-align:center;align-items:center}.elementor-toc__list-item-text-wrapper:before,.elementor-toc__list-item-text-wrapper i{margin-right:8px;color:var(--marker-color)}.elementor-toc__list-item-text-wrapper svg{margin-right:8px;fill:var(--marker-color);height:var(--marker-size,.5em);width:var(--marker-size,.5em)}.elementor-toc__list-item-text-wrapper i{font-size:var(--marker-size,.5em)}.elementor-toc__list-item-text-wrapper:before{font-size:var(--marker-size,1em)}.elementor-toc--content-ellipsis .elementor-toc__list-item-text{white-space:nowrap;overflow:hidden;-o-text-overflow:ellipsis;text-overflow:ellipsis}.elementor-toc__list-items--collapsible>.elementor-toc__list-wrapper>.elementor-toc__list-item>.elementor-toc__list-wrapper{display:none}.elementor-toc__heading-anchor{position:absolute}.elementor-toc__body .elementor-toc__list-item-text{color:var(--item-text-color);-webkit-text-decoration:var(--item-text-decoration);text-decoration:var(--item-text-decoration)}.elementor-toc__body .elementor-toc__list-item-text:hover{color:var(--item-text-hover-color);-webkit-text-decoration:var(--item-text-hover-decoration);text-decoration:var(--item-text-hover-decoration)}.elementor-toc__body .elementor-toc__list-item-text.elementor-item-active{color:var(--item-text-active-color);-webkit-text-decoration:var(--item-text-active-decoration);text-decoration:var(--item-text-active-decoration)}ol.elementor-toc__list-wrapper{counter-reset:item}ol.elementor-toc__list-wrapper .elementor-toc__list-item{counter-increment:item}ol.elementor-toc__list-wrapper .elementor-toc__list-item-text-wrapper:before{content:counters(item,\".\") \". \"}@media only screen and (max-width:-1px){.elementor-toc--minimized-on-tablet_extra .elementor-toc__body{display:none}}@media only screen and (max-width:1024px){.elementor-toc--minimized-on-tablet .elementor-toc__body{display:none}}@media only screen and (max-width:-1px){.elementor-toc--minimized-on-mobile_extra .elementor-toc__body{display:none}}@media only screen and (max-width:767px){.elementor-toc--minimized-on-mobile .elementor-toc__body{display:none}}<\/style>\t\t<div class=\"elementor-toc__header\">\n\t\t\t<h4 class=\"elementor-toc__header-title\">\n\t\t\t\t\u0130\u00e7indekiler\t\t\t<\/h4>\n\t\t\t\t\t\t\t<div class=\"elementor-toc__toggle-button elementor-toc__toggle-button--expand\"><i class=\"fas fa-chevron-down\"><\/i><\/div>\n\t\t\t\t<div class=\"elementor-toc__toggle-button elementor-toc__toggle-button--collapse\"><i class=\"fas fa-chevron-up\"><\/i><\/div>\n\t\t\t\t\t<\/div>\n\t\t<div class=\"elementor-toc__body\">\n\t\t\t<div class=\"elementor-toc__spinner-container\">\n\t\t\t\t<i class=\"elementor-toc__spinner eicon-animation-spin eicon-loading\" aria-hidden=\"true\"><\/i>\t\t\t<\/div>\n\t\t<\/div>\n\t\t\t\t<\/div>\n\t\t\t\t<\/div>\n\t\t\t\t<div class=\"elementor-element elementor-element-34e533c elementor-widget elementor-widget-html\" data-id=\"34e533c\" data-element_type=\"widget\" data-widget_type=\"html.default\">\n\t\t\t\t<div class=\"elementor-widget-container\">\n\t\t\t<script>\njQuery(document).ready(function($) {\n    setTimeout(function() {\n\t\t$('.elementor-tab-title').removeClass('elementor-active');\n\t\t$('.elementor-tab-content').css('display', 'none'); });\n\t\t});\n<\/script>\t\t<\/div>\n\t\t\t\t<\/div>\n\t\t\t\t<div class=\"elementor-element elementor-element-4c8aea8 elementor-widget elementor-widget-heading\" data-id=\"4c8aea8\" data-element_type=\"widget\" data-widget_type=\"heading.default\">\n\t\t\t\t<div class=\"elementor-widget-container\">\n\t\t\t<style>\/*! elementor - v3.7.8 - 02-10-2022 *\/\n.elementor-heading-title{padding:0;margin:0;line-height:1}.elementor-widget-heading .elementor-heading-title[class*=elementor-size-]>a{color:inherit;font-size:inherit;line-height:inherit}.elementor-widget-heading .elementor-heading-title.elementor-size-small{font-size:15px}.elementor-widget-heading .elementor-heading-title.elementor-size-medium{font-size:19px}.elementor-widget-heading .elementor-heading-title.elementor-size-large{font-size:29px}.elementor-widget-heading .elementor-heading-title.elementor-size-xl{font-size:39px}.elementor-widget-heading .elementor-heading-title.elementor-size-xxl{font-size:59px}<\/style><h2 class=\"elementor-heading-title elementor-size-default\">T\u00fcrkiye\u2019de Obezite Tedavisine Kapsaml\u0131 Rehber\n<\/h2>\t\t<\/div>\n\t\t\t\t<\/div>\n\t\t\t\t<div class=\"elementor-element elementor-element-945960d elementor-widget elementor-widget-text-editor\" data-id=\"945960d\" data-element_type=\"widget\" data-widget_type=\"text-editor.default\">\n\t\t\t\t<div class=\"elementor-widget-container\">\n\t\t\t\t\t\t\t<p>T\u00fcrkiye\u2019de obezite tedavisi, ayr\u0131nt\u0131l\u0131 bir dan\u0131\u015fma ve t\u0131bbi de\u011ferlendirme ile ba\u015flayan kapsaml\u0131 bir yakla\u015f\u0131md\u0131r. Hastalar, ameliyat i\u00e7in uygunluklar\u0131n\u0131 belirlemek ve tedavi plan\u0131n\u0131 \u00f6zel ihtiya\u00e7lar\u0131na g\u00f6re uyarlamak amac\u0131yla bir dizi testten ge\u00e7erler. En yayg\u0131n uygulamalar aras\u0131nda t\u00fcp mide, gastrik bypass ve mide balonu bulunur ve bunlar\u0131n her biri geli\u015fmi\u015f laparoskopik tekniklerle ger\u00e7ekle\u015ftirilir. Ameliyatlar, alan\u0131nda uzman bariatrik cerrahlar taraf\u0131ndan son teknolojiye sahip tesislerde yap\u0131l\u0131r. Ameliyat sonras\u0131 bak\u0131m ise d\u00fczenli kontrolleri, beslenme rehberli\u011fini ve uzun vadeli ba\u015far\u0131y\u0131 sa\u011flamak i\u00e7in ya\u015fam tarz\u0131 de\u011fi\u015fikliklerine destek i\u00e7erir.<\/p>\t\t\t\t\t\t<\/div>\n\t\t\t\t<\/div>\n\t\t\t\t<div class=\"elementor-element elementor-element-0f7859e elementor-widget elementor-widget-heading\" data-id=\"0f7859e\" data-element_type=\"widget\" data-widget_type=\"heading.default\">\n\t\t\t\t<div class=\"elementor-widget-container\">\n\t\t\t<h2 class=\"elementor-heading-title elementor-size-default\">Obezite Tedavi Ad\u0131mlar\u0131\n<\/h2>\t\t<\/div>\n\t\t\t\t<\/div>\n\t\t\t\t<div class=\"elementor-element elementor-element-8cc9032 elementor-widget elementor-widget-text-editor\" data-id=\"8cc9032\" data-element_type=\"widget\" data-widget_type=\"text-editor.default\">\n\t\t\t\t<div class=\"elementor-widget-container\">\n\t\t\t\t\t\t\t<p data-start=\"0\" data-end=\"103\">De\u011ferlendirme: Tedavi se\u00e7eneklerine karar vermek i\u00e7in sa\u011fl\u0131k durumu ve obezite d\u00fczeyinin incelenmesi.<\/p><p data-start=\"105\" data-end=\"134\">Ya\u015fam Tarz\u0131 De\u011fi\u015fiklikleri:<\/p><ul data-start=\"136\" data-end=\"351\"><li data-start=\"136\" data-end=\"216\"><p data-start=\"138\" data-end=\"216\"><strong data-start=\"138\" data-end=\"148\">Diyet:<\/strong> Daha sa\u011fl\u0131kl\u0131 bir beslenme plan\u0131 ile kalori al\u0131m\u0131n\u0131n azalt\u0131lmas\u0131.<\/p><\/li><li data-start=\"217\" data-end=\"268\"><p data-start=\"219\" data-end=\"268\"><strong data-start=\"219\" data-end=\"232\">Egzersiz:<\/strong> Fiziksel aktivitenin art\u0131r\u0131lmas\u0131.<\/p><\/li><li data-start=\"269\" data-end=\"351\"><p data-start=\"271\" data-end=\"351\"><strong data-start=\"271\" data-end=\"293\">Davran\u0131\u015f Terapisi:<\/strong> Yeme al\u0131\u015fkanl\u0131klar\u0131n\u0131 de\u011fi\u015ftirmeye y\u00f6nelik dan\u0131\u015fmanl\u0131k.<\/p><\/li><\/ul><p data-start=\"353\" data-end=\"373\">T\u0131bbi M\u00fcdahaleler:<\/p><ul data-start=\"375\" data-end=\"610\"><li data-start=\"375\" data-end=\"440\"><p data-start=\"377\" data-end=\"440\"><strong data-start=\"377\" data-end=\"395\">\u0130la\u00e7 Tedavisi:<\/strong> Kilo kayb\u0131na yard\u0131mc\u0131 ila\u00e7lar\u0131n kullan\u0131m\u0131.<\/p><\/li><li data-start=\"441\" data-end=\"505\"><p data-start=\"443\" data-end=\"505\"><strong data-start=\"443\" data-end=\"473\">Cerrahi Olmayan Y\u00f6ntemler:<\/strong> Mide balonu gibi prosed\u00fcrler.<\/p><\/li><li data-start=\"506\" data-end=\"610\"><p data-start=\"508\" data-end=\"610\"><strong data-start=\"508\" data-end=\"530\">Cerrahi Y\u00f6ntemler:<\/strong> T\u00fcp mide, gastrik bypass ve di\u011fer kilo kayb\u0131n\u0131 sa\u011flayan ameliyat se\u00e7enekleri.<\/p><\/li><\/ul><p data-start=\"612\" data-end=\"694\" data-is-last-node=\"\" data-is-only-node=\"\">Takip: D\u00fczenli sa\u011fl\u0131k kontrolleri ve s\u00fcrd\u00fcr\u00fclebilir sonu\u00e7lar i\u00e7in destek gruplar\u0131.<\/p>\t\t\t\t\t\t<\/div>\n\t\t\t\t<\/div>\n\t\t\t\t<div class=\"elementor-element elementor-element-a43db8a elementor-widget elementor-widget-heading\" data-id=\"a43db8a\" data-element_type=\"widget\" data-widget_type=\"heading.default\">\n\t\t\t\t<div class=\"elementor-widget-container\">\n\t\t\t<h2 class=\"elementor-heading-title elementor-size-default\">Obezite Tedavi T\u00fcrleri\n<\/h2>\t\t<\/div>\n\t\t\t\t<\/div>\n\t\t\t\t<div class=\"elementor-element elementor-element-05f1234 elementor-widget elementor-widget-text-editor\" data-id=\"05f1234\" data-element_type=\"widget\" data-widget_type=\"text-editor.default\">\n\t\t\t\t<div class=\"elementor-widget-container\">\n\t\t\t\t\t\t\t<p data-start=\"0\" data-end=\"167\">T\u00fcp Mide (Gastric Sleeve): Bu ameliyatta, midenin bir k\u0131sm\u0131 \u00e7\u0131kar\u0131larak boyutu k\u00fc\u00e7\u00fclt\u00fcl\u00fcr. B\u00f6ylece g\u0131da al\u0131m\u0131 s\u0131n\u0131rlan\u0131r ve ki\u015fi daha k\u0131sa s\u00fcrede tokluk hissi ya\u015far.<\/p><p data-start=\"169\" data-end=\"448\">Gastrik Bypass: Bu prosed\u00fcrde, midenin \u00fcst k\u0131sm\u0131nda k\u00fc\u00e7\u00fck bir kese olu\u015fturulur ve do\u011frudan ince ba\u011f\u0131rsa\u011fa ba\u011flan\u0131r. Bu i\u015flem, midenin b\u00fcy\u00fck bir k\u0131sm\u0131n\u0131 ve ba\u011f\u0131rsa\u011f\u0131n bir b\u00f6l\u00fcm\u00fcn\u00fc devre d\u0131\u015f\u0131 b\u0131rak\u0131r. B\u00f6ylece hem yenilebilecek yiyecek miktar\u0131 hem de emilen kalori miktar\u0131 azal\u0131r.<\/p><p data-start=\"450\" data-end=\"731\" data-is-last-node=\"\" data-is-only-node=\"\">Mide Balonu (\u0130ntragastrik Balon): Bu, cerrahi olmayan ge\u00e7ici bir kilo verme y\u00f6ntemidir. Mideye salin (tuzlu su) ile doldurulmu\u015f silikon bir balon yerle\u015ftirilir. Balon, midede yer kaplayarak hastan\u0131n daha h\u0131zl\u0131 doymas\u0131n\u0131 sa\u011flar ve tek seferde t\u00fcketebilece\u011fi yemek miktar\u0131n\u0131 azalt\u0131r.<\/p>\t\t\t\t\t\t<\/div>\n\t\t\t\t<\/div>\n\t\t\t\t<div class=\"elementor-element elementor-element-40911fe elementor-widget elementor-widget-heading\" data-id=\"40911fe\" data-element_type=\"widget\" data-widget_type=\"heading.default\">\n\t\t\t\t<div class=\"elementor-widget-container\">\n\t\t\t<h2 class=\"elementor-heading-title elementor-size-default\">T\u00fcrkiye\u2019de Obezite Tedavisi Neden Ucuz?\n<\/h2>\t\t<\/div>\n\t\t\t\t<\/div>\n\t\t\t\t<div class=\"elementor-element elementor-element-1ca5e1b elementor-widget elementor-widget-text-editor\" data-id=\"1ca5e1b\" data-element_type=\"widget\" data-widget_type=\"text-editor.default\">\n\t\t\t\t<div class=\"elementor-widget-container\">\n\t\t\t\t\t\t\t<p data-start=\"0\" data-end=\"167\">D\u00f6viz kuru: Yabanc\u0131 para birimlerinin T\u00fcrk liras\u0131na kar\u015f\u0131 avantajl\u0131 olmas\u0131, uluslararas\u0131 hastalar i\u00e7in tedavi maliyetlerini daha da uygun hale getirir.<br data-start=\"151\" data-end=\"154\" \/>Standartla\u015ft\u0131r\u0131lm\u0131\u015f prosed\u00fcrler: T\u00fcrkiye\u2019deki bir\u00e7ok klinik, obezite tedavisi gibi yayg\u0131n i\u015flemler i\u00e7in standart protokoller ve teknikler uygular; bu da verimlilik sa\u011flar ve maliyetleri d\u00fc\u015f\u00fcr\u00fcr.<\/p>\t\t\t\t\t\t<\/div>\n\t\t\t\t<\/div>\n\t\t\t\t<div class=\"elementor-element elementor-element-7f2081b elementor-widget elementor-widget-heading\" data-id=\"7f2081b\" data-element_type=\"widget\" data-widget_type=\"heading.default\">\n\t\t\t\t<div class=\"elementor-widget-container\">\n\t\t\t<h2 class=\"elementor-heading-title elementor-size-default\">T\u00fcrkiye\u2019de Obezite Tedavisi Yapt\u0131rmak G\u00fcvenli mi?\n<\/h2>\t\t<\/div>\n\t\t\t\t<\/div>\n\t\t\t\t<div class=\"elementor-element elementor-element-5fb7158 elementor-widget elementor-widget-text-editor\" data-id=\"5fb7158\" data-element_type=\"widget\" data-widget_type=\"text-editor.default\">\n\t\t\t\t<div class=\"elementor-widget-container\">\n\t\t\t\t\t\t\t<p>Belirli ko\u015fullar sa\u011fland\u0131\u011f\u0131nda, T\u00fcrkiye\u2019de obezite tedavisi yapt\u0131rmak g\u00fcvenli olabilir. T\u00fcrkiye, uygun maliyetleri ve y\u00fcksek kaliteli t\u0131bbi hizmetleri bir araya getirmesi sayesinde bariatrik (obezite) tedavi d\u00e2hil olmak \u00fczere medikal turizm alan\u0131nda giderek artan bir \u00fcne sahiptir.<\/p><p>Bir\u00e7ok hasta T\u00fcrkiye\u2019de ba\u015far\u0131l\u0131 ameliyatlar ge\u00e7irip olumlu sonu\u00e7lar elde etse de, kapsaml\u0131 bir ara\u015ft\u0131rma yapmak ve bilin\u00e7li kararlar almak b\u00fcy\u00fck \u00f6nem ta\u015f\u0131r.<\/p>\t\t\t\t\t\t<\/div>\n\t\t\t\t<\/div>\n\t\t\t\t\t<\/div>\n\t\t<\/div>\n\t\t\t\t\t\t\t<\/div>\n\t\t<\/section>\n\t\t\t\t\t\t\t<\/div>\n\t\t","protected":false},"excerpt":{"rendered":"<p>T\u00fcrkiye&#8217;de obezite tedavisi, bariatrik cerrahiler (gastrik bypass, t\u00fcp mide) ve cerrahi olmayan y\u00f6ntemler (diyet programlar\u0131, ya\u015fam tarz\u0131 de\u011fi\u015fiklikleri) dahil olmak \u00fczere etkili se\u00e7enekler sunar. Uygun maliyetli ve y\u00fcksek kaliteli t\u0131bbi bak\u0131m\u0131yla tan\u0131nan T\u00fcrkiye, deneyimli uzmanlar ve geli\u015fmi\u015f tesislerle kapsaml\u0131 tedavi paketleri sa\u011flar. \u0130\u00e7indekiler T\u00fcrkiye\u2019de Obezite Tedavisine Kapsaml\u0131 Rehber T\u00fcrkiye\u2019de obezite tedavisi, ayr\u0131nt\u0131l\u0131 bir dan\u0131\u015fma ve [&hellip;]<\/p>\n","protected":false},"author":4,"featured_media":0,"parent":0,"menu_order":0,"comment_status":"closed","ping_status":"closed","template":"","meta":{"inline_featured_image":false,"footnotes":""},"class_list":["post-23418","page","type-page","status-publish","hentry"],"_links":{"self":[{"href":"https:\/\/docvivosaglik.com\/tr\/wp-json\/wp\/v2\/pages\/23418","targetHints":{"allow":["GET"]}}],"collection":[{"href":"https:\/\/docvivosaglik.com\/tr\/wp-json\/wp\/v2\/pages"}],"about":[{"href":"https:\/\/docvivosaglik.com\/tr\/wp-json\/wp\/v2\/types\/page"}],"author":[{"embeddable":true,"href":"https:\/\/docvivosaglik.com\/tr\/wp-json\/wp\/v2\/users\/4"}],"replies":[{"embeddable":true,"href":"https:\/\/docvivosaglik.com\/tr\/wp-json\/wp\/v2\/comments?post=23418"}],"version-history":[{"count":30,"href":"https:\/\/docvivosaglik.com\/tr\/wp-json\/wp\/v2\/pages\/23418\/revisions"}],"predecessor-version":[{"id":24912,"href":"https:\/\/docvivosaglik.com\/tr\/wp-json\/wp\/v2\/pages\/23418\/revisions\/24912"}],"wp:attachment":[{"href":"https:\/\/docvivosaglik.com\/tr\/wp-json\/wp\/v2\/media?parent=23418"}],"curies":[{"name":"wp","href":"https:\/\/api.w.org\/{rel}","templated":true}]}}