{"id":22650,"date":"2020-10-26T17:09:41","date_gmt":"2020-10-26T14:09:41","guid":{"rendered":"https:\/\/www.letsmedi.com\/tummy-tuck-in-turkey\/"},"modified":"2025-10-06T15:23:17","modified_gmt":"2025-10-06T12:23:17","slug":"bauchdeckenstraffung-in-der-tuerkei","status":"publish","type":"page","link":"https:\/\/docvivosaglik.com\/de\/bauchdeckenstraffung-in-der-tuerkei\/","title":{"rendered":"Bauchdeckenstraffung In Der T\u00fcrkei"},"content":{"rendered":"\t\t<div data-elementor-type=\"wp-page\" data-elementor-id=\"22650\" class=\"elementor elementor-22650\">\n\t\t\t\t\t\t\t\t\t<section class=\"elementor-section elementor-top-section elementor-element elementor-element-307ab69 elementor-section-boxed elementor-section-height-default elementor-section-height-default\" data-id=\"307ab69\" data-element_type=\"section\">\n\t\t\t\t\t\t<div class=\"elementor-container elementor-column-gap-default\">\n\t\t\t\t\t<div class=\"elementor-column elementor-col-100 elementor-top-column elementor-element elementor-element-32c30a4\" data-id=\"32c30a4\" data-element_type=\"column\">\n\t\t\t<div class=\"elementor-widget-wrap elementor-element-populated\">\n\t\t\t\t\t\t\t\t<div class=\"elementor-element elementor-element-29d4c25 elementor-widget elementor-widget-text-editor\" data-id=\"29d4c25\" data-element_type=\"widget\" data-widget_type=\"text-editor.default\">\n\t\t\t\t<div class=\"elementor-widget-container\">\n\t\t\t<style>\/*! elementor - v3.7.8 - 02-10-2022 *\/\n.elementor-widget-text-editor.elementor-drop-cap-view-stacked .elementor-drop-cap{background-color:#818a91;color:#fff}.elementor-widget-text-editor.elementor-drop-cap-view-framed .elementor-drop-cap{color:#818a91;border:3px solid;background-color:transparent}.elementor-widget-text-editor:not(.elementor-drop-cap-view-default) .elementor-drop-cap{margin-top:8px}.elementor-widget-text-editor:not(.elementor-drop-cap-view-default) .elementor-drop-cap-letter{width:1em;height:1em}.elementor-widget-text-editor .elementor-drop-cap{float:left;text-align:center;line-height:1;font-size:50px}.elementor-widget-text-editor .elementor-drop-cap-letter{display:inline-block}<\/style>\t\t\t\tEine Bauchdeckenstraffung, auch Bauchdeckenplastik genannt, ist ein \u00e4sthetischer chirurgischer Eingriff, der dazu dient, die Gr\u00f6\u00dfe und Beschaffenheit des Bauches zu ver\u00e4ndern. Wenn Sie zus\u00e4tzliches Fett oder Gewebe um Ihren Nabel herum oder eine geschw\u00e4chte untere Bauchwand haben, k\u00f6nnen Sie von einer Bauchstraffung profitieren. Eine Bauchdeckenstraffung kann auch Ihr Selbstwertgef\u00fchl verbessern und kann mit anderen kosmetischen Operationen zur K\u00f6rperformung, wie z. B. einer Brustrekonstruktion, kombiniert werden, um optimale Ergebnisse zu erzielen.\u00a0 Wenn Sie sich einer Fettabsaugung unterzogen haben, um Ihr Bauchfett zu reduzieren, sollten Sie eine Bauchdeckenstraffung in Erw\u00e4gung ziehen, da bei der Fettabsaugung nur das Material direkt unter der Epidermis und das Fett entfernt werden, nicht aber die zus\u00e4tzliche Haut.\t\t\t\t\t\t<\/div>\n\t\t\t\t<\/div>\n\t\t\t\t<div class=\"elementor-element elementor-element-d01a705 elementor-toc--minimized-on-tablet elementor-widget elementor-widget-table-of-contents\" data-id=\"d01a705\" data-element_type=\"widget\" data-settings=\"{&quot;exclude_headings_by_selector&quot;:[],&quot;headings_by_tags&quot;:[&quot;h2&quot;,&quot;h3&quot;,&quot;h4&quot;,&quot;h5&quot;,&quot;h6&quot;],&quot;marker_view&quot;:&quot;numbers&quot;,&quot;minimize_box&quot;:&quot;yes&quot;,&quot;minimized_on&quot;:&quot;tablet&quot;,&quot;hierarchical_view&quot;:&quot;yes&quot;,&quot;min_height&quot;:{&quot;unit&quot;:&quot;px&quot;,&quot;size&quot;:&quot;&quot;,&quot;sizes&quot;:[]},&quot;min_height_tablet&quot;:{&quot;unit&quot;:&quot;px&quot;,&quot;size&quot;:&quot;&quot;,&quot;sizes&quot;:[]},&quot;min_height_mobile&quot;:{&quot;unit&quot;:&quot;px&quot;,&quot;size&quot;:&quot;&quot;,&quot;sizes&quot;:[]}}\" data-widget_type=\"table-of-contents.default\">\n\t\t\t\t<div class=\"elementor-widget-container\">\n\t\t\t<style>\/*! elementor-pro - v3.5.2 - 28-11-2021 *\/\n.elementor-widget-table-of-contents .elementor-toc__header-title{color:var(--header-color)}.elementor-widget-table-of-contents.elementor-toc--collapsed .elementor-toc__toggle-button--collapse,.elementor-widget-table-of-contents:not(.elementor-toc--collapsed) .elementor-toc__toggle-button--expand{display:none}.elementor-widget-table-of-contents .elementor-widget-container{min-height:var(--box-min-height);border:var(--box-border-width,1px) solid var(--box-border-color,#a4afb7);border-radius:var(--box-border-radius,3px);background-color:var(--box-background-color);-webkit-transition:min-height .4s;-o-transition:min-height .4s;transition:min-height .4s;overflow:hidden}.elementor-toc__header{display:-webkit-box;display:-ms-flexbox;display:flex;-webkit-box-align:center;-ms-flex-align:center;align-items:center;-webkit-box-pack:justify;-ms-flex-pack:justify;justify-content:space-between;padding:var(--box-padding,20px);background-color:var(--header-background-color);border-bottom:var(--separator-width,1px) solid var(--box-border-color,#a4afb7)}.elementor-toc__header-title{font-size:18px;margin:0;color:var(--header-color)}.elementor-toc__toggle-button{cursor:pointer;display:-webkit-inline-box;display:-ms-inline-flexbox;display:inline-flex}.elementor-toc__toggle-button i{color:var(--toggle-button-color)}.elementor-toc__toggle-button svg{height:1em;width:1em;fill:var(--toggle-button-color)}.elementor-toc__spinner-container{text-align:center}.elementor-toc__spinner{font-size:2em}.elementor-toc__spinner.e-font-icon-svg{height:1em;width:1em}.elementor-toc__body{padding:var(--box-padding,20px);max-height:var(--toc-body-max-height);overflow-y:auto}.elementor-toc__body::-webkit-scrollbar{width:7px}.elementor-toc__body::-webkit-scrollbar-thumb{background-color:#c2cbd2;border-radius:10px}.elementor-toc__list-wrapper{list-style:none;padding:0}.elementor-toc__list-item{margin-bottom:.5em}.elementor-toc__list-item.elementor-item-active{font-weight:700}.elementor-toc__list-item .elementor-toc__list-wrapper{margin-top:.5em;margin-left:var(--nested-list-indent,1em)}.elementor-toc__list-item-text:hover{color:var(--item-text-hover-color);-webkit-text-decoration:var(--item-text-hover-decoration);text-decoration:var(--item-text-hover-decoration)}.elementor-toc__list-item-text.elementor-item-active{color:var(--item-text-active-color);-webkit-text-decoration:var(--item-text-active-decoration);text-decoration:var(--item-text-active-decoration)}.elementor-toc__list-item-text-wrapper{display:-webkit-box;display:-ms-flexbox;display:flex;-webkit-box-align:center;-ms-flex-align:center;align-items:center}.elementor-toc__list-item-text-wrapper:before,.elementor-toc__list-item-text-wrapper i{margin-right:8px;color:var(--marker-color)}.elementor-toc__list-item-text-wrapper svg{margin-right:8px;fill:var(--marker-color);height:var(--marker-size,.5em);width:var(--marker-size,.5em)}.elementor-toc__list-item-text-wrapper i{font-size:var(--marker-size,.5em)}.elementor-toc__list-item-text-wrapper:before{font-size:var(--marker-size,1em)}.elementor-toc--content-ellipsis .elementor-toc__list-item-text{white-space:nowrap;overflow:hidden;-o-text-overflow:ellipsis;text-overflow:ellipsis}.elementor-toc__list-items--collapsible>.elementor-toc__list-wrapper>.elementor-toc__list-item>.elementor-toc__list-wrapper{display:none}.elementor-toc__heading-anchor{position:absolute}.elementor-toc__body .elementor-toc__list-item-text{color:var(--item-text-color);-webkit-text-decoration:var(--item-text-decoration);text-decoration:var(--item-text-decoration)}.elementor-toc__body .elementor-toc__list-item-text:hover{color:var(--item-text-hover-color);-webkit-text-decoration:var(--item-text-hover-decoration);text-decoration:var(--item-text-hover-decoration)}.elementor-toc__body .elementor-toc__list-item-text.elementor-item-active{color:var(--item-text-active-color);-webkit-text-decoration:var(--item-text-active-decoration);text-decoration:var(--item-text-active-decoration)}ol.elementor-toc__list-wrapper{counter-reset:item}ol.elementor-toc__list-wrapper .elementor-toc__list-item{counter-increment:item}ol.elementor-toc__list-wrapper .elementor-toc__list-item-text-wrapper:before{content:counters(item,\".\") \". \"}@media only screen and (max-width:-1px){.elementor-toc--minimized-on-tablet_extra .elementor-toc__body{display:none}}@media only screen and (max-width:1024px){.elementor-toc--minimized-on-tablet .elementor-toc__body{display:none}}@media only screen and (max-width:-1px){.elementor-toc--minimized-on-mobile_extra .elementor-toc__body{display:none}}@media only screen and (max-width:767px){.elementor-toc--minimized-on-mobile .elementor-toc__body{display:none}}<\/style>\t\t<div class=\"elementor-toc__header\">\n\t\t\t<h4 class=\"elementor-toc__header-title\">\n\t\t\t\tTable of Contents\t\t\t<\/h4>\n\t\t\t\t\t\t\t<div class=\"elementor-toc__toggle-button elementor-toc__toggle-button--expand\"><i class=\"fas fa-chevron-down\"><\/i><\/div>\n\t\t\t\t<div class=\"elementor-toc__toggle-button elementor-toc__toggle-button--collapse\"><i class=\"fas fa-chevron-up\"><\/i><\/div>\n\t\t\t\t\t<\/div>\n\t\t<div class=\"elementor-toc__body\">\n\t\t\t<div class=\"elementor-toc__spinner-container\">\n\t\t\t\t<i class=\"elementor-toc__spinner eicon-animation-spin eicon-loading\" aria-hidden=\"true\"><\/i>\t\t\t<\/div>\n\t\t<\/div>\n\t\t\t\t<\/div>\n\t\t\t\t<\/div>\n\t\t\t\t<div class=\"elementor-element elementor-element-14f24ed elementor-widget elementor-widget-heading\" data-id=\"14f24ed\" data-element_type=\"widget\" data-widget_type=\"heading.default\">\n\t\t\t\t<div class=\"elementor-widget-container\">\n\t\t\t<style>\/*! elementor - v3.7.8 - 02-10-2022 *\/\n.elementor-heading-title{padding:0;margin:0;line-height:1}.elementor-widget-heading .elementor-heading-title[class*=elementor-size-]>a{color:inherit;font-size:inherit;line-height:inherit}.elementor-widget-heading .elementor-heading-title.elementor-size-small{font-size:15px}.elementor-widget-heading .elementor-heading-title.elementor-size-medium{font-size:19px}.elementor-widget-heading .elementor-heading-title.elementor-size-large{font-size:29px}.elementor-widget-heading .elementor-heading-title.elementor-size-xl{font-size:39px}.elementor-widget-heading .elementor-heading-title.elementor-size-xxl{font-size:59px}<\/style><h2 class=\"elementor-heading-title elementor-size-default\">Wie wird eine Bauchdeckenstraffung durchgef\u00fchrt?<\/h2>\t\t<\/div>\n\t\t\t\t<\/div>\n\t\t\t\t<div class=\"elementor-element elementor-element-bb604ef elementor-widget elementor-widget-text-editor\" data-id=\"bb604ef\" data-element_type=\"widget\" data-widget_type=\"text-editor.default\">\n\t\t\t\t<div class=\"elementor-widget-container\">\n\t\t\t\t\t\t\t<p>Zun\u00e4chst wird bei der Bauchdeckenstraffung durch Fettabsaugung das Fett am gesamten Bauch und an der Taille entfernt. Um in der Unterw\u00e4sche zu bleiben, wird am unteren Ende des Bauches ein gro\u00dfer Schnitt gemacht. Das Bauchgewebe wird bis zu den unteren Rippen entnommen, der Bauchnabel wird aus dem Gewebe herausgel\u00f6st und die Bauchdecke wird gestrafft, indem schlaffe Bauchmuskeln fest vern\u00e4ht werden.<\/p><p>Anschlie\u00dfend wird die gesamte Haut unter dem Bauch herausgeschnitten. Die dar\u00fcber liegende Haut wird nach unten geschoben, und es entsteht ein neues Loch im Bauchraum. Der obere und untere Teil des Bauchnabels wird nach einer vollst\u00e4ndigen Bauchstraffung vergr\u00f6\u00dfert, die Taille wird schlanker, die Bauchmuskulatur wird gegl\u00e4ttet, und der Bauchnabel wirkt gerade und jugendlich.<\/p>\t\t\t\t\t\t<\/div>\n\t\t\t\t<\/div>\n\t\t\t\t<div class=\"elementor-element elementor-element-d9e38ae elementor-widget elementor-widget-heading\" data-id=\"d9e38ae\" data-element_type=\"widget\" data-widget_type=\"heading.default\">\n\t\t\t\t<div class=\"elementor-widget-container\">\n\t\t\t<h2 class=\"elementor-heading-title elementor-size-default\">Vertragskliniken in Istanbul, T\u00fcrkei\n<\/h2>\t\t<\/div>\n\t\t\t\t<\/div>\n\t\t\t\t<div class=\"elementor-element elementor-element-9c8b725 elementor-skin-carousel elementor-arrows-yes elementor-widget elementor-widget-media-carousel\" data-id=\"9c8b725\" data-element_type=\"widget\" data-settings=\"{&quot;slides_per_view&quot;:&quot;2&quot;,&quot;skin&quot;:&quot;carousel&quot;,&quot;effect&quot;:&quot;slide&quot;,&quot;show_arrows&quot;:&quot;yes&quot;,&quot;speed&quot;:500,&quot;autoplay&quot;:&quot;yes&quot;,&quot;autoplay_speed&quot;:5000,&quot;loop&quot;:&quot;yes&quot;,&quot;pause_on_hover&quot;:&quot;yes&quot;,&quot;pause_on_interaction&quot;:&quot;yes&quot;,&quot;space_between&quot;:{&quot;unit&quot;:&quot;px&quot;,&quot;size&quot;:10,&quot;sizes&quot;:[]},&quot;space_between_tablet&quot;:{&quot;unit&quot;:&quot;px&quot;,&quot;size&quot;:10,&quot;sizes&quot;:[]},&quot;space_between_mobile&quot;:{&quot;unit&quot;:&quot;px&quot;,&quot;size&quot;:10,&quot;sizes&quot;:[]}}\" data-widget_type=\"media-carousel.default\">\n\t\t\t\t<div class=\"elementor-widget-container\">\n\t\t\t<link rel=\"stylesheet\" href=\"https:\/\/docvivosaglik.com\/wp-content\/plugins\/elementor-pro\/assets\/css\/widget-carousel.min.css\">\t\t<div class=\"elementor-swiper\">\n\t\t\t<div class=\"elementor-main-swiper swiper-container\">\n\t\t\t\t<div class=\"swiper-wrapper\">\n\t\t\t\t\t\t\t\t\t\t\t<div class=\"swiper-slide\">\n\t\t\t\t\t\t\t\t\t<div class=\"elementor-carousel-image\" style=\"background-image: url(https:\/\/docvivosaglik.com\/wp-content\/uploads\/2022\/03\/5-Hastane-odasi-Gastric-Botox.jpg)\">\n\t\t\t\t\t<\/div>\n\t\t\t\t\t\t\t\t<\/div>\n\t\t\t\t\t\t\t\t\t\t\t<div class=\"swiper-slide\">\n\t\t\t\t\t\t\t\t\t<div class=\"elementor-carousel-image\" style=\"background-image: url(https:\/\/docvivosaglik.com\/wp-content\/uploads\/2022\/03\/4-Hastene-Gastric-Botox.jpg)\">\n\t\t\t\t\t<\/div>\n\t\t\t\t\t\t\t\t<\/div>\n\t\t\t\t\t\t\t\t\t<\/div>\n\t\t\t\t\t\t\t\t\t\t\t\t\t\t\t\t\t\t\t\t<div class=\"elementor-swiper-button elementor-swiper-button-prev\">\n\t\t\t\t\t\t\t<i aria-hidden=\"true\" class=\"eicon-chevron-left\"><\/i>\t\t\t\t\t\t\t<span class=\"elementor-screen-only\">Previous<\/span>\n\t\t\t\t\t\t<\/div>\n\t\t\t\t\t\t<div class=\"elementor-swiper-button elementor-swiper-button-next\">\n\t\t\t\t\t\t\t<i aria-hidden=\"true\" class=\"eicon-chevron-right\"><\/i>\t\t\t\t\t\t\t<span class=\"elementor-screen-only\">Next<\/span>\n\t\t\t\t\t\t<\/div>\n\t\t\t\t\t\t\t\t\t\t\t\t<\/div>\n\t\t<\/div>\n\t\t\t\t<\/div>\n\t\t\t\t<\/div>\n\t\t\t\t<div class=\"elementor-element elementor-element-c9d95ce elementor-widget elementor-widget-heading\" data-id=\"c9d95ce\" data-element_type=\"widget\" data-widget_type=\"heading.default\">\n\t\t\t\t<div class=\"elementor-widget-container\">\n\t\t\t<h2 class=\"elementor-heading-title elementor-size-default\">Wie verl\u00e4uft der Heilungsprozess?<\/h2>\t\t<\/div>\n\t\t\t\t<\/div>\n\t\t\t\t<div class=\"elementor-element elementor-element-9f8c086 elementor-widget elementor-widget-text-editor\" data-id=\"9f8c086\" data-element_type=\"widget\" data-widget_type=\"text-editor.default\">\n\t\t\t\t<div class=\"elementor-widget-container\">\n\t\t\t\t\t\t\t<p>Unmittelbar nach einer Bauchdeckenstraffung wird Ihr Bauch mit einer medizinischen Abdeckung umwickelt. In vielen F\u00e4llen werden schmale, kleine Schl\u00e4uche \u00fcber die Einschnitte gelegt, um die Fl\u00fcssigkeit, die sich um die Einschnitte herum angesammelt hat, abzusaugen. Dies ist ein normaler Vorgang, der Sie nicht weiter beunruhigen sollte.<\/p><p>In den ersten Tagen nach der Operation m\u00fcssen Sie geneigt liegen und werden aufgefordert, sich zu bewegen, um Blutgerinnsel zu vermeiden. Es ist wichtig, dass Sie zumindest in den ersten ein bis zwei Tagen nach der Operation Hilfe in Anspruch nehmen. Sie erhalten Schmerzmittel und sind in ihrer Bewegungsfreiheit eingeschr\u00e4nkt, so dass Sie nicht in der Lage sein werden, selbst nach Hause zu fahren.<\/p><p>Antibiotika und Blutverd\u00fcnner werden in der Regel f\u00fcr einen bestimmten Zeitraum verschrieben, und manche Patienten erhalten Salben f\u00fcr die Wundumgebung.<\/p><p>W\u00e4hrend der Genesung werden Sie eine Bauchbinde oder einen Wickel tragen, um Entz\u00fcndungen und Schmerzen zu lindern.<\/p><p>Da Trinken und Rauchen die Heilung sabotieren k\u00f6nnen, sollten Sie mindestens 3 Monate nach der Operation darauf verzichten.<\/p><p>Die meisten Menschen entscheiden sich daf\u00fcr, einen Monat lang nicht zu arbeiten, um sich zu erholen. Wenn Sie in einem sehr anspruchsvollen Beruf arbeiten, ist es sogar noch wichtiger, sich viel Zeit zu nehmen, um Ihre Genesung nicht zu gef\u00e4hrden. Aus demselben Grund sollten Sie w\u00e4hrend dieser Zeit keinen Sport treiben.<\/p>\t\t\t\t\t\t<\/div>\n\t\t\t\t<\/div>\n\t\t\t\t<div class=\"elementor-element elementor-element-7fc9d45 elementor-widget elementor-widget-heading\" data-id=\"7fc9d45\" data-element_type=\"widget\" data-widget_type=\"heading.default\">\n\t\t\t\t<div class=\"elementor-widget-container\">\n\t\t\t<h2 class=\"elementor-heading-title elementor-size-default\">Warum sollten Sie die T\u00fcrkei f\u00fcr eine Bauchdeckenstraffung w\u00e4hlen?\n<\/h2>\t\t<\/div>\n\t\t\t\t<\/div>\n\t\t\t\t<div class=\"elementor-element elementor-element-30016fa elementor-widget elementor-widget-text-editor\" data-id=\"30016fa\" data-element_type=\"widget\" data-widget_type=\"text-editor.default\">\n\t\t\t\t<div class=\"elementor-widget-container\">\n\t\t\t\t\t\t\t<p>Der Medizintourismus in der T\u00fcrkei ist auf dem Vormarsch, da immer mehr Patienten aus der ganzen Welt, die sich einer \u00e4sthetischen Operation unterziehen wollen, in die T\u00fcrkei fliegen, um sich dort kosteng\u00fcnstig operieren zu lassen. Es gibt zahlreiche Gr\u00fcnde, die f\u00fcr eine Bauchdeckenstraffung in der T\u00fcrkei sprechen. Die wichtigsten sind das gro\u00dfe Angebot an gut ausgebildeten, qualifizierten und erfahrenen Sch\u00f6nheitschirurgen sowie die Tatsache, dass Bauchdeckenstraffungen in der T\u00fcrkei wesentlich g\u00fcnstiger durchgef\u00fchrt werden als im Vereinigten K\u00f6nigreich und im \u00fcbrigen Europa.<\/p><p>Es ist anzumerken, dass die Bauchdeckenstraffung in der T\u00fcrkei sehr sicher ist, und dies ist ein weiterer Grund, warum Sie die T\u00fcrkei f\u00fcr eine Bauchdeckenstraffung w\u00e4hlen sollten. Der Grund daf\u00fcr ist, dass die T\u00fcrkei \u00fcber ein starkes medizinisches System mit gut ausgebildeten medizinischen Fachkr\u00e4ften verf\u00fcgt, die in den besten chirurgischen Einrichtungen der Welt arbeiten.<\/p><p>Wenn Sie also eine sichere und gesunde Bauchdeckenstraffung mit sehr erfahrenem und f\u00fcrsorglichem Gesundheitspersonal w\u00fcnschen und dabei Ihr Geld sparen wollen, sollten Sie unbedingt die T\u00fcrkei w\u00e4hlen!<\/p>\t\t\t\t\t\t<\/div>\n\t\t\t\t<\/div>\n\t\t\t\t<div class=\"elementor-element elementor-element-fbe8df6 elementor-widget elementor-widget-heading\" data-id=\"fbe8df6\" data-element_type=\"widget\" data-widget_type=\"heading.default\">\n\t\t\t\t<div class=\"elementor-widget-container\">\n\t\t\t<h2 class=\"elementor-heading-title elementor-size-default\">Was kostet eine Bauchdeckenstraffung Vertragskliniken in der T\u00fcrkei?<\/h2>\t\t<\/div>\n\t\t\t\t<\/div>\n\t\t\t\t<div class=\"elementor-element elementor-element-8bb2ce8 elementor-widget elementor-widget-text-editor\" data-id=\"8bb2ce8\" data-element_type=\"widget\" data-widget_type=\"text-editor.default\">\n\t\t\t\t<div class=\"elementor-widget-container\">\n\t\t\t\t\t\t\t<p>Die T\u00fcrkei ist einer der besten Orte f\u00fcr eine Bauchdeckenstraffung, da die \u00c4rzte zu den besten der Welt geh\u00f6ren und die Kosten recht g\u00fcnstig sind. Der gesch\u00e4tzte Preis f\u00fcr eine Bauchdeckenstraffung in der T\u00fcrkei liegt bei 4000 USD, was ein toller Preis ist, vor allem im Vergleich zu anderen L\u00e4ndern. Was gibt es Besseres, als ein Traumaussehen zu haben und daf\u00fcr einen minimalen Preis zu zahlen?<\/p>\t\t\t\t\t\t<\/div>\n\t\t\t\t<\/div>\n\t\t\t\t\t<\/div>\n\t\t<\/div>\n\t\t\t\t\t\t\t<\/div>\n\t\t<\/section>\n\t\t\t\t\t\t\t<\/div>\n\t\t","protected":false},"excerpt":{"rendered":"<p>Eine Bauchdeckenstraffung, auch Bauchdeckenplastik genannt, ist ein \u00e4sthetischer chirurgischer Eingriff, der dazu dient, die Gr\u00f6\u00dfe und Beschaffenheit des Bauches zu ver\u00e4ndern. Wenn Sie zus\u00e4tzliches Fett oder Gewebe um Ihren Nabel herum oder eine geschw\u00e4chte untere Bauchwand haben, k\u00f6nnen Sie von einer Bauchstraffung profitieren. Eine Bauchdeckenstraffung kann auch Ihr Selbstwertgef\u00fchl verbessern und kann mit anderen kosmetischen [&hellip;]<\/p>\n","protected":false},"author":4,"featured_media":0,"parent":0,"menu_order":0,"comment_status":"closed","ping_status":"closed","template":"","meta":{"inline_featured_image":false,"footnotes":""},"class_list":["post-22650","page","type-page","status-publish","hentry"],"_links":{"self":[{"href":"https:\/\/docvivosaglik.com\/de\/wp-json\/wp\/v2\/pages\/22650","targetHints":{"allow":["GET"]}}],"collection":[{"href":"https:\/\/docvivosaglik.com\/de\/wp-json\/wp\/v2\/pages"}],"about":[{"href":"https:\/\/docvivosaglik.com\/de\/wp-json\/wp\/v2\/types\/page"}],"author":[{"embeddable":true,"href":"https:\/\/docvivosaglik.com\/de\/wp-json\/wp\/v2\/users\/4"}],"replies":[{"embeddable":true,"href":"https:\/\/docvivosaglik.com\/de\/wp-json\/wp\/v2\/comments?post=22650"}],"version-history":[{"count":19,"href":"https:\/\/docvivosaglik.com\/de\/wp-json\/wp\/v2\/pages\/22650\/revisions"}],"predecessor-version":[{"id":24623,"href":"https:\/\/docvivosaglik.com\/de\/wp-json\/wp\/v2\/pages\/22650\/revisions\/24623"}],"wp:attachment":[{"href":"https:\/\/docvivosaglik.com\/de\/wp-json\/wp\/v2\/media?parent=22650"}],"curies":[{"name":"wp","href":"https:\/\/api.w.org\/{rel}","templated":true}]}}