{"id":22642,"date":"2022-03-19T09:41:25","date_gmt":"2022-03-19T06:41:25","guid":{"rendered":"https:\/\/www.letsmedi.com\/mommy-makeover-in-turkey\/"},"modified":"2025-10-06T15:23:14","modified_gmt":"2025-10-06T12:23:14","slug":"mommy-makeover-in-der-tuerkei","status":"publish","type":"page","link":"https:\/\/docvivosaglik.com\/de\/mommy-makeover-in-der-tuerkei\/","title":{"rendered":"Mommy Makeover In Der T\u00fcrkei"},"content":{"rendered":"\t\t<div data-elementor-type=\"wp-page\" data-elementor-id=\"22642\" class=\"elementor elementor-22642\">\n\t\t\t\t\t\t\t\t\t<section class=\"elementor-section elementor-top-section elementor-element elementor-element-3895590 elementor-section-boxed elementor-section-height-default elementor-section-height-default\" data-id=\"3895590\" data-element_type=\"section\">\n\t\t\t\t\t\t<div class=\"elementor-container elementor-column-gap-default\">\n\t\t\t\t\t<div class=\"elementor-column elementor-col-100 elementor-top-column elementor-element elementor-element-2f776a7\" data-id=\"2f776a7\" data-element_type=\"column\">\n\t\t\t<div class=\"elementor-widget-wrap elementor-element-populated\">\n\t\t\t\t\t\t\t\t<div class=\"elementor-element elementor-element-c13e7ba elementor-widget elementor-widget-text-editor\" data-id=\"c13e7ba\" data-element_type=\"widget\" data-widget_type=\"text-editor.default\">\n\t\t\t\t<div class=\"elementor-widget-container\">\n\t\t\t<style>\/*! elementor - v3.7.8 - 02-10-2022 *\/\n.elementor-widget-text-editor.elementor-drop-cap-view-stacked .elementor-drop-cap{background-color:#818a91;color:#fff}.elementor-widget-text-editor.elementor-drop-cap-view-framed .elementor-drop-cap{color:#818a91;border:3px solid;background-color:transparent}.elementor-widget-text-editor:not(.elementor-drop-cap-view-default) .elementor-drop-cap{margin-top:8px}.elementor-widget-text-editor:not(.elementor-drop-cap-view-default) .elementor-drop-cap-letter{width:1em;height:1em}.elementor-widget-text-editor .elementor-drop-cap{float:left;text-align:center;line-height:1;font-size:50px}.elementor-widget-text-editor .elementor-drop-cap-letter{display:inline-block}<\/style>\t\t\t\tNach einer Geburt k\u00f6nnen h\u00e4ngende Br\u00fcste, angespannte Bauchmuskeln und schlaffe, \u00fcberfl\u00fcssige Haut zur\u00fcckbleiben &#8211; all das ist dauerhaft und h\u00e4ufig unerw\u00fcnscht. Selbst mit einer guten Di\u00e4t und Sport sind die meisten Frauen entmutigt, wenn ihre Br\u00fcste und ihr K\u00f6rper nicht wieder so aussehen wie vor der Schwangerschaft. Ein Mommy Makeover kann es Ihnen erm\u00f6glichen, sich wieder ganz wie Sie selbst zu f\u00fchlen, indem unerw\u00fcnschte Schwangerschaftsver\u00e4nderungen behandelt werden und das von Ihnen bevorzugte Aussehen wiederhergestellt wird, was Ihre Freude und Ihr Selbstvertrauen steigert. Der Begriff &#8222;Mommy Makeover&#8220; bezeichnet eine Reihe von kosmetischen Eingriffen, die einer Frau helfen sollen, die \u00fcblichen Folgen der Mutterschaft und des Alterns von Gesicht, Br\u00fcsten und Figur zu bew\u00e4ltigen und ihr Aussehen von vor der Schwangerschaft wiederherzustellen oder zu verbessern. Kosmetische Eingriffe, nicht-chirurgische Therapien oder eine Mischung aus beidem sind Optionen f\u00fcr ein Mommy Makeover.\t\t\t\t\t\t<\/div>\n\t\t\t\t<\/div>\n\t\t\t\t<div class=\"elementor-element elementor-element-11493eb elementor-toc--minimized-on-tablet elementor-widget elementor-widget-table-of-contents\" data-id=\"11493eb\" data-element_type=\"widget\" data-settings=\"{&quot;exclude_headings_by_selector&quot;:[],&quot;headings_by_tags&quot;:[&quot;h2&quot;,&quot;h3&quot;,&quot;h4&quot;,&quot;h5&quot;,&quot;h6&quot;],&quot;marker_view&quot;:&quot;numbers&quot;,&quot;minimize_box&quot;:&quot;yes&quot;,&quot;minimized_on&quot;:&quot;tablet&quot;,&quot;hierarchical_view&quot;:&quot;yes&quot;,&quot;min_height&quot;:{&quot;unit&quot;:&quot;px&quot;,&quot;size&quot;:&quot;&quot;,&quot;sizes&quot;:[]},&quot;min_height_tablet&quot;:{&quot;unit&quot;:&quot;px&quot;,&quot;size&quot;:&quot;&quot;,&quot;sizes&quot;:[]},&quot;min_height_mobile&quot;:{&quot;unit&quot;:&quot;px&quot;,&quot;size&quot;:&quot;&quot;,&quot;sizes&quot;:[]}}\" data-widget_type=\"table-of-contents.default\">\n\t\t\t\t<div class=\"elementor-widget-container\">\n\t\t\t<style>\/*! elementor-pro - v3.5.2 - 28-11-2021 *\/\n.elementor-widget-table-of-contents .elementor-toc__header-title{color:var(--header-color)}.elementor-widget-table-of-contents.elementor-toc--collapsed .elementor-toc__toggle-button--collapse,.elementor-widget-table-of-contents:not(.elementor-toc--collapsed) .elementor-toc__toggle-button--expand{display:none}.elementor-widget-table-of-contents .elementor-widget-container{min-height:var(--box-min-height);border:var(--box-border-width,1px) solid var(--box-border-color,#a4afb7);border-radius:var(--box-border-radius,3px);background-color:var(--box-background-color);-webkit-transition:min-height .4s;-o-transition:min-height .4s;transition:min-height .4s;overflow:hidden}.elementor-toc__header{display:-webkit-box;display:-ms-flexbox;display:flex;-webkit-box-align:center;-ms-flex-align:center;align-items:center;-webkit-box-pack:justify;-ms-flex-pack:justify;justify-content:space-between;padding:var(--box-padding,20px);background-color:var(--header-background-color);border-bottom:var(--separator-width,1px) solid var(--box-border-color,#a4afb7)}.elementor-toc__header-title{font-size:18px;margin:0;color:var(--header-color)}.elementor-toc__toggle-button{cursor:pointer;display:-webkit-inline-box;display:-ms-inline-flexbox;display:inline-flex}.elementor-toc__toggle-button i{color:var(--toggle-button-color)}.elementor-toc__toggle-button svg{height:1em;width:1em;fill:var(--toggle-button-color)}.elementor-toc__spinner-container{text-align:center}.elementor-toc__spinner{font-size:2em}.elementor-toc__spinner.e-font-icon-svg{height:1em;width:1em}.elementor-toc__body{padding:var(--box-padding,20px);max-height:var(--toc-body-max-height);overflow-y:auto}.elementor-toc__body::-webkit-scrollbar{width:7px}.elementor-toc__body::-webkit-scrollbar-thumb{background-color:#c2cbd2;border-radius:10px}.elementor-toc__list-wrapper{list-style:none;padding:0}.elementor-toc__list-item{margin-bottom:.5em}.elementor-toc__list-item.elementor-item-active{font-weight:700}.elementor-toc__list-item .elementor-toc__list-wrapper{margin-top:.5em;margin-left:var(--nested-list-indent,1em)}.elementor-toc__list-item-text:hover{color:var(--item-text-hover-color);-webkit-text-decoration:var(--item-text-hover-decoration);text-decoration:var(--item-text-hover-decoration)}.elementor-toc__list-item-text.elementor-item-active{color:var(--item-text-active-color);-webkit-text-decoration:var(--item-text-active-decoration);text-decoration:var(--item-text-active-decoration)}.elementor-toc__list-item-text-wrapper{display:-webkit-box;display:-ms-flexbox;display:flex;-webkit-box-align:center;-ms-flex-align:center;align-items:center}.elementor-toc__list-item-text-wrapper:before,.elementor-toc__list-item-text-wrapper i{margin-right:8px;color:var(--marker-color)}.elementor-toc__list-item-text-wrapper svg{margin-right:8px;fill:var(--marker-color);height:var(--marker-size,.5em);width:var(--marker-size,.5em)}.elementor-toc__list-item-text-wrapper i{font-size:var(--marker-size,.5em)}.elementor-toc__list-item-text-wrapper:before{font-size:var(--marker-size,1em)}.elementor-toc--content-ellipsis .elementor-toc__list-item-text{white-space:nowrap;overflow:hidden;-o-text-overflow:ellipsis;text-overflow:ellipsis}.elementor-toc__list-items--collapsible>.elementor-toc__list-wrapper>.elementor-toc__list-item>.elementor-toc__list-wrapper{display:none}.elementor-toc__heading-anchor{position:absolute}.elementor-toc__body .elementor-toc__list-item-text{color:var(--item-text-color);-webkit-text-decoration:var(--item-text-decoration);text-decoration:var(--item-text-decoration)}.elementor-toc__body .elementor-toc__list-item-text:hover{color:var(--item-text-hover-color);-webkit-text-decoration:var(--item-text-hover-decoration);text-decoration:var(--item-text-hover-decoration)}.elementor-toc__body .elementor-toc__list-item-text.elementor-item-active{color:var(--item-text-active-color);-webkit-text-decoration:var(--item-text-active-decoration);text-decoration:var(--item-text-active-decoration)}ol.elementor-toc__list-wrapper{counter-reset:item}ol.elementor-toc__list-wrapper .elementor-toc__list-item{counter-increment:item}ol.elementor-toc__list-wrapper .elementor-toc__list-item-text-wrapper:before{content:counters(item,\".\") \". \"}@media only screen and (max-width:-1px){.elementor-toc--minimized-on-tablet_extra .elementor-toc__body{display:none}}@media only screen and (max-width:1024px){.elementor-toc--minimized-on-tablet .elementor-toc__body{display:none}}@media only screen and (max-width:-1px){.elementor-toc--minimized-on-mobile_extra .elementor-toc__body{display:none}}@media only screen and (max-width:767px){.elementor-toc--minimized-on-mobile .elementor-toc__body{display:none}}<\/style>\t\t<div class=\"elementor-toc__header\">\n\t\t\t<h4 class=\"elementor-toc__header-title\">\n\t\t\t\tTable of Contents\t\t\t<\/h4>\n\t\t\t\t\t\t\t<div class=\"elementor-toc__toggle-button elementor-toc__toggle-button--expand\"><i class=\"fas fa-chevron-down\"><\/i><\/div>\n\t\t\t\t<div class=\"elementor-toc__toggle-button elementor-toc__toggle-button--collapse\"><i class=\"fas fa-chevron-up\"><\/i><\/div>\n\t\t\t\t\t<\/div>\n\t\t<div class=\"elementor-toc__body\">\n\t\t\t<div class=\"elementor-toc__spinner-container\">\n\t\t\t\t<i class=\"elementor-toc__spinner eicon-animation-spin eicon-loading\" aria-hidden=\"true\"><\/i>\t\t\t<\/div>\n\t\t<\/div>\n\t\t\t\t<\/div>\n\t\t\t\t<\/div>\n\t\t\t\t<div class=\"elementor-element elementor-element-de61919 elementor-widget elementor-widget-heading\" data-id=\"de61919\" data-element_type=\"widget\" data-widget_type=\"heading.default\">\n\t\t\t\t<div class=\"elementor-widget-container\">\n\t\t\t<style>\/*! elementor - v3.7.8 - 02-10-2022 *\/\n.elementor-heading-title{padding:0;margin:0;line-height:1}.elementor-widget-heading .elementor-heading-title[class*=elementor-size-]>a{color:inherit;font-size:inherit;line-height:inherit}.elementor-widget-heading .elementor-heading-title.elementor-size-small{font-size:15px}.elementor-widget-heading .elementor-heading-title.elementor-size-medium{font-size:19px}.elementor-widget-heading .elementor-heading-title.elementor-size-large{font-size:29px}.elementor-widget-heading .elementor-heading-title.elementor-size-xl{font-size:39px}.elementor-widget-heading .elementor-heading-title.elementor-size-xxl{font-size:59px}<\/style><h2 class=\"elementor-heading-title elementor-size-default\">Wie wird ein Mommy Makeover durchgef\u00fchrt?<\/h2>\t\t<\/div>\n\t\t\t\t<\/div>\n\t\t\t\t<div class=\"elementor-element elementor-element-716bc57 elementor-widget elementor-widget-text-editor\" data-id=\"716bc57\" data-element_type=\"widget\" data-widget_type=\"text-editor.default\">\n\t\t\t\t<div class=\"elementor-widget-container\">\n\t\t\t\t\t\t\t<p>Ein Mommy Makeover ist ein Eingriff, der etwa 6 Stunden dauert und unter Narkose durchgef\u00fchrt wird. Die An\u00e4sthesisten f\u00fchren die \u00fcblichen vorbereitenden Untersuchungen durch und beurteilen die Patientinnen. Vor dem Eingriff unterschreiben alle Patientinnen die entsprechenden Einverst\u00e4ndniserkl\u00e4rungen, und ihre Bilder werden aus den richtigen Winkeln aufgenommen. Dann wird die Operation geplant und die Stellen eingezeichnet, an denen am Morgen des Operationstages gearbeitet werden soll.<\/p><p>Das Mommy-Makeover-Verfahren beginnt mit einer Fettabsaugung, wobei die Methode von Fall zu Fall unterschiedlich ist. Nach der Fettabsaugung wird eine Bauchdeckenplastik durchgef\u00fchrt.<\/p><p>Schlie\u00dflich werden die Brustoperationen durchgef\u00fchrt. W\u00e4hrend des Eingriffs werden an den Stellen, an denen die Fettabsaugung, die Brustrekonstruktion und die Bauchstraffung durchgef\u00fchrt wurden, Schl\u00e4uche implantiert. Diese Schl\u00e4uche sollen helfen, Schwellungen zu beseitigen, indem sie Blut und Fl\u00fcssigkeit ableiten, die sich an der Operationsstelle bilden k\u00f6nnten.<\/p><p>Nach Abschluss des Eingriffs werden die Wunden verbunden und die Patienten erhalten ein Korsett. Sobald sich die Patientin vollst\u00e4ndig von der Narkose erholt hat, wird sie in die Ambulanz gebracht.<\/p>\t\t\t\t\t\t<\/div>\n\t\t\t\t<\/div>\n\t\t\t\t<div class=\"elementor-element elementor-element-94caea7 elementor-widget elementor-widget-heading\" data-id=\"94caea7\" data-element_type=\"widget\" data-widget_type=\"heading.default\">\n\t\t\t\t<div class=\"elementor-widget-container\">\n\t\t\t<h2 class=\"elementor-heading-title elementor-size-default\">Vertragskliniken in Istanbul, T\u00fcrkei\n<\/h2>\t\t<\/div>\n\t\t\t\t<\/div>\n\t\t\t\t<div class=\"elementor-element elementor-element-403c111 elementor-skin-carousel elementor-arrows-yes elementor-widget elementor-widget-media-carousel\" data-id=\"403c111\" data-element_type=\"widget\" data-settings=\"{&quot;slides_per_view&quot;:&quot;2&quot;,&quot;skin&quot;:&quot;carousel&quot;,&quot;effect&quot;:&quot;slide&quot;,&quot;show_arrows&quot;:&quot;yes&quot;,&quot;speed&quot;:500,&quot;autoplay&quot;:&quot;yes&quot;,&quot;autoplay_speed&quot;:5000,&quot;loop&quot;:&quot;yes&quot;,&quot;pause_on_hover&quot;:&quot;yes&quot;,&quot;pause_on_interaction&quot;:&quot;yes&quot;,&quot;space_between&quot;:{&quot;unit&quot;:&quot;px&quot;,&quot;size&quot;:10,&quot;sizes&quot;:[]},&quot;space_between_tablet&quot;:{&quot;unit&quot;:&quot;px&quot;,&quot;size&quot;:10,&quot;sizes&quot;:[]},&quot;space_between_mobile&quot;:{&quot;unit&quot;:&quot;px&quot;,&quot;size&quot;:10,&quot;sizes&quot;:[]}}\" data-widget_type=\"media-carousel.default\">\n\t\t\t\t<div class=\"elementor-widget-container\">\n\t\t\t<link rel=\"stylesheet\" href=\"https:\/\/docvivosaglik.com\/wp-content\/plugins\/elementor-pro\/assets\/css\/widget-carousel.min.css\">\t\t<div class=\"elementor-swiper\">\n\t\t\t<div class=\"elementor-main-swiper swiper-container\">\n\t\t\t\t<div class=\"swiper-wrapper\">\n\t\t\t\t\t\t\t\t\t\t\t<div class=\"swiper-slide\">\n\t\t\t\t\t\t\t\t\t<div class=\"elementor-carousel-image\" style=\"background-image: url(https:\/\/docvivosaglik.com\/wp-content\/uploads\/2022\/03\/5-Hastane-odasi-Gastric-Botox.jpg)\">\n\t\t\t\t\t<\/div>\n\t\t\t\t\t\t\t\t<\/div>\n\t\t\t\t\t\t\t\t\t\t\t<div class=\"swiper-slide\">\n\t\t\t\t\t\t\t\t\t<div class=\"elementor-carousel-image\" style=\"background-image: url(https:\/\/docvivosaglik.com\/wp-content\/uploads\/2022\/03\/4-Hastene-Gastric-Botox.jpg)\">\n\t\t\t\t\t<\/div>\n\t\t\t\t\t\t\t\t<\/div>\n\t\t\t\t\t\t\t\t\t<\/div>\n\t\t\t\t\t\t\t\t\t\t\t\t\t\t\t\t\t\t\t\t<div class=\"elementor-swiper-button elementor-swiper-button-prev\">\n\t\t\t\t\t\t\t<i aria-hidden=\"true\" class=\"eicon-chevron-left\"><\/i>\t\t\t\t\t\t\t<span class=\"elementor-screen-only\">Previous<\/span>\n\t\t\t\t\t\t<\/div>\n\t\t\t\t\t\t<div class=\"elementor-swiper-button elementor-swiper-button-next\">\n\t\t\t\t\t\t\t<i aria-hidden=\"true\" class=\"eicon-chevron-right\"><\/i>\t\t\t\t\t\t\t<span class=\"elementor-screen-only\">Next<\/span>\n\t\t\t\t\t\t<\/div>\n\t\t\t\t\t\t\t\t\t\t\t\t<\/div>\n\t\t<\/div>\n\t\t\t\t<\/div>\n\t\t\t\t<\/div>\n\t\t\t\t<div class=\"elementor-element elementor-element-743f55e elementor-widget elementor-widget-heading\" data-id=\"743f55e\" data-element_type=\"widget\" data-widget_type=\"heading.default\">\n\t\t\t\t<div class=\"elementor-widget-container\">\n\t\t\t<h2 class=\"elementor-heading-title elementor-size-default\">Wie verl\u00e4uft der Heilungsprozess?<\/h2>\t\t<\/div>\n\t\t\t\t<\/div>\n\t\t\t\t<div class=\"elementor-element elementor-element-99c641f elementor-widget elementor-widget-text-editor\" data-id=\"99c641f\" data-element_type=\"widget\" data-widget_type=\"text-editor.default\">\n\t\t\t\t<div class=\"elementor-widget-container\">\n\t\t\t\t\t\t\t<p>Die Dauer und das Ausma\u00df Ihrer Erholung nach einem Mommy-Makeover h\u00e4ngen von der Art Ihrer Behandlung ab, z. B. von den durchgef\u00fchrten Operationen und davon, wie sorgf\u00e4ltig Sie die Nachsorgeanweisungen Ihres Arztes befolgen.<\/p><p>In vielen F\u00e4llen m\u00fcssen die Patientinnen nach einer Bauchstraffung oder einer anderen bedeutenden K\u00f6rperbehandlung mindestens einen Monat lang von der Arbeit freigestellt werden, vor allem, wenn eine Bauchstraffung oder andere schwerwiegende K\u00f6rperstraffungsoperationen durchgef\u00fchrt wurden. Patienten, die sich weniger invasiven Behandlungen unterzogen haben, k\u00f6nnen m\u00f6glicherweise schon nach 1-2 Wochen wieder arbeiten. Intensive k\u00f6rperliche Aktivit\u00e4ten, wie das Heben schwerer Gegenst\u00e4nde, Dehnen und Sport, sind jedoch bis zu zwei Monate lang verboten.<\/p><p>Die meisten Patientinnen gelten nach 3 bis 4 Monaten als vollst\u00e4ndig geheilt, obwohl es 6 bis 12 Monate dauern kann, bis die endg\u00fcltigen Auswirkungen einer Mommy-Makeover-Operation sichtbar werden, wenn die restlichen Schwellungen abklingen und sich die Muskeln vollst\u00e4ndig zur\u00fcckbilden.<\/p>\t\t\t\t\t\t<\/div>\n\t\t\t\t<\/div>\n\t\t\t\t<div class=\"elementor-element elementor-element-305dbc8 elementor-widget elementor-widget-heading\" data-id=\"305dbc8\" data-element_type=\"widget\" data-widget_type=\"heading.default\">\n\t\t\t\t<div class=\"elementor-widget-container\">\n\t\t\t<h2 class=\"elementor-heading-title elementor-size-default\">Warum sollten Sie die T\u00fcrkei f\u00fcr ein Mommy-Makeover w\u00e4hlen?<\/h2>\t\t<\/div>\n\t\t\t\t<\/div>\n\t\t\t\t<div class=\"elementor-element elementor-element-bd66d50 elementor-widget elementor-widget-text-editor\" data-id=\"bd66d50\" data-element_type=\"widget\" data-widget_type=\"text-editor.default\">\n\t\t\t\t<div class=\"elementor-widget-container\">\n\t\t\t\t\t\t\t<p>Aufgrund der qualifizierten Chirurgen, der gro\u00dfen Zahl der j\u00e4hrlich durchgef\u00fchrten Behandlungen, der ausgezeichneten Ergebnisse, der fairen Preise und der staatlichen M\u00f6glichkeiten f\u00fcr den Gesundheitstourismus ist die T\u00fcrkei eines der beliebtesten L\u00e4nder f\u00fcr Mommy-Makeover-Operationen; Sie sollten sich also f\u00fcr die T\u00fcrkei entscheiden. Basierend auf dem Zustand der Patientin, der Gesichtsanatomie und der chirurgischen Zug\u00e4nglichkeit erh\u00e4lt jede Person eine einzigartige Behandlungsstrategie. Sie m\u00fcssen sich also keine Sorgen um Ihr Endergebnis machen, wenn Sie sich f\u00fcr eine Mommy-Makeover-Operation in der T\u00fcrkei entscheiden.<\/p><p>Da das t\u00fcrkische Ministerium f\u00fcr Gesundheit und Wirtschaft die Behandlungen unterst\u00fctzt, sind t\u00fcrkische Kliniken in der Lage, komplette All-inclusive-Programme f\u00fcr nat\u00fcrliche Brustvergr\u00f6\u00dferungen und Mikro-Bauchdeckenstraffungen zu einem niedrigen Gesamtpreis f\u00fcr Mommy Makeover anzubieten.<\/p><p>Wenn Sie also Geld sparen wollen und gleichzeitig eine sichere und gesunde Mommy-Makeover-Behandlung mit hochqualifiziertem und liebevollem Gesundheitspersonal w\u00fcnschen, ist die T\u00fcrkei der richtige Ort f\u00fcr Sie!<\/p>\t\t\t\t\t\t<\/div>\n\t\t\t\t<\/div>\n\t\t\t\t<div class=\"elementor-element elementor-element-4f44937 elementor-widget elementor-widget-heading\" data-id=\"4f44937\" data-element_type=\"widget\" data-widget_type=\"heading.default\">\n\t\t\t\t<div class=\"elementor-widget-container\">\n\t\t\t<h2 class=\"elementor-heading-title elementor-size-default\">Was kostet ein Mommy Makeover Vertragskliniken in der T\u00fcrkei?<\/h2>\t\t<\/div>\n\t\t\t\t<\/div>\n\t\t\t\t<div class=\"elementor-element elementor-element-1f1557c elementor-widget elementor-widget-text-editor\" data-id=\"1f1557c\" data-element_type=\"widget\" data-widget_type=\"text-editor.default\">\n\t\t\t\t<div class=\"elementor-widget-container\">\n\t\t\t\t\t\t\t<p>Ein Mommy Makeover in Istanbul, T\u00fcrkei, kostet in der Regel 7000 $, mit einer Untergrenze von 2000 $ und einer Obergrenze von 15000 $. Die Kosten in anderen Orten, wie Ankara, Izmir und Mersin, k\u00f6nnen schwanken.<\/p><p>Wenn man die Kosten f\u00fcr ein Mommy-Makeover in der T\u00fcrkei mit den Kosten in der Heimatstadt vergleicht, stellt man fest, dass die Kosten recht g\u00fcnstig sind und die Kompetenz der Fachleute sehr hoch ist. Infolgedessen profitieren die Patienten, die in die T\u00fcrkei reisen, von einem gro\u00dfen Sieg. Da es in der T\u00fcrkei die besten Chirurgen gibt, werden die Menschen nat\u00fcrlich aussehende Ergebnisse erhalten.<\/p>\t\t\t\t\t\t<\/div>\n\t\t\t\t<\/div>\n\t\t\t\t\t<\/div>\n\t\t<\/div>\n\t\t\t\t\t\t\t<\/div>\n\t\t<\/section>\n\t\t\t\t\t\t\t<\/div>\n\t\t","protected":false},"excerpt":{"rendered":"<p>Nach einer Geburt k\u00f6nnen h\u00e4ngende Br\u00fcste, angespannte Bauchmuskeln und schlaffe, \u00fcberfl\u00fcssige Haut zur\u00fcckbleiben &#8211; all das ist dauerhaft und h\u00e4ufig unerw\u00fcnscht. Selbst mit einer guten Di\u00e4t und Sport sind die meisten Frauen entmutigt, wenn ihre Br\u00fcste und ihr K\u00f6rper nicht wieder so aussehen wie vor der Schwangerschaft. Ein Mommy Makeover kann es Ihnen erm\u00f6glichen, sich [&hellip;]<\/p>\n","protected":false},"author":4,"featured_media":0,"parent":0,"menu_order":0,"comment_status":"closed","ping_status":"closed","template":"","meta":{"inline_featured_image":false,"footnotes":""},"class_list":["post-22642","page","type-page","status-publish","hentry"],"_links":{"self":[{"href":"https:\/\/docvivosaglik.com\/de\/wp-json\/wp\/v2\/pages\/22642","targetHints":{"allow":["GET"]}}],"collection":[{"href":"https:\/\/docvivosaglik.com\/de\/wp-json\/wp\/v2\/pages"}],"about":[{"href":"https:\/\/docvivosaglik.com\/de\/wp-json\/wp\/v2\/types\/page"}],"author":[{"embeddable":true,"href":"https:\/\/docvivosaglik.com\/de\/wp-json\/wp\/v2\/users\/4"}],"replies":[{"embeddable":true,"href":"https:\/\/docvivosaglik.com\/de\/wp-json\/wp\/v2\/comments?post=22642"}],"version-history":[{"count":19,"href":"https:\/\/docvivosaglik.com\/de\/wp-json\/wp\/v2\/pages\/22642\/revisions"}],"predecessor-version":[{"id":24620,"href":"https:\/\/docvivosaglik.com\/de\/wp-json\/wp\/v2\/pages\/22642\/revisions\/24620"}],"wp:attachment":[{"href":"https:\/\/docvivosaglik.com\/de\/wp-json\/wp\/v2\/media?parent=22642"}],"curies":[{"name":"wp","href":"https:\/\/api.w.org\/{rel}","templated":true}]}}