{"id":22637,"date":"2022-03-19T09:43:10","date_gmt":"2022-03-19T06:43:10","guid":{"rendered":"https:\/\/www.letsmedi.com\/gynecomastia-in-turkey\/"},"modified":"2025-10-06T15:23:11","modified_gmt":"2025-10-06T12:23:11","slug":"gynaekomastie-in-der-tuerkei","status":"publish","type":"page","link":"https:\/\/docvivosaglik.com\/de\/gynaekomastie-in-der-tuerkei\/","title":{"rendered":"Gyn\u00e4komastie In Der T\u00fcrkei"},"content":{"rendered":"\t\t<div data-elementor-type=\"wp-page\" data-elementor-id=\"22637\" class=\"elementor elementor-22637\">\n\t\t\t\t\t\t\t\t\t<section class=\"elementor-section elementor-top-section elementor-element elementor-element-584ad66 elementor-section-boxed elementor-section-height-default elementor-section-height-default\" data-id=\"584ad66\" data-element_type=\"section\">\n\t\t\t\t\t\t<div class=\"elementor-container elementor-column-gap-default\">\n\t\t\t\t\t<div class=\"elementor-column elementor-col-100 elementor-top-column elementor-element elementor-element-f93bde7\" data-id=\"f93bde7\" data-element_type=\"column\">\n\t\t\t<div class=\"elementor-widget-wrap elementor-element-populated\">\n\t\t\t\t\t\t\t\t<div class=\"elementor-element elementor-element-4dd053d elementor-widget elementor-widget-text-editor\" data-id=\"4dd053d\" data-element_type=\"widget\" data-widget_type=\"text-editor.default\">\n\t\t\t\t<div class=\"elementor-widget-container\">\n\t\t\t<style>\/*! elementor - v3.7.8 - 02-10-2022 *\/\n.elementor-widget-text-editor.elementor-drop-cap-view-stacked .elementor-drop-cap{background-color:#818a91;color:#fff}.elementor-widget-text-editor.elementor-drop-cap-view-framed .elementor-drop-cap{color:#818a91;border:3px solid;background-color:transparent}.elementor-widget-text-editor:not(.elementor-drop-cap-view-default) .elementor-drop-cap{margin-top:8px}.elementor-widget-text-editor:not(.elementor-drop-cap-view-default) .elementor-drop-cap-letter{width:1em;height:1em}.elementor-widget-text-editor .elementor-drop-cap{float:left;text-align:center;line-height:1;font-size:50px}.elementor-widget-text-editor .elementor-drop-cap-letter{display:inline-block}<\/style>\t\t\t\tGyn\u00e4komastie ist eine weit verbreitete Erkrankung, die zu einer Vergr\u00f6\u00dferung der m\u00e4nnlichen Br\u00fcste f\u00fchrt. Die Gyn\u00e4komastie kann bei Menschen jeden Alters auftreten, am h\u00e4ufigsten ist sie jedoch bei Neugeborenen, Jugendlichen und \u00e4lteren Erwachsenen zu beobachten. Andererseits kann sie durch eine Vielzahl von Faktoren verursacht werden, von denen der h\u00e4ufigste ein Ungleichgewicht der Hormone Testosteron und \u00d6strogen ist.\u00a0 Das Gleichgewicht der beiden Hormone ver\u00e4ndert sich vor allem dann, wenn ein Junge in die Pubert\u00e4t kommt oder wenn der K\u00f6rper eines \u00e4lteren Mannes weniger Testosteron produziert. In diesem Fall schwillt das m\u00e4nnliche Brustgewebe aufgrund eines h\u00f6heren \u00d6strogenspiegels an, wovon mehr als die H\u00e4lfte der heranwachsenden Jungen und bis zu zwei Drittel der M\u00e4nner \u00fcber 50 betroffen sind.\t\t\t\t\t\t<\/div>\n\t\t\t\t<\/div>\n\t\t\t\t<div class=\"elementor-element elementor-element-80483bd elementor-toc--minimized-on-tablet elementor-widget elementor-widget-table-of-contents\" data-id=\"80483bd\" data-element_type=\"widget\" data-settings=\"{&quot;exclude_headings_by_selector&quot;:[],&quot;headings_by_tags&quot;:[&quot;h2&quot;,&quot;h3&quot;,&quot;h4&quot;,&quot;h5&quot;,&quot;h6&quot;],&quot;marker_view&quot;:&quot;numbers&quot;,&quot;minimize_box&quot;:&quot;yes&quot;,&quot;minimized_on&quot;:&quot;tablet&quot;,&quot;hierarchical_view&quot;:&quot;yes&quot;,&quot;min_height&quot;:{&quot;unit&quot;:&quot;px&quot;,&quot;size&quot;:&quot;&quot;,&quot;sizes&quot;:[]},&quot;min_height_tablet&quot;:{&quot;unit&quot;:&quot;px&quot;,&quot;size&quot;:&quot;&quot;,&quot;sizes&quot;:[]},&quot;min_height_mobile&quot;:{&quot;unit&quot;:&quot;px&quot;,&quot;size&quot;:&quot;&quot;,&quot;sizes&quot;:[]}}\" data-widget_type=\"table-of-contents.default\">\n\t\t\t\t<div class=\"elementor-widget-container\">\n\t\t\t<style>\/*! elementor-pro - v3.5.2 - 28-11-2021 *\/\n.elementor-widget-table-of-contents .elementor-toc__header-title{color:var(--header-color)}.elementor-widget-table-of-contents.elementor-toc--collapsed .elementor-toc__toggle-button--collapse,.elementor-widget-table-of-contents:not(.elementor-toc--collapsed) .elementor-toc__toggle-button--expand{display:none}.elementor-widget-table-of-contents .elementor-widget-container{min-height:var(--box-min-height);border:var(--box-border-width,1px) solid var(--box-border-color,#a4afb7);border-radius:var(--box-border-radius,3px);background-color:var(--box-background-color);-webkit-transition:min-height .4s;-o-transition:min-height .4s;transition:min-height .4s;overflow:hidden}.elementor-toc__header{display:-webkit-box;display:-ms-flexbox;display:flex;-webkit-box-align:center;-ms-flex-align:center;align-items:center;-webkit-box-pack:justify;-ms-flex-pack:justify;justify-content:space-between;padding:var(--box-padding,20px);background-color:var(--header-background-color);border-bottom:var(--separator-width,1px) solid var(--box-border-color,#a4afb7)}.elementor-toc__header-title{font-size:18px;margin:0;color:var(--header-color)}.elementor-toc__toggle-button{cursor:pointer;display:-webkit-inline-box;display:-ms-inline-flexbox;display:inline-flex}.elementor-toc__toggle-button i{color:var(--toggle-button-color)}.elementor-toc__toggle-button svg{height:1em;width:1em;fill:var(--toggle-button-color)}.elementor-toc__spinner-container{text-align:center}.elementor-toc__spinner{font-size:2em}.elementor-toc__spinner.e-font-icon-svg{height:1em;width:1em}.elementor-toc__body{padding:var(--box-padding,20px);max-height:var(--toc-body-max-height);overflow-y:auto}.elementor-toc__body::-webkit-scrollbar{width:7px}.elementor-toc__body::-webkit-scrollbar-thumb{background-color:#c2cbd2;border-radius:10px}.elementor-toc__list-wrapper{list-style:none;padding:0}.elementor-toc__list-item{margin-bottom:.5em}.elementor-toc__list-item.elementor-item-active{font-weight:700}.elementor-toc__list-item .elementor-toc__list-wrapper{margin-top:.5em;margin-left:var(--nested-list-indent,1em)}.elementor-toc__list-item-text:hover{color:var(--item-text-hover-color);-webkit-text-decoration:var(--item-text-hover-decoration);text-decoration:var(--item-text-hover-decoration)}.elementor-toc__list-item-text.elementor-item-active{color:var(--item-text-active-color);-webkit-text-decoration:var(--item-text-active-decoration);text-decoration:var(--item-text-active-decoration)}.elementor-toc__list-item-text-wrapper{display:-webkit-box;display:-ms-flexbox;display:flex;-webkit-box-align:center;-ms-flex-align:center;align-items:center}.elementor-toc__list-item-text-wrapper:before,.elementor-toc__list-item-text-wrapper i{margin-right:8px;color:var(--marker-color)}.elementor-toc__list-item-text-wrapper svg{margin-right:8px;fill:var(--marker-color);height:var(--marker-size,.5em);width:var(--marker-size,.5em)}.elementor-toc__list-item-text-wrapper i{font-size:var(--marker-size,.5em)}.elementor-toc__list-item-text-wrapper:before{font-size:var(--marker-size,1em)}.elementor-toc--content-ellipsis .elementor-toc__list-item-text{white-space:nowrap;overflow:hidden;-o-text-overflow:ellipsis;text-overflow:ellipsis}.elementor-toc__list-items--collapsible>.elementor-toc__list-wrapper>.elementor-toc__list-item>.elementor-toc__list-wrapper{display:none}.elementor-toc__heading-anchor{position:absolute}.elementor-toc__body .elementor-toc__list-item-text{color:var(--item-text-color);-webkit-text-decoration:var(--item-text-decoration);text-decoration:var(--item-text-decoration)}.elementor-toc__body .elementor-toc__list-item-text:hover{color:var(--item-text-hover-color);-webkit-text-decoration:var(--item-text-hover-decoration);text-decoration:var(--item-text-hover-decoration)}.elementor-toc__body .elementor-toc__list-item-text.elementor-item-active{color:var(--item-text-active-color);-webkit-text-decoration:var(--item-text-active-decoration);text-decoration:var(--item-text-active-decoration)}ol.elementor-toc__list-wrapper{counter-reset:item}ol.elementor-toc__list-wrapper .elementor-toc__list-item{counter-increment:item}ol.elementor-toc__list-wrapper .elementor-toc__list-item-text-wrapper:before{content:counters(item,\".\") \". \"}@media only screen and (max-width:-1px){.elementor-toc--minimized-on-tablet_extra .elementor-toc__body{display:none}}@media only screen and (max-width:1024px){.elementor-toc--minimized-on-tablet .elementor-toc__body{display:none}}@media only screen and (max-width:-1px){.elementor-toc--minimized-on-mobile_extra .elementor-toc__body{display:none}}@media only screen and (max-width:767px){.elementor-toc--minimized-on-mobile .elementor-toc__body{display:none}}<\/style>\t\t<div class=\"elementor-toc__header\">\n\t\t\t<h4 class=\"elementor-toc__header-title\">\n\t\t\t\tTable of Contents\t\t\t<\/h4>\n\t\t\t\t\t\t\t<div class=\"elementor-toc__toggle-button elementor-toc__toggle-button--expand\"><i class=\"fas fa-chevron-down\"><\/i><\/div>\n\t\t\t\t<div class=\"elementor-toc__toggle-button elementor-toc__toggle-button--collapse\"><i class=\"fas fa-chevron-up\"><\/i><\/div>\n\t\t\t\t\t<\/div>\n\t\t<div class=\"elementor-toc__body\">\n\t\t\t<div class=\"elementor-toc__spinner-container\">\n\t\t\t\t<i class=\"elementor-toc__spinner eicon-animation-spin eicon-loading\" aria-hidden=\"true\"><\/i>\t\t\t<\/div>\n\t\t<\/div>\n\t\t\t\t<\/div>\n\t\t\t\t<\/div>\n\t\t\t\t<div class=\"elementor-element elementor-element-fecb9d3 elementor-widget elementor-widget-heading\" data-id=\"fecb9d3\" data-element_type=\"widget\" data-widget_type=\"heading.default\">\n\t\t\t\t<div class=\"elementor-widget-container\">\n\t\t\t<style>\/*! elementor - v3.7.8 - 02-10-2022 *\/\n.elementor-heading-title{padding:0;margin:0;line-height:1}.elementor-widget-heading .elementor-heading-title[class*=elementor-size-]>a{color:inherit;font-size:inherit;line-height:inherit}.elementor-widget-heading .elementor-heading-title.elementor-size-small{font-size:15px}.elementor-widget-heading .elementor-heading-title.elementor-size-medium{font-size:19px}.elementor-widget-heading .elementor-heading-title.elementor-size-large{font-size:29px}.elementor-widget-heading .elementor-heading-title.elementor-size-xl{font-size:39px}.elementor-widget-heading .elementor-heading-title.elementor-size-xxl{font-size:59px}<\/style><h2 class=\"elementor-heading-title elementor-size-default\">Wie wird die Gyn\u00e4komastie durchgef\u00fchrt?<\/h2>\t\t<\/div>\n\t\t\t\t<\/div>\n\t\t\t\t<div class=\"elementor-element elementor-element-28a02ca elementor-widget elementor-widget-text-editor\" data-id=\"28a02ca\" data-element_type=\"widget\" data-widget_type=\"text-editor.default\">\n\t\t\t\t<div class=\"elementor-widget-container\">\n\t\t\t\t\t\t\t<p>Die Operation oder das Verfahren als Gyn\u00e4komastie genannt ist die medizinische Hilfe, die Sie bekommen sollten. Die typischste Methode besteht darin, einen Einschnitt um den schwarzen Bereich um die Brustwarze herum zu machen, der als Warzenhof bezeichnet wird. Dann wird ein weiterer Schnitt gemacht, der der nat\u00fcrlichen Kontur der Falte unter den Br\u00fcsten entspricht. Schlie\u00dflich werden \u00fcbersch\u00fcssiges Fett und Dr\u00fcsengewebe entfernt.<\/p><p>Zur Entfernung von Fett- und Dr\u00fcsengewebe wird h\u00e4ufig eine Fettabsaugung (Liposuktion), entweder allein oder in Kombination, durchgef\u00fchrt. Wenn das Gewicht des \u00fcbersch\u00fcssigen Brustgewebes eine Erschlaffung der Br\u00fcste und eine Dehnung des Brustwarzenhofs verursacht, wird Ihr plastischer Chirurg den Brustwarzenhof in der gleichen Operation neu positionieren und seine Gr\u00f6\u00dfe ver\u00e4ndern.<\/p><p>Die gesamte Behandlung dauert in der Regel etwa zwei Stunden und wird unter Narkose durchgef\u00fchrt. Sie kann in einem ambulanten Operationszentrum durchgef\u00fchrt werden oder eine \u00dcbernachtung erfordern. Dar\u00fcber hinaus sollten Sie wissen, dass ein zweiter Eingriff erforderlich sein kann, um die Haut weiter zu straffen und ein optimales kosmetisches Ergebnis zu erzielen.<\/p>\t\t\t\t\t\t<\/div>\n\t\t\t\t<\/div>\n\t\t\t\t<div class=\"elementor-element elementor-element-bfede4d elementor-widget elementor-widget-heading\" data-id=\"bfede4d\" data-element_type=\"widget\" data-widget_type=\"heading.default\">\n\t\t\t\t<div class=\"elementor-widget-container\">\n\t\t\t<h2 class=\"elementor-heading-title elementor-size-default\">Wie verl\u00e4uft der Heilungsprozess?<\/h2>\t\t<\/div>\n\t\t\t\t<\/div>\n\t\t\t\t<div class=\"elementor-element elementor-element-4aa449b elementor-widget elementor-widget-text-editor\" data-id=\"4aa449b\" data-element_type=\"widget\" data-widget_type=\"text-editor.default\">\n\t\t\t\t<div class=\"elementor-widget-container\">\n\t\t\t\t\t\t\t<p>Im Durchschnitt betr\u00e4gt die Erholungszeit nach einer Brustverkleinerung bei M\u00e4nnern 1-14 Tage. W\u00e4hrend dieses Zeitraums sollten sich die Patienten ausruhen und k\u00f6rperliche Aktivit\u00e4ten vermeiden, um die Genesung zu unterst\u00fctzen und Probleme zu vermeiden. In den ersten Wochen wird eine Kompressionsweste getragen, um die Haut beim Zur\u00fcckziehen zu unterst\u00fctzen und Fl\u00fcssigkeitsansammlungen zu vermeiden. In dieser Zeit ist mit erheblichen Schwellungen und Bluterg\u00fcssen zu rechnen, und etwaige Schmerzen k\u00f6nnen mit verschreibungspflichtigen Medikamenten behandelt werden.<\/p><p>Andererseits k\u00f6nnen die Patienten nach den ersten ein bis zwei Wochen einige typische Aktivit\u00e4ten fortsetzen, z. B. wieder zur Arbeit gehen und ein leichtes Training absolvieren, obwohl jeder Chirurg je nach den besonderen Umst\u00e4nden des Patienten Ratschl\u00e4ge erteilt. Bluterg\u00fcsse und Schwellungen klingen allm\u00e4hlich ab, bis die endg\u00fcltigen Ergebnisse in den Monaten nach der Operation sichtbar werden. Die endg\u00fcltigen Ergebnisse sollten 6 Monate nach dem Eingriff sichtbar sein.<\/p>\t\t\t\t\t\t<\/div>\n\t\t\t\t<\/div>\n\t\t\t\t<div class=\"elementor-element elementor-element-4bbc1d7 elementor-widget elementor-widget-heading\" data-id=\"4bbc1d7\" data-element_type=\"widget\" data-widget_type=\"heading.default\">\n\t\t\t\t<div class=\"elementor-widget-container\">\n\t\t\t<h2 class=\"elementor-heading-title elementor-size-default\">Vertragskliniken in Istanbul, T\u00fcrkei\n<\/h2>\t\t<\/div>\n\t\t\t\t<\/div>\n\t\t\t\t<div class=\"elementor-element elementor-element-4bb7f03 elementor-skin-carousel elementor-arrows-yes elementor-widget elementor-widget-media-carousel\" data-id=\"4bb7f03\" data-element_type=\"widget\" data-settings=\"{&quot;slides_per_view&quot;:&quot;2&quot;,&quot;skin&quot;:&quot;carousel&quot;,&quot;effect&quot;:&quot;slide&quot;,&quot;show_arrows&quot;:&quot;yes&quot;,&quot;speed&quot;:500,&quot;autoplay&quot;:&quot;yes&quot;,&quot;autoplay_speed&quot;:5000,&quot;loop&quot;:&quot;yes&quot;,&quot;pause_on_hover&quot;:&quot;yes&quot;,&quot;pause_on_interaction&quot;:&quot;yes&quot;,&quot;space_between&quot;:{&quot;unit&quot;:&quot;px&quot;,&quot;size&quot;:10,&quot;sizes&quot;:[]},&quot;space_between_tablet&quot;:{&quot;unit&quot;:&quot;px&quot;,&quot;size&quot;:10,&quot;sizes&quot;:[]},&quot;space_between_mobile&quot;:{&quot;unit&quot;:&quot;px&quot;,&quot;size&quot;:10,&quot;sizes&quot;:[]}}\" data-widget_type=\"media-carousel.default\">\n\t\t\t\t<div class=\"elementor-widget-container\">\n\t\t\t<link rel=\"stylesheet\" href=\"https:\/\/docvivosaglik.com\/wp-content\/plugins\/elementor-pro\/assets\/css\/widget-carousel.min.css\">\t\t<div class=\"elementor-swiper\">\n\t\t\t<div class=\"elementor-main-swiper swiper-container\">\n\t\t\t\t<div class=\"swiper-wrapper\">\n\t\t\t\t\t\t\t\t\t\t\t<div class=\"swiper-slide\">\n\t\t\t\t\t\t\t\t\t<div class=\"elementor-carousel-image\" style=\"background-image: url(https:\/\/docvivosaglik.com\/wp-content\/uploads\/2022\/03\/5-Hastane-odasi-Gastric-Botox.jpg)\">\n\t\t\t\t\t<\/div>\n\t\t\t\t\t\t\t\t<\/div>\n\t\t\t\t\t\t\t\t\t\t\t<div class=\"swiper-slide\">\n\t\t\t\t\t\t\t\t\t<div class=\"elementor-carousel-image\" style=\"background-image: url(https:\/\/docvivosaglik.com\/wp-content\/uploads\/2022\/03\/4-Hastene-Gastric-Botox.jpg)\">\n\t\t\t\t\t<\/div>\n\t\t\t\t\t\t\t\t<\/div>\n\t\t\t\t\t\t\t\t\t<\/div>\n\t\t\t\t\t\t\t\t\t\t\t\t\t\t\t\t\t\t\t\t<div class=\"elementor-swiper-button elementor-swiper-button-prev\">\n\t\t\t\t\t\t\t<i aria-hidden=\"true\" class=\"eicon-chevron-left\"><\/i>\t\t\t\t\t\t\t<span class=\"elementor-screen-only\">Previous<\/span>\n\t\t\t\t\t\t<\/div>\n\t\t\t\t\t\t<div class=\"elementor-swiper-button elementor-swiper-button-next\">\n\t\t\t\t\t\t\t<i aria-hidden=\"true\" class=\"eicon-chevron-right\"><\/i>\t\t\t\t\t\t\t<span class=\"elementor-screen-only\">Next<\/span>\n\t\t\t\t\t\t<\/div>\n\t\t\t\t\t\t\t\t\t\t\t\t<\/div>\n\t\t<\/div>\n\t\t\t\t<\/div>\n\t\t\t\t<\/div>\n\t\t\t\t<div class=\"elementor-element elementor-element-2e1061e elementor-widget elementor-widget-heading\" data-id=\"2e1061e\" data-element_type=\"widget\" data-widget_type=\"heading.default\">\n\t\t\t\t<div class=\"elementor-widget-container\">\n\t\t\t<h2 class=\"elementor-heading-title elementor-size-default\">Warum sollten Sie sich bei Gyn\u00e4komastie f\u00fcr die T\u00fcrkei entscheiden?<\/h2>\t\t<\/div>\n\t\t\t\t<\/div>\n\t\t\t\t<div class=\"elementor-element elementor-element-f59a0a9 elementor-widget elementor-widget-text-editor\" data-id=\"f59a0a9\" data-element_type=\"widget\" data-widget_type=\"text-editor.default\">\n\t\t\t\t<div class=\"elementor-widget-container\">\n\t\t\t\t\t\t\t<p>Die kosmetische Chirurgie, ob sie nun anerkannt ist oder nicht, ist eine Unterart der plastischen Chirurgie, die das k\u00f6rperliche Erscheinungsbild einer Person verbessert und ihr Selbstvertrauen st\u00e4rkt. Nach Jahren des Engagements und der Hingabe haben sich t\u00fcrkische \u00c4rzte und Dermatologen ein hohes Ansehen bei ihren Patienten erworben und weiten nun ihren Patientenservice und ihre Betreuung auf das Ausland aus.<\/p><p>Hunderte von Patienten reisen jedes Jahr f\u00fcr \u00e4sthetische Eingriffe in die T\u00fcrkei. J\u00fcngste Untersuchungen zeigen einen steigenden Trend sowohl bei M\u00e4nnern als auch bei Frauen.<\/p><p>Wenn Sie zu den M\u00e4nnern geh\u00f6ren, die sich in der T\u00fcrkei operieren lassen, fragen Sie sich vielleicht, warum Sie sich daf\u00fcr entscheiden sollten?<\/p><p>Die L\u00f6sung ist einfach: Mit all diesen Kliniken und Krankenh\u00e4usern, die mit modernster Technologie und erfahrenen \u00c4rzten ausgestattet sind, sollte die T\u00fcrkei das einzige Reiseziel sein. Da die Lebenshaltungskosten in der T\u00fcrkei f\u00fcr Medizintouristen recht niedrig sind, einschlie\u00dflich Unterkunft, Verpflegung, Transport und Besichtigungen, k\u00f6nnen Sie gleichzeitig einen Urlaub und eine medizinische Reise genie\u00dfen.<\/p><p>Dar\u00fcber hinaus sind medizinische Gruppen wie die Internationale Medizinische Vereinigung und die T\u00fcrkische Gesellschaft f\u00fcr \u00c4sthetisch-Plastische Chirurgie (TSAPS) st\u00e4ndig auf der Suche nach t\u00fcrkischen Krankenh\u00e4usern und Kliniken, was bedeutet, dass die Disziplin die idealen Bedingungen f\u00fcr einen Einzelnen zum Tr\u00e4umen bietet.<\/p><p>Zusammenfassend l\u00e4sst sich sagen, dass die beste und erfolgreichste Entscheidung, die Sie treffen k\u00f6nnen, der Kauf eines Tickets in die T\u00fcrkei ist, um eine Gyn\u00e4komastie-Operation durchf\u00fchren zu lassen.<\/p>\t\t\t\t\t\t<\/div>\n\t\t\t\t<\/div>\n\t\t\t\t<div class=\"elementor-element elementor-element-3e07c3c elementor-widget elementor-widget-heading\" data-id=\"3e07c3c\" data-element_type=\"widget\" data-widget_type=\"heading.default\">\n\t\t\t\t<div class=\"elementor-widget-container\">\n\t\t\t<h2 class=\"elementor-heading-title elementor-size-default\">Was kostet eine Gyn\u00e4komastie Vertragskliniken in der T\u00fcrkei?<\/h2>\t\t<\/div>\n\t\t\t\t<\/div>\n\t\t\t\t<div class=\"elementor-element elementor-element-1be103a elementor-widget elementor-widget-text-editor\" data-id=\"1be103a\" data-element_type=\"widget\" data-widget_type=\"text-editor.default\">\n\t\t\t\t<div class=\"elementor-widget-container\">\n\t\t\t\t\t\t\t<p>Obwohl es keine endg\u00fcltige Antwort auf diese Frage gibt, liegen die durchschnittlichen Kosten bei 3800 Dollar. Da die Erfahrung des Chirurgen, der die Operation an der m\u00e4nnlichen Brust durchf\u00fchrt, und die Einstufung des Krankenhauses, in dem der Eingriff durchgef\u00fchrt wird, einige der Elemente sind, die die Kosten f\u00fcr diesen Eingriff bestimmen, sollten Sie Ihre eigenen Nachforschungen anstellen, um genaue Preise zu erhalten.<\/p><p>In t\u00fcrkischen Kliniken hingegen k\u00f6nnen Sie sicher sein, dass vor einer Gyn\u00e4komastie-Operation keine Untersuchungskosten anfallen. Die Kontrolle kann mit Hilfe von Ultraschall und Untersuchung erfolgen. Nach der Untersuchung wird der durchschnittliche Preis f\u00fcr die Gyn\u00e4komastie-Operation festgelegt. Bei au\u00dfergew\u00f6hnlich gro\u00dfen Br\u00fcsten kann sich der Preis gelegentlich erh\u00f6hen. Ist die Brust kleiner, werden die Kosten anteilig reduziert.<\/p>\t\t\t\t\t\t<\/div>\n\t\t\t\t<\/div>\n\t\t\t\t\t<\/div>\n\t\t<\/div>\n\t\t\t\t\t\t\t<\/div>\n\t\t<\/section>\n\t\t\t\t\t\t\t<\/div>\n\t\t","protected":false},"excerpt":{"rendered":"<p>Gyn\u00e4komastie ist eine weit verbreitete Erkrankung, die zu einer Vergr\u00f6\u00dferung der m\u00e4nnlichen Br\u00fcste f\u00fchrt. Die Gyn\u00e4komastie kann bei Menschen jeden Alters auftreten, am h\u00e4ufigsten ist sie jedoch bei Neugeborenen, Jugendlichen und \u00e4lteren Erwachsenen zu beobachten. Andererseits kann sie durch eine Vielzahl von Faktoren verursacht werden, von denen der h\u00e4ufigste ein Ungleichgewicht der Hormone Testosteron und [&hellip;]<\/p>\n","protected":false},"author":4,"featured_media":0,"parent":0,"menu_order":0,"comment_status":"closed","ping_status":"closed","template":"","meta":{"inline_featured_image":false,"footnotes":""},"class_list":["post-22637","page","type-page","status-publish","hentry"],"_links":{"self":[{"href":"https:\/\/docvivosaglik.com\/de\/wp-json\/wp\/v2\/pages\/22637","targetHints":{"allow":["GET"]}}],"collection":[{"href":"https:\/\/docvivosaglik.com\/de\/wp-json\/wp\/v2\/pages"}],"about":[{"href":"https:\/\/docvivosaglik.com\/de\/wp-json\/wp\/v2\/types\/page"}],"author":[{"embeddable":true,"href":"https:\/\/docvivosaglik.com\/de\/wp-json\/wp\/v2\/users\/4"}],"replies":[{"embeddable":true,"href":"https:\/\/docvivosaglik.com\/de\/wp-json\/wp\/v2\/comments?post=22637"}],"version-history":[{"count":19,"href":"https:\/\/docvivosaglik.com\/de\/wp-json\/wp\/v2\/pages\/22637\/revisions"}],"predecessor-version":[{"id":24617,"href":"https:\/\/docvivosaglik.com\/de\/wp-json\/wp\/v2\/pages\/22637\/revisions\/24617"}],"wp:attachment":[{"href":"https:\/\/docvivosaglik.com\/de\/wp-json\/wp\/v2\/media?parent=22637"}],"curies":[{"name":"wp","href":"https:\/\/api.w.org\/{rel}","templated":true}]}}