{"id":22632,"date":"2022-03-19T09:45:04","date_gmt":"2022-03-19T06:45:04","guid":{"rendered":"https:\/\/www.letsmedi.com\/brazilian-butt-lift-in-turkey\/"},"modified":"2025-10-06T15:23:08","modified_gmt":"2025-10-06T12:23:08","slug":"brasilianisches-po-lifting-in-der-tuerkei","status":"publish","type":"page","link":"https:\/\/docvivosaglik.com\/de\/brasilianisches-po-lifting-in-der-tuerkei\/","title":{"rendered":"Brasilianisches Po-Lifting In Der T\u00fcrkei"},"content":{"rendered":"\t\t<div data-elementor-type=\"wp-page\" data-elementor-id=\"22632\" class=\"elementor elementor-22632\">\n\t\t\t\t\t\t\t\t\t<section class=\"elementor-section elementor-top-section elementor-element elementor-element-ded8270 elementor-section-boxed elementor-section-height-default elementor-section-height-default\" data-id=\"ded8270\" data-element_type=\"section\">\n\t\t\t\t\t\t<div class=\"elementor-container elementor-column-gap-default\">\n\t\t\t\t\t<div class=\"elementor-column elementor-col-100 elementor-top-column elementor-element elementor-element-f36d453\" data-id=\"f36d453\" data-element_type=\"column\">\n\t\t\t<div class=\"elementor-widget-wrap elementor-element-populated\">\n\t\t\t\t\t\t\t\t<div class=\"elementor-element elementor-element-bf84072 elementor-widget elementor-widget-text-editor\" data-id=\"bf84072\" data-element_type=\"widget\" data-widget_type=\"text-editor.default\">\n\t\t\t\t<div class=\"elementor-widget-container\">\n\t\t\t<style>\/*! elementor - v3.7.8 - 02-10-2022 *\/\n.elementor-widget-text-editor.elementor-drop-cap-view-stacked .elementor-drop-cap{background-color:#818a91;color:#fff}.elementor-widget-text-editor.elementor-drop-cap-view-framed .elementor-drop-cap{color:#818a91;border:3px solid;background-color:transparent}.elementor-widget-text-editor:not(.elementor-drop-cap-view-default) .elementor-drop-cap{margin-top:8px}.elementor-widget-text-editor:not(.elementor-drop-cap-view-default) .elementor-drop-cap-letter{width:1em;height:1em}.elementor-widget-text-editor .elementor-drop-cap{float:left;text-align:center;line-height:1;font-size:50px}.elementor-widget-text-editor .elementor-drop-cap-letter{display:inline-block}<\/style>\t\t\t\tErn\u00e4hrung und Bewegung k\u00f6nnen dazu beitragen, Ihren K\u00f6rper zu formen, aber sie reichen nicht immer aus, um ein bestimmtes Ziel zu erreichen, wie z. B. gr\u00f6\u00dfere Br\u00fcste oder ein runderes Ges\u00e4\u00df, wie Sie vielleicht vermuten oder erfahren haben. Vielleicht haben Sie auch schon von Brust- und Po-Implantaten geh\u00f6rt, die es schon seit Jahrzehnten gibt, aber in den letzten Jahren sind chirurgische Eingriffe f\u00fcr einen gr\u00f6\u00dferen, formsch\u00f6neren Po ohne Implantate immer beliebter geworden. Dieser Eingriff wird nat\u00fcrlich als brasilianischer Po-Lift bezeichnet. Der Chirurg entnimmt an einer Stelle des K\u00f6rpers zus\u00e4tzliches Fett und setzt es am Ges\u00e4\u00df ein. In vielen F\u00e4llen wird das Fett aus einem &#8222;Problembereich&#8220; wie den H\u00fcften, den Oberschenkeln oder dem Bauchbereich entfernt, und das Ergebnis verbessert das Gesamterscheinungsbild des Unterk\u00f6rpers. Brasilianisches Po-Lifting.\u00a0 Zu guter Letzt sollte man wissen, dass der Name nichts mit der brasilianischen Kultur oder den brasilianischen Frauen zu tun hat, sondern vielmehr eine Ehrung des brasilianischen Chirurgen ist, der die Behandlung urspr\u00fcnglich durchgef\u00fchrt hat.\t\t\t\t\t\t<\/div>\n\t\t\t\t<\/div>\n\t\t\t\t<div class=\"elementor-element elementor-element-2c76572 elementor-toc--minimized-on-tablet elementor-widget elementor-widget-table-of-contents\" data-id=\"2c76572\" data-element_type=\"widget\" data-settings=\"{&quot;exclude_headings_by_selector&quot;:[],&quot;headings_by_tags&quot;:[&quot;h2&quot;,&quot;h3&quot;,&quot;h4&quot;,&quot;h5&quot;,&quot;h6&quot;],&quot;marker_view&quot;:&quot;numbers&quot;,&quot;minimize_box&quot;:&quot;yes&quot;,&quot;minimized_on&quot;:&quot;tablet&quot;,&quot;hierarchical_view&quot;:&quot;yes&quot;,&quot;min_height&quot;:{&quot;unit&quot;:&quot;px&quot;,&quot;size&quot;:&quot;&quot;,&quot;sizes&quot;:[]},&quot;min_height_tablet&quot;:{&quot;unit&quot;:&quot;px&quot;,&quot;size&quot;:&quot;&quot;,&quot;sizes&quot;:[]},&quot;min_height_mobile&quot;:{&quot;unit&quot;:&quot;px&quot;,&quot;size&quot;:&quot;&quot;,&quot;sizes&quot;:[]}}\" data-widget_type=\"table-of-contents.default\">\n\t\t\t\t<div class=\"elementor-widget-container\">\n\t\t\t<style>\/*! elementor-pro - v3.5.2 - 28-11-2021 *\/\n.elementor-widget-table-of-contents .elementor-toc__header-title{color:var(--header-color)}.elementor-widget-table-of-contents.elementor-toc--collapsed .elementor-toc__toggle-button--collapse,.elementor-widget-table-of-contents:not(.elementor-toc--collapsed) .elementor-toc__toggle-button--expand{display:none}.elementor-widget-table-of-contents .elementor-widget-container{min-height:var(--box-min-height);border:var(--box-border-width,1px) solid var(--box-border-color,#a4afb7);border-radius:var(--box-border-radius,3px);background-color:var(--box-background-color);-webkit-transition:min-height .4s;-o-transition:min-height .4s;transition:min-height .4s;overflow:hidden}.elementor-toc__header{display:-webkit-box;display:-ms-flexbox;display:flex;-webkit-box-align:center;-ms-flex-align:center;align-items:center;-webkit-box-pack:justify;-ms-flex-pack:justify;justify-content:space-between;padding:var(--box-padding,20px);background-color:var(--header-background-color);border-bottom:var(--separator-width,1px) solid var(--box-border-color,#a4afb7)}.elementor-toc__header-title{font-size:18px;margin:0;color:var(--header-color)}.elementor-toc__toggle-button{cursor:pointer;display:-webkit-inline-box;display:-ms-inline-flexbox;display:inline-flex}.elementor-toc__toggle-button i{color:var(--toggle-button-color)}.elementor-toc__toggle-button svg{height:1em;width:1em;fill:var(--toggle-button-color)}.elementor-toc__spinner-container{text-align:center}.elementor-toc__spinner{font-size:2em}.elementor-toc__spinner.e-font-icon-svg{height:1em;width:1em}.elementor-toc__body{padding:var(--box-padding,20px);max-height:var(--toc-body-max-height);overflow-y:auto}.elementor-toc__body::-webkit-scrollbar{width:7px}.elementor-toc__body::-webkit-scrollbar-thumb{background-color:#c2cbd2;border-radius:10px}.elementor-toc__list-wrapper{list-style:none;padding:0}.elementor-toc__list-item{margin-bottom:.5em}.elementor-toc__list-item.elementor-item-active{font-weight:700}.elementor-toc__list-item .elementor-toc__list-wrapper{margin-top:.5em;margin-left:var(--nested-list-indent,1em)}.elementor-toc__list-item-text:hover{color:var(--item-text-hover-color);-webkit-text-decoration:var(--item-text-hover-decoration);text-decoration:var(--item-text-hover-decoration)}.elementor-toc__list-item-text.elementor-item-active{color:var(--item-text-active-color);-webkit-text-decoration:var(--item-text-active-decoration);text-decoration:var(--item-text-active-decoration)}.elementor-toc__list-item-text-wrapper{display:-webkit-box;display:-ms-flexbox;display:flex;-webkit-box-align:center;-ms-flex-align:center;align-items:center}.elementor-toc__list-item-text-wrapper:before,.elementor-toc__list-item-text-wrapper i{margin-right:8px;color:var(--marker-color)}.elementor-toc__list-item-text-wrapper svg{margin-right:8px;fill:var(--marker-color);height:var(--marker-size,.5em);width:var(--marker-size,.5em)}.elementor-toc__list-item-text-wrapper i{font-size:var(--marker-size,.5em)}.elementor-toc__list-item-text-wrapper:before{font-size:var(--marker-size,1em)}.elementor-toc--content-ellipsis .elementor-toc__list-item-text{white-space:nowrap;overflow:hidden;-o-text-overflow:ellipsis;text-overflow:ellipsis}.elementor-toc__list-items--collapsible>.elementor-toc__list-wrapper>.elementor-toc__list-item>.elementor-toc__list-wrapper{display:none}.elementor-toc__heading-anchor{position:absolute}.elementor-toc__body .elementor-toc__list-item-text{color:var(--item-text-color);-webkit-text-decoration:var(--item-text-decoration);text-decoration:var(--item-text-decoration)}.elementor-toc__body .elementor-toc__list-item-text:hover{color:var(--item-text-hover-color);-webkit-text-decoration:var(--item-text-hover-decoration);text-decoration:var(--item-text-hover-decoration)}.elementor-toc__body .elementor-toc__list-item-text.elementor-item-active{color:var(--item-text-active-color);-webkit-text-decoration:var(--item-text-active-decoration);text-decoration:var(--item-text-active-decoration)}ol.elementor-toc__list-wrapper{counter-reset:item}ol.elementor-toc__list-wrapper .elementor-toc__list-item{counter-increment:item}ol.elementor-toc__list-wrapper .elementor-toc__list-item-text-wrapper:before{content:counters(item,\".\") \". \"}@media only screen and (max-width:-1px){.elementor-toc--minimized-on-tablet_extra .elementor-toc__body{display:none}}@media only screen and (max-width:1024px){.elementor-toc--minimized-on-tablet .elementor-toc__body{display:none}}@media only screen and (max-width:-1px){.elementor-toc--minimized-on-mobile_extra .elementor-toc__body{display:none}}@media only screen and (max-width:767px){.elementor-toc--minimized-on-mobile .elementor-toc__body{display:none}}<\/style>\t\t<div class=\"elementor-toc__header\">\n\t\t\t<h4 class=\"elementor-toc__header-title\">\n\t\t\t\tTable of Contents\t\t\t<\/h4>\n\t\t\t\t\t\t\t<div class=\"elementor-toc__toggle-button elementor-toc__toggle-button--expand\"><i class=\"fas fa-chevron-down\"><\/i><\/div>\n\t\t\t\t<div class=\"elementor-toc__toggle-button elementor-toc__toggle-button--collapse\"><i class=\"fas fa-chevron-up\"><\/i><\/div>\n\t\t\t\t\t<\/div>\n\t\t<div class=\"elementor-toc__body\">\n\t\t\t<div class=\"elementor-toc__spinner-container\">\n\t\t\t\t<i class=\"elementor-toc__spinner eicon-animation-spin eicon-loading\" aria-hidden=\"true\"><\/i>\t\t\t<\/div>\n\t\t<\/div>\n\t\t\t\t<\/div>\n\t\t\t\t<\/div>\n\t\t\t\t<div class=\"elementor-element elementor-element-63f094e elementor-widget elementor-widget-heading\" data-id=\"63f094e\" data-element_type=\"widget\" data-widget_type=\"heading.default\">\n\t\t\t\t<div class=\"elementor-widget-container\">\n\t\t\t<style>\/*! elementor - v3.7.8 - 02-10-2022 *\/\n.elementor-heading-title{padding:0;margin:0;line-height:1}.elementor-widget-heading .elementor-heading-title[class*=elementor-size-]>a{color:inherit;font-size:inherit;line-height:inherit}.elementor-widget-heading .elementor-heading-title.elementor-size-small{font-size:15px}.elementor-widget-heading .elementor-heading-title.elementor-size-medium{font-size:19px}.elementor-widget-heading .elementor-heading-title.elementor-size-large{font-size:29px}.elementor-widget-heading .elementor-heading-title.elementor-size-xl{font-size:39px}.elementor-widget-heading .elementor-heading-title.elementor-size-xxl{font-size:59px}<\/style><h2 class=\"elementor-heading-title elementor-size-default\">Wie verl\u00e4uft der Heilungsprozess?<\/h2>\t\t<\/div>\n\t\t\t\t<\/div>\n\t\t\t\t<div class=\"elementor-element elementor-element-a89039c elementor-widget elementor-widget-text-editor\" data-id=\"a89039c\" data-element_type=\"widget\" data-widget_type=\"text-editor.default\">\n\t\t\t\t<div class=\"elementor-widget-container\">\n\t\t\t\t\t\t\t<p>Die Heilung nach einer BBL dauert etwa 6 Wochen. Vor allem in den ersten zwei Wochen sollten Sie es vermeiden, direkt auf Ihrem Ges\u00e4\u00df zu sitzen oder zu liegen. Auf der anderen Seite ist es m\u00f6glich, auf der Seite oder auf dem Bauch zu schlafen, und beim Sitzen ist die Verwendung eines aufgeblasenen, donutf\u00f6rmigen Sitzes oder eines Kissens erforderlich.<\/p><p>Au\u00dferdem k\u00f6nnen die meisten BBL-Patienten sieben Tage nach dem Eingriff wieder leichten T\u00e4tigkeiten nachgehen und nach sieben bis zehn Tagen zur Arbeit zur\u00fcckkehren. Intensive sportliche Bet\u00e4tigung sollten Sie jedoch f\u00fcr sechs bis acht Wochen oder bis zu Ihrer vollst\u00e4ndigen Genesung vermeiden. In dieser Zeit werden Sie zu einem Nachuntersuchungstermin in unsere Praxis kommen, damit wir Ihre Fortschritte und Ihren Genesungsprozess \u00fcberpr\u00fcfen und Ihnen pers\u00f6nliche Empfehlungen geben k\u00f6nnen, um Ihr Wohlbefinden und Ihre Ergebnisse zu sichern.<\/p><p>Zusammenfassend l\u00e4sst sich sagen, dass Sie, wenn Sie alle oben genannten Punkte beachtet haben, nur noch eine zus\u00e4tzliche Auszeit von der Arbeit nehmen, sich gesund ern\u00e4hren und jeden Tag viel Wasser trinken m\u00fcssen.<\/p>\t\t\t\t\t\t<\/div>\n\t\t\t\t<\/div>\n\t\t\t\t<div class=\"elementor-element elementor-element-a61d20d elementor-widget elementor-widget-heading\" data-id=\"a61d20d\" data-element_type=\"widget\" data-widget_type=\"heading.default\">\n\t\t\t\t<div class=\"elementor-widget-container\">\n\t\t\t<h2 class=\"elementor-heading-title elementor-size-default\">Warum sollten Sie die T\u00fcrkei f\u00fcr ein brasilianisches Po-Lifting w\u00e4hlen?<\/h2>\t\t<\/div>\n\t\t\t\t<\/div>\n\t\t\t\t<div class=\"elementor-element elementor-element-9fded12 elementor-widget elementor-widget-text-editor\" data-id=\"9fded12\" data-element_type=\"widget\" data-widget_type=\"text-editor.default\">\n\t\t\t\t<div class=\"elementor-widget-container\">\n\t\t\t\t\t\t\t<p>Dies ist eine der h\u00e4ufigsten Fragen, die von Personen gestellt werden, die jedes Detail \u00fcber den Prozess und das Land, in das sie fliegen, wissen m\u00f6chten. Au\u00dferdem ist es ganz nat\u00fcrlich, dass Sie damit nicht allein sind.<\/p><p>Der erste Grund, warum Sie die T\u00fcrkei als Reiseziel f\u00fcr Ihre BBL w\u00e4hlen sollten, ist die Erfolgsquote der t\u00fcrkischen Kliniken, die bei fast 97 % liegt. Vom ersten bis zum letzten Schritt werden Sie die Professionalit\u00e4t und Freude sp\u00fcren.<\/p><p>Andererseits sind die Kosten so g\u00fcnstig, dass Sie sogar Geld sparen und sich einen Sommerurlaub g\u00f6nnen k\u00f6nnen, nat\u00fcrlich vor dem Eingriff.<\/p><p>Schlie\u00dflich hat das Land vom Westen bis zum Osten und vom S\u00fcden bis zum Norden seine eigene einzigartige Kultur, die Sie \u00fcber die Einheimischen und ihre Geschichte erfahren k\u00f6nnen.<\/p>\t\t\t\t\t\t<\/div>\n\t\t\t\t<\/div>\n\t\t\t\t<div class=\"elementor-element elementor-element-e5c91fb elementor-widget elementor-widget-heading\" data-id=\"e5c91fb\" data-element_type=\"widget\" data-widget_type=\"heading.default\">\n\t\t\t\t<div class=\"elementor-widget-container\">\n\t\t\t<h2 class=\"elementor-heading-title elementor-size-default\">Vertragskliniken in Istanbul, T\u00fcrkei\n<\/h2>\t\t<\/div>\n\t\t\t\t<\/div>\n\t\t\t\t<div class=\"elementor-element elementor-element-07f770d elementor-skin-carousel elementor-arrows-yes elementor-widget elementor-widget-media-carousel\" data-id=\"07f770d\" data-element_type=\"widget\" data-settings=\"{&quot;slides_per_view&quot;:&quot;2&quot;,&quot;skin&quot;:&quot;carousel&quot;,&quot;effect&quot;:&quot;slide&quot;,&quot;show_arrows&quot;:&quot;yes&quot;,&quot;speed&quot;:500,&quot;autoplay&quot;:&quot;yes&quot;,&quot;autoplay_speed&quot;:5000,&quot;loop&quot;:&quot;yes&quot;,&quot;pause_on_hover&quot;:&quot;yes&quot;,&quot;pause_on_interaction&quot;:&quot;yes&quot;,&quot;space_between&quot;:{&quot;unit&quot;:&quot;px&quot;,&quot;size&quot;:10,&quot;sizes&quot;:[]},&quot;space_between_tablet&quot;:{&quot;unit&quot;:&quot;px&quot;,&quot;size&quot;:10,&quot;sizes&quot;:[]},&quot;space_between_mobile&quot;:{&quot;unit&quot;:&quot;px&quot;,&quot;size&quot;:10,&quot;sizes&quot;:[]}}\" data-widget_type=\"media-carousel.default\">\n\t\t\t\t<div class=\"elementor-widget-container\">\n\t\t\t<link rel=\"stylesheet\" href=\"https:\/\/docvivosaglik.com\/wp-content\/plugins\/elementor-pro\/assets\/css\/widget-carousel.min.css\">\t\t<div class=\"elementor-swiper\">\n\t\t\t<div class=\"elementor-main-swiper swiper-container\">\n\t\t\t\t<div class=\"swiper-wrapper\">\n\t\t\t\t\t\t\t\t\t\t\t<div class=\"swiper-slide\">\n\t\t\t\t\t\t\t\t\t<div class=\"elementor-carousel-image\" style=\"background-image: url(https:\/\/docvivosaglik.com\/wp-content\/uploads\/2022\/03\/5-Hastane-odasi-Gastric-Botox.jpg)\">\n\t\t\t\t\t<\/div>\n\t\t\t\t\t\t\t\t<\/div>\n\t\t\t\t\t\t\t\t\t\t\t<div class=\"swiper-slide\">\n\t\t\t\t\t\t\t\t\t<div class=\"elementor-carousel-image\" style=\"background-image: url(https:\/\/docvivosaglik.com\/wp-content\/uploads\/2022\/03\/4-Hastene-Gastric-Botox.jpg)\">\n\t\t\t\t\t<\/div>\n\t\t\t\t\t\t\t\t<\/div>\n\t\t\t\t\t\t\t\t\t<\/div>\n\t\t\t\t\t\t\t\t\t\t\t\t\t\t\t\t\t\t\t\t<div class=\"elementor-swiper-button elementor-swiper-button-prev\">\n\t\t\t\t\t\t\t<i aria-hidden=\"true\" class=\"eicon-chevron-left\"><\/i>\t\t\t\t\t\t\t<span class=\"elementor-screen-only\">Previous<\/span>\n\t\t\t\t\t\t<\/div>\n\t\t\t\t\t\t<div class=\"elementor-swiper-button elementor-swiper-button-next\">\n\t\t\t\t\t\t\t<i aria-hidden=\"true\" class=\"eicon-chevron-right\"><\/i>\t\t\t\t\t\t\t<span class=\"elementor-screen-only\">Next<\/span>\n\t\t\t\t\t\t<\/div>\n\t\t\t\t\t\t\t\t\t\t\t\t<\/div>\n\t\t<\/div>\n\t\t\t\t<\/div>\n\t\t\t\t<\/div>\n\t\t\t\t<div class=\"elementor-element elementor-element-0fa250a elementor-widget elementor-widget-heading\" data-id=\"0fa250a\" data-element_type=\"widget\" data-widget_type=\"heading.default\">\n\t\t\t\t<div class=\"elementor-widget-container\">\n\t\t\t<h2 class=\"elementor-heading-title elementor-size-default\">Was kostet ein brasilianisches Po-Lifting Vertragskliniken in der T\u00fcrkei?<\/h2>\t\t<\/div>\n\t\t\t\t<\/div>\n\t\t\t\t<div class=\"elementor-element elementor-element-45048de elementor-widget elementor-widget-text-editor\" data-id=\"45048de\" data-element_type=\"widget\" data-widget_type=\"text-editor.default\">\n\t\t\t\t<div class=\"elementor-widget-container\">\n\t\t\t\t\t\t\t<p>Ein brasilianisches Po-Lifting kostet in der Regel 4000 Dollar. Das h\u00e4ngt nat\u00fcrlich von Ihren Bed\u00fcrfnissen ab, aber die Kosten sind die gleichen.<\/p><p>Lassen Sie sich aber bitte nicht von den Preisen t\u00e4uschen. Dieser niedrige Preis ist auf die niedrigen Kosten im Gesundheitswesen und den Wechselkursunterschied zur\u00fcckzuf\u00fchren. Da die T\u00fcrkei zu einem der beliebtesten Reiseziele f\u00fcr Patienten aus der ganzen Welt geworden ist, die eine erfolgreiche Ges\u00e4\u00dfstraffung oder eine andere plastische Operation durchf\u00fchren lassen m\u00f6chten, ist ein Wettbewerb entstanden.<\/p><p>Diese wettbewerbsf\u00e4higen Preise f\u00fcr eine Ges\u00e4\u00dfstraffung in der T\u00fcrkei erm\u00f6glichen es den Patienten, eine betr\u00e4chtliche Menge Geld zu sparen und gleichzeitig \u00e4hnlich gute, wenn nicht sogar bessere Leistungen zu erhalten.<\/p>\t\t\t\t\t\t<\/div>\n\t\t\t\t<\/div>\n\t\t\t\t\t<\/div>\n\t\t<\/div>\n\t\t\t\t\t\t\t<\/div>\n\t\t<\/section>\n\t\t\t\t\t\t\t<\/div>\n\t\t","protected":false},"excerpt":{"rendered":"<p>Ern\u00e4hrung und Bewegung k\u00f6nnen dazu beitragen, Ihren K\u00f6rper zu formen, aber sie reichen nicht immer aus, um ein bestimmtes Ziel zu erreichen, wie z. B. gr\u00f6\u00dfere Br\u00fcste oder ein runderes Ges\u00e4\u00df, wie Sie vielleicht vermuten oder erfahren haben. Vielleicht haben Sie auch schon von Brust- und Po-Implantaten geh\u00f6rt, die es schon seit Jahrzehnten gibt, aber [&hellip;]<\/p>\n","protected":false},"author":4,"featured_media":0,"parent":0,"menu_order":0,"comment_status":"closed","ping_status":"closed","template":"","meta":{"inline_featured_image":false,"footnotes":""},"class_list":["post-22632","page","type-page","status-publish","hentry"],"_links":{"self":[{"href":"https:\/\/docvivosaglik.com\/de\/wp-json\/wp\/v2\/pages\/22632","targetHints":{"allow":["GET"]}}],"collection":[{"href":"https:\/\/docvivosaglik.com\/de\/wp-json\/wp\/v2\/pages"}],"about":[{"href":"https:\/\/docvivosaglik.com\/de\/wp-json\/wp\/v2\/types\/page"}],"author":[{"embeddable":true,"href":"https:\/\/docvivosaglik.com\/de\/wp-json\/wp\/v2\/users\/4"}],"replies":[{"embeddable":true,"href":"https:\/\/docvivosaglik.com\/de\/wp-json\/wp\/v2\/comments?post=22632"}],"version-history":[{"count":19,"href":"https:\/\/docvivosaglik.com\/de\/wp-json\/wp\/v2\/pages\/22632\/revisions"}],"predecessor-version":[{"id":24614,"href":"https:\/\/docvivosaglik.com\/de\/wp-json\/wp\/v2\/pages\/22632\/revisions\/24614"}],"wp:attachment":[{"href":"https:\/\/docvivosaglik.com\/de\/wp-json\/wp\/v2\/media?parent=22632"}],"curies":[{"name":"wp","href":"https:\/\/api.w.org\/{rel}","templated":true}]}}