{"id":19095,"date":"2021-02-26T16:47:34","date_gmt":"2021-02-26T13:47:34","guid":{"rendered":"https:\/\/www.letsmedi.com\/terms-and-conditions\/"},"modified":"2022-03-30T19:49:55","modified_gmt":"2022-03-30T16:49:55","slug":"geschaeftsbedingungen","status":"publish","type":"page","link":"https:\/\/docvivosaglik.com\/de\/geschaeftsbedingungen\/","title":{"rendered":"Gesch\u00e4ftsbedingungen"},"content":{"rendered":"\t\t<div data-elementor-type=\"wp-page\" data-elementor-id=\"19095\" class=\"elementor elementor-19095\">\n\t\t\t\t\t\t\t\t\t<section class=\"elementor-section elementor-top-section elementor-element elementor-element-659082ad elementor-section-boxed elementor-section-height-default elementor-section-height-default\" data-id=\"659082ad\" data-element_type=\"section\">\n\t\t\t\t\t\t<div class=\"elementor-container elementor-column-gap-default\">\n\t\t\t\t\t<div class=\"elementor-column elementor-col-100 elementor-top-column elementor-element elementor-element-1ab2bae6\" data-id=\"1ab2bae6\" data-element_type=\"column\">\n\t\t\t<div class=\"elementor-widget-wrap elementor-element-populated\">\n\t\t\t\t\t\t\t\t<div class=\"elementor-element elementor-element-3a1b9c0e elementor-widget elementor-widget-text-editor\" data-id=\"3a1b9c0e\" data-element_type=\"widget\" data-widget_type=\"text-editor.default\">\n\t\t\t\t<div class=\"elementor-widget-container\">\n\t\t\t<style>\/*! elementor - v3.7.8 - 02-10-2022 *\/\n.elementor-widget-text-editor.elementor-drop-cap-view-stacked .elementor-drop-cap{background-color:#818a91;color:#fff}.elementor-widget-text-editor.elementor-drop-cap-view-framed .elementor-drop-cap{color:#818a91;border:3px solid;background-color:transparent}.elementor-widget-text-editor:not(.elementor-drop-cap-view-default) .elementor-drop-cap{margin-top:8px}.elementor-widget-text-editor:not(.elementor-drop-cap-view-default) .elementor-drop-cap-letter{width:1em;height:1em}.elementor-widget-text-editor .elementor-drop-cap{float:left;text-align:center;line-height:1;font-size:50px}.elementor-widget-text-editor .elementor-drop-cap-letter{display:inline-block}<\/style>\t\t\t\t<h2>Gesch\u00e4ftsbedingungen<\/h2><p>docvivo ist ein Online-Reservierungssystem, das seinen Benutzern eine Plattform bietet, auf der sie ihre Erfahrungen mit ausl\u00e4ndischen Behandlungspaketen (Kliniken, Hotels, Touren usw.), deren Inhalten und allen medizinischen Reiseleistungen austauschen k\u00f6nnen.<\/p><p><strong>1. Leistungsumfang<\/strong><\/p><p>1.1.\u00a0Diese Allgemeinen Gesch\u00e4ftsbedingungen k\u00f6nnen von Zeit zu Zeit ge\u00e4ndert werden und gelten f\u00fcr alle unsere Dienstleistungen, die direkt oder indirekt (dh durch Dritte) \u00fcber das Internet, mobile Ger\u00e4te, E-Mail oder Telefon erbracht werden.<\/p><p>1.2.\u00a0Durch die Nutzung unserer Website best\u00e4tigen Sie, dass Sie diese Allgemeinen Gesch\u00e4ftsbedingungen sowie die Datenschutzrichtlinie und die Cookie-Richtlinie gelesen, verstanden und akzeptiert haben.<\/p><p><strong>2. Dienstleistungen und Vertrag<\/strong><\/p><p>2.1. Auf der docvivo-Website ist es m\u00f6glich, die vertraglich vereinbarten Behandlungspakete im Ausland einzusehen und Online-Reservierungen \u00fcber das Letmedi-System vorzunehmen.<\/p><p>2.2.\u00a0Andere Vereinbarungen zwischen Partnerkliniken, Institutionen und Nutzern bleiben von diesen Vorbehalten und deren Inhalt unber\u00fchrt.<\/p><p><strong>3. Docvivo Community und Mitgliederbereich<\/strong><\/p><p>3.1. Nutzer haben die M\u00f6glichkeit, der docvivo Community (nachfolgend \u201eCommunity\u201c genannt) beizutreten und\/oder ein Mitgliedskonto im docvivo Member Area anzulegen. Registrierte Nutzer k\u00f6nnen sich sowohl durch die Ver\u00f6ffentlichung eigener Inhalte in der Community als auch durch administrative Funktionen aktiv an der Entwicklung der Plattform beteiligen. Nicht registrierte Benutzer k\u00f6nnen Docvivo-Inhalte kostenlos lesen.<\/p><p>3.2. Benutzer haben die M\u00f6glichkeit, Reservierungen \u00fcber den Docvivo-Mitgliederbereich zu verwalten und zu speichern. Um ein Konto zu erstellen, werden Benutzer nach pers\u00f6nlichen Informationen gefragt. Au\u00dfer dem Benutzernamen sind keine pers\u00f6nlichen Informationen sichtbar. Ausf\u00fchrliche Informationen finden Sie in unserer Datenschutzerkl\u00e4rung. Wenn das Konto gel\u00f6scht wird, werden alle Benutzerdaten dauerhaft gel\u00f6scht.<\/p><p>3.3.\u00a0Ein Benutzer kann sich nicht mehrfach registrieren.\u00a0Der Benutzer ist f\u00fcr die Richtigkeit und Vollst\u00e4ndigkeit seiner pers\u00f6nlichen Daten verantwortlich.<\/p><p>3.4.\u00a0Der Benutzer ist f\u00fcr die Vertraulichkeit seiner Benutzerkontoinformationen, insbesondere seines Passworts, verantwortlich.\u00a0Sie sind auch f\u00fcr die Nutzung ihrer eigenen Konten gegen\u00fcber Letsmed und Dritten verantwortlich.\u00a0Der Nutzer darf diese Daten nicht an Dritte weitergeben.<\/p><p>3.5. Im Falle einer unbefugten Nutzung von Docvivo-Diensten unter Verwendung eines falschen Benutzernamens und Passworts ist der registrierte Benutzer verpflichtet, Docvivo unverz\u00fcglich zu benachrichtigen.<\/p><p><strong>4. Datenschutzrichtlinie und E-Mail-Werbung<\/strong><\/p><p>4.1. Der Schutz der vom Nutzer bereitgestellten personenbezogenen Daten hat f\u00fcr Docvivo h\u00f6chste Priorit\u00e4t. Docvivo ist bem\u00fcht, den Datenschutz einzuhalten. Wenn Sie Fragen haben oder Informationen ben\u00f6tigen, lesen Sie bitte die Datenschutzrichtlinie.<\/p><p>4.2. Docvivo erhebt, verarbeitet und nutzt Ihre personenbezogenen Daten nur, wenn Ihre Einwilligung vorliegt oder die Datenerhebung, -verarbeitung oder -nutzung durch eine Rechtsvorschrift gestattet ist.<\/p><p>4.3. Docvivo wird die f\u00fcr die Nutzung und den Betrieb der Website\/Applikationen und f\u00fcr die angebotenen Dienste erforderlichen Daten nur zur Erbringung der von Docvivo erbrachten Dienstleistungen erheben, verarbeiten und nutzen.<\/p><p>4.4. Wenn der Nutzer bei der Registrierung im Community-Panel oder w\u00e4hrend der Nutzung der Dienste von Docvivo zustimmt, Informationen \u00fcber Docvivo von Docvivo zu erhalten, erh\u00e4lt er periodisch Produktinformationen. Diese Einwilligung kann jederzeit durch schriftliches Gespr\u00e4ch oder E-Mail widerrufen werden. Nach Erhalt der Best\u00e4tigungs-E-Mail von Docvivo wird die E-Mail bez\u00fcglich dieser Newsletter-Einwilligung weitergeleitet. Durch Anklicken des Links in dieser E-Mail melden Sie sich f\u00fcr den Newsletterversand an.<\/p><p><strong>5. Pflichten des Benutzers<\/strong><\/p><p>5.1. F\u00fcr den Erwerb der Rechte an Docvivo hochgeladenen Inhalten (Texte, Fotos, Kommentare, Links etc.) ist der Nutzer selbst verantwortlich. Der Nutzer versichert, dass alle Rechte an den auf Docvivo\u00a0 ver\u00f6ffentlichten Inhalten ihm geh\u00f6ren und dass die Rechte Dritter durch diese Inhalte nicht verletzt werden.<\/p><p>5.2. Die Nutzer stimmen zu, Docvivo nicht f\u00fcr die folgenden Zwecke zu verwenden:<\/p><ul><li>keine spezifischen Inhalte f\u00fcr einen \u00fcberarbeiteten Artikel<br \/>unsachlich und vors\u00e4tzlich falsch,<br \/>anst\u00f6\u00dfig, pornographisch oder anderweitig anst\u00f6\u00dfig,<\/li><li>Verletzung von Rechten Dritter, insbesondere Urheberrechte,<\/li><li>gegen geltendes Recht verst\u00f6\u00dft oder in irgendeiner Weise eine Straftat darstellt,<\/li><li>Virus;\u00a0Software, die Hardware besch\u00e4digt;\u00a0oder andere Computerprogramme enthalten, die die Computernutzung beeintr\u00e4chtigen k\u00f6nnen,<\/li><li>Fragebogen oder Briefkette,<\/li><li>Personenbezogene Daten \u00fcber andere Nutzer zu sammeln oder zu speichern, insbesondere f\u00fcr kommerzielle Zwecke.<\/li><\/ul><p>5.3. Der Nutzer versichert, dass Docvivo keine Programme oder Funktionen zur Generierung von Inhalten oder automatischen Seitenaufrufen verwendet.<\/p><p><strong>6. K\u00fcndigungsrecht<\/strong><\/p><p>6.1. Docvivo kann den Zugang des Mitglieds zur Seite mit einer Frist von einer Woche k\u00fcndigen und die Registrierung l\u00f6schen. Mitglieder k\u00f6nnen ihre Mitgliedschaft auch mit einer Frist von einer Woche k\u00fcndigen. Das Recht zur fristlosen K\u00fcndigung aus wichtigem Grund bleibt beiden Parteien vorbehalten.<\/p><p><strong>7. Verantwortung<\/strong><\/p><p>7.1. Docvivo ist nicht verantwortlich f\u00fcr die Genauigkeit, Qualit\u00e4t, Integrit\u00e4t, Sicherheit und Glaubw\u00fcrdigkeit der auf Docvivo ver\u00f6ffentlichten Inhalte durch Benutzer oder beauftragte Websites von Kliniken und Institutionen. Eine Empfehlung seitens Docvivo gibt es insbesondere bei der Auswahl von Kliniken, \u00c4rzten und \u00e4hnlichen institutionellen Einrichtungen nicht.<br \/>7.2. Docvivo ist nicht durch vertragliche Vereinbarungen, Vereinbarungen und Anklagen gedeckt; Diese gelten zwischen dem Docvivo-Nutzer und den jeweiligen vertraglichen Vereinbarungen zwischen der Einrichtung.<br \/>7.3. Docvivo gef\u00e4hrdet nicht die Richtigkeit und Vollst\u00e4ndigkeit der von Community-Mitgliedern oder Vertragsinstitutionen bereitgestellten Inhalte. Diese Inhalte werden von den Klinik- und Einrichtungsseiten oder der Community zur Ver\u00f6ffentlichung auf der Website mit der Referenz der jeweiligen Einrichtung bereitgestellt. Auf diese Informationen (insbesondere Bilder, Videos, Kommentare und Meinungen) hat Docvivo keinen Einfluss. Nutzergenerierte Inhalte und Berichtsver\u00f6ffentlichungen haben keinen Einfluss auf die Meinung von Docvivo. Docvivo macht sich diese Inhalte insbesondere nicht zu eigen.<br \/>7.4. Hyperlinks, Werbefl\u00e4chen, Klinik-, Institutsstandorte und sonstige Angaben von Leistungserbringern stellen keine Empfehlung von Docvivo an Dritte dar. Aus technischen Gr\u00fcnden erfolgen Aktualisierungen der Reservierungspreise, die auf den Websites von Vertragsinstitutionen aufgef\u00fchrt sind, nicht in Echtzeit. Daher stimmen die Preise auf den Websites der Vertragsinstitutionen manchmal nicht mit den Preisen auf Docvivo \u00fcberein. Docvivo \u00fcbernimmt keine Gew\u00e4hr f\u00fcr die Richtigkeit der Angaben, insbesondere hinsichtlich Preis und Eignung.<br \/>7.5. Docvivo haftet nicht f\u00fcr technische Ausf\u00e4lle, die nicht in seinem Verantwortungsbereich liegen, oder f\u00fcr Sch\u00e4den, die durch h\u00f6here Gewalt verursacht wurden. Letmsedi garantiert nicht die ununterbrochene Verf\u00fcgbarkeit von Daten und kann f\u00fcr einen frei w\u00e4hlbaren Zeitraum technische Wartungsarbeiten durchf\u00fchren.<\/p><p><strong>8. \u00c4nderung der Nutzungsbedingungen<\/strong><\/p><p>W\u00e4hrend der Nutzung von Docvivo gelten die jeweils aktuellen \u201eNutzungsbedingungen\u201c. Im Falle einer \u00c4nderung der \u201eNutzungsbedingungen\u201c f\u00fcr registrierte Mitglieder wird diese \u00c4nderung per E-Mail mitgeteilt. Benutzer k\u00f6nnen die aktuellen \u201eTerms of Service\u201c verwenden, auf ihren Computern speichern und ausdrucken.<\/p>\t\t\t\t\t\t<\/div>\n\t\t\t\t<\/div>\n\t\t\t\t\t<\/div>\n\t\t<\/div>\n\t\t\t\t\t\t\t<\/div>\n\t\t<\/section>\n\t\t\t\t\t\t\t<\/div>\n\t\t","protected":false},"excerpt":{"rendered":"<p>Gesch\u00e4ftsbedingungen docvivo ist ein Online-Reservierungssystem, das seinen Benutzern eine Plattform bietet, auf der sie ihre Erfahrungen mit ausl\u00e4ndischen Behandlungspaketen (Kliniken, Hotels, Touren usw.), deren Inhalten und allen medizinischen Reiseleistungen austauschen k\u00f6nnen. 1. Leistungsumfang 1.1.\u00a0Diese Allgemeinen Gesch\u00e4ftsbedingungen k\u00f6nnen von Zeit zu Zeit ge\u00e4ndert werden und gelten f\u00fcr alle unsere Dienstleistungen, die direkt oder indirekt (dh durch [&hellip;]<\/p>\n","protected":false},"author":1,"featured_media":0,"parent":0,"menu_order":0,"comment_status":"closed","ping_status":"closed","template":"","meta":{"inline_featured_image":false,"footnotes":""},"class_list":["post-19095","page","type-page","status-publish","hentry"],"_links":{"self":[{"href":"https:\/\/docvivosaglik.com\/de\/wp-json\/wp\/v2\/pages\/19095","targetHints":{"allow":["GET"]}}],"collection":[{"href":"https:\/\/docvivosaglik.com\/de\/wp-json\/wp\/v2\/pages"}],"about":[{"href":"https:\/\/docvivosaglik.com\/de\/wp-json\/wp\/v2\/types\/page"}],"author":[{"embeddable":true,"href":"https:\/\/docvivosaglik.com\/de\/wp-json\/wp\/v2\/users\/1"}],"replies":[{"embeddable":true,"href":"https:\/\/docvivosaglik.com\/de\/wp-json\/wp\/v2\/comments?post=19095"}],"version-history":[{"count":16,"href":"https:\/\/docvivosaglik.com\/de\/wp-json\/wp\/v2\/pages\/19095\/revisions"}],"predecessor-version":[{"id":22856,"href":"https:\/\/docvivosaglik.com\/de\/wp-json\/wp\/v2\/pages\/19095\/revisions\/22856"}],"wp:attachment":[{"href":"https:\/\/docvivosaglik.com\/de\/wp-json\/wp\/v2\/media?parent=19095"}],"curies":[{"name":"wp","href":"https:\/\/api.w.org\/{rel}","templated":true}]}}